{"id":3402,"date":"2017-05-15T16:06:23","date_gmt":"2017-05-15T16:06:23","guid":{"rendered":"http:\/\/www.colegiointernacionalalicante.com\/cursos\/"},"modified":"2025-12-10T10:22:41","modified_gmt":"2025-12-10T10:22:41","slug":"kurse-2-2","status":"publish","type":"page","link":"https:\/\/www.colegiointernacionalalicante.com\/de\/kurse-2-2\/","title":{"rendered":"KURSE"},"content":{"rendered":"<div class=\"kc-elm kc-css-453606 kc-row-container module\"><div class=\"wc-row row\"><div class=\"kc-wrap-columns\"><div class=\"kc-elm kc-css-239612 small-12 columns small-12\"><div class=\"kc-col-container\">\n<div class=\"kc-elm kc-css-79373 kc-title-wrap \">\n\n\t<h2 class=\"kc_title\">KURSBEGINN 2026<\/h2>\n<\/div>\n<div class=\"kc-elm kc-css-533002 kc_text_block\"><\/p>\n<ul>\n<li>F\u00fcr Sprachniveau A0 oder A1.1. :\u00a012\/01; 02\/03; 04\/05; 06\/07; 03\/08; 07\/09; 02\/11.<\/li>\n<\/ul>\n<p>Sch\u00fcler der anderen Niveaustufen k\u00f6nnen jeden Montag an den laufenden Kursen teilnehmen, au\u00dfer wenn ein Montag ein Feiertag ist.<\/p>\n<ul>\n<li><strong>DELE-Vorbereitungskurse:<\/strong> 12\/01; 02\/03; 07\/04; 07\/09; 05\/10.<\/li>\n<li><strong>Kurse\u00a0 50+:\u00a0<\/strong>02\/03; 02\/11.<\/li>\n<li><strong>Spanisch &#038; Golf:<\/strong> 06\/07.<\/li>\n<li><strong>Spanisch &#038; lateinamerikanische T\u00e4nze:<\/strong> 01\/06; 06\/07; 03\/08; 07\/09.<\/li>\n<li><b>An nationalen Feiertagen findet kein Unterricht statt. Die ausgefallenen Unterrichtseinheiten k\u00f6nnen weder nachgeholt, noch kann daf\u00fcr ein finanzieller Ausgleich erstattet werden:<\/b> 19\/03, 3\/04, 06\/04, 01\/05, 24\/06, 09\/10, 12\/10; 08\/12.<\/li>\n<\/ul>\n<p>\n<\/div>\n<div class=\"kc-elm kc-css-136115 kc-title-wrap \">\n\n\t<h2 class=\"kc_title\">GROSSE LERNERFOLGE SCHON IN K\u00dcRZESTER ZEIT<\/h2>\n<\/div>\n<div data-open-on-mouseover=\"\" data-tab-active=\"1\" data-effect-option=\"\" class=\"kc-elm kc-css-708474 kc_tabs group\">\n\t<div class=\"kc_wrapper ui-tabs kc_clearfix\">\n\t\t<ul class=\"kc_tabs_nav ui-tabs-nav kc_clearfix\">\n\t\t\t<li><a href=\"#\" data-prevent=\"scroll\"><i class=\"fa-clock-o\"><\/i> REGUL\u00c4RE KURSE<\/a><\/li><li><a href=\"#\" data-prevent=\"scroll\"><i class=\"fa-magic\"><\/i> VIELF\u00c4LTIGE UND INDIVIDUELLE KURSAUSWAHL<\/a><\/li><li><a href=\"#\" data-prevent=\"scroll\"><i class=\"fa-graduation-cap\"><\/i> CERTIFIED INTERNATIONAL PROGRAMMEN ERKANNT.<\/a><\/li>\t\t<\/ul>\n\t\t<div id=\"regulaere-kurse\" class=\"kc-elm kc-css-646964 kc_tab ui-tabs-panel kc_ui-tabs-hide kc_clearfix \"><div class=\"kc_tab_content\"><div class=\"kc-elm kc-css-282127 kc_text_block\"><\/p>\n<p>\nDas Kursprogramm bietet unseren Teilnehmerinnen und Teilnehmern die M\u00f6glichkeit, in kurzer Zeit Kenntnisse der spanischen Sprache zu erwerben, oder aber bereits erworbenes Sprachwissen zu vertiefen un zu erweitern.<br \/>Die Konversation ist klar Hauptziel unseres Sprachunterrichts. Nat\u00fcrlich werden neben dem m\u00fcndliche- auch dem schriftlichen Unterrricht und dem Lese- und H\u00f6rverst\u00e4ndnis grossen Wert beigemessen.<br \/>Die Lernprozesse werden dynamisch und erlebnishaft gestalted. Unsere Kursteilnehmerinnen und Kursteilnehmer werden von den Lehrpersonen von Unterrichtsbeginn an zum Spanischspreschen animiert.<br \/>Ge\u00fcbt wird interaktiv mit den Lehrpersonnen, anderen Kurteilnehmerinnen und Kursteilnehmern, in Arbeitsgruppen\u2026<\/p>\n<p>\n<\/div><div class=\"kc-elm kc-css-927201\" style=\"height: 20px; clear: both; width:100%;\"><\/div><div class=\"kc-elm kc-css-411754 kc_text_block\"><\/p>\n<p>\n<strong>Unsere Garantien:<\/strong><\/p>\n<ul>\n<li>\u201cCentro Acreditado\u201d vom Instituto Cervantes<\/li>\n<li>Mehr als 90% haben die DELE Pr\u00fcfungen bestanden<\/li>\n<li>Referenzen zufriedener Sch\u00fcler<\/li>\n<li>Die 4 Hauptniveaustufen Sind jederzeit garantiert, selbst bei nur einer kursteilnehmenden Person.<\/li>\n<li>\u00a0Eine Unterrichtseinheit dauert 50 Minuten<\/li>\n<\/ul>\n<p>\n<\/div><div class=\"kc-elm kc-css-827385\" style=\"height: 20px; clear: both; width:100%;\"><\/div><div class=\"kc-elm kc-css-313963 kc_accordion_wrapper\">\n<div class=\"kc-elm kc-css-776068 kc_accordion_section group \"><h3 class=\"kc_accordion_header ui-accordion-header\"><span class=\"ui-accordion-header-icon ui-icon\"><\/span><a href=\"#standard-sprachkurs\" data-prevent=\"scroll\"><i class=\"\"><\/i> STANDARD-SPRACHKURS<\/a><\/h3><div class=\"kc_accordion_content ui-accordion-content kc_clearfix\"><div class=\"kc-panel-body\"><div class=\"kc-elm kc-css-165168 kc_text_block\"><\/p>\n<ul>\n<li>15 Wochenstunden. Eine Unterrichtseinheit dauert 50 Minuten<\/li>\n<li>Mindestdauer 2 Wochen.<\/li>\n<li>Ganzj\u00e4hrlich<\/li>\n<li>6 Niveaustufen gem\u00e4ss &#8220; Gemeinsamer Europ\u00e4ischer Referenzrahmen f\u00fcr Sprachen&#8220;.<\/li>\n<li>Das Ziel dieses Kurses ist, intensiv grammatikalische Inhalte (aller Lernstufen) zu \u00fcben. Sie werden ebenfalls den schriftlichen &#8211; und m\u00fcndlichen Ausdruck deutlich verbessern k\u00f6nnen.<\/li>\n<\/ul>\n<p>\n<\/div><\/div><\/div><\/div><div class=\"kc-elm kc-css-688156 kc_accordion_section group \"><h3 class=\"kc_accordion_header ui-accordion-header\"><span class=\"ui-accordion-header-icon ui-icon\"><\/span><a href=\"#spanisch-intensivkurs\" data-prevent=\"scroll\"><i class=\"\"><\/i> SPANISCH-INTENSIVKURS<\/a><\/h3><div class=\"kc_accordion_content ui-accordion-content kc_clearfix\"><div class=\"kc-panel-body\"><div class=\"kc-elm kc-css-362861 kc_text_block\"><\/p>\n<ul>\n<li>20 Wochenstunden. Eine Unterrichtseinheit dauert 50 Minuten.<\/li>\n<li>Mindestdauer 2 Wochen.<\/li>\n<li>Ganzj\u00e4hrlich<\/li>\n<li>6 Niveaustufen gem\u00e4ss &#8220; Gemeinsamer Europ\u00e4ischer Referenzrahmen f\u00fcr Sprachen&#8220;.<\/li>\n<li>Das Ziel dieses Kurses ist auch, grammatikalische Inhalte auf jeder Ebene zu \u00fcben. Sie entwickeln F\u00e4higkeiten und Strategien, um kompetenter zu kommunizieren. Dabei k\u00f6nnen Sie die Spanischkenntnisse in entspannter Atmosph\u00e4re erweitern und vertiefen.<\/li>\n<\/ul>\n<p>\n<\/div><\/div><\/div><\/div><div class=\"kc-elm kc-css-376694 kc_accordion_section group \"><h3 class=\"kc_accordion_header ui-accordion-header\"><span class=\"ui-accordion-header-icon ui-icon\"><\/span><a href=\"#intensivkurs-1-einzelstunde-konversation-oder-spanische-kultur\" data-prevent=\"scroll\"><i class=\"\"><\/i> INTENSIVKURS + 1 EINZELSTUNDE KONVERSATION ODER SPANISCHE KULTUR<\/a><\/h3><div class=\"kc_accordion_content ui-accordion-content kc_clearfix\"><div class=\"kc-panel-body\"><div class=\"kc-elm kc-css-909397 kc_text_block\"><\/p>\n<ul>\n<li>25 Wochenstunden. Eine Unterrichtseinheit dauert 50 Minuten.<\/li>\n<li>Mindestdauer 2 Wochen.<\/li>\n<li>Ganzj\u00e4hrlich<\/li>\n<li>6 Niveaustufen gem\u00e4ss &#8220; Gemeinsamer Europ\u00e4ischer Referenzrahmen f\u00fcr Sprachen&#8220;.<\/li>\n<li>Dieser Kurs ist ein Intensivkurs (20 Stunden pro Woche), der durch eine zus\u00e4tzliche, t\u00e4gliche Stunde KONVERSATION erg\u00e4nzt wird (Erweiterung und Vertiefung des Wortschatzes und des m\u00fcndlichen Ausdrucks). Dabei perfektionieren wir auch das H\u00f6rverstehen.<br \/>Den Studentinnen und Studenten erm\u00f6glicht dieser Kurs, w\u00e4hrend des eigentlichen Spracherwerbs, auch den dazu wichtigen Zugang zur Kultur und zu den Gesellschaftsformen der einzlnen spanischsprachigen L\u00e4nder zu finden.<\/li>\n<\/ul>\n<p>\n<\/div><\/div><\/div><\/div><\/div>\n<\/div><\/div><div id=\"vielfaeltige-und-individuelle-kursauswahl\" class=\"kc-elm kc-css-535158 kc_tab ui-tabs-panel kc_ui-tabs-hide kc_clearfix \"><div class=\"kc_tab_content\"><div class=\"kc-elm kc-css-760911 kc_text_block\"><\/p>\n<p>\nVervollst\u00e4ndigen Sie Ihre Spanischkenntnisse mit einem Programm, das Ihren Vorkenntnissen, W\u00fcnschen und Interessen entspricht.<\/p>\n<p>Diese Kurse erm\u00f6glichen Ihnen, Spanisch, Ihren F\u00e4higkeiten entsprechend, zu lernen (Grammatik, Wortschatz, Aussprache, m\u00fcndlicher und schriftlicher Ausdruck, H\u00f6rverst\u00e4ndnis).<\/p>\n<p>Unsere Unterrichtsmethode wird von renomierten, spanischen Bildungseinrichtungern h\u00f6chster Qualit\u00e4t unterst\u00fctzt und ist gekennzeichnet durch seine Flexibilit\u00e4t zur Anpassung der Lerninhalte an unser Studentinnen und Studenten oder an Lerngruppen, wobei wir die individuellen Kenntnisse, Interessen\u2026 gerne in die Lernt\u00e4tigkeit einbeziehen.<\/p>\n<p><strong>Unsere Garantien:<\/strong><\/p>\n<ul>\n<li>\u201cCentro Acreditado\u201d vom Instituto Cervantes<\/li>\n<li>Mehr als 90% haben die DELE Pr\u00fcfungen bestanden<\/li>\n<li>Referenzen zufriedener Sch\u00fcler<\/li>\n<li>Die 4 Hauptniveaustufen Sind jederzeit garantiert, selbst bei nur einer kursteilnehmenden Person.<\/li>\n<li>\u00a0Eine Unterrichtseinheit dauert 50 Minuten<\/li>\n<\/ul>\n<p>\n<\/div><div class=\"kc-elm kc-css-477641\" style=\"height: 20px; clear: both; width:100%;\"><\/div><div class=\"kc-elm kc-css-491023 kc_accordion_wrapper\">\n<div class=\"kc-elm kc-css-83005 kc_accordion_section group \"><h3 class=\"kc_accordion_header ui-accordion-header\"><span class=\"ui-accordion-header-icon ui-icon\"><\/span><a href=\"#einzelunterricht\" data-prevent=\"scroll\"><i class=\"\"><\/i> EINZELUNTERRICHT<\/a><\/h3><div class=\"kc_accordion_content ui-accordion-content kc_clearfix\"><div class=\"kc-panel-body\"><div class=\"kc-elm kc-css-122645 kc_text_block\"><\/p>\n<ul>\n<li>Von 1 bis 30 Wochenstunden Einzelunterricht.<\/li>\n<li>\n<p class=\"moz-quote-pre\">Eine Unterrichtseinheit dauert 50 Minuten.<\/p>\n<\/li>\n<li>Ganzj\u00e4hrlich.<\/li>\n<li>6 Niveaustufen gem\u00e4ss &#8220; Gemeinsamer Europ\u00e4ischer Referenzrahmen f\u00fcr Sprachen&#8220;.<\/li>\n<li>C.I. Alicante bietet \u00fcber das ganze Jahr, unabh\u00e4ngig vom regul\u00e4ren Sprachkurs, ein Einzelunterrichtsprogramm an, das sich Ihren individuellen Lernbed\u00fcrfnissen anpasst. Die Kurse k\u00f6nnen zu jedem Zeitpunkt beginnen, der Stundenplan l\u00e4sst sich flexibel gestalten.<\/li>\n<\/ul>\n<p>\n<\/div><\/div><\/div><\/div><div class=\"kc-elm kc-css-786419 kc_accordion_section group \"><h3 class=\"kc_accordion_header ui-accordion-header\"><span class=\"ui-accordion-header-icon ui-icon\"><\/span><a href=\"#kombinierter-kurs\" data-prevent=\"scroll\"><i class=\"\"><\/i> KOMBINIERTER KURS<\/a><\/h3><div class=\"kc_accordion_content ui-accordion-content kc_clearfix\"><div class=\"kc-panel-body\"><div class=\"kc-elm kc-css-13182 kc_text_block\"><\/p>\n<ul>\n<li>25 oder 30 Wochenstunden.<\/li>\n<li>Eine Unterrichtseinheit dauert 50 Minuten.<\/li>\n<li>Mindestdauer 2 Wochen.<\/li>\n<li>Ganzj\u00e4hrlich<\/li>\n<li>6 Niveaustufen gem\u00e4ss &#8220; Gemeinsamer Europ\u00e4ischer Referenzrahmen f\u00fcr Sprachen&#8220;.<\/li>\n<li>Der Kursteilnehmer kann alle REGUL\u00c4REN KURSE kombinieren mit INDIVIDUELLEN KURSEN, wo auf individuelle Lernbed\u00fcrfnisse, Interessen&#8230; eingegangen werden kann (Einzelunterricht \/ 1 oder 2 Stunden pro Tag).<\/li>\n<\/ul>\n<p>\n<\/div><\/div><\/div><\/div><div class=\"kc-elm kc-css-886351 kc_accordion_section group \"><h3 class=\"kc_accordion_header ui-accordion-header\"><span class=\"ui-accordion-header-icon ui-icon\"><\/span><a href=\"#wirtschaftsspanisch\" data-prevent=\"scroll\"><i class=\"\"><\/i> WIRTSCHAFTSSPANISCH<\/a><\/h3><div class=\"kc_accordion_content ui-accordion-content kc_clearfix\"><div class=\"kc-panel-body\"><div class=\"kc-elm kc-css-163648 kc_text_block\"><\/p>\n<ul>\n<li>3 Wochenstunden (eine Unterrichtseinheit dauert 50 Minuten)<\/li>\n<li>Mindestdauer 4 Wochen.<\/li>\n<li>Ganzj\u00e4hrlich<\/li>\n<li>Strukturierter Kurs f\u00fcr die Stufen B und C &#8220; Gemeinsamer Europ\u00e4ischer Referenzrahmen f\u00fcr Sprachen&#8220;.<\/li>\n<li>Es handelt sich hier um einen Einf\u00fchrungskurs in das Businessspanisch. Dieser Kurs richtet sich an Personen, die Gesch\u00e4ftsbeziehungen zu spanischen und lateinamerikanischen Unternehmen pflegen. Dieser Kurs empfiehlt sich, perfekt erg\u00e4nzend, mit einem INTENSIVEN SPANISCHKURS zu kombinieren.<\/li>\n<\/ul>\n<p>\n<\/div><\/div><\/div><\/div><div class=\"kc-elm kc-css-683948 kc_accordion_section group \"><h3 class=\"kc_accordion_header ui-accordion-header\"><span class=\"ui-accordion-header-icon ui-icon\"><\/span><a href=\"#50-spanischkurs\" data-prevent=\"scroll\"><i class=\"\"><\/i> \u201c50+\u201d SPANISCHKURS<\/a><\/h3><div class=\"kc_accordion_content ui-accordion-content kc_clearfix\"><div class=\"kc-panel-body\"><div class=\"kc-elm kc-css-367265 kc_text_block\"><\/p>\n<ul>\n<li>15 Wochenstunden (eine Unterrichtseinheit dauert 50 Minuten)<\/li>\n<li>Mindestdauer 2 Wochen<\/li>\n<li>Mindestteilnehmerzahl: 3<\/li>\n<li>Kursbeginn siehe\u00a0<a href=\"http:\/\/www.colegiointernacionalalicante.com\/wp-content\/uploads\/2017\/12\/CALENDARIO-2018.pdf\" target=\"_blank\" rel=\"noopener noreferrer\">Kurskalender<\/a>.<\/li>\n<li>Strukturierter Kurs f\u00fcr die Stufen A2 und B1 des&#8220; Gemeinsamer Europ\u00e4ischer Referenzrahmen f\u00fcr Sprachen&#8220;.<\/li>\n<li>Dieser Kurs richtet sich an \u00e4ltere Kursteilnehmerinnen und Kursteilnehmer, die in einer entspannten Atmosph\u00e4re, prim\u00e4r auf Konversation basierend, Kenntnisse der spanischen Sprache erwerben m\u00f6chten.<\/li>\n<li>\n<ul>\n<li>Nach Adressen fragen<\/li>\n<li>\u00dcber sich selbst berichten<\/li>\n<li>Bestellung in Restaurants etc.<\/li>\n<li>Mieten eines Leihwagens<\/li>\n<li>Hotelreservierung<\/li>\n<li>Eink\u00e4ufe, etc<\/li>\n<\/ul>\n<\/li>\n<li>Beispiele f\u00fcr das Zusatzprogramm:\n<ul>\n<li>Montag: Rundgang durch die Stadt<\/li>\n<li>\u00a0Dienstag: Darbietung von spanischsprachigen Filmen<\/li>\n<li>Mittwoch: Besuch des Castillo de Santa B\u00e1rba<\/li>\n<li>Donnerstag: Salsa Unterricht<\/li>\n<li>Freitag: freier Nachmittag<\/li>\n<li>Samstag: halbt\u00e4gliger Ausflug<\/li>\n<li>Montag: freier Nachmittag<\/li>\n<li>Dienstag: Museumsbesuch<\/li>\n<li>\u00a0Mittwoch: &#8222;Kakao mit Churros-Geb\u00e4ck&#8220; und &#8222;Horchata con fartons&#8220; (Erdmandelmilch)<\/li>\n<li>Donnerstag: Besuch der r\u00f6mischen Ruinen des Lucentum<\/li>\n<li>Freitag: freier Nachmittag<\/li>\n<\/ul>\n<\/li>\n<\/ul>\n<p>Wenn die MindestteilnehmerInnenzahl von 3 Personen nicht erreicht ist, verden die Interessenten in die herk\u00f6mmlichen Standardskurse eingeteilt.<br \/>Lerninteressierte unter 50 Jahren d\u00fcrfen nat\u00fcrlich auch am 50 plus Kurs teilnehmen, sofern sie sich mit diesen Lernzielen einverstanden erkl\u00e4ren Kk\u00f6nnen.<\/p>\n<p>\n<\/div>\n<div class=\"kc-elm kc-css-264687\">\n\t<a class=\"kc_button\" href=\"https:\/\/www.colegiointernacionalalicante.com\/wp-content\/uploads\/2022\/11\/OVER-50s.pdf\" target=\"_blank\" title=\"\" onclick=\"\">\n\t\t<i class=\"fa-newspaper-o\"><\/i> OVER 50:apos:S\t<\/a>\n<\/div>\n<\/div><\/div><\/div><div class=\"kc-elm kc-css-318431 kc_accordion_section group \"><h3 class=\"kc_accordion_header ui-accordion-header\"><span class=\"ui-accordion-header-icon ui-icon\"><\/span><a href=\"#spanisch-und-golf\" data-prevent=\"scroll\"><i class=\"\"><\/i> SPANISCH UND GOLF <\/a><\/h3><div class=\"kc_accordion_content ui-accordion-content kc_clearfix\"><div class=\"kc-panel-body\"><div class=\"kc-elm kc-css-863045 kc_text_block\"><\/p>\n<ul>\n<li>26 Wochenstunden (eine Unterrichtseinheit dauert 50 Minuten)<\/li>\n<li>Mindestdauer 2 Wochen<\/li>\n<li>Kursbeginn siehe\u00a0<a href=\"http:\/\/www.colegiointernacionalalicante.com\/wp-content\/uploads\/2017\/12\/CALENDARIO-2018.pdf\" target=\"_blank\" rel=\"noopener noreferrer\">Kurskalender<\/a>.<\/li>\n<li>6 Niveaustufen gem\u00e4ss &#8220; Gemeinsamer Europ\u00e4ischer Referenzrahmen f\u00fcr Sprachen&#8220;.<\/li>\n<li>SPANISCH-INTENSIVKURS (20-Wochenstunden) + 6 Wochenstunden Golfunterricht.<\/li>\n<li>Mindestteilnehmerzahl: 4<\/li>\n<li>Bei Unterschreitung der Mindestteilnehmerzahl wird der Golfunterricht reduziert wie folgt\n<ul>\n<li>2 &#8211; 3 TeilnehmerInnen: 4 Wochenstunden.<\/li>\n<li>1 TeilnehmerIn: 3 Wochenstunden.<\/li>\n<\/ul>\n<\/li>\n<\/ul>\n<ul>\n<li>Der Golfunterrichtet findet in\u00a0<a href=\"http:\/\/www.alendagolf.com\/\" target=\"_blank\" rel=\"noopener noreferrer\">Alenda Golf<\/a> statt. Transferkosten zwischen Alicante und Golfplatz sind im Kurspreis nicht enthalten. Wir k\u00f6nnen jedoch Ihren Transfer w\u00e4hrend Ihres Aufenthaltes organisieren.<\/li>\n<li>Die \u00dcbernachtung ist bei Familien oder im Hotel m\u00f6glich. Der Aufenthalt in Wohnungen ist f\u00fcr diesen Kurstyp nicht vorgesehen.<\/li>\n<li>Golfunterrichtet findet wie folgt statt:<br \/>Je 2 Stunden am Dienstag, Donnerstag und Freitag. In der letzten Unterrichtsstunde, am Freitag, spielen die TeilnehmerInnen und Teilnehrner im &#8222;Mini-course&#8220; (19 L\u00f6cher).<br \/>Teilnehmende unter 21 Jahren erhalten eine Erm\u00e4ssigung von 50% &#8222;green fees&#8220;.<\/li>\n<\/ul>\n<p>\n<\/div><\/div><\/div><\/div><div class=\"kc-elm kc-css-152916 kc_accordion_section group \"><h3 class=\"kc_accordion_header ui-accordion-header\"><span class=\"ui-accordion-header-icon ui-icon\"><\/span><a href=\"#spanisch-und-lateinamerikanisches-tanzen\" data-prevent=\"scroll\"><i class=\"\"><\/i> SPANISCH UND LATEINAMERIKANISCHES TANZEN<\/a><\/h3><div class=\"kc_accordion_content ui-accordion-content kc_clearfix\"><div class=\"kc-panel-body\"><div class=\"kc-elm kc-css-317191 kc_text_block\"><\/p>\n<ul>\n<li>25 Wochenstunden (Eine Unterrichtseinheit dauert 50 Minuten)<\/li>\n<li>Mindestdauer 2 Wochen<\/li>\n<li>Kursbeginn siehe\u00a0<a href=\"http:\/\/www.alendagolf.com\/\" target=\"_blank\" rel=\"noopener noreferrer\">Kurskalender<\/a>.<\/li>\n<li>6 Niveaustufen gem\u00e4ss &#8220; Gemeinsamer Europ\u00e4ischer Referenzrahmen f\u00fcr Sprachen&#8220;.<\/li>\n<li>SPANISCH-INTENSIVKURS (20-Wochenstunden) + 5 Wochenstunden Tanzunterricht. Mindestteilnehmerzahl: 3.<\/li>\n<li>Bei Unterschreitung der Mindestteilnehmerzahl wird der Tanzklassen reduziert wie folgt<\/li>\n<li>\n<ul>\n<li>2 TeilnehmerInnen: 3 Wochenstunden.<\/li>\n<li>1 TeilnehmerIn: 2 Wochenstunden.<\/li>\n<\/ul>\n<\/li>\n<\/ul>\n<p>\n<\/div><\/div><\/div><\/div><div class=\"kc-elm kc-css-573107 kc_accordion_section group \"><h3 class=\"kc_accordion_header ui-accordion-header\"><span class=\"ui-accordion-header-icon ui-icon\"><\/span><a href=\"#aufenthalt-an-2-unterrichtsorten-alicante-salamanca\" data-prevent=\"scroll\"><i class=\"\"><\/i> AUFENTHALT an 2 Unterrichtsorten: Alicante \u2013 Salamanca<\/a><\/h3><div class=\"kc_accordion_content ui-accordion-content kc_clearfix\"><div class=\"kc-panel-body\"><div class=\"kc-elm kc-css-301978 kc_text_block\"><\/p>\n<p>\nWenn Sie zum Spanischlernen nach Spanien kommen wollen und nicht wissen, in welcher Region oder welcher Stadt Sie studieren m\u00f6chten, bieten wir Ihnen die tolle M\u00f6glichkeit an, Ihren Sprachaufenthalt in Alicante und Salamanca zu verbringen.<\/p>\n<p>So k\u00f6nnen Sie sowohl das Leben in einer Stadt am Mittelmeer mit mildem Klima und sch\u00f6nen Str\u00e4nden wie in Alicante geniessen, als auch, in Salamanca, eine hitorische Stadt im Innern Spaniens mit all ihren akademischen Traditionen kennen lernen.<\/p>\n<p>Die Lehrerinnen und Lehrer beider Sprachakademien in Alicante und in Salamanca werden die Kurse zu Ihrer Zufriedenheit bestens organisieren und koordinieren. Sie werden nach dem Ortswechsel mit den gleichen Unterrichtsmaterialien genau dort weiterlernen, wo Sie zuvor stehen geblieben sind.<br \/>Es ist sicher eine einzigartige M\u00f6glichkeit, spanisch lernend, zwei \u201cGesichter\u201d Spaniens kennen zu lernnen \u2013 die K\u00fcste und das Innenland, das Land am Mittelmeer und das traditionelle Spanien.<\/p>\n<p>\n<\/div><\/div><\/div><\/div><\/div>\n<\/div><\/div><div id=\"certified-international-programmen-erkannt\" class=\"kc-elm kc-css-170494 kc_tab ui-tabs-panel kc_ui-tabs-hide kc_clearfix \"><div class=\"kc_tab_content\"><div class=\"kc-elm kc-css-238287 kc_text_block\"><\/p>\n<p>\nWir empfehlen Ihnen, ein international anerkanntes Zertifikat abzuschliessen.<\/p>\n<p>Diese Kurse sind zur spezifischen Vorbereitung auf die DELE-Pr\u00fcfung und SIELE gedacht. Diese Diplome sind international anerkannt.<\/p>\n<p>Unsere Methode wird von renommierten Bildungseinrichtungen mit h\u00f6chster Qualit\u00e4t unterst\u00fctzt. Gekennzeichnet durch seine Flexibilit\u00e4t zur Anpassung an den Sch\u00fcler und die Gruppe.<\/p>\n<p>Unsere Unterrichtsmethode wird von renomierten, spanischen Bildungseinrichtungern h\u00f6chster Qualit\u00e4t unterst\u00fctzt und ist gekennzeichnet durch seine Flexibilit\u00e4t zur Anpassung der Lerninhalte an unser Studentinnen und Studenten oder an Lerngruppen, wobei wir die individuellen Kenntnisse, Interessen\u2026 gerne in die Lernt\u00e4tigkeit einbeziehen<\/p>\n<p><strong>Unsere Garantien:<\/strong><\/p>\n<ul>\n<li>\u201cCentro Acreditado\u201d vom Instituto Cervantes<\/li>\n<li>Mehr als 90% haben die DELE Pr\u00fcfungen bestanden<\/li>\n<li>Referenzen zufriedener Sch\u00fcler<\/li>\n<li>Die 4 Hauptniveaustufen Sind jederzeit garantiert, selbst bei nur einer kursteilnehmenden Person.<\/li>\n<li>\u00a0Eine Unterrichtseinheit dauert 50 Minuten<\/li>\n<\/ul>\n<p>\n<\/div><div class=\"kc-elm kc-css-171481 kc_accordion_wrapper\">\n<div class=\"kc-elm kc-css-728796 kc_accordion_section group \"><h3 class=\"kc_accordion_header ui-accordion-header\"><span class=\"ui-accordion-header-icon ui-icon\"><\/span><a href=\"#kurse-zur-vorbereitung-auf-das-dele-zertifikat\" data-prevent=\"scroll\"><i class=\"\"><\/i> KURSE ZUR VORBEREITUNG AUF DAS DELE-ZERTIFIKAT<\/a><\/h3><div class=\"kc_accordion_content ui-accordion-content kc_clearfix\"><div class=\"kc-panel-body\"><div class=\"kc-elm kc-css-617130 kc_text_block\"><\/p>\n<ul>\n<li>Insgesamt 20 Stunden spezifische Pr\u00fcfungsvorbereitung.<\/li>\n<li>Kann mit einem SPANISCH INTENSIVKURSS kombiniert werden.<\/li>\n<li>Bitte \u00fcberpr\u00fcfen Sie die Pr\u00fcfungstermine und das DELE-Kursangebot auf unserem <a href=\"https:\/\/www.colegiointernacionalalicante.com\/wp-content\/uploads\/2024\/11\/CALENDARIO-2025.pdf\">Kalender<\/a>.<\/li>\n<li>Strukturierter Kurs f\u00fcr alle Sprachniveaus \u201cGemeinsamer Europ\u00e4ischer Referenzrahmen f\u00fcr Sprachen\u201c.<\/li>\n<li>Colegio Internacional Alicante ist das DELE A2 Pr\u00fcfungszentrum.<\/li>\n<li>Diese Kurse sind zur spezifischen Vorbereitung auf die DELE-Pr\u00fcfung gedacht.\n<ul>\n<li>um linguistische Inhalte zu \u00fcberpr\u00fcfen und perfektionieren;<\/li>\n<li>um Beschreibung und Form der Pr\u00fcfung kennen zu lernen;<\/li>\n<li>um m\u00f6gliche Schwierigkeiten zu beheben;<\/li>\n<li>um Strategien und F\u00e4higkeiten f\u00fcr eine erfolgreiche Pr\u00fcfung zu entwickeln.<\/li>\n<\/ul>\n<\/li>\n<li>Diese Diplome sind international anerkannt.<\/li>\n<\/ul>\n<p>\n<\/div>\n<div class=\"kc-elm kc-css-598229\">\n\t<a class=\"kc_button\" href=\"https:\/\/www.colegiointernacionalalicante.com\/wp-content\/uploads\/2024\/11\/DELE-2025.pdf\" target=\"_self\" title=\"\" onclick=\"\">\n\t\t<i class=\"fa-newspaper-o\"><\/i> DELE 2025\t<\/a>\n<\/div>\n<\/div><\/div><\/div><div class=\"kc-elm kc-css-457689 kc_accordion_section group \"><h3 class=\"kc_accordion_header ui-accordion-header\"><span class=\"ui-accordion-header-icon ui-icon\"><\/span><a href=\"#siele-spanishchpruefung\" data-prevent=\"scroll\"><i class=\"\"><\/i> SIELE SPANISHCHPR\u00dcFUNG<\/a><\/h3><div class=\"kc_accordion_content ui-accordion-content kc_clearfix\"><div class=\"kc-panel-body\"><div class=\"kc-elm kc-css-565608 kc_text_block\"><\/p>\n<p>\nNach Absolvierung eines unserer Kurse k\u00f6nnen die Studenten sich f\u00fcr eine der verschiedenen SIELE-Tests anmelden.<\/p>\n<p><strong>SIELE<\/strong> ist ein neues Zertifikat f\u00fcr Spanisch, das gemeinsam vom Instituto Cervantes (IC), der mexikanischen Universit\u00e4t (UNAM), der Universit\u00e4t Salamanca (USAL) und der Universit\u00e4t Buenos Aires (UBA) gef\u00f6rdert wird.<\/p>\n<p>Mit <strong>SIELE<\/strong> kann jedermann nachweisen, wie gut er die spanische Sprache beherrscht. F\u00fcr jede der vier Kompetenzen H\u00f6rverstehen, Leseverstehen, schriftlicher Ausdruck und m\u00fcndlicher Ausdruck erh\u00e4lt der Kandidat eine Punktzahl, die einer Niveaustufe des Gemeinsamen Europ\u00e4ischen Referenzrahmens f\u00fcr Sprachen (GER) von A1 bis C1 entspricht.<\/p>\n<p>Die SIELE-Pr\u00fcfung besteht aus vier Pr\u00fcfungsteilen, die den kommunikativen Aufgaben in den vier Fertigkeitsbereichen der Sprache entsprechen: <strong>Leseverstehen<\/strong>, <strong>H\u00f6rverstehen<\/strong>, <strong>Schriftlicher<\/strong> <strong>Ausdruck<\/strong> und <strong>M\u00fcndlicher<\/strong> <strong>Ausdruck<\/strong><br \/>SIELE ist digital, anpassungsf\u00e4hig, schnell, international und qualitativ hochwertig.<\/p>\n<p>\n<\/div><\/div><\/div><\/div><\/div>\n<\/div><\/div>\t<\/div>\n<\/div>\n\n\n<div class=\"kc-elm kc-css-246673 kc_row kc_row_inner\"><div class=\"kc-elm kc-css-431145 small-12 columns small-12\"><div class=\"kc_wrapper kc-col-inner-container\">\n<div class=\"kc-elm kc-css-298782\">\n\t<a class=\"kc_button\" href=\"https:\/\/www.colegiointernacionalalicante.com\/wp-content\/uploads\/2025\/12\/CALENDARIO-2026.pdf\" target=\"_self\" title=\"\" onclick=\"\">\n\t\t<i class=\"fa-file-pdf-o\"><\/i>  2026 KURSKALENDER\t<\/a>\n<\/div>\n<\/div><\/div><div class=\"kc-elm kc-css-368317 small-12 columns small-12\"><div class=\"kc_wrapper kc-col-inner-container\">\n<div class=\"kc-elm kc-css-761518\">\n\t<a class=\"kc_button\" href=\"http:\/\/www.colegiointernacionalalicante.com\/de\/contact\/\" target=\"_blank\" title=\"\" onclick=\"\">\n\t\t<i class=\"fa-newspaper-o\"><\/i> ANFRAGE KURS-PROGRAMM\t<\/a>\n<\/div>\n<\/div><\/div><\/div><\/div><\/div><\/div><\/div><\/div>\n","protected":false},"excerpt":{"rendered":"","protected":false},"author":1,"featured_media":0,"parent":0,"menu_order":0,"comment_status":"closed","ping_status":"closed","template":"","meta":{"footnotes":""},"class_list":["post-3402","page","type-page","status-publish","hentry"],"aioseo_notices":[],"_links":{"self":[{"href":"https:\/\/www.colegiointernacionalalicante.com\/de\/wp-json\/wp\/v2\/pages\/3402","targetHints":{"allow":["GET"]}}],"collection":[{"href":"https:\/\/www.colegiointernacionalalicante.com\/de\/wp-json\/wp\/v2\/pages"}],"about":[{"href":"https:\/\/www.colegiointernacionalalicante.com\/de\/wp-json\/wp\/v2\/types\/page"}],"author":[{"embeddable":true,"href":"https:\/\/www.colegiointernacionalalicante.com\/de\/wp-json\/wp\/v2\/users\/1"}],"replies":[{"embeddable":true,"href":"https:\/\/www.colegiointernacionalalicante.com\/de\/wp-json\/wp\/v2\/comments?post=3402"}],"version-history":[{"count":56,"href":"https:\/\/www.colegiointernacionalalicante.com\/de\/wp-json\/wp\/v2\/pages\/3402\/revisions"}],"predecessor-version":[{"id":5690,"href":"https:\/\/www.colegiointernacionalalicante.com\/de\/wp-json\/wp\/v2\/pages\/3402\/revisions\/5690"}],"wp:attachment":[{"href":"https:\/\/www.colegiointernacionalalicante.com\/de\/wp-json\/wp\/v2\/media?parent=3402"}],"curies":[{"name":"wp","href":"https:\/\/api.w.org\/{rel}","templated":true}]}}