{"id":3529,"date":"2017-12-01T10:52:20","date_gmt":"2017-12-01T10:52:20","guid":{"rendered":"http:\/\/www.colegiointernacionalalicante.com\/our-school\/"},"modified":"2025-12-12T10:25:53","modified_gmt":"2025-12-12T10:25:53","slug":"our-school","status":"publish","type":"page","link":"https:\/\/www.colegiointernacionalalicante.com\/de\/our-school\/","title":{"rendered":"Our school"},"content":{"rendered":"<p><div id=\"contenedor-global\" class=\"kc-elm kc-css-438903 kc-row-container module\"><div class=\"wc-row row\"><div class=\"kc-wrap-columns\"><div class=\"kc-elm kc-css-472134 small-12 columns small-12\"><div class=\"kc-col-container\"><div id=\" \" class=\"kc-elm kc-css-584781 kc_row kc_row_inner\"><div class=\"kc-elm kc-css-484580 small-12 columns small-12\"><div class=\"kc_wrapper kc-col-inner-container\">\n\n<div class=\"image_fadein_slider kc-elm kc-css-590299 \">\n\t\t<div data-delay=\"4500\" class=\"image_fadein\" data-images=\"778,779,780,781,782\">\n\t<img decoding=\"async\" src=\"https:\/\/www.colegiointernacionalalicante.com\/wp-content\/uploads\/2017\/05\/nuestra-escuela-1.jpg\" \/><img decoding=\"async\" src=\"https:\/\/www.colegiointernacionalalicante.com\/wp-content\/uploads\/2017\/05\/nuestra-escuela-2.jpg\" \/><img decoding=\"async\" src=\"https:\/\/www.colegiointernacionalalicante.com\/wp-content\/uploads\/2017\/05\/nuestra-escuela-3.jpg\" \/><img decoding=\"async\" src=\"https:\/\/www.colegiointernacionalalicante.com\/wp-content\/uploads\/2017\/05\/nuestra-escuela-4.jpg\" \/><img decoding=\"async\" src=\"https:\/\/www.colegiointernacionalalicante.com\/wp-content\/uploads\/2017\/05\/nuestra-escuela-5.jpg\" \/>\t<\/div>\n<\/div>\n<\/div><\/div><div class=\"kc-elm kc-css-792431 small-12 columns small-12\"><div class=\"kc_wrapper kc-col-inner-container\"><div class=\"kc-elm kc-css-746132 kc_text_block welcome-message\"><\/p>\n<h2>Willkommen im <span style=\"color: #e79800;\">Colegio Internacional Alicante<\/span><\/h2>\n<p>Alle LehrerInnen sind MuttersprachlerInnen, verf\u00fcgen \u00fcber einen Universit\u00e4tsabschluss und langj\u00e4hrige Erfahrungen im Unterrichten von Spanisch als Fremdsprache.<\/p>\n<p>In unserem Unterricht versuchen wir, eine famili\u00e4re, dynamische Atmosph\u00e4re zu schaffen, in der die Teilnehmenden eine aktive Rolle spielen.<\/p>\n<p>Das Colegio bietet bis zu 6 Niveaustufen an:<br \/>Elementare Sprachverwendung (A1 und A2); selbst\u00e4ndige Sprachverwendung (B1 und B2); Kompetente Sprachverwendung (C1: fortgeschrittenes Kompetenzniveau, C2: nahezu muttersprachliche Sprachbeherrschung).<br \/>Es ist gew\u00e4hrleistet, dass Unterricht in den vier Hauptniveaustufen (Nullanf\u00e4ngerInnen, A und B-Niveau) zu jeder Zeit stattfindet, auch wenn nur eine Person am Kurs teilnimmt.<\/p>\n<p>\n<\/div><div class=\"kc-elm kc-css-157506\" style=\"height: 20px; clear: both; width:100%;\"><\/div><div id=\"&#8220;\" class=\"kc-elm kc_row kc_row_inner\"><div id=\"&#8220;buttonLeft&#8220;\" class=\"kc-elm small-12 columns small-12\"><div class=\"kc_wrapper kc-col-inner-container\">\n<div class=\"kc-elm kc-css-917938\">\n\t<a class=\"kc_button\" href=\"https:\/\/www.colegiointernacionalalicante.com\/wp-content\/uploads\/2025\/12\/Folleto-ALEMAN.pdf\" target=\"_self\" title=\"\" onclick=\"\">\n\t\t<i class=\"fa-file-pdf-o\"><\/i> Kostenlose Brosch\u00fcre\t<\/a>\n<\/div>\n<\/div><\/div><div class=\"kc-elm small-12 columns small-12\"><div class=\"kc_wrapper kc-col-inner-container\">\n<div class=\"kc-elm kc-css-437236\">\n\t<a class=\"kc_button\" href=\"https:\/\/www.colegiointernacionalalicante.com\/wp-content\/uploads\/2025\/12\/ANMELDUNG-2026.pdf\" target=\"_self\" title=\"\" onclick=\"\">\n\t\t<i class=\"fa-edit\"><\/i> Anmeldung\t<\/a>\n<\/div>\n<\/div><\/div><\/div><\/div><\/div><\/div><div id=\" \" class=\"kc-elm kc-css-436364 kc_row kc_row_inner\"><div class=\"kc-elm kc-css-197493 small-12 columns small-12\"><div class=\"kc_wrapper kc-col-inner-container\"><div class=\"kc-elm kc-css-641710\" style=\"height: 50px; clear: both; width:100%;\"><\/div>\n<div class=\"kc-elm kc-css-811253 kc-title-wrap \">\n\n\t<h3 class=\"kc_title\">Wir bieten zus\u00e4tzlich ein vielf\u00e4ltiges Freizeitprogramm an:\r\n<\/h3>Unser Unterricht ist aktiv und kommunikativ ausgerichtet. Die Kursteilnehmenden kommen vom <strong>ersten Unterricht an zum Sprechen<\/strong>.\n<\/div>\n<\/div><\/div><\/div><\/div><\/div><\/div><\/div><\/div><div id=\"contenedor-actividades\" class=\"kc-elm kc-css-840035 kc-row-container module\"><div class=\"wc-row row\"><div class=\"kc-wrap-columns\"><div class=\"kc-elm kc-css-796158 small-12 columns small-12\"><div class=\"kc-col-container\"><div class=\"kc-elm kc-css-180833 kc_row kc_row_inner\"><div class=\"kc-elm kc-css-79775 small-12 columns small-12\"><div class=\"kc_wrapper kc-col-inner-container\"><div id=\"191021\" class=\"icon-box\"><div class=\"icon-side float-left\"><i class=\"fa fa-building-o\" aria-hidden=\"true\"><\/i>\n\t\t\t\t\t<\/div>\n\t\t\t\t\t<div class=\"info-side float-left\"><p><strong>Stadtbesichtigungen<\/strong><br><\/p>\n\t\t\t\t\t<\/div>\n\t\t\t\t\t<div class=\"clearfix\"><\/div>\n\t\t\t\t<\/div><div class=\"kc-elm kc-css-670751\" style=\"height: 50px; clear: both; width:100%;\"><\/div><div id=\"370449\" class=\"icon-box\"><div class=\"icon-side float-left\"><i class=\"fa fa-ticket\" aria-hidden=\"true\"><\/i>\n\t\t\t\t\t<\/div>\n\t\t\t\t\t<div class=\"info-side float-left\"><p><strong>Theaterbesuche<\/strong><br><\/p>\n\t\t\t\t\t<\/div>\n\t\t\t\t\t<div class=\"clearfix\"><\/div>\n\t\t\t\t<\/div><\/div><\/div><div class=\"kc-elm kc-css-47186 small-12 columns small-12\"><div class=\"kc_wrapper kc-col-inner-container\"><div id=\"229158\" class=\"icon-box\"><div class=\"icon-side float-left\"><i class=\"fa fa-beer\" aria-hidden=\"true\"><\/i>\n\t\t\t\t\t<\/div>\n\t\t\t\t\t<div class=\"info-side float-left\"><p><strong>Fiestas<\/strong><br><\/p>\n\t\t\t\t\t<\/div>\n\t\t\t\t\t<div class=\"clearfix\"><\/div>\n\t\t\t\t<\/div><div class=\"kc-elm kc-css-300467\" style=\"height: 50px; clear: both; width:100%;\"><\/div><div id=\"964941\" class=\"icon-box\"><div class=\"icon-side float-left\"><i class=\"fa fa-futbol-o\" aria-hidden=\"true\"><\/i>\n\t\t\t\t\t<\/div>\n\t\t\t\t\t<div class=\"info-side float-left\"><p><strong>Sportveranstaltungen<\/strong><br><\/p>\n\t\t\t\t\t<\/div>\n\t\t\t\t\t<div class=\"clearfix\"><\/div>\n\t\t\t\t<\/div><\/div><\/div><div class=\"kc-elm kc-css-385287 small-12 columns small-12\"><div class=\"kc_wrapper kc-col-inner-container\"><div id=\"179419\" class=\"icon-box\"><div class=\"icon-side float-left\"><i class=\"fa fa-image\" aria-hidden=\"true\"><\/i>\n\t\t\t\t\t<\/div>\n\t\t\t\t\t<div class=\"info-side float-left\"><p><strong>Ausstellungen<\/strong><br><\/p>\n\t\t\t\t\t<\/div>\n\t\t\t\t\t<div class=\"clearfix\"><\/div>\n\t\t\t\t<\/div><div class=\"kc-elm kc-css-937323\" style=\"height: 45px; clear: both; width:100%;\"><\/div><div id=\"113100\" class=\"icon-box\"><div class=\"icon-side float-left\"><i class=\"fa et-video\" aria-hidden=\"true\"><\/i>\n\t\t\t\t\t<\/div>\n\t\t\t\t\t<div class=\"info-side float-left\"><p><strong>Auff\u00fchrungen spanischsprachiger Filme<\/strong><br><\/p>\n\t\t\t\t\t<\/div>\n\t\t\t\t\t<div class=\"clearfix\"><\/div>\n\t\t\t\t<\/div><\/div><\/div><div class=\"kc-elm kc-css-692129 small-12 columns small-12\"><div class=\"kc_wrapper kc-col-inner-container\"><div id=\"888460\" class=\"icon-box\"><div class=\"icon-side float-left\"><i class=\"fa fa-bank\" aria-hidden=\"true\"><\/i>\n\t\t\t\t\t<\/div>\n\t\t\t\t\t<div class=\"info-side float-left\"><p><strong>Ausfl\u00fcge<\/strong><br><\/p>\n\t\t\t\t\t<\/div>\n\t\t\t\t\t<div class=\"clearfix\"><\/div>\n\t\t\t\t<\/div><div class=\"kc-elm kc-css-423916\" style=\"height: 50px; clear: both; width:100%;\"><\/div><div id=\"530465\" class=\"icon-box\"><div class=\"icon-side float-left\"><i class=\"fa sl-playlist\" aria-hidden=\"true\"><\/i>\n\t\t\t\t\t<\/div>\n\t\t\t\t\t<div class=\"info-side float-left\"><p><strong>Salsakurse<\/strong><br><\/p>\n\t\t\t\t\t<\/div>\n\t\t\t\t\t<div class=\"clearfix\"><\/div>\n\t\t\t\t<\/div><\/div><\/div><\/div><div class=\"kc-elm kc-css-48789\" style=\"height: 30px; clear: both; width:100%;\"><\/div><div class=\"kc-elm kc-css-173927 kc_text_block\"><\/p>\n<p>\nDie Lerngruppen umfassen durchschnittlich 6 bis 12 Teilnehmende, in Ausnahmef\u00e4llen bis zu 14. Eine Unsere Studenten kommen aus der ganzen Welt: Deutsche, Holl\u00e4nder, Nordische &#8230; sind die Nationalit\u00e4ten, die Sie am h\u00e4ufigsten w\u00e4hrend Ihres Aufenthaltes bei uns finden werden. Viele sind in ihren 20ern, aber wir begr\u00fc\u00dfen auch \u00e4ltere Studenten. <strong>Eine Unterrichtseinheit dauert 50 Minuten.<\/strong><\/p>\n<p>Wenn Sie unsere Online-Einstufungstest nicht getan haben, am ersten Kurstag findet ein schriftlicher Einstufungstest statt. Besonderen Wert legen wir darauf, dass alle Teilnehmenden die Hausaufgaben machen und regelm\u00e4ssig am Unterricht teilnehmen.<\/p>\n<p>Sofern die Teilnehmenden dem Unterricht mindestens <strong>80%<\/strong> beigewohnt haben, stellt das Colegio ihnen am Kursende eine <strong>Teilnahmebescheinigung aus oder ein Zertifikat<\/strong>, daf\u00fcr m\u00fcssen Sie einen Durchschnitt von 70% erreichen:<\/p>\n<ul>\n<li>Schriftliche Pr\u00fcfung (70%)<\/li>\n<li>Teilnahme und Aktivit\u00e4ten im Unterricht (30%)<\/li>\n<\/ul>\n<p>\n<\/div><div class=\"kc-elm kc-css-738497\" style=\"height: 50px; clear: both; width:100%;\"><\/div>\n<div class=\"kc-elm kc-css-577941 kc-title-wrap \">\n\n\t<h3 class=\"kc_title\">Unser Wesen: Mehr als Spanisch lernen<\/h3>\n<\/div>\n<div class=\"kc-elm kc-css-31407\" style=\"height: 30px; clear: both; width:100%;\"><\/div><div class=\"kc-elm kc-css-271977 kc_text_block\"><\/p>\n<p>An unserer Schule glauben wir, dass das Erlernen einer Sprache die Verbindung mit einer neuen Welt bedeutet. Deshalb geht unser Unterricht \u00fcber das Klassenzimmer hinaus: Es ist eine ethische und bereichernde Erfahrung, die sich um die Menschen und die Umwelt k\u00fcmmert, die uns aufnimmt.<\/p>\n<p><strong>Nachhaltiges und soziales Engagement:<\/strong><br \/>Wir unterrichten nicht nur Spanisch, wir leben und f\u00f6rdern ein verantwortungsvolles Modell. Ihr Lernen hat positive Auswirkungen auf Alicante.<\/p>\n<ul>\n<li><strong>Minimaler \u00f6kologischer Fu\u00dfabdruck:<\/strong> Wir setzen Ma\u00dfnahmen zur Wasser- und Energieeinsparung, Abfallvermeidung um und verwenden recycelte und wiederverwendbare Materialien.<\/li>\n<li><strong>Schutz und Wertsch\u00e4tzung:<\/strong> Wir laden Sie ein, den nat\u00fcrlichen Reichtum Alicantes (Flora, Fauna und K\u00fcste) sowie sein au\u00dfergew\u00f6hnliches k\u00fcnstlerisches, kulturelles und arch\u00e4ologisches Erbe zu entdecken, zu sch\u00e4tzen und zu sch\u00fctzen.<\/li>\n<li><strong>Unterst\u00fctzung der lokalen Umgebung:<\/strong> Wir f\u00f6rdern die lokale Wirtschaft und Authentizit\u00e4t durch lokale, null-Kilometer- und traditionelle Kunsthandwerksprodukte.<\/li>\n<li><strong>Gelebte Kultur:<\/strong> Wir erleben Feste, Traditionen und Br\u00e4uche nicht als Zuschauer, sondern als Teilnehmer und integrieren sie in ein authentisches Kulturerlebnis.<\/li>\n<\/ul>\n<p><strong>Unser Kompass: Mission, Vision &#038; Werte<\/strong><\/p>\n<p><strong>MISSION<\/strong><br \/>Die emotionale und kulturelle Br\u00fccke zu sein, die Menschen aus aller Welt mit der spanischen Sprache und Essenz verbindet. Durch menschlichen und nahen Unterricht brechen wir Stereotype, f\u00f6rdern Respekt f\u00fcr Vielfalt und schaffen eine globale Gemeinschaft von Lernenden, die Spanisch nicht nur sprechen, sondern es f\u00fchlen und leben.<\/p>\n<p><strong>VISION<\/strong><br \/>Wir streben danach, der soziokulturelle Bezugspunkt f\u00fcr den Spanischunterricht in Alicante zu sein, anerkannt f\u00fcr unsere p\u00e4dagogische Exzellenz und positive Wirkung. Wir m\u00f6chten, dass die Wahl unserer Schule eine Entscheidung ist, auf die unsere Studierenden und Partner zutiefst stolz sind.<\/p>\n<p><strong>WERTE<\/strong><br \/>Diese Prinzipien leiten jede Aktivit\u00e4t, jede Klasse und jede Entscheidung:<\/p>\n<ul>\n<li><strong>Der Studierende im Mittelpunkt:<\/strong> Ihre Erfahrung, Ihre Ziele und Ihr Wohlbefinden haben f\u00fcr uns absolute Priorit\u00e4t.<\/li>\n<li><strong>Exzellenz &#038; Professionalit\u00e4t:<\/strong> Qualifiziertes Lehrpersonal, innovative Methoden und ein einwandfreier Service.<\/li>\n<li><strong>Gemeinschaft &#038; Teamarbeit:<\/strong> Wir glauben an die Kraft des Kollektivs, sowohl innerhalb unserer Schule als auch in unserer Beziehung zu Ihnen.<\/li>\n<li><strong>Globales Mindset (Internationalisierung):<\/strong> Wir schaffen ein multikulturelles Umfeld, in dem jede Perspektive das Lernen bereichert.<\/li>\n<li><strong>Integraler Respekt:<\/strong> Vor dem Menschen, vor der Kultur, vor der Umwelt und vor dem individuellen Lernweg jedes Einzelnen.<\/li>\n<\/ul>\n<p>\n<\/div><\/div><\/div><\/div><\/div><\/div><div class=\"kc-elm kc-css-775395 kc-row-container module\"><div class=\"wc-row row\"><div class=\"kc-wrap-columns\"><div class=\"kc-elm kc-css-628805 small-12 columns small-12\"><div class=\"kc-col-container\"><div class=\"kc-elm kc-css-334214 kc_row kc_row_inner\"><div class=\"kc-elm kc-css-654406 small-12 columns small-12\"><div class=\"kc_wrapper kc-col-inner-container\">\n<div class=\"kc-elm kc-css-106543 kc-title-wrap \">\n\n\t<h3 class=\"kc_title\">Accreditation<\/h3>\n<\/div>\n<div class=\"kc-elm kc-css-886960 kc_text_block\"><\/p>\n<p>\n<strong>Colegio Internacional Alicante<\/strong> hat die Akkreditierung des Instituto Cervantes erhalten. Dies bedeutet, dass es die vom <strong>Akkreditierungssystem f\u00fcr Zentren des Instituto Cervantes<\/strong> festgelegten Bedingungen Vermittlung von Spanisch als Fremdsprache spezialisiert ist.<\/p>\n<p>\n<\/div><\/div><\/div><div class=\"kc-elm kc-css-463317 small-12 columns small-12\"><div class=\"kc_wrapper kc-col-inner-container\"><div class=\"kc-elm kc_row kc_row_inner\"><div class=\"kc-elm small-12 columns small-12\"><div class=\"kc_wrapper kc-col-inner-container\"><div class=\"kc-elm kc-css-275633 kc_shortcode kc_single_image\">\n\n        <a  href=\"https:\/\/acreditacion.cervantes.es\/\" title=\"\" target=\"_self\">\n        <img decoding=\"async\" src=\"https:\/\/www.colegiointernacionalalicante.com\/wp-content\/uploads\/2017\/12\/logo-colegio-internacional-alicante.png\" class=\"\" alt=\"\" \/>    <\/a>\n    <\/div>\n<\/div><\/div><\/div><\/div><\/div><\/div><div class=\"kc-elm kc-css-58801\" style=\"height: 50px; clear: both; width:100%;\"><\/div><div class=\"kc-elm kc-css-147978 kc_row kc_row_inner\"><div class=\"kc-elm kc-css-531471 small-12 columns small-12\"><div class=\"kc_wrapper kc-col-inner-container\"><div class=\"kc-elm kc_row kc_row_inner\"><div class=\"kc-elm small-12 columns small-12\"><div class=\"kc_wrapper kc-col-inner-container\"><div class=\"kc-elm kc-css-670133 kc_shortcode kc_single_image\">\n\n        <a  href=\"https:\/\/www.calidadendestino.es\/Contenidos\/InformacionGeneral.aspx\" title=\"\" target=\"_self\">\n        <img decoding=\"async\" src=\"https:\/\/www.colegiointernacionalalicante.com\/wp-content\/uploads\/2017\/05\/compromiso-calidad.png\" class=\"\" alt=\"\" \/>    <\/a>\n    <\/div>\n<\/div><\/div><\/div><\/div><\/div><div class=\"kc-elm kc-css-714561 small-12 columns small-12\"><div class=\"kc_wrapper kc-col-inner-container\"><div class=\"kc-elm kc-css-784296 kc_text_block\"><\/p>\n<p>\n<strong>Colegio Internacional Alicante<\/strong> ist ein der <strong>QUALIT\u00c4T<\/strong> verpflichtetes <strong>Zentrum<\/strong> und daher Teil von <strong>Sistema Integral de Calidad Tur\u00edstica En Destinos.<\/strong> SICTED es handelt sich um <strong>ein Projekt zur Verbesserung der Qualit\u00e4t der touristischen Reiseziele,<\/strong> das vom Staatssekretariat f\u00fcr Tourismus und Handel mit Unterst\u00fctzung des Spanischen Verbandes der Gemeinden und Provinzen ins Leben gerufen wurde und das mit Unternehmen und touristischen Dienstleistern verschiedener Sektoren zusammenarbeitet mit dem Ziel, <strong>die Erlebnisse und die Zufriedenheit der Touristen zu verbessern.<\/strong><\/p>\n<p>\n<\/div><\/div><\/div><\/div><div class=\"kc-elm kc-css-256402\" style=\"height: 50px; clear: both; width:100%;\"><\/div><div class=\"kc-elm kc-css-204895 kc_row kc_row_inner\"><div class=\"kc-elm kc-css-791633 small-12 columns small-12\"><div class=\"kc_wrapper kc-col-inner-container\">\n<div class=\"kc-elm kc-css-5448 kc-title-wrap \">\n\n\t<h3 class=\"kc_title\">Mitglieder bei<\/h3>\n<\/div>\n<div class=\"kc-elm kc-css-959387\" style=\"height: 10px; clear: both; width:100%;\"><\/div><div class=\"kc-elm kc-css-412667 kc_shortcode kc_single_image\">\n\n        <img decoding=\"async\" src=\"https:\/\/www.colegiointernacionalalicante.com\/wp-content\/uploads\/2017\/04\/prov-fedele.jpg\" class=\"\" alt=\"FEDELE\" \/>    <\/div>\n<\/div><\/div><div class=\"kc-elm kc-css-554078 small-12 columns small-12\"><div class=\"kc_wrapper kc-col-inner-container\"><div class=\"kc-elm kc_row kc_row_inner\"><div class=\"kc-elm small-12 columns small-12\"><div class=\"kc_wrapper kc-col-inner-container\"><div class=\"kc-elm kc-css-505783\" style=\"height: 63px; clear: both; width:100%;\"><\/div><div class=\"kc-elm kc-css-704243 kc_shortcode kc_single_image\">\n\n        <img decoding=\"async\" src=\"https:\/\/www.colegiointernacionalalicante.com\/wp-content\/uploads\/2017\/05\/logo-fedele.jpg\" class=\"\" alt=\"FEDELE COMUNIDAD VALENCIANA\" \/>    <\/div>\n<\/div><\/div><\/div><\/div><\/div><\/div><div class=\"kc-elm kc-css-273680 kc_row kc_row_inner\"><div class=\"kc-elm kc-css-393781 small-12 columns small-12\"><div class=\"kc_wrapper kc-col-inner-container\">\n<div class=\"kc-elm kc-css-315559 kc-title-wrap \">\n\n\t<h3 class=\"kc_title\">DELE, CCSE & SIELE-Pr\u00fcfungszentre <\/h3>\n<\/div>\n<div class=\"kc-elm kc-css-680337\" style=\"height: 10px; clear: both; width:100%;\"><\/div><div class=\"kc-elm kc-css-747980 kc_shortcode kc_single_image\">\n\n        <img decoding=\"async\" src=\"https:\/\/www.colegiointernacionalalicante.com\/wp-content\/uploads\/2017\/05\/prov-idele.jpg\" class=\"\" alt=\"DELE\" \/>    <\/div>\n<\/div><\/div><div class=\"kc-elm kc-css-496172 small-12 columns small-12\"><div class=\"kc_wrapper kc-col-inner-container\"><div class=\"kc-elm kc_row kc_row_inner\"><div class=\"kc-elm small-12 columns small-12\"><div class=\"kc_wrapper kc-col-inner-container\"><div class=\"kc-elm kc-css-882708\" style=\"height: 63px; clear: both; width:100%;\"><\/div><div class=\"kc-elm kc-css-998381 kc_shortcode kc_single_image\">\n\n        <img decoding=\"async\" src=\"https:\/\/www.colegiointernacionalalicante.com\/wp-content\/uploads\/2017\/12\/ccse-logo.png\" class=\"\" alt=\"CCSE\" \/>    <\/div>\n<\/div><\/div><\/div><\/div><\/div><div class=\"kc-elm kc-css-592083 small-12 columns small-12\"><div class=\"kc_wrapper kc-col-inner-container\"><div class=\"kc-elm kc_row kc_row_inner\"><div class=\"kc-elm small-12 columns small-12\"><div class=\"kc_wrapper kc-col-inner-container\"><div class=\"kc-elm kc-css-817817\" style=\"height: 63px; clear: both; width:100%;\"><\/div><div class=\"kc-elm kc-css-853299 kc_shortcode kc_single_image\">\n\n        <img decoding=\"async\" src=\"https:\/\/www.colegiointernacionalalicante.com\/wp-content\/uploads\/2017\/12\/siele-logo-1.png\" class=\"\" alt=\"SICIC\" \/>    <\/div>\n<\/div><\/div><\/div><\/div><\/div><\/div><div class=\"kc-elm kc-css-348882 kc_row kc_row_inner\"><div class=\"kc-elm kc-css-721100 small-12 columns small-12\"><div class=\"kc_wrapper kc-col-inner-container\">\n<div class=\"kc-elm kc-css-439647 kc-title-wrap \">\n\n\t<h3 class=\"kc_title\">Akkreditierungen <\/h3>\n<\/div>\n<div class=\"kc-elm kc-css-123946\" style=\"height: 10px; clear: both; width:100%;\"><\/div><div class=\"kc-elm kc-css-519978 kc_shortcode kc_single_image\">\n\n        <img decoding=\"async\" src=\"https:\/\/www.colegiointernacionalalicante.com\/wp-content\/uploads\/2017\/05\/prov-lanekassen.jpg\" class=\"\" alt=\"DELE\" \/>    <\/div>\n<\/div><\/div><div class=\"kc-elm kc-css-702907 small-12 columns small-12\"><div class=\"kc_wrapper kc-col-inner-container\"><div class=\"kc-elm kc_row kc_row_inner\"><div class=\"kc-elm small-12 columns small-12\"><div class=\"kc_wrapper kc-col-inner-container\"><div class=\"kc-elm kc-css-865968\" style=\"height: 63px; clear: both; width:100%;\"><\/div><div class=\"kc-elm kc-css-969880 kc_shortcode kc_single_image\">\n\n        <img decoding=\"async\" src=\"https:\/\/www.colegiointernacionalalicante.com\/wp-content\/uploads\/2017\/05\/prov-csn.jpg\" class=\"\" alt=\"CCSE\" \/>    <\/div>\n<\/div><\/div><\/div><\/div><\/div><div class=\"kc-elm kc-css-97354 small-12 columns small-12\"><div class=\"kc_wrapper kc-col-inner-container\"><div class=\"kc-elm kc_row kc_row_inner\"><div class=\"kc-elm small-12 columns small-12\"><div class=\"kc_wrapper kc-col-inner-container\"><div class=\"kc-elm kc-css-960951\" style=\"height: 63px; clear: both; width:100%;\"><\/div><div class=\"kc-elm kc-css-289116 kc_shortcode kc_single_image\">\n\n        <img decoding=\"async\" src=\"https:\/\/www.colegiointernacionalalicante.com\/wp-content\/uploads\/2017\/05\/prov-bildungsurlaub.jpg\" class=\"\" alt=\"SICIC\" \/>    <\/div>\n<\/div><\/div><\/div><\/div><\/div><\/div><\/div><\/div><\/div><\/div><\/div><div class=\"kc-elm kc-css-775059 kc-row-container module\"><div class=\"wc-row row\"><div class=\"kc-wrap-columns\"><div class=\"kc-elm kc-css-317596 small-12 columns small-12\"><div class=\"kc-col-container\"><div class=\"kc-elm kc-css-760500\" style=\"height: 30px; clear: both; width:100%;\"><\/div>\n<div class=\"kc-elm kc-css-691529 kc-title-wrap \">\n\n\t<h3 class=\"kc_title\">Hochschulkredite <\/h3>\n<\/div>\n<div class=\"kc-elm kc-css-800645\" style=\"height: 5px; clear: both; width:100%;\"><\/div><div class=\"kc-elm kc-css-988989 kc_row kc_row_inner\"><div class=\"kc-elm kc-css-546870 small-12 columns small-12\"><div class=\"kc_wrapper kc-col-inner-container\"><div class=\"kc-elm kc-css-393000 kc_text_block\"><\/p>\n<p>\nColegio Internacional Alicante will send transcript to:<\/p>\n<ul>\n<li>Eastern Connecticut State University (USA)<\/li>\n<li>Coll\u00e8ge du Maisonneuve (Canad\u00e1)<\/li>\n<\/ul>\n<p>We can also send credits from both to the student\u00b4s Universities with extra cost.<\/p>\n<p>\n<\/div><\/div><\/div><div class=\"kc-elm kc-css-305558 small-12 columns small-12\"><div class=\"kc_wrapper kc-col-inner-container\"><div class=\"kc-elm kc_row kc_row_inner\"><div class=\"kc-elm small-12 columns small-12\"><div class=\"kc_wrapper kc-col-inner-container\"><div class=\"kc-elm kc-css-400896 kc_shortcode kc_single_image\">\n\n        <img decoding=\"async\" src=\"https:\/\/www.colegiointernacionalalicante.com\/wp-content\/uploads\/2017\/05\/logo-eastern.jpg\" class=\"\" alt=\"Eastern\" \/>    <\/div>\n<\/div><\/div><div class=\"kc-elm small-12 columns small-12\"><div class=\"kc_wrapper kc-col-inner-container\"><div class=\"kc-elm kc-css-444883 kc_shortcode kc_single_image\">\n\n        <img decoding=\"async\" src=\"https:\/\/www.colegiointernacionalalicante.com\/wp-content\/uploads\/2017\/05\/logo-college-de-maisonneuve.jpg\" class=\"\" alt=\"College de maisonneuve\" \/>    <\/div>\n<\/div><\/div><\/div><\/div><\/div><\/div><\/div><\/div><\/div><\/div><\/div><\/p>\n","protected":false},"excerpt":{"rendered":"","protected":false},"author":1,"featured_media":0,"parent":0,"menu_order":0,"comment_status":"closed","ping_status":"closed","template":"","meta":{"footnotes":""},"class_list":["post-3529","page","type-page","status-publish","hentry"],"aioseo_notices":[],"_links":{"self":[{"href":"https:\/\/www.colegiointernacionalalicante.com\/de\/wp-json\/wp\/v2\/pages\/3529","targetHints":{"allow":["GET"]}}],"collection":[{"href":"https:\/\/www.colegiointernacionalalicante.com\/de\/wp-json\/wp\/v2\/pages"}],"about":[{"href":"https:\/\/www.colegiointernacionalalicante.com\/de\/wp-json\/wp\/v2\/types\/page"}],"author":[{"embeddable":true,"href":"https:\/\/www.colegiointernacionalalicante.com\/de\/wp-json\/wp\/v2\/users\/1"}],"replies":[{"embeddable":true,"href":"https:\/\/www.colegiointernacionalalicante.com\/de\/wp-json\/wp\/v2\/comments?post=3529"}],"version-history":[{"count":74,"href":"https:\/\/www.colegiointernacionalalicante.com\/de\/wp-json\/wp\/v2\/pages\/3529\/revisions"}],"predecessor-version":[{"id":5755,"href":"https:\/\/www.colegiointernacionalalicante.com\/de\/wp-json\/wp\/v2\/pages\/3529\/revisions\/5755"}],"wp:attachment":[{"href":"https:\/\/www.colegiointernacionalalicante.com\/de\/wp-json\/wp\/v2\/media?parent=3529"}],"curies":[{"name":"wp","href":"https:\/\/api.w.org\/{rel}","templated":true}]}}