{"id":3552,"date":"2017-12-01T11:00:46","date_gmt":"2017-12-01T11:00:46","guid":{"rendered":"http:\/\/www.colegiointernacionalalicante.com\/accomodation\/"},"modified":"2022-11-29T10:04:53","modified_gmt":"2022-11-29T10:04:53","slug":"unterbringungspreise","status":"publish","type":"page","link":"https:\/\/www.colegiointernacionalalicante.com\/de\/unterbringungspreise\/","title":{"rendered":"Unterbringungspreise"},"content":{"rendered":"<div class=\"kc-elm kc-css-608699 kc-row-container module\"><div class=\"wc-row row\"><div class=\"kc-wrap-columns\"><div class=\"kc-elm kc-css-14401 small-12 columns small-12\"><div class=\"kc-col-container\"><div id=\" \" class=\"kc-elm kc-css-87942 kc_row kc_row_inner\"><div class=\"kc-elm kc-css-576953 small-12 columns small-12\"><div class=\"kc_wrapper kc-col-inner-container\">\n\n<div class=\"image_fadein_slider kc-elm kc-css-952331 \">\n\t\t<div data-delay=\"4000\" class=\"image_fadein\" data-images=\"914,917,915,916,918\">\n\t<img decoding=\"async\" src=\"https:\/\/www.colegiointernacionalalicante.com\/wp-content\/uploads\/2017\/05\/alojamiento-1.jpg\" \/><img decoding=\"async\" src=\"https:\/\/www.colegiointernacionalalicante.com\/wp-content\/uploads\/2017\/05\/alojamiento-4.jpg\" \/><img decoding=\"async\" src=\"https:\/\/www.colegiointernacionalalicante.com\/wp-content\/uploads\/2017\/05\/alojamiento-2.jpg\" \/><img decoding=\"async\" src=\"https:\/\/www.colegiointernacionalalicante.com\/wp-content\/uploads\/2017\/05\/alojamiento-3.jpg\" \/><img decoding=\"async\" src=\"https:\/\/www.colegiointernacionalalicante.com\/wp-content\/uploads\/2017\/05\/alojamiento-5.jpg\" \/>\t<\/div>\n<\/div>\n<\/div><\/div><div class=\"kc-elm kc-css-768446 small-12 columns small-12\"><div class=\"kc_wrapper kc-col-inner-container\"><div class=\"kc-elm kc-css-353670 kc_text_block\"><\/p>\n<p>Unsere Kursteilnehmenden k\u00f6nnen zwischen der Unterbringung bei Gastfamilien oder WGs: in Wohnungen zusammen mit anderen Kursteilnehmenden und spanischen Studierenden w\u00e4hlen.<\/p>\n<div class=\"foto_der\">Die Gastfamilien behandeln die Kursteilnehmenden wie Familienmitglieder. Hier hat man die Gelegenheit, den Alltag einer spanischen Familie mitzuerleben, wozu man sich an ihre Gewohnheiten und ihre Lebensart anpassen sollte.<\/div>\n<p>Angeboten werden Einzel- oder Doppelzimmer mit Voll- oder Halbpension:<\/p>\n<ul>\n<li>Halbpension umfasst Fr\u00fchst\u00fcck, Abendessen; und W\u00e4scheservice.<\/li>\n<li>Vollpension umfasst Fr\u00fchst\u00fcck, Mittagessen, Abendessen; und W\u00e4scheservice.<\/li>\n<\/ul>\n<p>WGs sind eine andere, ebenfalls interessante M\u00f6glichkeit.<\/p>\n<p>\n<\/div><\/div><\/div><\/div><div class=\"kc-elm kc-css-744466\" style=\"height: 20px; clear: both; width:100%;\"><\/div><div class=\"kc-elm kc-css-753449 kc_text_block\"><\/p>\n<p>Die Kursteilnehmenden wohnen zusammen mit anderen unserer Kurse oder mit SpanierInnen zusammen. Auch hier werden Einzel- und Doppelzimmer angeboten. Die Wohnungen sind komfortabel, wenn auch einfach eingerichtet; Luxus darf man keinen erwarten. Die Kursteilnehmenden sorgen selbst f\u00fcr die S\u00e4uberung der Wohnung und m\u00fcssen ihre eigene Bettw\u00e4sche und Handt\u00fccher mitbringen.<br \/>\nSowohl die Wohnungen als auch die Gastfamilien wurden\u00a0<b>sorgf\u00e4ltig ausgew\u00e4hlt<\/b>\u00a0und werden regelm\u00e4ssig von unserem Personal besucht.<\/p>\n<p>\n<\/div><div class=\"kc-elm kc-css-383784\" style=\"height: 20px; clear: both; width:100%;\"><\/div>\n<div class=\"kc-elm kc-css-54701\">\n\t<a class=\"kc_button\" href=\"https:\/\/www.colegiointernacionalalicante.com\/wp-content\/uploads\/2022\/11\/2022-2023-Student\u00b4s-lodging.pdf\" target=\"_blank\" title=\"\" onclick=\"\">\n\t\t<i class=\"fa-file-pdf-o\"><\/i> LADGING HANDBUCH HERUNTERLADEN\t<\/a>\n<\/div>\n<div class=\"kc-elm kc-css-317034\" style=\"height: 35px; clear: both; width:100%;\"><\/div>\n<div class=\"kc-elm kc-css-458885 kc-title-wrap \">\n\n\t<h2 class=\"kc_title\">UNTERBRINGUN IN FAMILIEN<\/h2><div style='height: 1px; background: #333;'><\/div>\n<\/div>\n<div class=\"kc-elm kc-css-218647\" style=\"height: 20px; clear: both; width:100%;\"><\/div><div id=\" \" class=\"kc-elm kc-css-73613 kc_row kc_row_inner\"><div class=\"kc-elm kc-css-762187 small-12 columns small-12\"><div class=\"kc_wrapper kc-col-inner-container\">\n<div class=\"kc-elm kc-css-738345 kc-pricing-tables kc-pricing-layout-3 kc-price-before-currency\">\n\n\t<div class=\"content-title\">EINZELZIMMER<\/div><ul class=\"content-desc\"><li>Vollpension\r <\/li><li> <\/li><\/ul><div class=\"kc-pricing-price\"><span class=\"content-price\">28<\/span><span class=\"content-currency\">\u20ac<\/span><span class=\"content-duration\"> \/ NACHT<\/span><\/div><div class=\"content-button\"><a href=\"http:\/\/www.colegiointernacionalalicante.com\/de\/contact\/\">Kontakt<\/a><\/div>\n<\/div>\n<\/div><\/div><div class=\"kc-elm kc-css-66456 small-12 columns small-12\"><div class=\"kc_wrapper kc-col-inner-container\">\n<div class=\"kc-elm kc-css-610129 kc-pricing-tables kc-pricing-layout-3 kc-price-before-currency\">\n\n\t<div class=\"content-title\">EINZELZIMMER<\/div><ul class=\"content-desc\"><li>Halbpension\r <\/li><li> <\/li><\/ul><div class=\"kc-pricing-price\"><span class=\"content-price\">25<\/span><span class=\"content-currency\">\u20ac<\/span><span class=\"content-duration\"> \/ NACHT<\/span><\/div><div class=\"content-button\"><a href=\"http:\/\/www.colegiointernacionalalicante.com\/de\/contact\/\">Kontakt<\/a><\/div>\n<\/div>\n<\/div><\/div><div class=\"kc-elm kc-css-7382 small-12 columns small-12\"><div class=\"kc_wrapper kc-col-inner-container\">\n<div class=\"kc-elm kc-css-633590 kc-pricing-tables kc-pricing-layout-3 kc-price-before-currency\">\n\n\t<div class=\"content-title\">DOPPELZIMMER<\/div><ul class=\"content-desc\"><li>Vollpension\r <\/li><li> <\/li><\/ul><div class=\"kc-pricing-price\"><span class=\"content-price\">26<\/span><span class=\"content-currency\">\u20ac<\/span><span class=\"content-duration\"> \/ NACHT- PERSON<\/span><\/div><div class=\"content-button\"><a href=\"http:\/\/www.colegiointernacionalalicante.com\/de\/contact\/\">Kontakt<\/a><\/div>\n<\/div>\n<\/div><\/div><div class=\"kc-elm kc-css-517922 small-12 columns small-12\"><div class=\"kc_wrapper kc-col-inner-container\">\n<div class=\"kc-elm kc-css-841805 kc-pricing-tables kc-pricing-layout-3 kc-price-before-currency\">\n\n\t<div class=\"content-title\">DOPPELZIMMER<\/div><ul class=\"content-desc\"><li>Halbpension\r <\/li><li> <\/li><\/ul><div class=\"kc-pricing-price\"><span class=\"content-price\">23<\/span><span class=\"content-currency\">\u20ac<\/span><span class=\"content-duration\"> \/ NACHT- PERSON<\/span><\/div><div class=\"content-button\"><a href=\"http:\/\/www.colegiointernacionalalicante.com\/de\/contact\/\">Kontakt<\/a><\/div>\n<\/div>\n<\/div><\/div><\/div><div class=\"kc-elm kc-css-987272\" style=\"height: 35px; clear: both; width:100%;\"><\/div>\n<div class=\"kc-elm kc-css-168652 kc-title-wrap \">\n\n\t<h2 class=\"kc_title\">WGs<\/h2><div style='height: 1px; background: #333;'><\/div>\n<\/div>\n<div class=\"kc-elm kc-css-193261\" style=\"height: 20px; clear: both; width:100%;\"><\/div><div id=\" \" class=\"kc-elm kc-css-663889 kc_row kc_row_inner\"><div class=\"kc-elm kc-css-136421 small-12 columns small-12\"><div class=\"kc_wrapper kc-col-inner-container\">\n<div class=\"kc-elm kc-css-571301 kc-pricing-tables kc-pricing-layout-3 kc-price-before-currency\">\n\n\t<div class=\"content-title\">EINZELZIMMER<\/div><ul class=\"content-desc\"><li>2 wochen\r <\/li><li> <\/li><\/ul><div class=\"kc-pricing-price\"><span class=\"content-price\">220<\/span><span class=\"content-currency\">\u20ac<\/span><\/div><div class=\"content-button\"><a href=\"http:\/\/www.colegiointernacionalalicante.com\/de\/contact\/\">Kontakt<\/a><\/div>\n<\/div>\n<\/div><\/div><div class=\"kc-elm kc-css-180293 small-12 columns small-12\"><div class=\"kc_wrapper kc-col-inner-container\">\n<div class=\"kc-elm kc-css-785337 kc-pricing-tables kc-pricing-layout-3 kc-price-before-currency\">\n\n\t<div class=\"content-title\">EINZELZIMMER<\/div><ul class=\"content-desc\"><li>Extra woche\r <\/li><li> <\/li><\/ul><div class=\"kc-pricing-price\"><span class=\"content-price\">110<\/span><span class=\"content-currency\">\u20ac<\/span><\/div><div class=\"content-button\"><a href=\"http:\/\/www.colegiointernacionalalicante.com\/de\/contact\/\">Kontakt<\/a><\/div>\n<\/div>\n<\/div><\/div><div class=\"kc-elm kc-css-408405 small-12 columns small-12\"><div class=\"kc_wrapper kc-col-inner-container\">\n<div class=\"kc-elm kc-css-626459 kc-pricing-tables kc-pricing-layout-3 kc-price-before-currency\">\n\n\t<div class=\"content-title\">DOPPELZIMMER<\/div><ul class=\"content-desc\"><li>2 woche\r <\/li><li> <\/li><\/ul><div class=\"kc-pricing-price\"><span class=\"content-price\">190<\/span><span class=\"content-currency\">\u20ac<\/span><span class=\"content-duration\"> \/ PRO PERSON <\/span><\/div><div class=\"content-button\"><a href=\"http:\/\/www.colegiointernacionalalicante.com\/de\/contact\/\">Kontakt<\/a><\/div>\n<\/div>\n<\/div><\/div><div class=\"kc-elm kc-css-299915 small-12 columns small-12\"><div class=\"kc_wrapper kc-col-inner-container\">\n<div class=\"kc-elm kc-css-439767 kc-pricing-tables kc-pricing-layout-3 kc-price-before-currency\">\n\n\t<div class=\"content-title\">DOPPELZIMMER<\/div><ul class=\"content-desc\"><li>Extra woch\r <\/li><li> <\/li><\/ul><div class=\"kc-pricing-price\"><span class=\"content-price\">95<\/span><span class=\"content-currency\">\u20ac<\/span><span class=\"content-duration\"> \/ PRO PERSON<\/span><\/div><div class=\"content-button\"><a href=\"http:\/\/www.colegiointernacionalalicante.com\/de\/contact\/\">Kontakt<\/a><\/div>\n<\/div>\n<\/div><\/div><\/div><\/div><\/div><\/div><\/div><\/div>\n","protected":false},"excerpt":{"rendered":"","protected":false},"author":1,"featured_media":0,"parent":0,"menu_order":0,"comment_status":"closed","ping_status":"closed","template":"","meta":{"footnotes":""},"class_list":["post-3552","page","type-page","status-publish","hentry"],"aioseo_notices":[],"_links":{"self":[{"href":"https:\/\/www.colegiointernacionalalicante.com\/de\/wp-json\/wp\/v2\/pages\/3552","targetHints":{"allow":["GET"]}}],"collection":[{"href":"https:\/\/www.colegiointernacionalalicante.com\/de\/wp-json\/wp\/v2\/pages"}],"about":[{"href":"https:\/\/www.colegiointernacionalalicante.com\/de\/wp-json\/wp\/v2\/types\/page"}],"author":[{"embeddable":true,"href":"https:\/\/www.colegiointernacionalalicante.com\/de\/wp-json\/wp\/v2\/users\/1"}],"replies":[{"embeddable":true,"href":"https:\/\/www.colegiointernacionalalicante.com\/de\/wp-json\/wp\/v2\/comments?post=3552"}],"version-history":[{"count":9,"href":"https:\/\/www.colegiointernacionalalicante.com\/de\/wp-json\/wp\/v2\/pages\/3552\/revisions"}],"predecessor-version":[{"id":5054,"href":"https:\/\/www.colegiointernacionalalicante.com\/de\/wp-json\/wp\/v2\/pages\/3552\/revisions\/5054"}],"wp:attachment":[{"href":"https:\/\/www.colegiointernacionalalicante.com\/de\/wp-json\/wp\/v2\/media?parent=3552"}],"curies":[{"name":"wp","href":"https:\/\/api.w.org\/{rel}","templated":true}]}}