{"id":3559,"date":"2017-12-01T10:58:34","date_gmt":"2017-12-01T10:58:34","guid":{"rendered":"http:\/\/www.colegiointernacionalalicante.com\/activities\/"},"modified":"2018-11-27T08:39:08","modified_gmt":"2018-11-27T08:39:08","slug":"aktivitaeten","status":"publish","type":"page","link":"https:\/\/www.colegiointernacionalalicante.com\/de\/aktivitaeten\/","title":{"rendered":"Aktivit\u00e4ten"},"content":{"rendered":"<div class=\"kc-elm kc-css-594529 kc-row-container module\"><div class=\"wc-row row\"><div class=\"kc-wrap-columns\"><div class=\"kc-elm kc-css-433100 small-12 columns small-12\"><div class=\"kc-col-container\"><div id=\" \" class=\"kc-elm kc-css-712961 kc_row kc_row_inner\"><div class=\"kc-elm kc-css-758320 small-12 columns small-12\"><div class=\"kc_wrapper kc-col-inner-container\">\n\n<div class=\"image_fadein_slider kc-elm kc-css-290877 \">\n\t\t<div data-delay=\"4000\" class=\"image_fadein\" data-images=\"1049,1048,1046,1047,1045,1044,1043,1042,1041\">\n\t<img decoding=\"async\" src=\"https:\/\/www.colegiointernacionalalicante.com\/wp-content\/uploads\/2017\/05\/actividad-8.jpg\" \/><img decoding=\"async\" src=\"https:\/\/www.colegiointernacionalalicante.com\/wp-content\/uploads\/2017\/05\/actividad-7.jpg\" \/><img decoding=\"async\" src=\"https:\/\/www.colegiointernacionalalicante.com\/wp-content\/uploads\/2017\/05\/actividad-5.jpg\" \/><img decoding=\"async\" src=\"https:\/\/www.colegiointernacionalalicante.com\/wp-content\/uploads\/2017\/05\/actividad-6.jpg\" \/><img decoding=\"async\" src=\"https:\/\/www.colegiointernacionalalicante.com\/wp-content\/uploads\/2017\/05\/actividad-4.jpg\" \/><img decoding=\"async\" src=\"https:\/\/www.colegiointernacionalalicante.com\/wp-content\/uploads\/2017\/05\/actividad-3.jpg\" \/><img decoding=\"async\" src=\"https:\/\/www.colegiointernacionalalicante.com\/wp-content\/uploads\/2017\/05\/actividad-2.jpg\" \/><img decoding=\"async\" src=\"https:\/\/www.colegiointernacionalalicante.com\/wp-content\/uploads\/2017\/05\/actividad-1.jpg\" \/><img decoding=\"async\" src=\"https:\/\/www.colegiointernacionalalicante.com\/wp-content\/uploads\/2017\/05\/actividad-0.jpg\" \/>\t<\/div>\n<\/div>\n<\/div><\/div><div class=\"kc-elm kc-css-244224 small-12 columns small-12\"><div class=\"kc_wrapper kc-col-inner-container\"><div class=\"kc-elm kc-css-871254 kc_text_block\"><\/p>\n<p class=\"moz-quote-pre\">Kurse und Unterricht werden erg\u00e4nzt durch ein abwechslungsreiches Zusatzprogramm: Freie Stadtbesichtigungen, Ausstellungen, Museen, Theaterbesuche sowie andere sportliche oder kulturelle Aktivit\u00e4ten. Nat\u00fcrlich wird von den Studenten erwartet, dass sie ihre Tickets selbst bezahlen. Sie sind immer herzlich eingeladen, sich uns anzuschlie\u00dfen. Selbst die Anfangsstufen k\u00f6nnen den einfachen Erkl\u00e4rungen unserer Lehrer folgen.<\/p>\n<p>Alicante mit seinen 330.000 Einwohnern hat ein <strong>vielf\u00e4ltiges Kulturangebot<\/strong>: Bibliotheken, Museen, Ausstellungen, Freilicht-Konzerte, Theater etc&#8230;<\/p>\n<p>Weitbekannt sind das\u00a0<b>Freilicht-Theaterfestival<\/b>, das\u00a0<b>Internationale Festival f\u00fcr Zeitgen\u00f6ssische Musik<\/b>, das\u00a0<b>Festival f\u00fcr zeitgen\u00f6ssisches spanisches Autorentheater<\/b>\u00a0und das\u00a0<b>Internationale Marionettenfestival<\/b>. Zu all diesen Veranstaltungen haben unsere Kursteilnehmenden Zugang und werden rechtzeitig dar\u00fcber informiert.<\/p>\n<p>Gemeinsam entdecken wir die lokale Gastronomie (&#8222;<b>paella<\/b>&#8222;) und das Nachtleben Alicantes.<\/p>\n<p>\n<\/div><\/div><\/div><\/div><div class=\"kc-elm kc-css-54079\" style=\"height: 30px; clear: both; width:100%;\"><\/div><div class=\"kc-elm kc-css-154700 kc_text_block\"><\/p>\n<p>Die landschaftliche Vielfalt, das\u00a0<b>wunderbare Klima<\/b>\u00a0und das umfassende Angebot machen Alicante zu einer beneidenswert\u00a0<b>attraktiven Stadt<\/b>. Verschiedene Angebote von\u00a0<b>Wassersportarten<\/b>: Angeln, Wasserski, Tauchen, Segeln&#8230;<\/p>\n<p>Des Weiteren kann man hier auch Golf spielen oder Erlebnissport treiben: Klettern, Wandern, Radfahren, H\u00e4ngegleiten usw.<\/p>\n<p>\n<\/div><div class=\"kc-elm kc-css-544554\" style=\"height: 30px; clear: both; width:100%;\"><\/div>\n<div class=\"kc-elm kc-css-801091 kc-title-wrap \">\n\n\t<h2 class=\"kc_title\"><u>Jeden Samstag organisiert das Colegio einen Ausflug in eine Stadt oder \u00d6rtlichkeit in der N\u00e4he von Alicante:<\/u><\/h2>\n<\/div>\n<div class=\"kc-elm kc-css-902666\" style=\"height: 20px; clear: both; width:100%;\"><\/div><div id=\" \" class=\"kc-elm kc-css-180504 kc_row kc_row_inner\"><div class=\"kc-elm kc-css-219610 small-12 columns small-12\"><div class=\"kc_wrapper kc-col-inner-container\"><div class=\"kc-elm kc-css-700625 kc-feature-boxes kc-fb-layout-2\">\n\n\t<figure class=\"content-image\"><img decoding=\"async\" src=\"https:\/\/www.colegiointernacionalalicante.com\/wp-content\/uploads\/2017\/05\/actividades-palmeras.jpg\" alt=\"\"><\/figure><div class=\"content-title\">Route der Palmen<\/div><div class=\"content-desc\">Elche (Basilika Santa Mar\u00eda, Huerto del Cura, maurische B\u00e4der und Museum La Festa) und Orihuela (Salvador-Kathedrale, Colegio de Santo Domingo, Kirchen Santa Justina und Santiago).\r\n<\/div>\n<\/div>\n<\/div><\/div><div class=\"kc-elm kc-css-459646 small-12 columns small-12\"><div class=\"kc_wrapper kc-col-inner-container\"><div class=\"kc-elm kc-css-651250 kc-feature-boxes kc-fb-layout-2\">\n\n\t<figure class=\"content-image\"><img decoding=\"async\" src=\"https:\/\/www.colegiointernacionalalicante.com\/wp-content\/uploads\/2017\/05\/actividades-castillos.jpg\" alt=\"\"><\/figure><div class=\"content-title\">Route der Burgen:<\/div><div class=\"content-desc\">Novelda(Magdalena-Heiligtum, Burg La Mola), Sax (Burg) und Villena (Burg La Atalaya, Bergfried, Rabal-Viertel und Kirchen Santa Mar\u00eda und Santiago).\r\n<\/div>\n<\/div>\n<\/div><\/div><div class=\"kc-elm kc-css-625024 small-12 columns small-12\"><div class=\"kc_wrapper kc-col-inner-container\"><div class=\"kc-elm kc-css-409116 kc-feature-boxes kc-fb-layout-2\">\n\n\t<figure class=\"content-image\"><img decoding=\"async\" src=\"https:\/\/www.colegiointernacionalalicante.com\/wp-content\/uploads\/2017\/05\/actividades-costas.jpg\" alt=\"\"><\/figure><div class=\"content-title\">Route der K\u00fcste<\/div><div class=\"content-desc\"><\/br>\r\nCalpe (Pe\u00f1\u00f3n de Ifach), Altea (Altstadt und Kirche) und Benidorm (Aussichtspunkte auf das Mittelmeer, Str\u00e4nde).\r\n<\/div>\n<\/div>\n<\/div><\/div><div class=\"kc-elm kc-css-955639 small-12 columns small-12\"><div class=\"kc_wrapper kc-col-inner-container\"><div class=\"kc-elm kc-css-10980 kc-feature-boxes kc-fb-layout-2\">\n\n\t<figure class=\"content-image\"><img decoding=\"async\" src=\"https:\/\/www.colegiointernacionalalicante.com\/wp-content\/uploads\/2017\/05\/actividades-monta\u00f1a.jpg\" alt=\"\"><\/figure><div class=\"content-title\">Route des Gebirges<\/div><div class=\"content-desc\"><\/br>\r\nGuadalest (Burg), Quellen des Algar und H\u00f6hlen von Canalobre.\r\n<\/div>\n<\/div>\n<\/div><\/div><\/div><div class=\"kc-elm kc-css-620681\" style=\"height: 30px; clear: both; width:100%;\"><\/div><div class=\"kc-elm kc-css-266409 kc_text_block\"><\/p>\n<p>An anderen Schulen, mit denen wir zusammen arbeiten, k\u00f6nnen unsere Kursteilnehmenden ausserdem\u00a0<b>flamenco<\/b>, Fotografie-, Keramik-, Mal- und andere Kurse besuchen. Unsere Schule bietet den Kursteilnehmenden auch die M\u00f6glichkeit eines Sprachaustauschs mit SpanierInnen sowie die Benutzung von WLAN, FAX, Bibliothek, Audiothek&#8230;<\/p>\n<div class=\"izq_cent\">\n<div class=\"cont_ppal\">\n<div class=\"cont1\">\n<div id=\"contenido_textos\">\n<div class=\"cont1_texto\"><span class=\"texto8\">Eine der Aktivit\u00e4ten ist, nat\u00fcrlich auch das aufregende\u00a0<b>Nachtleben<\/b>\u00a0von Alicante kennen zu lernen<\/span><\/div>\n<\/div>\n<\/div>\n<\/div>\n<\/div>\n<div id=\"izq_down\"><\/div>\n<p>\n<\/div><div class=\"kc-elm kc-css-677938\" style=\"height: 30px; clear: both; width:100%;\"><\/div>\n<div class=\"kc-elm kc-css-268197\">\n\t<a class=\"kc_button\" href=\"http:\/\/www.colegiointernacionalalicante.com\/de\/contact\/\" target=\"_blank\" title=\"\" onclick=\"\">\n\t\t<i class=\"fa-envelope-o\"><\/i> KONTAKT\t<\/a>\n<\/div>\n<\/div><\/div><\/div><\/div><\/div>\n","protected":false},"excerpt":{"rendered":"","protected":false},"author":1,"featured_media":0,"parent":0,"menu_order":0,"comment_status":"closed","ping_status":"closed","template":"","meta":{"footnotes":""},"class_list":["post-3559","page","type-page","status-publish","hentry"],"aioseo_notices":[],"_links":{"self":[{"href":"https:\/\/www.colegiointernacionalalicante.com\/de\/wp-json\/wp\/v2\/pages\/3559","targetHints":{"allow":["GET"]}}],"collection":[{"href":"https:\/\/www.colegiointernacionalalicante.com\/de\/wp-json\/wp\/v2\/pages"}],"about":[{"href":"https:\/\/www.colegiointernacionalalicante.com\/de\/wp-json\/wp\/v2\/types\/page"}],"author":[{"embeddable":true,"href":"https:\/\/www.colegiointernacionalalicante.com\/de\/wp-json\/wp\/v2\/users\/1"}],"replies":[{"embeddable":true,"href":"https:\/\/www.colegiointernacionalalicante.com\/de\/wp-json\/wp\/v2\/comments?post=3559"}],"version-history":[{"count":12,"href":"https:\/\/www.colegiointernacionalalicante.com\/de\/wp-json\/wp\/v2\/pages\/3559\/revisions"}],"predecessor-version":[{"id":4255,"href":"https:\/\/www.colegiointernacionalalicante.com\/de\/wp-json\/wp\/v2\/pages\/3559\/revisions\/4255"}],"wp:attachment":[{"href":"https:\/\/www.colegiointernacionalalicante.com\/de\/wp-json\/wp\/v2\/media?parent=3559"}],"curies":[{"name":"wp","href":"https:\/\/api.w.org\/{rel}","templated":true}]}}