{"id":3574,"date":"2017-12-01T11:17:39","date_gmt":"2017-12-01T11:17:39","guid":{"rendered":"http:\/\/www.colegiointernacionalalicante.com\/price-list\/"},"modified":"2025-12-10T10:29:41","modified_gmt":"2025-12-10T10:29:41","slug":"preisliste-2","status":"publish","type":"page","link":"https:\/\/www.colegiointernacionalalicante.com\/de\/preisliste-2\/","title":{"rendered":"Preisliste"},"content":{"rendered":"<div class=\"kc-elm kc-css-644660 kc-row-container module\"><div class=\"wc-row row\"><div class=\"kc-wrap-columns\"><div class=\"kc-elm kc-css-210344 small-12 columns small-12\"><div class=\"kc-col-container\"><div class=\"kc-elm kc-css-73307\" style=\"height: 35px; clear: both; width:100%;\"><\/div><div class=\"kc-elm kc-css-541745 kc_text_block\"><\/p>\n<p>\n<strong>IMPORTANT<\/strong><\/p>\n<ul>\n<li>Beachten Sie, dass eine Einheit 50 <strong>Minuten<\/strong> dauert.<br \/>Das Colegio beh\u00e4lt sich das Recht vor, den Stundenplan zu \u00e4ndern.<\/li>\n<li>Alle Teilnehmenden sind verpflichtet, f\u00fcr die Dauer des Kurses eine in Spanien g\u00fcltige Krankenversicherung abzuschliessen. Dies ist auch beim Colegio m\u00f6glich.<\/li>\n<li>Die Annullierung einer Anmeldung f\u00fcr einen Kurs ist dem Colegio schriftlich sp\u00e4testens 15 Tage vor Kursbeginn mitzuteilen. Der gezahlte Betrag f\u00fcr den Kurs wird komplett zur\u00fcckerstattet. Der gezahlte Betrag f\u00fcr den Kurs und die Unterkunft wird komplett zur\u00fcckerstattet mit Ausnahme von <strong>250 \u20ac<\/strong> Verwaltungskosten.<\/li>\n<li>Nicht alle Freizeitaktivit\u00e4ten und Ausfl\u00fcge sind im Kurspreis inbegriffen.<\/li>\n<li>Anmeldegeb\u00fchr f\u00fcr neue Studenten: 60 \u20ac.<\/li>\n<li>Der Preis beinhaltet:\n<ul>\n<li>Kurs.<\/li>\n<li>Bescheinigung.<\/li>\n<li>Einstufung.<\/li>\n<li>Tutorials von 15 Minuten, maximal 3 pro Woche.<\/li>\n<li>au\u00dferschulische Aktivit\u00e4ten, die von Lehrern des Zentrums geleitet werden (Transport und Tickets nicht inbegriffen).<\/li>\n<\/ul>\n<\/li>\n<\/ul>\n<p>Die Bank\u00fcberweisung erfolgt zu Gunsten von:<\/p>\n<p style=\"text-align: center;\"><strong>COLEGIO INTERNACIONAL ALICANTE<\/strong><br \/>Bank:\u00a0CaixaBank<br \/>Explanada de Espa\u00f1a, 03003 Alicante<\/p>\n<p style=\"text-align: center;\">CUENTA N\u00ba: ES.17 2100 1533 1702 0014 3107<br \/>SWIFT: CAIXESBBXXX<\/p>\n<p>\n<\/div><div class=\"kc-elm kc-css-286313\" style=\"height: 35px; clear: both; width:100%;\"><\/div>\n<div class=\"kc-elm kc-css-761147 kc-title-wrap \">\n\n\t<h2 class=\"kc_title\">Spanisch-Standardkurs\t<\/h2><div style='height: 1px; background: #333;'><\/div>\n<\/div>\n<div class=\"kc-elm kc-css-96268\" style=\"height: 20px; clear: both; width:100%;\"><\/div><div id=\" \" class=\"kc-elm kc-css-77839 kc_row kc_row_inner\"><div class=\"kc-elm kc-css-73966 small-12 columns small-12\"><div class=\"kc_wrapper kc-col-inner-container\"><\/div><\/div><div class=\"kc-elm kc-css-109212 small-12 columns small-12\"><div class=\"kc_wrapper kc-col-inner-container\">\n<div class=\"kc-elm kc-css-28039 kc-pricing-tables kc-pricing-layout-3 kc-price-before-currency\">\n\n\t<div class=\"content-title\">2 Wochen <\/div><ul class=\"content-desc\"><li>15 Wochenstunden\r <\/li><li>&nbsp; <\/li><\/ul><div class=\"kc-pricing-price\"><span class=\"content-price\">240<\/span><span class=\"content-currency\">\u20ac<\/span><\/div><div class=\"content-button\"><a href=\"http:\/\/www.colegiointernacionalalicante.com\/de\/contact\/\">KONTAKT<\/a><\/div>\n<\/div>\n<\/div><\/div><div class=\"kc-elm kc-css-185142 small-12 columns small-12\"><div class=\"kc_wrapper kc-col-inner-container\">\n<div class=\"kc-elm kc-css-302652 kc-pricing-tables kc-pricing-layout-3 kc-price-before-currency\">\n\n\t<div class=\"content-title\">Extra Wochenstunden<\/div><ul class=\"content-desc\"><li>15 Wochenstunden\r <\/li><li>Von Woche 3 bis 13 <\/li><\/ul><div class=\"kc-pricing-price\"><span class=\"content-price\">120<\/span><span class=\"content-currency\">\u20ac<\/span><\/div><div class=\"content-button\"><a href=\"http:\/\/www.colegiointernacionalalicante.com\/de\/contact\/\">KONTAKT<\/a><\/div>\n<\/div>\n<\/div><\/div><div class=\"kc-elm kc-css-112110 small-12 columns small-12\"><div class=\"kc_wrapper kc-col-inner-container\">\n<div class=\"kc-elm kc-css-682103 kc-pricing-tables kc-pricing-layout-3 kc-price-before-currency\">\n\n\t<div class=\"content-title\">+12 Wochen<\/div><ul class=\"content-desc\"><li>15 Wochenstunden\r <\/li><li>Ab Woche 13 <\/li><\/ul><div class=\"kc-pricing-price\"><span class=\"content-price\">110<\/span><span class=\"content-currency\">\u20ac<\/span><\/div><div class=\"content-button\"><a href=\"http:\/\/www.colegiointernacionalalicante.com\/de\/contact\/\">KONTAKT<\/a><\/div>\n<\/div>\n<\/div><\/div><div class=\"kc-elm kc-css-274876 small-12 columns small-12\"><div class=\"kc_wrapper kc-col-inner-container\"><\/div><\/div><\/div><div class=\"kc-elm kc-css-504105\" style=\"height: 35px; clear: both; width:100%;\"><\/div>\n<div class=\"kc-elm kc-css-635740 kc-title-wrap \">\n\n\t<h2 class=\"kc_title\">Spanisch-Intensivkurs<\/h2><div style='height: 1px; background: #333;'><\/div>\n<\/div>\n<div class=\"kc-elm kc-css-439879\" style=\"height: 20px; clear: both; width:100%;\"><\/div><div id=\" \" class=\"kc-elm kc-css-260691 kc_row kc_row_inner\"><div class=\"kc-elm kc-css-866864 small-12 columns small-12\"><div class=\"kc_wrapper kc-col-inner-container\"><\/div><\/div><div class=\"kc-elm kc-css-689357 small-12 columns small-12\"><div class=\"kc_wrapper kc-col-inner-container\">\n<div class=\"kc-elm kc-css-212161 kc-pricing-tables kc-pricing-layout-3 kc-price-before-currency\">\n\n\t<div class=\"content-title\">2 Wochen <\/div><ul class=\"content-desc\"><li>20 Wochenstunden\r <\/li><li>&nbsp; <\/li><\/ul><div class=\"kc-pricing-price\"><span class=\"content-price\">260<\/span><span class=\"content-currency\">\u20ac<\/span><\/div><div class=\"content-button\"><a href=\"http:\/\/www.colegiointernacionalalicante.com\/de\/contact\/\">KONTAKT<\/a><\/div>\n<\/div>\n<\/div><\/div><div class=\"kc-elm kc-css-783802 small-12 columns small-12\"><div class=\"kc_wrapper kc-col-inner-container\">\n<div class=\"kc-elm kc-css-411294 kc-pricing-tables kc-pricing-layout-3 kc-price-before-currency\">\n\n\t<div class=\"content-title\">Woche extra<\/div><ul class=\"content-desc\"><li>20 Wochenstunden\r <\/li><li>Von Woche 3 bis 13 <\/li><\/ul><div class=\"kc-pricing-price\"><span class=\"content-price\">130<\/span><span class=\"content-currency\">\u20ac<\/span><\/div><div class=\"content-button\"><a href=\"http:\/\/www.colegiointernacionalalicante.com\/de\/contact\/\">KONTAKT<\/a><\/div>\n<\/div>\n<\/div><\/div><div class=\"kc-elm kc-css-886213 small-12 columns small-12\"><div class=\"kc_wrapper kc-col-inner-container\">\n<div class=\"kc-elm kc-css-269943 kc-pricing-tables kc-pricing-layout-3 kc-price-before-currency\">\n\n\t<div class=\"content-title\">+12 Wochen<\/div><ul class=\"content-desc\"><li>20 Wochenstunden\r <\/li><li>Ab Woche 13 <\/li><\/ul><div class=\"kc-pricing-price\"><span class=\"content-price\">120<\/span><span class=\"content-currency\">\u20ac<\/span><\/div><div class=\"content-button\"><a href=\"http:\/\/www.colegiointernacionalalicante.com\/de\/contact\/\">KONTAKT<\/a><\/div>\n<\/div>\n<\/div><\/div><div class=\"kc-elm kc-css-942574 small-12 columns small-12\"><div class=\"kc_wrapper kc-col-inner-container\">\n<div class=\"kc-elm kc-css-607262 kc-pricing-tables kc-pricing-layout-3 kc-price-before-currency\">\n\n\t<div class=\"content-title\">+24 Wochen<\/div><ul class=\"content-desc\"><li>20 Wochenstunden\r <\/li><li>Ab Woche 24 <\/li><\/ul><div class=\"kc-pricing-price\"><span class=\"content-price\">115<\/span><span class=\"content-currency\">\u20ac<\/span><\/div><div class=\"content-button\"><a href=\"http:\/\/www.colegiointernacionalalicante.com\/de\/contact\/\">KONTAKT<\/a><\/div>\n<\/div>\n<\/div><\/div><div class=\"kc-elm kc-css-66470 small-12 columns small-12\"><div class=\"kc_wrapper kc-col-inner-container\"><\/div><\/div><\/div><div class=\"kc-elm kc-css-173588\" style=\"height: 35px; clear: both; width:100%;\"><\/div>\n<div class=\"kc-elm kc-css-513235 kc-title-wrap \">\n\n\t<h2 class=\"kc_title\">INTENSIVKURS + 1 EINZELSTUNDE KONVERSATION ODER SPANISCHE KULTUR<\/h2><div style='height: 1px; background: #333;'><\/div>\n<\/div>\n<div class=\"kc-elm kc-css-177297\" style=\"height: 20px; clear: both; width:100%;\"><\/div><div id=\" \" class=\"kc-elm kc-css-75216 kc_row kc_row_inner\"><div class=\"kc-elm kc-css-84171 small-12 columns small-12\"><div class=\"kc_wrapper kc-col-inner-container\"><\/div><\/div><div class=\"kc-elm kc-css-759135 small-12 columns small-12\"><div class=\"kc_wrapper kc-col-inner-container\">\n<div class=\"kc-elm kc-css-190983 kc-pricing-tables kc-pricing-layout-3 kc-price-before-currency\">\n\n\t<div class=\"content-title\">2 wochen<\/div><ul class=\"content-desc\"><li>25 Wochenstunden\r <\/li><li>&nbsp; <\/li><\/ul><div class=\"kc-pricing-price\"><span class=\"content-price\">560<\/span><span class=\"content-currency\">\u20ac<\/span><\/div><div class=\"content-button\"><a href=\"http:\/\/www.colegiointernacionalalicante.com\/de\/contact\/\">KONTAKT<\/a><\/div>\n<\/div>\n<\/div><\/div><div class=\"kc-elm kc-css-695009 small-12 columns small-12\"><div class=\"kc_wrapper kc-col-inner-container\">\n<div class=\"kc-elm kc-css-778376 kc-pricing-tables kc-pricing-layout-3 kc-price-before-currency\">\n\n\t<div class=\"content-title\">Woche extra<\/div><ul class=\"content-desc\"><li>15 Wochenstunden\r <\/li><li>Von Woche 3 bis 13 <\/li><\/ul><div class=\"kc-pricing-price\"><span class=\"content-price\">280<\/span><span class=\"content-currency\">\u20ac<\/span><\/div><div class=\"content-button\"><a href=\"http:\/\/www.colegiointernacionalalicante.com\/de\/contact\/\">KONTAKT<\/a><\/div>\n<\/div>\n<\/div><\/div><div class=\"kc-elm kc-css-274356 small-12 columns small-12\"><div class=\"kc_wrapper kc-col-inner-container\">\n<div class=\"kc-elm kc-css-201347 kc-pricing-tables kc-pricing-layout-3 kc-price-before-currency\">\n\n\t<div class=\"content-title\">+12 wochen<\/div><ul class=\"content-desc\"><li>15 Wochenstunden\r <\/li><li>Ab Woche 13 <\/li><\/ul><div class=\"kc-pricing-price\"><span class=\"content-price\">260<\/span><span class=\"content-currency\">\u20ac<\/span><\/div><div class=\"content-button\"><a href=\"http:\/\/www.colegiointernacionalalicante.com\/de\/contact\/\">KONTAKT<\/a><\/div>\n<\/div>\n<\/div><\/div><div class=\"kc-elm kc-css-834697 small-12 columns small-12\"><div class=\"kc_wrapper kc-col-inner-container\"><\/div><\/div><\/div><div class=\"kc-elm kc-css-336789\" style=\"height: 35px; clear: both; width:100%;\"><\/div>\n<div class=\"kc-elm kc-css-597786 kc-title-wrap \">\n\n\t<h2 class=\"kc_title\">DELE\/SIELE<\/h2><div style='height: 1px; background: #333;'><\/div>\n<\/div>\n<div class=\"kc-elm kc-css-863864\" style=\"height: 20px; clear: both; width:100%;\"><\/div><div id=\" \" class=\"kc-elm kc-css-575135 kc_row kc_row_inner\"><div class=\"kc-elm kc-css-9988 small-12 columns small-12\"><div class=\"kc_wrapper kc-col-inner-container\"><\/div><\/div><div class=\"kc-elm kc-css-458353 small-12 columns small-12\"><div class=\"kc_wrapper kc-col-inner-container\"><\/div><\/div><div class=\"kc-elm kc-css-294357 small-12 columns small-12\"><div class=\"kc_wrapper kc-col-inner-container\">\n<div class=\"kc-elm kc-css-525522 kc-pricing-tables kc-pricing-layout-3 kc-price-before-currency\">\n\n\t<div class=\"content-title\">DELE\/SIELE<\/div><ul class=\"content-desc\"><li>20 Stunden <\/li><\/ul><div class=\"kc-pricing-price\"><span class=\"content-price\">700<\/span><span class=\"content-currency\">\u20ac<\/span><\/div><div class=\"content-button\"><a href=\"http:\/\/www.colegiointernacionalalicante.com\/de\/contact\/\">KONTAKT<\/a><\/div>\n<\/div>\n<\/div><\/div><div class=\"kc-elm kc-css-560635 small-12 columns small-12\"><div class=\"kc_wrapper kc-col-inner-container\"><\/div><\/div><div class=\"kc-elm kc-css-750219 small-12 columns small-12\"><div class=\"kc_wrapper kc-col-inner-container\"><\/div><\/div><\/div><div class=\"kc-elm kc-css-368369\" style=\"height: 35px; clear: both; width:100%;\"><\/div>\n<div class=\"kc-elm kc-css-905977 kc-title-wrap \">\n\n\t<h2 class=\"kc_title\">Einzelunterrich Kurse<\/h2><div style='height: 1px; background: #333;'><\/div>\n<\/div>\n<div class=\"kc-elm kc-css-949456\" style=\"height: 20px; clear: both; width:100%;\"><\/div><div id=\" \" class=\"kc-elm kc-css-958277 kc_row kc_row_inner\"><div class=\"kc-elm kc-css-504227 small-12 columns small-12\"><div class=\"kc_wrapper kc-col-inner-container\"><\/div><\/div><div class=\"kc-elm kc-css-618051 small-12 columns small-12\"><div class=\"kc_wrapper kc-col-inner-container\"><\/div><\/div><div class=\"kc-elm kc-css-744661 small-12 columns small-12\"><div class=\"kc_wrapper kc-col-inner-container\">\n<div class=\"kc-elm kc-css-394476 kc-pricing-tables kc-pricing-layout-3 kc-price-before-currency\">\n\n\t<div class=\"content-title\">+21Std<\/div><ul class=\"content-desc\"><li>+21Std <\/li><\/ul><div class=\"kc-pricing-price\"><span class=\"content-price\">28<\/span><span class=\"content-currency\">\u20ac<\/span><span class=\"content-duration\">\/ hour<\/span><\/div><div class=\"content-button\"><a href=\"http:\/\/www.colegiointernacionalalicante.com\/de\/contact\/\">KONTAKT<\/a><\/div>\n<\/div>\n<\/div><\/div><div class=\"kc-elm kc-css-982071 small-12 columns small-12\"><div class=\"kc_wrapper kc-col-inner-container\">\n<div class=\"kc-elm kc-css-559127 kc-pricing-tables kc-pricing-layout-3 kc-price-before-currency\">\n\n\t<div class=\"content-title\">Unterrichtseinheit<\/div><ul class=\"content-desc\"><li>Unterrichtseinheit <\/li><\/ul><div class=\"kc-pricing-price\"><span class=\"content-price\">30<\/span><span class=\"content-currency\">\u20ac<\/span><\/div><div class=\"content-button\"><a href=\"http:\/\/www.colegiointernacionalalicante.com\/de\/contact\/\">KONTAKT<\/a><\/div>\n<\/div>\n<\/div><\/div><div class=\"kc-elm kc-css-277294 small-12 columns small-12\"><div class=\"kc_wrapper kc-col-inner-container\"><\/div><\/div><div class=\"kc-elm kc-css-140713 small-12 columns small-12\"><div class=\"kc_wrapper kc-col-inner-container\"><\/div><\/div><\/div><div class=\"kc-elm kc-css-153133\" style=\"height: 35px; clear: both; width:100%;\"><\/div>\n<div class=\"kc-elm kc-css-41560 kc-title-wrap \">\n\n\t<h2 class=\"kc_title\">Wirtschaftsspanisch<\/h2><div style='height: 1px; background: #333;'><\/div>\n<\/div>\n<div class=\"kc-elm kc-css-123159\" style=\"height: 20px; clear: both; width:100%;\"><\/div><div id=\" \" class=\"kc-elm kc-css-160615 kc_row kc_row_inner\"><div class=\"kc-elm kc-css-964068 small-12 columns small-12\"><div class=\"kc_wrapper kc-col-inner-container\"><\/div><\/div><div class=\"kc-elm kc-css-847061 small-12 columns small-12\"><div class=\"kc_wrapper kc-col-inner-container\"><\/div><\/div><div class=\"kc-elm kc-css-971484 small-12 columns small-12\"><div class=\"kc_wrapper kc-col-inner-container\">\n<div class=\"kc-elm kc-css-745960 kc-pricing-tables kc-pricing-layout-3 kc-price-before-currency\">\n\n\t<div class=\"content-title\">4 wochen<\/div><ul class=\"content-desc\"><li>3Std\/Woche <\/li><\/ul><div class=\"kc-pricing-price\"><span class=\"content-price\">480<\/span><span class=\"content-currency\">\u20ac<\/span><\/div><div class=\"content-button\"><a href=\"http:\/\/www.colegiointernacionalalicante.com\/de\/contact\/\">KONTAKT<\/a><\/div>\n<\/div>\n<\/div><\/div><div class=\"kc-elm kc-css-755245 small-12 columns small-12\"><div class=\"kc_wrapper kc-col-inner-container\"><\/div><\/div><div class=\"kc-elm kc-css-872028 small-12 columns small-12\"><div class=\"kc_wrapper kc-col-inner-container\"><\/div><\/div><\/div><div class=\"kc-elm kc-css-296312\" style=\"height: 35px; clear: both; width:100%;\"><\/div>\n<div class=\"kc-elm kc-css-965587 kc-title-wrap \">\n\n\t<h2 class=\"kc_title\">50+<\/h2><div style='height: 1px; background: #333;'><\/div>\n<\/div>\n<div class=\"kc-elm kc-css-233311\" style=\"height: 20px; clear: both; width:100%;\"><\/div><div id=\" \" class=\"kc-elm kc-css-106838 kc_row kc_row_inner\"><div class=\"kc-elm kc-css-987211 small-12 columns small-12\"><div class=\"kc_wrapper kc-col-inner-container\"><\/div><\/div><div class=\"kc-elm kc-css-824234 small-12 columns small-12\"><div class=\"kc_wrapper kc-col-inner-container\"><\/div><\/div><div class=\"kc-elm kc-css-752335 small-12 columns small-12\"><div class=\"kc_wrapper kc-col-inner-container\">\n<div class=\"kc-elm kc-css-720518 kc-pricing-tables kc-pricing-layout-3 kc-price-before-currency\">\n\n\t<div class=\"content-title\">15 Wochenstunden<\/div><ul class=\"content-desc\"><li>2 Wochenstunden <\/li><\/ul><div class=\"kc-pricing-price\"><span class=\"content-price\">455<\/span><span class=\"content-currency\">\u20ac<\/span><\/div><div class=\"content-button\"><a href=\"http:\/\/www.colegiointernacionalalicante.com\/de\/contact\/\">KONTAKT<\/a><\/div>\n<\/div>\n<\/div><\/div><div class=\"kc-elm kc-css-206164 small-12 columns small-12\"><div class=\"kc_wrapper kc-col-inner-container\"><\/div><\/div><div class=\"kc-elm kc-css-921855 small-12 columns small-12\"><div class=\"kc_wrapper kc-col-inner-container\"><\/div><\/div><\/div><div class=\"kc-elm kc-css-754529\" style=\"height: 35px; clear: both; width:100%;\"><\/div>\n<div class=\"kc-elm kc-css-594384 kc-title-wrap \">\n\n\t<h2 class=\"kc_title\">Spanisch + Golf<\/h2><div style='height: 1px; background: #333;'><\/div>\n<\/div>\n<div class=\"kc-elm kc-css-576837\" style=\"height: 20px; clear: both; width:100%;\"><\/div><div id=\" \" class=\"kc-elm kc-css-161185 kc_row kc_row_inner\"><div class=\"kc-elm kc-css-11592 small-12 columns small-12\"><div class=\"kc_wrapper kc-col-inner-container\"><\/div><\/div><div class=\"kc-elm kc-css-528785 small-12 columns small-12\"><div class=\"kc_wrapper kc-col-inner-container\"><\/div><\/div><div class=\"kc-elm kc-css-222322 small-12 columns small-12\"><div class=\"kc_wrapper kc-col-inner-container\">\n<div class=\"kc-elm kc-css-173914 kc-pricing-tables kc-pricing-layout-3 kc-price-before-currency\">\n\n\t<div class=\"content-title\">2 wochen<\/div><ul class=\"content-desc\"><li>20+6Std\/Woche <\/li><\/ul><div class=\"kc-pricing-price\"><span class=\"content-price\">710<\/span><span class=\"content-currency\">\u20ac<\/span><\/div><div class=\"content-button\"><a href=\"http:\/\/www.colegiointernacionalalicante.com\/de\/contact\/\">KONTAKT<\/a><\/div>\n<\/div>\n<\/div><\/div><div class=\"kc-elm kc-css-358411 small-12 columns small-12\"><div class=\"kc_wrapper kc-col-inner-container\"><\/div><\/div><div class=\"kc-elm kc-css-60585 small-12 columns small-12\"><div class=\"kc_wrapper kc-col-inner-container\"><\/div><\/div><\/div><div class=\"kc-elm kc-css-846981\" style=\"height: 35px; clear: both; width:100%;\"><\/div>\n<div class=\"kc-elm kc-css-867860 kc-title-wrap \">\n\n\t<h2 class=\"kc_title\">Spanisch + lateinamerikanische T\u00e4nze<\/h2><div style='height: 1px; background: #333;'><\/div>\n<\/div>\n<div class=\"kc-elm kc-css-944770\" style=\"height: 20px; clear: both; width:100%;\"><\/div><div id=\" \" class=\"kc-elm kc-css-3859 kc_row kc_row_inner\"><div class=\"kc-elm kc-css-962914 small-12 columns small-12\"><div class=\"kc_wrapper kc-col-inner-container\"><\/div><\/div><div class=\"kc-elm kc-css-138342 small-12 columns small-12\"><div class=\"kc_wrapper kc-col-inner-container\"><\/div><\/div><div class=\"kc-elm kc-css-294103 small-12 columns small-12\"><div class=\"kc_wrapper kc-col-inner-container\">\n<div class=\"kc-elm kc-css-509534 kc-pricing-tables kc-pricing-layout-3 kc-price-before-currency\">\n\n\t<div class=\"content-title\">2 wochen<\/div><ul class=\"content-desc\"><li>20+5Std\/Woche <\/li><\/ul><div class=\"kc-pricing-price\"><span class=\"content-price\">470<\/span><span class=\"content-currency\">\u20ac<\/span><\/div><div class=\"content-button\"><a href=\"http:\/\/www.colegiointernacionalalicante.com\/de\/contact\/\">KONTAKT<\/a><\/div>\n<\/div>\n<\/div><\/div><div class=\"kc-elm kc-css-288974 small-12 columns small-12\"><div class=\"kc_wrapper kc-col-inner-container\"><\/div><\/div><div class=\"kc-elm kc-css-425162 small-12 columns small-12\"><div class=\"kc_wrapper kc-col-inner-container\"><\/div><\/div><\/div><div class=\"kc-elm kc-css-498294\" style=\"height: 35px; clear: both; width:100%;\"><\/div>\n<div class=\"kc-elm kc-css-899840 kc-title-wrap \">\n\n\t<h2 class=\"kc_title\">Kurse f\u00fcr Gruppen<\/h2><div style='height: 1px; background: #333;'><\/div>\n<\/div>\n<div class=\"kc-elm kc-css-395219\" style=\"height: 20px; clear: both; width:100%;\"><\/div><div id=\" \" class=\"kc-elm kc-css-699792 kc_row kc_row_inner\"><div class=\"kc-elm kc-css-629593 small-12 columns small-12\"><div class=\"kc_wrapper kc-col-inner-container\"><\/div><\/div><div class=\"kc-elm kc-css-795226 small-12 columns small-12\"><div class=\"kc_wrapper kc-col-inner-container\"><\/div><\/div><div class=\"kc-elm kc-css-360302 small-12 columns small-12\"><div class=\"kc_wrapper kc-col-inner-container\">\n<div class=\"kc-elm kc-css-198755 kc-pricing-tables kc-pricing-layout-3 kc-price-before-currency\">\n\n\t<div class=\"content-title\">Kurse f\u00fcr Gruppen<\/div><ul class=\"content-desc\"><li>Preise gem\u00e4ss Anzahl der Einheiten, Kursdauer und gew\u00fcnschten Aktivit\u00e4ten.\r <\/li><li> <\/li><\/ul><div class=\"kc-pricing-price\"><span class=\"content-price\">KONTAKT<\/span><\/div><div class=\"content-button\"><a href=\"http:\/\/www.colegiointernacionalalicante.com\/de\/contact\/\">KONTAKT<\/a><\/div>\n<\/div>\n<\/div><\/div><div class=\"kc-elm kc-css-443590 small-12 columns small-12\"><div class=\"kc_wrapper kc-col-inner-container\"><\/div><\/div><div class=\"kc-elm kc-css-226117 small-12 columns small-12\"><div class=\"kc_wrapper kc-col-inner-container\"><\/div><\/div><\/div><div class=\"kc-elm kc-css-987207\" style=\"height: 35px; clear: both; width:100%;\"><\/div>\n<div class=\"kc-elm kc-css-117527 kc-title-wrap \">\n\n\t<h2 class=\"kc_title\">ANDERE DIENSTLEISTUNGEN<\/h2><div style='height: 1px; background: #333;'><\/div>\n<\/div>\n<div class=\"kc-elm kc-css-902274\" style=\"height: 20px; clear: both; width:100%;\"><\/div><div id=\" \" class=\"kc-elm kc-css-314996 kc_row kc_row_inner\"><div class=\"kc-elm kc-css-451098 small-12 columns small-12\"><div class=\"kc_wrapper kc-col-inner-container\"><\/div><\/div><div class=\"kc-elm kc-css-356235 small-12 columns small-12\"><div class=\"kc_wrapper kc-col-inner-container\"><\/div><\/div><div class=\"kc-elm kc-css-657300 small-12 columns small-12\"><div class=\"kc_wrapper kc-col-inner-container\">\n<div class=\"kc-elm kc-css-611978 kc-pricing-tables kc-pricing-layout-3 kc-price-before-currency\">\n\n\t<div class=\"content-title\">Unterrichtsmaterial<\/div><div class=\"kc-pricing-price\"><span class=\"content-price\">35<\/span><span class=\"content-currency\">\u20ac<\/span><span class=\"content-duration\"> \/ 1 Pack<\/span><\/div>\n<\/div>\n<\/div><\/div><div class=\"kc-elm kc-css-426776 small-12 columns small-12\"><div class=\"kc_wrapper kc-col-inner-container\"><\/div><\/div><div class=\"kc-elm kc-css-224763 small-12 columns small-12\"><div class=\"kc_wrapper kc-col-inner-container\"><\/div><\/div><\/div><\/div><\/div><\/div><\/div><\/div>\n","protected":false},"excerpt":{"rendered":"","protected":false},"author":1,"featured_media":0,"parent":0,"menu_order":0,"comment_status":"closed","ping_status":"closed","template":"","meta":{"footnotes":""},"class_list":["post-3574","page","type-page","status-publish","hentry"],"aioseo_notices":[],"_links":{"self":[{"href":"https:\/\/www.colegiointernacionalalicante.com\/de\/wp-json\/wp\/v2\/pages\/3574","targetHints":{"allow":["GET"]}}],"collection":[{"href":"https:\/\/www.colegiointernacionalalicante.com\/de\/wp-json\/wp\/v2\/pages"}],"about":[{"href":"https:\/\/www.colegiointernacionalalicante.com\/de\/wp-json\/wp\/v2\/types\/page"}],"author":[{"embeddable":true,"href":"https:\/\/www.colegiointernacionalalicante.com\/de\/wp-json\/wp\/v2\/users\/1"}],"replies":[{"embeddable":true,"href":"https:\/\/www.colegiointernacionalalicante.com\/de\/wp-json\/wp\/v2\/comments?post=3574"}],"version-history":[{"count":46,"href":"https:\/\/www.colegiointernacionalalicante.com\/de\/wp-json\/wp\/v2\/pages\/3574\/revisions"}],"predecessor-version":[{"id":5692,"href":"https:\/\/www.colegiointernacionalalicante.com\/de\/wp-json\/wp\/v2\/pages\/3574\/revisions\/5692"}],"wp:attachment":[{"href":"https:\/\/www.colegiointernacionalalicante.com\/de\/wp-json\/wp\/v2\/media?parent=3574"}],"curies":[{"name":"wp","href":"https:\/\/api.w.org\/{rel}","templated":true}]}}