{"id":3576,"date":"2017-12-01T11:05:32","date_gmt":"2017-12-01T11:05:32","guid":{"rendered":"http:\/\/www.colegiointernacionalalicante.com\/visit-alicante\/"},"modified":"2018-04-27T15:19:06","modified_gmt":"2018-04-27T15:19:06","slug":"besuchen-sie-alicante","status":"publish","type":"page","link":"https:\/\/www.colegiointernacionalalicante.com\/de\/besuchen-sie-alicante\/","title":{"rendered":"Besuchen Sie Alicante"},"content":{"rendered":"<div class=\"kc-elm kc-css-500661 kc-row-container module\"><div class=\"wc-row row\"><div class=\"kc-wrap-columns\"><div class=\"kc-elm kc-css-861020 small-12 columns small-12\"><div class=\"kc-col-container\"><div class=\"kc-elm kc-css-279214 kc_text_block\"><\/p>\n<p><img loading=\"lazy\" decoding=\"async\" class=\"alignright size-medium\" src=\"http:\/\/www.colegiointernacionalalicante.com\/wp-content\/uploads\/2017\/06\/HOGUERA-2-1.jpg\" alt=\"\" width=\"467\" height=\"350\" \/><\/p>\n<p>Alicante blickt auf eine \u00fcber 2000-j\u00e4hrige Geschichte zur\u00fcck. Seine Urspr\u00fcnge liegen im 4. Jahrhundert v. Chr. zu Zeiten der Iberer. Stets war es ein von den verschiedenen Mittelmeerv\u00f6lkern umworbener Ort. Akra-Leuka (Griechen), Lucentum (R\u00f6mer) und Aliqant (Araber) hiess die Stadt u.a. im Laufe der Geschichte. 1246 eroberte Alfons X., auch Alfons der Weise genannt, die Stadt f\u00fcr die kastilische Krone, und 1296 verleibte Jakob II sie dem K\u00f6nigreich Aragonien ein.<\/p>\n<p>1490 verlieh Ferdinand der Katholische Alicante den Titel einer &#8222;Stadt&#8220;&#8230;<\/p>\n<p>Alicante weist auch heute noch Spuren aller historischen Epochen auf. Im 19. Jahrhundert wurde Alicante, dank der Eisenbahnverbindung mit dem Zentrum Spaniens, eine wichtige Handelsstadt, was ihm eine kosmopolitische Atmosph\u00e4re verlieh, die es dank seines internationalen Flughafens bis heute bewahrt hat.<\/p>\n<p>Seiner aussergew\u00f6hnlichen Lage zwischen Gebirge und Meer verdankt Alicante eine einzigartige Sch\u00f6nheit und ein\u00a0<b>mildes Klima<\/b>.<\/p>\n<p>\n<\/div><div class=\"kc-elm kc-css-642311\" style=\"height: 20px; clear: both; width:100%;\"><\/div><div class=\"kc-elm kc-css-588105 kc_text_block\"><\/p>\n<p>Wie der Dichter Juan Gil-Albert sagt: &#8222;Alicante blickt ununterbrochen auf das Mittelmeer&#8220;.<br \/>\nSeine majest\u00e4tischen Palmen, sein kristallklares blaues Meer, seine weisssandigen Str\u00e4nde, seine Burgen, seine Kirchen, seine Parks und G\u00e4rten, sein moderner Hafen, seine Einkaufsviertel, seine herzlichen EinwohnerInnen und seine 2730 Sonnenstunden im Jahr mit einer mittleren Jahrestemperatur von 18 Grad Celsius machen Alicante zu einem Ort des ewigen Fr\u00fchlings.<\/p>\n<p>Zu den grossen Touristenattraktionen Alicantes geh\u00f6ren seine ber\u00fchmten Str\u00e4nde, die internationalen Ruf geniessen und aufgrund ihrer Qualit\u00e4t und Sauberkeit von der Europ\u00e4ischen Union jedes Jahr mit der Blaue Flagge ausgezeichnet werden.<\/p>\n<p>Zu jeder Jahreszeit bieten Ihnen Feste Anlass, sich in Alicante zu verlieben.<br \/>\nDer Festkalender enth\u00e4lt ein vielf\u00e4ltiges Angebot vom 1. Januar bis zum 31. Dezember. Doch das wichtigste Fest wird vom 20. bis zum 24. Juni gefeiert, wenn Alicante eine Explosion von Farbe, Musik, Freude und Feuerwerk ist. Es sind die &#8222;<b>Hogueras de San Juan<\/b>&#8222;(Johannisfeuer), die von internationalem touristischem Interesse sind.<\/p>\n<blockquote>\n<p>Die &#8222;fiesta&#8220; ist fester Bestandteil der Lebensart an diesem paradiesischen Ort am Mittelmeer.<\/p>\n<\/blockquote>\n<p>Nicht nur Alicante, sondern die gesamte Costa Blanca bietet ein grosses Angebot von M\u00f6glichkeiten.<br \/>\nEntdecken Sie Benidorm und sein ausschweifendes Nachtleben, geniessen Sie die tollen Str\u00e4nde von Denia bis Pilar de la Horadada. Besuchen Sie Orihuela y Elche mit ihren aussergew\u00f6hnlichen Monumenten der Gotik, der Renaissance und des Barocks. Machen Sie im einzigartigen europ\u00e4ischen Palmenw\u00e4ldchen en Elche oder im Nationalpark von Font Roja in Alcoy oder durch Pe\u00f1\u00f3n de Ifach in Calpe einen Spaziergang. Machen Sie Trekking in der Sierra von Bernia.<br \/>\nEntdecken Sie die mittelalterlichen Castillos , den leckeren Wein unserer Region, h\u00f6ren Sie sich die nostalgischen Geschichten &#8222;habaneras&#8220;&#8230;<\/p>\n<p>\n<\/div><\/div><\/div><\/div><\/div><\/div>\n","protected":false},"excerpt":{"rendered":"","protected":false},"author":1,"featured_media":0,"parent":0,"menu_order":0,"comment_status":"closed","ping_status":"closed","template":"","meta":{"footnotes":""},"class_list":["post-3576","page","type-page","status-publish","hentry"],"aioseo_notices":[],"_links":{"self":[{"href":"https:\/\/www.colegiointernacionalalicante.com\/de\/wp-json\/wp\/v2\/pages\/3576","targetHints":{"allow":["GET"]}}],"collection":[{"href":"https:\/\/www.colegiointernacionalalicante.com\/de\/wp-json\/wp\/v2\/pages"}],"about":[{"href":"https:\/\/www.colegiointernacionalalicante.com\/de\/wp-json\/wp\/v2\/types\/page"}],"author":[{"embeddable":true,"href":"https:\/\/www.colegiointernacionalalicante.com\/de\/wp-json\/wp\/v2\/users\/1"}],"replies":[{"embeddable":true,"href":"https:\/\/www.colegiointernacionalalicante.com\/de\/wp-json\/wp\/v2\/comments?post=3576"}],"version-history":[{"count":3,"href":"https:\/\/www.colegiointernacionalalicante.com\/de\/wp-json\/wp\/v2\/pages\/3576\/revisions"}],"predecessor-version":[{"id":3710,"href":"https:\/\/www.colegiointernacionalalicante.com\/de\/wp-json\/wp\/v2\/pages\/3576\/revisions\/3710"}],"wp:attachment":[{"href":"https:\/\/www.colegiointernacionalalicante.com\/de\/wp-json\/wp\/v2\/media?parent=3576"}],"curies":[{"name":"wp","href":"https:\/\/api.w.org\/{rel}","templated":true}]}}