{"id":3669,"date":"2017-12-01T11:15:10","date_gmt":"2017-12-01T11:15:10","guid":{"rendered":"http:\/\/www.colegiointernacionalalicante.com\/cookies-policy\/"},"modified":"2021-04-23T13:02:26","modified_gmt":"2021-04-23T13:02:26","slug":"cookies-policy","status":"publish","type":"page","link":"https:\/\/www.colegiointernacionalalicante.com\/de\/cookies-policy\/","title":{"rendered":"Cookies Policy"},"content":{"rendered":"<div class=\"kc-elm kc-css-567233 kc-row-container module\"><div class=\"wc-row row\"><div class=\"kc-wrap-columns\"><div class=\"kc-elm kc-css-367245 small-12 columns small-12\"><div class=\"kc-col-container\"><div class=\"kc-elm kc_text_block\"><\/p>\n<style type=\"text\/css\">body.kc-css-system .kc-css-412923{margin-top: -50px;}<\/style>\n<div class=\"kc-elm kc-css-412923 kc-row-container module\">\n<div class=\"wc-row row\">\n<div class=\"kc-wrap-columns\">\n<div class=\"kc-elm kc-css-1847734 small-12 columns small-12\">\n<div class=\"kc-col-container\">\n<div class=\"kc-elm kc-css-2704532 kc_text_block\">\n<p><strong>INFORMACI\u00d3N GENERAL SOBRE COOKIES:<\/strong><\/p>\n<p>Una cookie es un peque\u00f1o archivo de texto que se almacena en su navegador web cuando visitas una p\u00e1gina web. Se utiliza principalmente para recordar tu visita y\/o tu configuraci\u00f3n para cuando vuelvas a navegar por esa misma p\u00e1gina.<\/p>\n<p>El tipo de informaci\u00f3n que se almacena es muy diverso: preferencias personales, informaci\u00f3n t\u00e9cnica, estad\u00edsticas de uso y configuraci\u00f3n, etc\u2026 Por ello el uso de cookies incide notablemente en la experiencia del usuario haci\u00e9ndola m\u00e1s \u00e1gil y c\u00f3moda, no obstante siempre puedes realizar ajustes en tu navegador para no permitir su instalaci\u00f3n en tu equipo.<\/p>\n<p><strong>UTILIZACI\u00d3N DE COOKIES:<\/strong><\/p>\n<p>La presente p\u00e1gina web www.colegiointernacionalalicante.com es propiedad de Colegio Internacional Alicante En ella utilizamos cookies propias y de terceros para mejorar tu experiencia de navegaci\u00f3n, as\u00ed como para realizar tareas de an\u00e1lisis.<\/p>\n<p>El hecho de registrarte en nuestra p\u00e1gina web o simplemente navegar por ella implica la aceptaci\u00f3n sin reservas de nuestra pol\u00edtica de cookies, lo que implica su instalaci\u00f3n en tu computadora.<\/p>\n<p><strong>NUESTRA POL\u00cdTICA DE COOKIES:<\/strong><\/p>\n<p>Puesto que peri\u00f3dicamente vamos ajustando nuestra pol\u00edtica de cookies, te proponemos acceder regularmente a este enlace donde encontrar\u00e1s las actualizaciones que vayamos incorporando.<\/p>\n<p>Nuestra pol\u00edtica de cookies comprende tanto el dominio www.colegiointernacionalalicante.com, como otros dominios titularidad de Colegio Internacional Alicante, donde se ofrecen servicios similares o complementarios a los de esta p\u00e1gina web.<\/p>\n<p><strong>ACEPTACI\u00d3N O RECHAZO DE COOKIES:<\/strong><\/p>\n<p>En todo momento, como usuario, tendr\u00e1s la posibilidad de aceptar o rechazar la instalaci\u00f3n de cookies en el navegador de tu equipo, bien de forma permanente o \u00fanicamente tras haber navegado por una determinada p\u00e1gina.<\/p>\n<p>Adem\u00e1s, podr\u00e1s utilizar tu navegador web en modo \u201cnavegaci\u00f3n privada\u201d lo que har\u00e1 que deje de almacenar datos, contrase\u00f1as, historiales y h\u00e1bitos de navegaci\u00f3n, para lo cual te sugerimos que visites los siguientes v\u00ednculos:<\/p>\n<p>Internet Explorer: <a href=\"http:\/\/windows.microsoft.com\/es-ES\/windows-vista\/Block-or-allow-cookies\">http:\/\/windows.microsoft.com\/es-ES\/windows-vista\/Block-or-allow-cookies<\/a><br \/>\nGoogle Chrome: <a href=\"https:\/\/support.google.com\/chrome\/answer\/95647?hl=es\">https:\/\/support.google.com\/chrome\/answer\/95647?hl=es<\/a><br \/>\nFirefox: <a href=\"http:\/\/support.mozilla.org\/es\/kb\/habilitar-y-deshabilitar-cookies-que-los-sitios-we\">http:\/\/support.mozilla.org\/es\/kb\/habilitar-y-deshabilitar-cookies-que-los-sitios-we<\/a><br \/>\nSafari: <a href=\"http:\/\/support.apple.com\/kb\/HT1677?viewlocale=es_ES\">http:\/\/support.apple.com\/kb\/HT1677?viewlocale=es_ES<\/a><\/p>\n<p>Antes de realizar los ajustes que consideres oportunos debes de tener en cuenta que dicha configuraci\u00f3n puede afectar a las diferentes funcionalidades de esta p\u00e1gina web.<\/p>\n<p><strong>RELACI\u00d3N Y ASPECTOS T\u00c9CNICOS DE LAS COOKIES:<\/strong><\/p>\n<p>Siguiendo las directrices marcadas por la Agencia Espa\u00f1ola de Protecci\u00f3n de Datos, a continuaci\u00f3n procedemos a detallar el uso de cookies que hace esta web con la finalidad de informarle con la m\u00e1ximo detalle posible.<\/p>\n<p>\u2013 Cookies propias:<\/p>\n<p>Cookies de sesi\u00f3n, para obtener una mejor experiencia de navegaci\u00f3n, combatir el SPAM e intentar garantizar que los usuarios sean humanos y no c\u00f3digo automatizado.<\/p>\n<p>\u2013 Cookies de terceros:<\/p>\n<p>Google Analytics: Herramienta de Google que permite elaborar estad\u00edsticas sobre el tr\u00e1fico, volumen de visitas, idioma, frecuencia de las visitas, tipo de terminal desde el que te conectas, direcci\u00f3n IP y otros datos estad\u00edsticos. Utilizando esta p\u00e1gina web est\u00e1s autorizando a Google el tratamiento de la informaci\u00f3n recabada por esta compa\u00f1\u00eda, por lo tanto, ante cualquier incidencia o consulta debes dirigirte directamente a Google.<\/p>\n<p>No obstante, esta herramienta NO tiene acceso a tus datos personales, como tu nombre o apellidos, ni tampoco sobre la direcci\u00f3n f\u00edsica desde donde te conectas.<\/p>\n<p>Redes sociales: cada una de las redes sociales presentes en esta p\u00e1gina web, tales como Facebook, Twitter, Google+, YouTube, etc\u2026 utilizan sus propias cookies con el fin de permitir compartir contenido, indicar \u201cMe gusta\u201d en una determinada publicaci\u00f3n o posibilitar otras acciones consideradas \u00fatiles para los usuarios.<\/p>\n<p><strong>RESPONSABILIDADES:<\/strong><\/p>\n<p>Ni esta p\u00e1gina web, ni sus representantes legales se hacen responsables de la veracidad de la informaci\u00f3n aportada por terceros en cuanto a sus pol\u00edticas de privacidad y\/ cookies.<\/p>\n<p>Ante cualquier consulta o aclaraci\u00f3n acerca de nuestra pol\u00edtica de cookies, por favor, p\u00f3ngase en contacto con nosotros a trav\u00e9s de nuestro formulario de contacto o bien v\u00eda tel\u00e9fono o el email presente en dicha secci\u00f3n, estaremos encantados de aclararle cualquier duda al respecto.<\/p>\n<\/div>\n<\/div>\n<\/div>\n<\/div>\n<\/div>\n<\/div>\n<p>\n<\/div><\/div><\/div><\/div><\/div><\/div>\n","protected":false},"excerpt":{"rendered":"","protected":false},"author":1,"featured_media":0,"parent":0,"menu_order":0,"comment_status":"closed","ping_status":"closed","template":"","meta":{"footnotes":""},"class_list":["post-3669","page","type-page","status-publish","hentry"],"aioseo_notices":[],"_links":{"self":[{"href":"https:\/\/www.colegiointernacionalalicante.com\/de\/wp-json\/wp\/v2\/pages\/3669","targetHints":{"allow":["GET"]}}],"collection":[{"href":"https:\/\/www.colegiointernacionalalicante.com\/de\/wp-json\/wp\/v2\/pages"}],"about":[{"href":"https:\/\/www.colegiointernacionalalicante.com\/de\/wp-json\/wp\/v2\/types\/page"}],"author":[{"embeddable":true,"href":"https:\/\/www.colegiointernacionalalicante.com\/de\/wp-json\/wp\/v2\/users\/1"}],"replies":[{"embeddable":true,"href":"https:\/\/www.colegiointernacionalalicante.com\/de\/wp-json\/wp\/v2\/comments?post=3669"}],"version-history":[{"count":2,"href":"https:\/\/www.colegiointernacionalalicante.com\/de\/wp-json\/wp\/v2\/pages\/3669\/revisions"}],"predecessor-version":[{"id":4675,"href":"https:\/\/www.colegiointernacionalalicante.com\/de\/wp-json\/wp\/v2\/pages\/3669\/revisions\/4675"}],"wp:attachment":[{"href":"https:\/\/www.colegiointernacionalalicante.com\/de\/wp-json\/wp\/v2\/media?parent=3669"}],"curies":[{"name":"wp","href":"https:\/\/api.w.org\/{rel}","templated":true}]}}