{"id":1006,"date":"2017-05-15T16:06:23","date_gmt":"2017-05-15T16:06:23","guid":{"rendered":"http:\/\/www.colegiointernacionalalicante.com\/?page_id=1006"},"modified":"2025-12-17T15:54:03","modified_gmt":"2025-12-17T15:54:03","slug":"cursos-2","status":"publish","type":"page","link":"https:\/\/www.colegiointernacionalalicante.com\/es\/cursos-2\/","title":{"rendered":"Cursos"},"content":{"rendered":"<div class=\"kc-elm kc-css-359563 kc-row-container module\"><div class=\"wc-row row\"><div class=\"kc-wrap-columns\"><div class=\"kc-elm kc-css-828482 small-12 columns small-12\"><div class=\"kc-col-container\">\n<div class=\"kc-elm kc-css-103852 kc-title-wrap \">\n\n\t<h2 class=\"kc_title\">FECHAS DE COMIENZO DE CURSO PARA EL 2026<\/h2>\n<\/div>\n<div class=\"kc-elm kc-css-938944 kc_text_block\"><\/p>\n<ul>\n<li>Para estudiantes A0 o A1.1.: 12\/01; 02\/03; 04\/05; 06\/07; 03\/08; 07\/09; 02\/11.<\/li>\n<\/ul>\n<p>Los estudiantes del resto de niveles pueden incorporarse a los cursos en proceso cualquier lunes de mes, excepto si el lunes es festivo.<\/p>\n<ul>\n<li><strong>DELE<\/strong>: 12\/01; 02\/03; 07\/04; 07\/09; 05\/10.<\/li>\n<li><strong>Curso para mayores de 50<\/strong>: 02\/03; 02\/11.<\/li>\n<li><strong>Espa\u00f1ol &#038; golf<\/strong>: 06\/07.<\/li>\n<li><strong>Espa\u00f1ol &#038; bailes latinos<\/strong>: 01\/06; 06\/07; 03\/08; 07\/09.<\/li>\n<li><strong>Los d\u00edas festivos no son recuperables ni implicar\u00e1n una compensaci\u00f3n econ\u00f3mica<\/strong>: 19\/03, 3\/04, 06\/04, 01\/05, 24\/06, 09\/10, 12\/10; 08\/12.<\/li>\n<\/ul>\n<p>\n<\/div>\n<div class=\"kc-elm kc-css-725081 kc-title-wrap \">\n\n\t<h2 class=\"kc_title\">LOS MEJORES RESULTADOS EN EL MENOR TIEMPO<\/h2>\n<\/div>\n<div data-open-on-mouseover=\"\" data-tab-active=\"1\" data-effect-option=\"\" class=\"kc-elm kc-css-65822 kc_tabs group\">\n\t<div class=\"kc_wrapper ui-tabs kc_clearfix\">\n\t\t<ul class=\"kc_tabs_nav ui-tabs-nav kc_clearfix\">\n\t\t\t<li><a href=\"#\" data-prevent=\"scroll\"><i class=\"fa-clock-o\"><\/i> CURSOS GENERALES DE ESPA\u00d1OL<\/a><\/li><li><a href=\"#\" data-prevent=\"scroll\"><i class=\"fa-magic\"><\/i> PROGRAMAS PERSONALIZADOS<\/a><\/li><li><a href=\"#\" data-prevent=\"scroll\"><i class=\"fa-graduation-cap\"><\/i> PROGRAMAS CON CERTIFICACI\u00d3N INTERNACIONAL<\/a><\/li>\t\t<\/ul>\n\t\t<div id=\"cursos-generales-de-espanol\" class=\"kc-elm kc-css-240658 kc_tab ui-tabs-panel kc_ui-tabs-hide kc_clearfix \"><div class=\"kc_tab_content\"><div class=\"kc-elm kc-css-203733 kc_text_block\"><\/p>\n<p>\n<strong>Los mejores resultados en menos tiempo.<\/strong><br \/>Estos cursos te permitir\u00e1n un aprendizaje del espa\u00f1ol en todas sus destrezas: gram\u00e1tica, vocabulario, pronunciaci\u00f3n, comprensi\u00f3n y expresi\u00f3n oral y escrita.<br \/>Nuestro m\u00e9todo est\u00e1 avalado por prestigiosas instituciones educativas como de m\u00e1xima calidad. Caracterizado por su flexibilidad para la adaptaci\u00f3n al estudiante y al grupo, es una metodolog\u00eda b\u00e1sicamente activa y comunicativa donde el estudiante habla\u00a0<strong>desde el primer d\u00eda de clase<\/strong>.<\/p>\n<p>\n<\/div><div class=\"kc-elm kc-css-415065\" style=\"height: 20px; clear: both; width:100%;\"><\/div><div class=\"kc-elm kc-css-928148 kc_text_block\"><\/p>\n<p>\n<strong>Nuestras garant\u00edas<\/strong><\/p>\n<ul>\n<li>\u201cCentro Acreditado\u201d por Instituto Cervantes<\/li>\n<li>M\u00e1s del 90% de aprobados en los ex\u00e1menes DELE<\/li>\n<li>Referencias de estudiantes satisfechos<\/li>\n<li>4 niveles abiertos incluso con 1 \u00fanico estudiante<\/li>\n<li>Sesiones de 50 minutos<\/li>\n<\/ul>\n<p>\n<\/div><div class=\"kc-elm kc-css-42064\" style=\"height: 20px; clear: both; width:100%;\"><\/div><div class=\"kc-elm kc-css-48184 kc_accordion_wrapper\">\n<div class=\"kc-elm kc-css-827203 kc_accordion_section group \"><h3 class=\"kc_accordion_header ui-accordion-header\"><span class=\"ui-accordion-header-icon ui-icon\"><\/span><a href=\"#curso-estandar\" data-prevent=\"scroll\"><i class=\"\"><\/i> CURSO EST\u00c1NDAR<\/a><\/h3><div class=\"kc_accordion_content ui-accordion-content kc_clearfix\"><div class=\"kc-panel-body\"><div class=\"kc-elm kc-css-773135 kc_text_block\"><\/p>\n<ul>\n<li>15 horas a la semana en sesiones de 50 minutos.<\/li>\n<li>M\u00ednimo de 2 semanas<\/li>\n<li>Todo el a\u00f1o.<\/li>\n<li>Estructurado en 6 niveles siguiendo el Marco de Referencia Europeo para las Lenguas.<\/li>\n<li>El objetivo de este curso es practicar los contenidos gramaticales de cada nivel. Tambi\u00e9n se mejora la destreza de expresi\u00f3n escrita y la comprensi\u00f3n y expresi\u00f3n oral.<\/li>\n<\/ul>\n<p>\n<\/div><\/div><\/div><\/div><div class=\"kc-elm kc-css-270050 kc_accordion_section group \"><h3 class=\"kc_accordion_header ui-accordion-header\"><span class=\"ui-accordion-header-icon ui-icon\"><\/span><a href=\"#curso-intensivo\" data-prevent=\"scroll\"><i class=\"\"><\/i> CURSO INTENSIVO<\/a><\/h3><div class=\"kc_accordion_content ui-accordion-content kc_clearfix\"><div class=\"kc-panel-body\"><div class=\"kc-elm kc-css-913016 kc_text_block\"><\/p>\n<ul>\n<li>20 horas a la semana en sesiones de 50 minutos.<\/li>\n<li>M\u00ednimo 2 semanas.<\/li>\n<li>Todo el a\u00f1o.<\/li>\n<li>Estructurado en 6 niveles siguiendo el Marco de Referencia Europeo para las Lenguas.<\/li>\n<li>El objetivo de este curso es adem\u00e1s de practicar los contenidos gramaticales de cada nivel, ejercitar y desarrollar competencias y estrategias para comunicarse de forma oral. Para ello, se consolidar\u00e1n los conocimientos del nivel en una atm\u00f3sfera relajada y distendida.<\/li>\n<\/ul>\n<p>\n<\/div><\/div><\/div><\/div><div class=\"kc-elm kc-css-903152 kc_accordion_section group \"><h3 class=\"kc_accordion_header ui-accordion-header\"><span class=\"ui-accordion-header-icon ui-icon\"><\/span><a href=\"#curso-intensivo-1h-individual-de-conversacion-o-cultura-espanola\" data-prevent=\"scroll\"><i class=\"\"><\/i> CURSO INTENSIVO + 1H INDIVIDUAL DE CONVERSACI\u00d3N O CULTURA ESPA\u00d1OLA<\/a><\/h3><div class=\"kc_accordion_content ui-accordion-content kc_clearfix\"><div class=\"kc-panel-body\"><div class=\"kc-elm kc-css-273777 kc_text_block\"><\/p>\n<ul>\n<li>25 horas a la semana en sesiones de 50 minutos.<\/li>\n<li>M\u00ednimo 2 semanas.<\/li>\n<li>Todo el a\u00f1o.<\/li>\n<li>Estructurado en 6 niveles siguiendo el Marco de Referencia Europeo para las Lenguas.<\/li>\n<li>Este tipo de curso est\u00e1 compuesto por un CURSO INTENSIVO (de 20h semanales) al que se complementa con una hora diaria extra de CONVERSACI\u00d3N, una profundizaci\u00f3n del l\u00e9xico y de las situaciones orales de los diferentes niveles. Tambi\u00e9n perfeccionamos la comprensi\u00f3n auditiva. O de CIVILIZACI\u00d3N lo que permite al estudiante acceder a la cultura y sociedad de los pa\u00edses hispanohablantes, ya que aprender una lengua es tambi\u00e9n conocer su cultura.<\/li>\n<\/ul>\n<p>\n<\/div><\/div><\/div><\/div><\/div>\n<\/div><\/div><div id=\"programas-personalizados\" class=\"kc-elm kc-css-693669 kc_tab ui-tabs-panel kc_ui-tabs-hide kc_clearfix \"><div class=\"kc_tab_content\"><div class=\"kc-elm kc-css-483374 kc_text_block\"><\/p>\n<p>\nCompleta tu formaci\u00f3n de espa\u00f1ol con aquello que te gusta o necesitas.<\/p>\n<p>Estos cursos te permitir\u00e1n adem\u00e1s de un aprendizaje del espa\u00f1ol en todas sus destrezas: gram\u00e1tica, vocabulario, pronunciaci\u00f3n, comprensi\u00f3n y expresi\u00f3n oral y escrita, adaptarlos a tus necesidades o combinarlos con tus aficiones favoritas.<\/p>\n<p>Nuestro m\u00e9todo est\u00e1 avalado por prestigiosas instituciones educativas como de m\u00e1xima calidad. Caracterizado por su flexibilidad para la adaptaci\u00f3n al estudiante y al grupo, es una metodolog\u00eda b\u00e1sicamente activa y comunicativa donde el estudiante habla\u00a0desde el primer d\u00eda de clase.<\/p>\n<p><strong>Nuestras garant\u00edas:<\/strong><\/p>\n<ul>\n<li>\u201cCentro Acreditado\u201d por Instituto Cervantes<\/li>\n<li>M\u00e1s del 90% de aprobados en los ex\u00e1menes DELE<\/li>\n<li>Referencias de estudiantes satisfechos<\/li>\n<li>4 niveles abiertos incluso con 1 \u00fanico estudiante<\/li>\n<li>Sesiones de 50 minutos<\/li>\n<\/ul>\n<p>\n<\/div><div class=\"kc-elm kc-css-286026\" style=\"height: 20px; clear: both; width:100%;\"><\/div><div class=\"kc-elm kc-css-466308 kc_accordion_wrapper\">\n<div class=\"kc-elm kc-css-218886 kc_accordion_section group \"><h3 class=\"kc_accordion_header ui-accordion-header\"><span class=\"ui-accordion-header-icon ui-icon\"><\/span><a href=\"#curso-individual\" data-prevent=\"scroll\"><i class=\"\"><\/i> CURSO INDIVIDUAL<\/a><\/h3><div class=\"kc_accordion_content ui-accordion-content kc_clearfix\"><div class=\"kc-panel-body\"><div class=\"kc-elm kc-css-545366 kc_text_block\"><\/p>\n<ul>\n<li>De 1 a 30h semanales de clases particulares.<\/li>\n<li>Sesiones de 50 minutos.<\/li>\n<li>Todo el a\u00f1o.<\/li>\n<li>Estructurado en 6 niveles siguiendo el Marco de Referencia Europeo para las Lenguas.<\/li>\n<li>Se trata de un curso adaptado a las necesidades profesionales o personales espec\u00edficas de cada estudiante sea cual sea su nivel o intereses. Los cursos pueden empezar en cualquier momento del a\u00f1o con horarios flexibles.<\/li>\n<\/ul>\n<p>\n<\/div><\/div><\/div><\/div><div class=\"kc-elm kc-css-934700 kc_accordion_section group \"><h3 class=\"kc_accordion_header ui-accordion-header\"><span class=\"ui-accordion-header-icon ui-icon\"><\/span><a href=\"#curso-combinado\" data-prevent=\"scroll\"><i class=\"\"><\/i> CURSO COMBINADO<\/a><\/h3><div class=\"kc_accordion_content ui-accordion-content kc_clearfix\"><div class=\"kc-panel-body\"><div class=\"kc-elm kc-css-975745 kc_text_block\"><\/p>\n<ul>\n<li>20 o 25 o 30h semanales.<\/li>\n<li>Sesiones de 50 minutos.<\/li>\n<li>2 semanas m\u00ednimo.<\/li>\n<li>Todo el a\u00f1o.<\/li>\n<li>Estructurado en 6 niveles siguiendo el Marco de Referencia Europeo para las Lenguas.<\/li>\n<li>El estudiante puede combinar cualquier CURSO GENERAL DE ESPA\u00d1OL y a\u00f1adir 1 o 2 horas diarias de CLASES INDIVIDUALES que respondan a sus necesidades espec\u00edficas.<\/li>\n<li><\/li>\n<\/ul>\n<p>\n<\/div><\/div><\/div><\/div><div class=\"kc-elm kc-css-226705 kc_accordion_section group \"><h3 class=\"kc_accordion_header ui-accordion-header\"><span class=\"ui-accordion-header-icon ui-icon\"><\/span><a href=\"#espanol-de-los-negocios\" data-prevent=\"scroll\"><i class=\"\"><\/i> ESPA\u00d1OL DE LOS NEGOCIOS<\/a><\/h3><div class=\"kc_accordion_content ui-accordion-content kc_clearfix\"><div class=\"kc-panel-body\"><div class=\"kc-elm kc-css-256016 kc_text_block\"><\/p>\n<ul>\n<li>3h semanales en sesiones de 50 minutos.<\/li>\n<li>4 semanas<\/li>\n<li>Todo el a\u00f1o.<\/li>\n<li>Estructurado para los niveles B y C del Marco de Referencia Europeo para las Lenguas.<\/li>\n<li>Se trata de una INTRODUCCI\u00d3N AL ESPA\u00d1OL COMERCIAL Y DE LOS NEGOCIOS. Curso dirigido a personas que mantengan relaciones comerciales con empresas espa\u00f1olas y latinoamericanas.<\/li>\n<li>Es perfecto para combinarlo con un CURSO INTENSIVO DE ESPA\u00d1OL.<\/li>\n<\/ul>\n<p>\n<\/div><\/div><\/div><\/div><div class=\"kc-elm kc-css-592236 kc_accordion_section group \"><h3 class=\"kc_accordion_header ui-accordion-header\"><span class=\"ui-accordion-header-icon ui-icon\"><\/span><a href=\"#espanol-para-mayores-de-50\" data-prevent=\"scroll\"><i class=\"\"><\/i> ESPA\u00d1OL PARA MAYORES DE 50<\/a><\/h3><div class=\"kc_accordion_content ui-accordion-content kc_clearfix\"><div class=\"kc-panel-body\"><div class=\"kc-elm kc-css-593977 kc_text_block\"><\/p>\n<ul>\n<li>15 horas a la semana en sesiones de 50 minutos.<\/li>\n<li>2 semanas<\/li>\n<li>Comprobar las fechas de comienzo en el calendario de cursos.<\/li>\n<li>Estructurado para los niveles A2 y B1 del Marco de Referencia Europeo para las Lenguas.<\/li>\n<li>Este curso est\u00e1 dise\u00f1ado para mayores que deseen aprender espa\u00f1ol de una forma m\u00e1s relajada. 3 estudiantes m\u00ednimo. Las clases consistir\u00e1n en un curso de espa\u00f1ol conversacional para la vida diaria:\n<ul>\n<li>preguntar direcciones.<\/li>\n<li>hablar de uno mismo.<\/li>\n<li>pedir en un bar o restaurante.<\/li>\n<li>alquilar un coche.<\/li>\n<li>reservar un hotel.<\/li>\n<li>ir de compras, etc.<\/li>\n<\/ul>\n<\/li>\n<li>Adem\u00e1s de un programa de actividades, por ejemplo:\n<ul>\n<li>Lunes: visita a pie por la ciudad<\/li>\n<li>Martes: pel\u00edcula espa\u00f1ola<\/li>\n<li>Mi\u00e9rcoles: visita al Castillo de Santa B\u00e1rbara.<\/li>\n<li>Jueves: clase de salsa<\/li>\n<li>Viernes: tarde libre<\/li>\n<li>S\u00e1bado: excursi\u00f3n de medio d\u00eda<\/li>\n<li>Lunes: tarde libre<\/li>\n<li>Martes: visita a museos<\/li>\n<li>Mi\u00e9rcoles: \u00abChocolate con churros\u00bb u \u00abhorchata con fartons\u00bb<\/li>\n<li>Jueves: visita a las ruinas romanas de Lucentum<\/li>\n<li>Viernes: tarde libre<\/li>\n<\/ul>\n<\/li>\n<\/ul>\n<p>Si no se alcanzan el n\u00famero m\u00ednimo de 3 estudiantes para realizar este curso, los estudiantes se incluir\u00e1n en el Curso Est\u00e1ndar.<br \/>Estudiantes menores de 50 a\u00f1os tambi\u00e9n pueden participar en este tipo de curso siempre que se adapte a sus objetivos.<\/p>\n<p>\n<\/div>\n<div class=\"kc-elm kc-css-88321\">\n\t<a class=\"kc_button\" href=\"https:\/\/www.colegiointernacionalalicante.com\/wp-content\/uploads\/2022\/11\/OVER-50s.pdf\" target=\"_self\" title=\"\" onclick=\"\">\n\t\t<i class=\"fa-newspaper-o\"><\/i> OVER 50:apos:S\t<\/a>\n<\/div>\n<\/div><\/div><\/div><div class=\"kc-elm kc-css-368452 kc_accordion_section group \"><h3 class=\"kc_accordion_header ui-accordion-header\"><span class=\"ui-accordion-header-icon ui-icon\"><\/span><a href=\"#espanol-y-golf\" data-prevent=\"scroll\"><i class=\"\"><\/i> ESPA\u00d1OL Y GOLF<\/a><\/h3><div class=\"kc_accordion_content ui-accordion-content kc_clearfix\"><div class=\"kc-panel-body\"><div class=\"kc-elm kc-css-311837 kc_text_block\"><\/p>\n<ul>\n<li>26 horas a la semana en sesiones de 50 minutos.<\/li>\n<li>2 semanas.<\/li>\n<li>Comprobar las fechas de comienzo en el calendario de los cursos.<\/li>\n<li>Estructurado en 6 niveles siguiendo el Marco de Referencia Europeo para las Lenguas.<\/li>\n<li>Se compone de un <strong>CURSO INTENSIVO DE ESPA\u00d1OL<\/strong> 20h\/semanales + 6h semanales de clases de golf. 4 estudiantes m\u00ednimo. Si no se alcanzan el n\u00famero de estudiantes m\u00ednimo se producir\u00e1 una reducci\u00f3n en el n\u00famero de horas de clases de golf en la siguiente proporci\u00f3n.\n<ul>\n<li>2 o 3 estudiantes: 4h\/semanales de golf<\/li>\n<li>1 estudiante: 3h\/semanales de golf<\/li>\n<\/ul>\n<\/li>\n<\/ul>\n<ul>\n<li>Las clases de golf se dar\u00e1n en\u00a0Alenda Golf. El transfer de Alicante al campo de golf y vuelta no est\u00e1 incluido en el precio del curso. Organizaremos este transfer para los estudiantes durante su estancia en Alicante. Su coste se dividir\u00e1 entre los estudiantes que se hayan inscrito en este curso.<\/li>\n<li>Alojamiento en familias u hotel. Las estancias en apartamento no son posibles en este tipo de cursos.<\/li>\n<li>Las clases de golf se desarrollar\u00e1n:\n<ul>\n<li>2h Martes, 2h Jueves y 2h Viernes. La \u00faltima hora del viernes se aprovechar\u00e1 para que los estudiantes jueguen en el \u00abmini-course\u00bb. Hoyo 19.<\/li>\n<\/ul>\n<\/li>\n<li>Los estudiantes menores de 21 a\u00f1os obtendr\u00e1n un descuento del 50% en \u00abgreen fees\u00bb.<\/li>\n<\/ul>\n<p>\n<\/div><\/div><\/div><\/div><div class=\"kc-elm kc-css-619542 kc_accordion_section group \"><h3 class=\"kc_accordion_header ui-accordion-header\"><span class=\"ui-accordion-header-icon ui-icon\"><\/span><a href=\"#espanol-y-bailes-latinos\" data-prevent=\"scroll\"><i class=\"\"><\/i> ESPA\u00d1OL Y BAILES LATINOS<\/a><\/h3><div class=\"kc_accordion_content ui-accordion-content kc_clearfix\"><div class=\"kc-panel-body\"><div class=\"kc-elm kc-css-896632 kc_text_block\"><\/p>\n<ul>\n<li>25 horas a la semana en sesiones de 50 minutos.<\/li>\n<li>2 semanas.<\/li>\n<li>Comprobar las fechas de comienzo en el calendario de los cursos.<\/li>\n<li>Estructurado en 6 niveles siguiendo el Marco de Referencia Europeo para las Lenguas.<\/li>\n<li>Se compone de un CURSO INTENSIVO DE ESPA\u00d1OL de 20h\/semanales + 5h semanales de clase de danza latina. 3 estudiantes m\u00ednimo. Si no se alcanzan el n\u00famero de estudiantes m\u00ednimo se producir\u00e1 una reducci\u00f3n en el n\u00famero de horas de clases de baile en la siguiente proporci\u00f3n.\n<ul>\n<li>2 estudiantes: 3h\/semanales<\/li>\n<li>1 estudiante: 2h\/semanales<\/li>\n<\/ul>\n<\/li>\n<\/ul>\n<p>\n<\/div><\/div><\/div><\/div><div class=\"kc-elm kc-css-641545 kc_accordion_section group \"><h3 class=\"kc_accordion_header ui-accordion-header\"><span class=\"ui-accordion-header-icon ui-icon\"><\/span><a href=\"#estancia-mixta-alicante-salamanca\" data-prevent=\"scroll\"><i class=\"\"><\/i> ESTANCIA MIXTA: Alicante \u2013 Salamanca<\/a><\/h3><div class=\"kc_accordion_content ui-accordion-content kc_clearfix\"><div class=\"kc-panel-body\"><div class=\"kc-elm kc-css-120773 kc_text_block\"><\/p>\n<p>\nSi quieres venir a Espa\u00f1a a aprender Espa\u00f1ol pero no sabes por qu\u00e9 ciudad o regi\u00f3n decidirte, aqu\u00ed tienes una buena soluci\u00f3n:\u00a0<strong>pasa parte de tu estancia en Alicante y la otra parte en Salamanca<\/strong>.<br \/>Podr\u00e1s disfrutar de una ciudad de la costa mediterr\u00e1nea como Alicante, con el mejor clima y las mejores playas que puedas imaginar; y tambi\u00e9n, conocer una ciudad hist\u00f3rica y monumental del centro de Espa\u00f1a, con gran tradici\u00f3n acad\u00e9mica, como es Salamanca.<br \/>Los profesores de los centros de Alicante y Salamanca est\u00e1n\u00a0<strong>coordinados para que tu curso sea \u00fanico de verdad<\/strong>, para que al cambiar de ciudad contin\u00faes haciendo el mismo curso en el punto en el que lo dejaste.<br \/>Es una oportunidad magn\u00edfica de aprender espa\u00f1ol y conocer las dos caras del pa\u00eds mientras lo aprendes: la costa y el interior, la Espa\u00f1a mediterr\u00e1nea y la Espa\u00f1a tradicional.<\/p>\n<p>\n<\/div><\/div><\/div><\/div><\/div>\n<\/div><\/div><div id=\"programas-con-certificacion-internacional\" class=\"kc-elm kc-css-497437 kc_tab ui-tabs-panel kc_ui-tabs-hide kc_clearfix \"><div class=\"kc_tab_content\"><div class=\"kc-elm kc-css-434014 kc_text_block\"><\/p>\n<p>\nConsigue un reconocimiento oficial reconocido internacionalmente.<\/p>\n<p>Estos cursos te permitir\u00e1n prepararte para pasar ex\u00e1menes internacionalmente reconocidos con certificaci\u00f3n oficial como son los diplomas DELE y SIELE.<\/p>\n<p>Nuestro m\u00e9todo est\u00e1 avalado por prestigiosas instituciones educativas como de m\u00e1xima calidad. Caracterizado por su flexibilidad para la adaptaci\u00f3n al estudiante y al grupo, es una metodolog\u00eda b\u00e1sicamente activa y comunicativa donde el estudiante habla\u00a0desde el primer d\u00eda de clase.<\/p>\n<p><strong>Nuestras garant\u00edas:<\/strong><\/p>\n<ul>\n<li>\u201cCentro Acreditado\u201d por Instituto Cervantes<\/li>\n<li>M\u00e1s del 90% de aprobados en los ex\u00e1menes DELE<\/li>\n<li>Referencias de estudiantes satisfechos<\/li>\n<li>4 niveles abiertos incluso con 1 \u00fanico estudiante<\/li>\n<li>Sesiones de 50 minutos<\/li>\n<\/ul>\n<p>\n<\/div><div class=\"kc-elm kc-css-680136 kc_accordion_wrapper\">\n<div class=\"kc-elm kc-css-359940 kc_accordion_section group \"><h3 class=\"kc_accordion_header ui-accordion-header\"><span class=\"ui-accordion-header-icon ui-icon\"><\/span><a href=\"#curso-de-preparacion-a-los-examenes-dele\" data-prevent=\"scroll\"><i class=\"\"><\/i> CURSO DE PREPARACI\u00d3N A LOS EX\u00c1MENES DELE<\/a><\/h3><div class=\"kc_accordion_content ui-accordion-content kc_clearfix\"><div class=\"kc-panel-body\"><div class=\"kc-elm kc-css-389200 kc_text_block\"><\/p>\n<ul>\n<li>Un total de 20h de preparaci\u00f3n espec\u00edfica para el examen.<\/li>\n<li>Se puede combinar con un CURSO INTENSIVO DE ESPA\u00d1OL<\/li>\n<li>Comprobar las fechas de comienzo en el <a href=\"https:\/\/www.colegiointernacionalalicante.com\/wp-content\/uploads\/2024\/11\/CALENDARIO-2025.pdf\">calendario de los cursos.<\/a><\/li>\n<li>Estructurado para todos los niveles del Marco de Referencia Europeo para las Lenguas.<\/li>\n<li>C.I. Alicante es centro examinador DELE A2.<\/li>\n<li>Este curso est\u00e1 dise\u00f1ado para preparar a los estudiantes que quieran obtener el Diploma de Espa\u00f1ol como Lengua Extranjera, ofrecido por el Ministerio de Educaci\u00f3n y el Instituto Cervantes.<\/li>\n<li>Su objetivo ser\u00e1:\n<ul>\n<li>Conocer la estructura de los ex\u00e1menes y el tipo de las actividades que lo componen.<\/li>\n<li>Revisar y perfeccionar contenidos ling\u00fc\u00edsticos y gramaticales del nivel.<\/li>\n<li>Preparar la entrevista oral.<\/li>\n<li>Trabajar posibles dificultades.<\/li>\n<li>Desarrollar estrategias y habilidades que ayuden al estudiante a superar las pruebas del examen.<\/li>\n<\/ul>\n<\/li>\n<\/ul>\n<p>\n<\/div>\n<div class=\"kc-elm kc-css-266209\">\n\t<a class=\"kc_button\" href=\"https:\/\/www.colegiointernacionalalicante.com\/wp-content\/uploads\/2024\/11\/DELE-2025.pdf\" target=\"_self\" title=\"\" onclick=\"\">\n\t\t<i class=\"fa-file-pdf-o\"><\/i> DELE 2025\t<\/a>\n<\/div>\n<\/div><\/div><\/div><div class=\"kc-elm kc-css-474797 kc_accordion_section group \"><h3 class=\"kc_accordion_header ui-accordion-header\"><span class=\"ui-accordion-header-icon ui-icon\"><\/span><a href=\"#examen-siele\" data-prevent=\"scroll\"><i class=\"\"><\/i> EXAMEN SIELE<\/a><\/h3><div class=\"kc_accordion_content ui-accordion-content kc_clearfix\"><div class=\"kc-panel-body\"><div class=\"kc-elm kc-css-59482 kc_text_block\"><\/p>\n<p>\nAl terminar cualquiera de nuestros cursos los estudiantes podr\u00e1n inscribirse en cualquiera de las variedades de pruebas SIELE.<\/p>\n<p><strong>SIELE<\/strong>\u00a0es el\u00a0Servicio Internacional de Evaluaci\u00f3n de la Lengua Espa\u00f1ola. Est\u00e1 promovido por el\u00a0Instituto Cervantes,\u00a0la\u00a0Universidad Nacional Aut\u00f3noma de M\u00e9xico,\u00a0la\u00a0Universidad de Salamanca\u00a0y la\u00a0Universidad de Buenos Aires.<br \/>SIELE certifica el grado de competencia en la lengua espa\u00f1ola a trav\u00e9s de cuatro pruebas:\u00a0Comprensi\u00f3n de lectura, Comprensi\u00f3n auditiva, Expresi\u00f3n e interacci\u00f3n escritas y Expresi\u00f3n e interacci\u00f3n orales y toma como referencia los niveles del\u00a0Marco Com\u00fan Europeo de Referencia para las Lenguas (MCER)\u00a0del Consejo de Europa (A1, A2, B1, B2 y C1)<\/p>\n<p>CI Alicante es Centro de Examen Acreditado SIELE<\/p>\n<p>\n<\/div><\/div><\/div><\/div><\/div>\n<\/div><\/div>\t<\/div>\n<\/div>\n\n\n<div class=\"kc-elm kc-css-9242 kc_row kc_row_inner\"><div class=\"kc-elm kc-css-412081 small-12 columns small-12\"><div class=\"kc_wrapper kc-col-inner-container\">\n<div class=\"kc-elm kc-css-793881\">\n\t<a class=\"kc_button\" href=\"https:\/\/www.colegiointernacionalalicante.com\/wp-content\/uploads\/2025\/12\/CALENDARIO-2026.pdf\" target=\"_self\" title=\"\" onclick=\"\">\n\t\t<i class=\"fa-file-pdf-o\"><\/i>  Calendario de curso 2026\t<\/a>\n<\/div>\n<\/div><\/div><div class=\"kc-elm kc-css-877593 small-12 columns small-12\"><div class=\"kc_wrapper kc-col-inner-container\">\n<div class=\"kc-elm kc-css-929496\">\n\t<a class=\"kc_button\" href=\"http:\/\/www.colegiointernacionalalicante.com\/contacto\/\" target=\"_self\" title=\"\" onclick=\"\">\n\t\t<i class=\"fa-newspaper-o\"><\/i> SOLICITA PROGRAMA DE CURSOS\t<\/a>\n<\/div>\n<\/div><\/div><\/div><\/div><\/div><\/div><\/div><\/div>\n","protected":false},"excerpt":{"rendered":"","protected":false},"author":1,"featured_media":0,"parent":0,"menu_order":0,"comment_status":"closed","ping_status":"closed","template":"","meta":{"footnotes":""},"class_list":["post-1006","page","type-page","status-publish","hentry"],"aioseo_notices":[],"_links":{"self":[{"href":"https:\/\/www.colegiointernacionalalicante.com\/es\/wp-json\/wp\/v2\/pages\/1006","targetHints":{"allow":["GET"]}}],"collection":[{"href":"https:\/\/www.colegiointernacionalalicante.com\/es\/wp-json\/wp\/v2\/pages"}],"about":[{"href":"https:\/\/www.colegiointernacionalalicante.com\/es\/wp-json\/wp\/v2\/types\/page"}],"author":[{"embeddable":true,"href":"https:\/\/www.colegiointernacionalalicante.com\/es\/wp-json\/wp\/v2\/users\/1"}],"replies":[{"embeddable":true,"href":"https:\/\/www.colegiointernacionalalicante.com\/es\/wp-json\/wp\/v2\/comments?post=1006"}],"version-history":[{"count":67,"href":"https:\/\/www.colegiointernacionalalicante.com\/es\/wp-json\/wp\/v2\/pages\/1006\/revisions"}],"predecessor-version":[{"id":5758,"href":"https:\/\/www.colegiointernacionalalicante.com\/es\/wp-json\/wp\/v2\/pages\/1006\/revisions\/5758"}],"wp:attachment":[{"href":"https:\/\/www.colegiointernacionalalicante.com\/es\/wp-json\/wp\/v2\/media?parent=1006"}],"curies":[{"name":"wp","href":"https:\/\/api.w.org\/{rel}","templated":true}]}}