{"id":1038,"date":"2017-05-31T08:51:13","date_gmt":"2017-05-31T08:51:13","guid":{"rendered":"http:\/\/www.colegiointernacionalalicante.com\/?page_id=1038"},"modified":"2019-07-03T08:32:45","modified_gmt":"2019-07-03T08:32:45","slug":"actividades","status":"publish","type":"page","link":"https:\/\/www.colegiointernacionalalicante.com\/es\/actividades\/","title":{"rendered":"Actividades"},"content":{"rendered":"<div class=\"kc-elm kc-css-571597 kc-row-container module\"><div class=\"wc-row row\"><div class=\"kc-wrap-columns\"><div class=\"kc-elm kc-css-284532 small-12 columns small-12\"><div class=\"kc-col-container\"><div id=\" \" class=\"kc-elm kc-css-285461 kc_row kc_row_inner\"><div class=\"kc-elm kc-css-596916 small-12 columns small-12\"><div class=\"kc_wrapper kc-col-inner-container\">\n\n<div class=\"image_fadein_slider kc-elm kc-css-928541 \">\n\t\t<div data-delay=\"4000\" class=\"image_fadein\" data-images=\"1049,1048,1046,1047,1045,1044,1043,1042,1041\">\n\t<img decoding=\"async\" src=\"https:\/\/www.colegiointernacionalalicante.com\/wp-content\/uploads\/2017\/05\/actividad-8.jpg\" \/><img decoding=\"async\" src=\"https:\/\/www.colegiointernacionalalicante.com\/wp-content\/uploads\/2017\/05\/actividad-7.jpg\" \/><img decoding=\"async\" src=\"https:\/\/www.colegiointernacionalalicante.com\/wp-content\/uploads\/2017\/05\/actividad-5.jpg\" \/><img decoding=\"async\" src=\"https:\/\/www.colegiointernacionalalicante.com\/wp-content\/uploads\/2017\/05\/actividad-6.jpg\" \/><img decoding=\"async\" src=\"https:\/\/www.colegiointernacionalalicante.com\/wp-content\/uploads\/2017\/05\/actividad-4.jpg\" \/><img decoding=\"async\" src=\"https:\/\/www.colegiointernacionalalicante.com\/wp-content\/uploads\/2017\/05\/actividad-3.jpg\" \/><img decoding=\"async\" src=\"https:\/\/www.colegiointernacionalalicante.com\/wp-content\/uploads\/2017\/05\/actividad-2.jpg\" \/><img decoding=\"async\" src=\"https:\/\/www.colegiointernacionalalicante.com\/wp-content\/uploads\/2017\/05\/actividad-1.jpg\" \/><img decoding=\"async\" src=\"https:\/\/www.colegiointernacionalalicante.com\/wp-content\/uploads\/2017\/05\/actividad-0.jpg\" \/>\t<\/div>\n<\/div>\n<\/div><\/div><div class=\"kc-elm kc-css-467665 small-12 columns small-12\"><div class=\"kc_wrapper kc-col-inner-container\"><div class=\"kc-elm kc-css-567037 kc_text_block\"><\/p>\n<p class=\"moz-quote-pre\">Para completar nuestros cursos y ayudar a nuestros estudiantes, el Colegio ofrece un amplio programa de actividades: visitas guiadas gratuitas a museos y monumentos as\u00ed como otras actividades deportivas o culturales. Naturalmente, se espera que los estudiantes paguen sus entradas. Siempre eres bienvenido a acompa\u00f1arnos. Incluso los niveles iniciales podr\u00e1n seguir las simples explicaciones de nuestros profesores.<\/p>\n<p>Alicante, con una poblaci\u00f3n de 330.000 habitantes, tiene una <strong>variada oferta cultural<\/strong> y de instalaciones deportivas: bibliotecas, museos, salas de exposiciones, conciertos al aire libre, teatro&#8230;<\/p>\n<p>Son especialmente famosos el <strong>Festival de Teatro al Aire Libre<\/strong>, el <strong>Festival Internacional de M\u00fasica Contempor\u00e1nea<\/strong>, el <strong>Festival de Teatro de Autor Espa\u00f1ol Contempor\u00e1neo<\/strong> o el <strong>Festival Internacional de Marionetas<\/strong>. Todas estas actividades son accesibles para nuestros estudiantes, que reciben informaci\u00f3n puntual de cada una de ellas.<\/p>\n<p>Juntos descubrimos la gastronom\u00eda local (\u00abpaella\u00bb) y la vida nocturna de Alicante.<\/p>\n<p>\n<\/div><\/div><\/div><\/div><div class=\"kc-elm kc-css-246325\" style=\"height: 30px; clear: both; width:100%;\"><\/div><div class=\"kc-elm kc-css-628337 kc_text_block\"><\/p>\n<p>La diversidad del paisaje, un <strong>clima maravilloso<\/strong> y las soberbias facilidades de la ciudad, hacen de Alicante un lugar de <strong>envidiables atractivos<\/strong>. Las instalaciones de nuestro puerto ofrecen la posibilidad de practicar todo tipo de <strong>deportes n\u00e1uticos<\/strong>: pesca, submarinismo, esqu\u00ed acu\u00e1tico, buceo, regatas&#8230;<\/p>\n<p>Por otro lado, tambi\u00e9n se puede practicar golf o deportes de aventura: escalada, senderismo, ciclismo, vuelo en ala delta, etc.<\/p>\n<p>\n<\/div><div class=\"kc-elm kc-css-104967\" style=\"height: 30px; clear: both; width:100%;\"><\/div>\n<div class=\"kc-elm kc-css-259721 kc-title-wrap \">\n\n\t<h2 class=\"kc_title\"><u>Los s\u00e1bados Colegio Internacional Alicante<\/u><br>\r\norganiza una excursi\u00f3n a diferentes ciudades o villas cercanas a Alicante<\/h2>\n<\/div>\n<div class=\"kc-elm kc-css-985240\" style=\"height: 20px; clear: both; width:100%;\"><\/div><div id=\" \" class=\"kc-elm kc-css-222442 kc_row kc_row_inner\"><div class=\"kc-elm kc-css-384079 small-12 columns small-12\"><div class=\"kc_wrapper kc-col-inner-container\"><div class=\"kc-elm kc-css-710040 kc-feature-boxes kc-fb-layout-2\">\n\n\t<figure class=\"content-image\"><img decoding=\"async\" src=\"https:\/\/www.colegiointernacionalalicante.com\/wp-content\/uploads\/2017\/05\/actividades-palmeras.jpg\" alt=\"\"><\/figure><div class=\"content-title\">Ruta de las palmeras<\/div><div class=\"content-desc\">Elche (Bas\u00edlica de Santa Mar\u00eda, Huerto del Cura, Ba\u00f1os \u00c1rabes y Museo de La Festa) y Orihuela (Catedral del Salvador, Colegio de Santo Domingo, iglesias de Santa Justina y Santiago).<\/div>\n<\/div>\n<\/div><\/div><div class=\"kc-elm kc-css-333854 small-12 columns small-12\"><div class=\"kc_wrapper kc-col-inner-container\"><div class=\"kc-elm kc-css-814669 kc-feature-boxes kc-fb-layout-2\">\n\n\t<figure class=\"content-image\"><img decoding=\"async\" src=\"https:\/\/www.colegiointernacionalalicante.com\/wp-content\/uploads\/2017\/05\/actividades-castillos.jpg\" alt=\"\"><\/figure><div class=\"content-title\">Ruta de los castillos<\/div><div class=\"content-desc\">Novelda(Santuario de la Magdalena, Castillo de la Mola), Sax (Castillo) y Villena (Castillo de La Atalaya, Torre del Homenaje, Barrio del Rabal e iglesias de Santa Mar\u00eda y Santiago).<\/div>\n<\/div>\n<\/div><\/div><div class=\"kc-elm kc-css-782889 small-12 columns small-12\"><div class=\"kc_wrapper kc-col-inner-container\"><div class=\"kc-elm kc-css-811191 kc-feature-boxes kc-fb-layout-2\">\n\n\t<figure class=\"content-image\"><img decoding=\"async\" src=\"https:\/\/www.colegiointernacionalalicante.com\/wp-content\/uploads\/2017\/05\/actividades-costas.jpg\" alt=\"\"><\/figure><div class=\"content-title\">Ruta de la costa<\/div><div class=\"content-desc\">Calpe (Pe\u00f1\u00f3n de Ifach), Altea (casco antiguo e iglesia) y Benidorm (Mirador del Mediterr\u00e1neo, playas).\r\n<br><br><br><\/div>\n<\/div>\n<\/div><\/div><div class=\"kc-elm kc-css-113133 small-12 columns small-12\"><div class=\"kc_wrapper kc-col-inner-container\"><div class=\"kc-elm kc-css-315942 kc-feature-boxes kc-fb-layout-2\">\n\n\t<figure class=\"content-image\"><img decoding=\"async\" src=\"https:\/\/www.colegiointernacionalalicante.com\/wp-content\/uploads\/2017\/05\/actividades-monta\u00f1a.jpg\" alt=\"\"><\/figure><div class=\"content-title\">Ruta de la monta\u00f1a<\/div><div class=\"content-desc\">Guadalest (Castillo), Fuentes del Algar y Cuevas de Canalobre.\r\n<br><br><br><br><\/div>\n<\/div>\n<\/div><\/div><\/div><div class=\"kc-elm kc-css-7868\" style=\"height: 30px; clear: both; width:100%;\"><\/div><div class=\"kc-elm kc-css-749281 kc_text_block\"><\/p>\n<p>Adem\u00e1s los estudiantes pueden aprender <strong>flamenco<\/strong>, salsa, guitarra, fotograf\u00eda, cer\u00e1mica, pintura&#8230; en otros centros con los que colaboramos. Nuestro centro tambi\u00e9n ofrece la oportunidad a los estudiantes de hacer intercambios ling\u00fc\u00edsticos con espa\u00f1oles, <a href=\"https:\/\/www.proyecto3k.com\/hackear-wifi\/\">uso de WI-FI<\/a>, BIBLIOTECA, FONOTECA&#8230;<\/p>\n<p>Una de las actividades es tambi\u00e9n, por supuesto, descubrir la excitante vida nocturna de Alicante.<\/p>\n<p>\n<\/div><div class=\"kc-elm kc-css-98039\" style=\"height: 30px; clear: both; width:100%;\"><\/div>\n<div class=\"kc-elm kc-css-753264\">\n\t<a class=\"kc_button\" href=\"http:\/\/www.colegiointernacionalalicante.com\/contacto\/\" target=\"_self\" title=\"\" onclick=\"\">\n\t\t<i class=\"fa-envelope-o\"><\/i> CONTACTA CON NOSOTROS\t<\/a>\n<\/div>\n<\/div><\/div><\/div><\/div><\/div>\n","protected":false},"excerpt":{"rendered":"","protected":false},"author":1,"featured_media":0,"parent":0,"menu_order":0,"comment_status":"closed","ping_status":"closed","template":"","meta":{"footnotes":""},"class_list":["post-1038","page","type-page","status-publish","hentry"],"aioseo_notices":[],"_links":{"self":[{"href":"https:\/\/www.colegiointernacionalalicante.com\/es\/wp-json\/wp\/v2\/pages\/1038","targetHints":{"allow":["GET"]}}],"collection":[{"href":"https:\/\/www.colegiointernacionalalicante.com\/es\/wp-json\/wp\/v2\/pages"}],"about":[{"href":"https:\/\/www.colegiointernacionalalicante.com\/es\/wp-json\/wp\/v2\/types\/page"}],"author":[{"embeddable":true,"href":"https:\/\/www.colegiointernacionalalicante.com\/es\/wp-json\/wp\/v2\/users\/1"}],"replies":[{"embeddable":true,"href":"https:\/\/www.colegiointernacionalalicante.com\/es\/wp-json\/wp\/v2\/comments?post=1038"}],"version-history":[{"count":31,"href":"https:\/\/www.colegiointernacionalalicante.com\/es\/wp-json\/wp\/v2\/pages\/1038\/revisions"}],"predecessor-version":[{"id":4263,"href":"https:\/\/www.colegiointernacionalalicante.com\/es\/wp-json\/wp\/v2\/pages\/1038\/revisions\/4263"}],"wp:attachment":[{"href":"https:\/\/www.colegiointernacionalalicante.com\/es\/wp-json\/wp\/v2\/media?parent=1038"}],"curies":[{"name":"wp","href":"https:\/\/api.w.org\/{rel}","templated":true}]}}