{"id":1079,"date":"2017-06-01T08:41:08","date_gmt":"2017-06-01T08:41:08","guid":{"rendered":"http:\/\/www.colegiointernacionalalicante.com\/?page_id=1079"},"modified":"2017-07-24T11:13:23","modified_gmt":"2017-07-24T11:13:23","slug":"conoce-alicante","status":"publish","type":"page","link":"https:\/\/www.colegiointernacionalalicante.com\/es\/conoce-alicante\/","title":{"rendered":"Conoce Alicante"},"content":{"rendered":"<div class=\"kc-elm kc-css-363441 kc-row-container module\"><div class=\"wc-row row\"><div class=\"kc-wrap-columns\"><div class=\"kc-elm kc-css-503151 small-12 columns small-12\"><div class=\"kc-col-container\"><div class=\"kc-elm kc-css-111713 kc_text_block\"><\/p>\n<p><img loading=\"lazy\" decoding=\"async\" class=\"alignright size-medium\" src=\"http:\/\/www.colegiointernacionalalicante.com\/wp-content\/uploads\/2017\/06\/HOGUERA-2-1.jpg\" alt=\"\" width=\"467\" height=\"350\" \/><strong>Alicante<\/strong> es una ciudad con <strong>m\u00e1s de 2.000 a\u00f1os de historia<\/strong>. La ciudad remonta su origen al siglo IV a.C. con el pueblo ibero. Un lugar siempre codiciado por las distintas civilizaciones que han poblado el Mediterr\u00e1neo. Akra-Leuka (griegos), Lucentum (romanos), Ali-qant (\u00e1rabes)&#8230; son algunos nombres dados a la ciudad a lo largo de la Historia. En 1.246 Alfonso X \u00bb El Sabio \u00bb conquista la ciudad para la Corona de Castilla, y en 1.296 Jaime II la incorpora al Reino de Arag\u00f3n.<\/p>\n<p>En 1.490 Fernando El Cat\u00f3lico otorga a Alicante el t\u00edtulo de \u00abCiudad\u00bb.<\/p>\n<p><strong>Alicante<\/strong> conserva vestigios de cada periodo hist\u00f3rico. En el siglo XIX con la llegada del ferrocarril y su conexi\u00f3n con el centro peninsular, se convirti\u00f3 en una <strong>importante ciudad mercantil<\/strong>, confiri\u00e9ndole un aire cosmopolita que a\u00fan conserva gracias a su <strong>aeropuerto internacional<\/strong>.<\/p>\n<p>Su excepcional localizaci\u00f3n entre la monta\u00f1a y el mar proporciona a Alicante una belleza singular y un clima privilegiado.<\/p>\n<p>\n<\/div><div class=\"kc-elm kc-css-708089\" style=\"height: 20px; clear: both; width:100%;\"><\/div><div class=\"kc-elm kc-css-288742 kc_text_block\"><\/p>\n<p>Como dice el poeta Juan Gil-Albert: \u00ab<strong>Alicante mira ininterrumpidamente\u00a0hacia el Mediterr\u00e1neo<\/strong>\u00ab. Sus majestuosas palmeras, su cristalino mar azul, sus playas de arena blanca, sus castillos, sus iglesias, sus parques y jardines, su moderno puerto, sus zonas comerciales, la simpat\u00eda de sus gentes, sus 2.730 horas de sol al a\u00f1o y una <strong>temperatura media de 18\u00b0 C<\/strong>. hacen de Alicante la eterna casa de la primavera.<\/p>\n<p>Uno de los grandes atractivos tur\u00edsticos de Alicante son sus famosas playas, con un <strong>reconocido prestigio internacional<\/strong> y as\u00ed lo revalida la Uni\u00f3n Europea al distinguirlas cada a\u00f1o con Banderas Azules por su calidad y limpieza.<\/p>\n<p>Dependiendo del periodo en que est\u00e9 entre nosotros se enamorar\u00e1 de Alicante en cualquiera de sus fiestas.<\/p>\n<p>Desde el 1 de enero hasta el 31 de diciembre son varias las propuestas que el calendario festivo le ofrece; pero destaca entre todas, las Fiestas de <strong>Hogueras de San Juan del 20 al 24 de junio<\/strong>, declaradas de inter\u00e9s tur\u00edstico internacional, es cuando Alicante estalla en una explosi\u00f3n de color, m\u00fasica, alegr\u00eda y fuego.<\/p>\n<blockquote>\n<p>La \u00abfiesta\u00bb forma parte ineludible de la forma de ser de la gente de este rinc\u00f3n paradis\u00edaco del Mediterr\u00e1neo.<\/p>\n<\/blockquote>\n<p>No s\u00f3lo Alicante, sino toda la Costa Blanca, ofrece una gran variedad de oportunidades. Descubra las <strong>delicias de Benidorm<\/strong> y su excitante vida nocturna; disfrute las <strong>magn\u00edficas playas<\/strong> y cuevas desde Denia hasta Pilar de la Horadada. <strong>Visite Orihuela y Elche<\/strong> para ver los excepcionales monumentos g\u00f3ticos, renacentistas y barrocos de nuestra zona. Pasee por el \u00fanico bosque europeo de palmeras en Elche o a trav\u00e9s del precioso parque natural de la <strong>Font Roja<\/strong>, en Alcoy o por el <strong>Pe\u00f1\u00f3n de Ifach<\/strong> en Calpe. Haga trekking en la sierra de Bernia.<\/p>\n<p>Descubra castillos medievales, el buen vino de nuestra tierra, escuche las nost\u00e1lgicas \u00abhabaneras\u00bb&#8230;<\/p>\n<p>\n<\/div><\/div><\/div><\/div><\/div><\/div>\n","protected":false},"excerpt":{"rendered":"","protected":false},"author":1,"featured_media":0,"parent":0,"menu_order":0,"comment_status":"closed","ping_status":"closed","template":"","meta":{"footnotes":""},"class_list":["post-1079","page","type-page","status-publish","hentry"],"aioseo_notices":[],"_links":{"self":[{"href":"https:\/\/www.colegiointernacionalalicante.com\/es\/wp-json\/wp\/v2\/pages\/1079","targetHints":{"allow":["GET"]}}],"collection":[{"href":"https:\/\/www.colegiointernacionalalicante.com\/es\/wp-json\/wp\/v2\/pages"}],"about":[{"href":"https:\/\/www.colegiointernacionalalicante.com\/es\/wp-json\/wp\/v2\/types\/page"}],"author":[{"embeddable":true,"href":"https:\/\/www.colegiointernacionalalicante.com\/es\/wp-json\/wp\/v2\/users\/1"}],"replies":[{"embeddable":true,"href":"https:\/\/www.colegiointernacionalalicante.com\/es\/wp-json\/wp\/v2\/comments?post=1079"}],"version-history":[{"count":13,"href":"https:\/\/www.colegiointernacionalalicante.com\/es\/wp-json\/wp\/v2\/pages\/1079\/revisions"}],"predecessor-version":[{"id":1262,"href":"https:\/\/www.colegiointernacionalalicante.com\/es\/wp-json\/wp\/v2\/pages\/1079\/revisions\/1262"}],"wp:attachment":[{"href":"https:\/\/www.colegiointernacionalalicante.com\/es\/wp-json\/wp\/v2\/media?parent=1079"}],"curies":[{"name":"wp","href":"https:\/\/api.w.org\/{rel}","templated":true}]}}