{"id":1096,"date":"2017-06-01T09:07:42","date_gmt":"2017-06-01T09:07:42","guid":{"rendered":"http:\/\/www.colegiointernacionalalicante.com\/?page_id=1096"},"modified":"2024-11-26T08:32:34","modified_gmt":"2024-11-26T08:32:34","slug":"inscripcion","status":"publish","type":"page","link":"https:\/\/www.colegiointernacionalalicante.com\/es\/inscripcion\/","title":{"rendered":"Inscripci\u00f3n"},"content":{"rendered":"<div class=\"kc-elm kc-css-399201 kc-row-container module\"><div class=\"wc-row row\"><div class=\"kc-wrap-columns\"><div class=\"kc-elm kc-css-337114 small-12 columns small-12\"><div class=\"kc-col-container\"><div id=\" \" class=\"kc-elm kc-css-656967 kc_row kc_row_inner\"><div class=\"kc-elm kc-css-414521 small-12 columns small-12\"><div class=\"kc_wrapper kc-col-inner-container\"><div class=\"kc-elm kc-css-101913 kc_text_block welcome-message\"><\/p>\n<h2>Inscr\u00edbete en <span style=\"color: #e79800;\">Colegio Internacional Alicante<\/span><\/h2>\n<p>Ponemos a tu disposici\u00f3n tanto el manual del estudiando como el formulario de inscripci\u00f3n. Si tienes cualquier duda estamos a tu entera disposici\u00f3n.<\/p>\n<p>\n<\/div><\/div><\/div><div class=\"kc-elm kc-css-559712 small-12 columns small-12\"><div class=\"kc_wrapper kc-col-inner-container\"><div class=\"kc-elm kc-css-667608\" style=\"height: 20px; clear: both; width:100%;\"><\/div>\n<div class=\"kc-elm kc-css-752943\">\n\t<a class=\"kc_button\" href=\"https:\/\/www.colegiointernacionalalicante.com\/wp-content\/uploads\/2025\/12\/MANUAL-DEL-ESTUDIANTE-2026.pdf\" target=\"_self\" title=\"\" onclick=\"\">\n\t\t<i class=\"fa-file-pdf-o\"><\/i>  MANUAL DEL ESTUDIANTE\t<\/a>\n<\/div>\n<\/div><\/div><\/div><div id=\" \" class=\"kc-elm kc-css-426090 kc_row kc_row_inner\"><div class=\"kc-elm kc-css-761148 small-12 columns small-12\"><div class=\"kc_wrapper kc-col-inner-container\"><div class=\"kc-elm kc-css-480980\" style=\"height: 20px; clear: both; width:100%;\"><\/div><div class=\"kc-contact-form7 kc-elm kc-css-883015\">\n<div class=\"wpcf7 no-js\" id=\"wpcf7-f1102-o1\" lang=\"es-ES\" dir=\"ltr\" data-wpcf7-id=\"1102\">\n<div class=\"screen-reader-response\"><p role=\"status\" aria-live=\"polite\" aria-atomic=\"true\"><\/p> <ul><\/ul><\/div>\n<form action=\"\/es\/wp-json\/wp\/v2\/pages\/1096#wpcf7-f1102-o1\" method=\"post\" class=\"wpcf7-form init\" aria-label=\"Formulario de contacto\" novalidate=\"novalidate\" data-status=\"init\">\n<fieldset class=\"hidden-fields-container\"><input type=\"hidden\" name=\"_wpcf7\" value=\"1102\" \/><input type=\"hidden\" name=\"_wpcf7_version\" value=\"6.1.4\" \/><input type=\"hidden\" name=\"_wpcf7_locale\" value=\"es_ES\" \/><input type=\"hidden\" name=\"_wpcf7_unit_tag\" value=\"wpcf7-f1102-o1\" \/><input type=\"hidden\" name=\"_wpcf7_container_post\" value=\"0\" \/><input type=\"hidden\" name=\"_wpcf7_posted_data_hash\" value=\"\" \/><input type=\"hidden\" name=\"_wpcf7_recaptcha_response\" value=\"\" \/>\n<\/fieldset>\n<div class=\"contact-form\">\n \n <!-- DATOS DEL ALUMNO -->\n\t<div class=\"row\">\n\t\t<div class=\"medium-12 small-12 columns\">\n\t\t\t<h4 class=\"titleDestacado\">Datos del alumno\n\t\t\t<\/h4>\n\t\t<\/div>\n\t\t<div class=\"medium-6 small-12 columns\">\n\t\t\t<p><label><span class=\"wpcf7-form-control-wrap\" data-name=\"nombre-completo\"><input size=\"40\" maxlength=\"400\" class=\"wpcf7-form-control wpcf7-text wpcf7-validates-as-required\" aria-required=\"true\" aria-invalid=\"false\" placeholder=\"Nombre y apellidos\" value=\"\" type=\"text\" name=\"nombre-completo\" \/><\/span><\/label>\n\t\t\t<\/p>\n\t\t<\/div>\n\t\t<div class=\"medium-6 small-12 columns\">\n\t\t\t<p><label><span class=\"wpcf7-form-control-wrap\" data-name=\"direccion\"><input size=\"40\" maxlength=\"400\" class=\"wpcf7-form-control wpcf7-text wpcf7-validates-as-required\" aria-required=\"true\" aria-invalid=\"false\" placeholder=\"Direcci\u00f3n\" value=\"\" type=\"text\" name=\"direccion\" \/><\/span><\/label>\n\t\t\t<\/p>\n\t\t<\/div>\n\t\t<div class=\"medium-6 small-12 columns\">\n\t\t\t<p><label><span class=\"wpcf7-form-control-wrap\" data-name=\"cp\"><input size=\"40\" maxlength=\"400\" class=\"wpcf7-form-control wpcf7-text wpcf7-validates-as-required\" aria-required=\"true\" aria-invalid=\"false\" placeholder=\"C\u00f3digo postal y ciudad\" value=\"\" type=\"text\" name=\"cp\" \/><\/span><\/label>\n\t\t\t<\/p>\n\t\t<\/div>\n\t\t<div class=\"medium-6 small-12 columns\">\n\t\t\t<p><label><span class=\"wpcf7-form-control-wrap\" data-name=\"pais\"><input size=\"40\" maxlength=\"400\" class=\"wpcf7-form-control wpcf7-text wpcf7-validates-as-required\" aria-required=\"true\" aria-invalid=\"false\" placeholder=\"Pa\u00eds\" value=\"\" type=\"text\" name=\"pais\" \/><\/span><\/label>\n\t\t\t<\/p>\n\t\t<\/div>\n\t\t<div class=\"medium-6 small-12 columns\">\n\t\t\t<p><label><span class=\"wpcf7-form-control-wrap\" data-name=\"telefono\"><input size=\"40\" maxlength=\"400\" class=\"wpcf7-form-control wpcf7-text wpcf7-validates-as-required\" aria-required=\"true\" aria-invalid=\"false\" placeholder=\"Tel\u00e9fono\" value=\"\" type=\"text\" name=\"telefono\" \/><\/span><\/label>\n\t\t\t<\/p>\n\t\t<\/div>\n\t\t<div class=\"medium-6 small-12 columns\">\n\t\t\t<p><label><span class=\"wpcf7-form-control-wrap\" data-name=\"email\"><input size=\"40\" maxlength=\"400\" class=\"wpcf7-form-control wpcf7-text wpcf7-validates-as-required\" aria-required=\"true\" aria-invalid=\"false\" placeholder=\"Correo electr\u00f3nico\" value=\"\" type=\"text\" name=\"email\" \/><\/span><\/label>\n\t\t\t<\/p>\n\t\t<\/div>\n\t\t<div class=\"medium-6 small-12 columns\">\n\t\t\t<p><label><span class=\"wpcf7-form-control-wrap\" data-name=\"edad\"><input size=\"40\" maxlength=\"400\" class=\"wpcf7-form-control wpcf7-text wpcf7-validates-as-required\" aria-required=\"true\" aria-invalid=\"false\" placeholder=\"A\u00f1o de nacimiento\" value=\"\" type=\"text\" name=\"edad\" \/><\/span><\/label>\n\t\t\t<\/p>\n\t\t<\/div>\n\t\t<div class=\"medium-6 small-12 columns\">\n\t\t\t<p><label><span class=\"wpcf7-form-control-wrap\" data-name=\"nacionalidad\"><input size=\"40\" maxlength=\"400\" class=\"wpcf7-form-control wpcf7-text wpcf7-validates-as-required\" aria-required=\"true\" aria-invalid=\"false\" placeholder=\"Nacionalidad\" value=\"\" type=\"text\" name=\"nacionalidad\" \/><\/span><\/label>\n\t\t\t<\/p>\n\t\t<\/div>\n\t\t<div class=\"medium-6 small-12 columns\">\n\t\t\t<p><label><span class=\"wpcf7-form-control-wrap\" data-name=\"num-pasaporte\"><input size=\"40\" maxlength=\"400\" class=\"wpcf7-form-control wpcf7-text wpcf7-validates-as-required\" aria-required=\"true\" aria-invalid=\"false\" placeholder=\"N\u00ba de pasaporte\" value=\"\" type=\"text\" name=\"num-pasaporte\" \/><\/span><\/label>\n\t\t\t<\/p>\n\t\t<\/div>\n\t\t<div class=\"medium-6 small-12 columns\">\n\t\t\t<p><span class=\"wpcf7-form-control-wrap\" data-name=\"sexo\"><select class=\"wpcf7-form-control wpcf7-select wpcf7-validates-as-required\" aria-required=\"true\" aria-invalid=\"false\" name=\"sexo\"><option value=\"Hombre\">Hombre<\/option><option value=\"Mujer\">Mujer<\/option><\/select><\/span>\n\t\t\t<\/p>\n\t\t<\/div>\n\t\t<div class=\"medium-12 small-12 columns\">\n\t\t\t<p><label><span class=\"wpcf7-form-control-wrap\" data-name=\"telefono-emergencia\"><input size=\"40\" maxlength=\"400\" class=\"wpcf7-form-control wpcf7-text wpcf7-validates-as-required\" aria-required=\"true\" aria-invalid=\"false\" placeholder=\"N\u00ba de tel\u00e9fono en caso de emergencia\" value=\"\" type=\"text\" name=\"telefono-emergencia\" \/><\/span><\/label>\n\t\t\t<\/p>\n\t\t<\/div>\n\t<\/div>\n\n <!-- CURSO SELECCIONADO -->\n\t<div class=\"row\">\n\t\t<div class=\"medium-12 small-12 columns\">\n\t\t\t<h4 class=\"titleDestacado\">Selecciona curso\n\t\t\t<\/h4>\n\t\t<\/div>\n\t\t<div class=\"medium-12 small-12 columns\">\n\t\t\t<p><select name=\"curso-seleccionado\" class=\"wpcf7-form-control wpcf7-select wpcf7-validates-as-required\" aria-required=\"true\" aria-invalid=\"false\">\n <option value=\"Est\u00e1ndar, 15h\/semanales\">Est\u00e1ndar, 15h\/semanales<\/option>\n <option value=\"Intensivo, 20h\/semanales\">Intensivo, 20h\/semanales<\/option>\n <option value=\"Curso intensivo + 1 hora individual de conversaci\u00f3n o cultura espa\u00f1ola, 25h\/semanales\">Curso intensivo + 1 hora individual de conversaci\u00f3n o cultura espa\u00f1ola, 25h\/semanales<\/option>\n <optgroup label=\"Curso DELE 40h\">\n <option value=\"DELE + Curso Est\u00e1ndar\">DELE + Curso Est\u00e1ndar<\/option>\n <option value=\"DELE + Curso Intensivo\">DELE + Curso Intensivo<\/option>\n <option value=\"DELE + Curso Cultura o Conversaci\u00f3n\">DELE + Curso Cultura o Conversaci\u00f3n<\/option>\n <\/optgroup>\n <option value=\"Individual, 1-30h\/semanales\">Individual, 1-30h\/semanales (especificar horas en comentario)<\/option>\n <optgroup label=\"Curso combinado 20h-25h-30h\/semanales\">\n <option value=\"Curso Est\u00e1ndar + Curso individual\">Curso Est\u00e1ndar + Curso individual (especificar horas en comentario)<\/option>\n <option value=\"Curso Intensivo + Curso Individual\">Curso Intensivo + Curso Individual (especificar horas en comentario)<\/option>\n <option value=\"Curso Cultura o Conversaci\u00f3n + Curso Individual\">Curso Cultura o Conversaci\u00f3n + Curso Individual (especificar horas en comentario)<\/option>\n <\/optgroup>\n <option value=\"Intensivo + Espa\u00f1ol de los negocios, 23h\/semanales\">Intensivo + Espa\u00f1ol de los negocios, 23h\/semanales<\/option>\n <option value=\"Espa\u00f1ol para mayores de 50, 15h\/semanales\">Espa\u00f1ol para mayores de 50, 15h\/semanales<\/option>\n <option value=\"Espa\u00f1ol + Golf, 26h\/semanales\">Espa\u00f1ol + Golf, 26h\/semanales<\/option>\n <option value=\"Espa\u00f1ol + baile latinos, 25\/semanales\">Espa\u00f1ol + baile latinos, 25\/semanales<\/option>\n <\/select>\n\t\t\t<\/p>\n\t\t<\/div>\n\t\t<div class=\"medium-4 small-12 columns\">\n\t\t\t<p><label><span class=\"wpcf7-form-control-wrap\" data-name=\"semanas\"><input class=\"wpcf7-form-control wpcf7-number wpcf7-validates-as-number\" aria-invalid=\"false\" placeholder=\"Num. de semanas\" value=\"\" type=\"number\" name=\"semanas\" \/><\/span><\/label>\n\t\t\t<\/p>\n\t\t<\/div>\n\t\t<div class=\"medium-4 small-12 columns\">\n\t\t\t<p><label><span class=\"wpcf7-form-control-wrap\" data-name=\"desde-curso\"><input class=\"wpcf7-form-control wpcf7-date wpcf7-validates-as-date\" aria-invalid=\"false\" placeholder=\"Desde\" value=\"\" type=\"date\" name=\"desde-curso\" \/><\/span><\/label>\n\t\t\t<\/p>\n\t\t<\/div>\n\t\t<div class=\"medium-4 small-12 columns\">\n\t\t\t<p><label><span class=\"wpcf7-form-control-wrap\" data-name=\"hasta-curso\"><input class=\"wpcf7-form-control wpcf7-date wpcf7-validates-as-date\" aria-invalid=\"false\" placeholder=\"Desde\" value=\"\" type=\"date\" name=\"hasta-curso\" \/><\/span><\/label>\n\t\t\t<\/p>\n\t\t<\/div>\n\t<\/div>\n\n <!-- ALOJAMIENTO -->\n\t<div class=\"row\">\n\t\t<div class=\"medium-12 small-12 columns\">\n\t\t\t<h4 class=\"titleDestacado\">Alojamiento\n\t\t\t<\/h4>\n\t\t<\/div>\n\t\t<div class=\"medium-4 small-12 columns\">\n\t\t\t<p><select name=\"alojamiento\" class=\"wpcf7-form-control wpcf7-select wpcf7-validates-as-required\" aria-required=\"true\" aria-invalid=\"false\">\n <optgroup label=\"Familia\">\n <option value=\"Familia - Habitaci\u00f3n individual, media pensi\u00f3n\">Habitaci\u00f3n individual, media pensi\u00f3n<\/option>\n <option value=\"Familia - Habitaci\u00f3n individual, pensi\u00f3n completa\">Habitaci\u00f3n individual, pensi\u00f3n completa<\/option>\n <option value=\"Familia - Habitaci\u00f3n doble, media pensi\u00f3n\">Habitaci\u00f3n doble, media pensi\u00f3n (por favor, indique el nombre de su acompa\u00f1ante en los comentarios)<\/option>\n <option value=\"Familia - Habitaci\u00f3n doble, pensi\u00f3n completa\">Habitaci\u00f3n doble, pensi\u00f3n completa (por favor, indique el nombre de su acompa\u00f1ante en los comentarios)<\/option>\n <\/optgroup>\n <optgroup label=\"Apartamento\">\n <option value=\"Apartamento - Habitaci\u00f3n individual\">Habitaci\u00f3n individual<\/option>\n <option value=\"Apartamento - Habitaci\u00f3n doble\">Habitaci\u00f3n doble ( por favor, indique el nombre de su acompa\u00f1ante en los comentarios)<\/option>\n <\/optgroup>\n <option value=\"No\">No<\/option>\n <\/select>\n\t\t\t<\/p>\n\t\t<\/div>\n\t\t<div class=\"medium-4 small-12 columns\">\n\t\t\t<p><label><span class=\"wpcf7-form-control-wrap\" data-name=\"desde-alojamiento\"><input class=\"wpcf7-form-control wpcf7-date wpcf7-validates-as-date\" aria-invalid=\"false\" placeholder=\"Desde\" value=\"\" type=\"date\" name=\"desde-alojamiento\" \/><\/span><\/label>\n\t\t\t<\/p>\n\t\t<\/div>\n\t\t<div class=\"medium-4 small-12 columns\">\n\t\t\t<p><label><span class=\"wpcf7-form-control-wrap\" data-name=\"hasta-alojamiento\"><input class=\"wpcf7-form-control wpcf7-date wpcf7-validates-as-date\" aria-invalid=\"false\" placeholder=\"Desde\" value=\"\" type=\"date\" name=\"hasta-alojamiento\" \/><\/span><\/label>\n\t\t\t<\/p>\n\t\t<\/div>\n\t\t<div class=\"medium-12 small-12 columns\">\n\t\t\t<p><label><span class=\"wpcf7-form-control-wrap\" data-name=\"recogida-aeropuerto\"><span class=\"wpcf7-form-control wpcf7-checkbox\"><span class=\"wpcf7-list-item first last\"><input type=\"checkbox\" name=\"recogida-aeropuerto[]\" value=\"Servicio de recogida en el aeropuerto\" \/><span class=\"wpcf7-list-item-label\">Servicio de recogida en el aeropuerto<\/span><\/span><\/span><\/span><\/label>\n\t\t\t<\/p>\n\t\t<\/div>\n\t\t<div class=\"medium-4 small-12 columns\">\n\t\t\t<p><label><span class=\"wpcf7-form-control-wrap\" data-name=\"aeropuerto-dia\"><input size=\"40\" maxlength=\"400\" class=\"wpcf7-form-control wpcf7-text\" aria-invalid=\"false\" placeholder=\"D\u00eda de llegada\" value=\"\" type=\"text\" name=\"aeropuerto-dia\" \/><\/span><\/label>\n\t\t\t<\/p>\n\t\t<\/div>\n\t\t<div class=\"medium-4 small-12 columns\">\n\t\t\t<p><label><span class=\"wpcf7-form-control-wrap\" data-name=\"aeropuerto-hora\"><input size=\"40\" maxlength=\"400\" class=\"wpcf7-form-control wpcf7-text\" aria-invalid=\"false\" placeholder=\"Hora de llegada\" value=\"\" type=\"text\" name=\"aeropuerto-hora\" \/><\/span><\/label>\n\t\t\t<\/p>\n\t\t<\/div>\n\t\t<div class=\"medium-4 small-12 columns\">\n\t\t\t<p><label><span class=\"wpcf7-form-control-wrap\" data-name=\"aeropuerto-num-vuelo\"><input size=\"40\" maxlength=\"400\" class=\"wpcf7-form-control wpcf7-text\" aria-invalid=\"false\" placeholder=\"N\u00ba de vuelo\" value=\"\" type=\"text\" name=\"aeropuerto-num-vuelo\" \/><\/span><\/label>\n\t\t\t<\/p>\n\t\t<\/div>\n\t<\/div>\n\n <!-- COMENTARIO -->\n\t<div class=\"row\">\n\t\t<div class=\"medium-12 small-12 columns\">\n\t\t\t<h4 class=\"titleDestacado\">Comentario\n\t\t\t<\/h4>\n\t\t<\/div>\n\t\t<div class=\"medium-12 small-12 columns\">\n\t\t\t<p><label><span class=\"wpcf7-form-control-wrap\" data-name=\"comentarios\"><textarea cols=\"40\" rows=\"10\" maxlength=\"2000\" class=\"wpcf7-form-control wpcf7-textarea\" aria-invalid=\"false\" placeholder=\"(Alergias, enfermedades, discapacidades, dieta, vegetariana, n\u00ba de horas en caso de curso individual...)\" name=\"comentarios\"><\/textarea><\/span><\/label>\n\t\t\t<\/p>\n\t\t<\/div>\n\n\n\n <!-- PRIMERA CAPA -->\n\t\t<p><label><\/label>\n\t\t<\/p>\n\t\t<div class=\"cont-resumen\">\n\t\t\t<div class=\"tit-resumen\">\n\t\t\t\t<p>Informaci\u00f3n b\u00e1sica sobre Protecci\u00f3n de Datos\n\t\t\t\t<\/p>\n\t\t\t<\/div>\n\t\t\t<ul class=\"resumen\">\n\t\t\t\t<li>\n\t\t\t\t\t<p><span class=\"apartado\">Responsable:<\/span><span class=\"contenido\">COLEGIO INTERNACIONAL ALICANTE<span><\/span><\/span>\n\t\t\t\t\t<\/p>\n\t\t\t\t<\/li>\n\t\t\t\t<li>\n\t\t\t\t\t<p><span class=\"apartado\">Finalidad:<\/span><span class=\"contenido\">Gestionar los datos de los asociados para conseguir condiciones favorables de los mismos<span><\/span><\/span>\n\t\t\t\t\t<\/p>\n\t\t\t\t<\/li>\n\t\t\t\t<li>\n\t\t\t\t\t<p><span class=\"apartado\">Legitimaci\u00f3n:<\/span><span class=\"contenido\">Prestaci\u00f3n del consentimiento<span><\/span><\/span>\n\t\t\t\t\t<\/p>\n\t\t\t\t<\/li>\n\t\t\t\t<li>\n\t\t\t\t\t<p><span class=\"apartado\">Destinatarios:<\/span><span class=\"contenido\">No se ceder\u00e1n datos a terceros, salvo obligaci\u00f3n legal<span><\/span><\/span>\n\t\t\t\t\t<\/p>\n\t\t\t\t<\/li>\n\t\t\t\t<li>\n\t\t\t\t\t<p><span class=\"apartado\">Derechos: <\/span><span class=\"contenido\">Acceder, rectificar y suprimir los datos, as\u00ed como otros derechos, como se explica en la informaci\u00f3n adicional<span><\/span><\/span>\n\t\t\t\t\t<\/p>\n\t\t\t\t<\/li>\n\t\t\t\t<li>\n\t\t\t\t\t<p><span class=\"apartado\">Informaci\u00f3n adicional:<\/span><span class=\"contenido\">Puede consultar la informaci\u00f3n adicional y detallada sobre Protecci\u00f3n de Datos en el <a href=\"http:\/\/www.colegiointernacionalalicante.com\/es\/politica-de-privacidad\/\" rel=\"nofolow\" class=\"enl-gris\">siguiente enlace<\/a><span><\/span><\/span>\n\t\t\t\t\t<\/p>\n\t\t\t\t<\/li>\n\t\t\t<\/ul>\n\t\t<\/div>\n\t\t<div class=\"medium-6 small-12 columns\">\n\t\t\t<p><span class=\"wpcf7-form-control-wrap\" data-name=\"acceptance-834\"><span class=\"wpcf7-form-control wpcf7-acceptance\"><span class=\"wpcf7-list-item\"><input type=\"checkbox\" name=\"acceptance-834\" value=\"1\" aria-invalid=\"false\" \/><\/span><\/span><\/span> He le\u00eddo y acepto el tratamiento de mis datos en las condiciones <a href=\"http:\/\/www.colegiointernacionalalicante.com\/es\/condiciones-de-tratamiento-de-datos-personales\/\" rel=\"nofolow\">mencionadas<\/a><br \/>\n<span class=\"wpcf7-form-control-wrap\" data-name=\"acceptance-835\"><span class=\"wpcf7-form-control wpcf7-acceptance\"><span class=\"wpcf7-list-item\"><input type=\"checkbox\" name=\"acceptance-835\" value=\"1\" aria-invalid=\"false\" \/><\/span><\/span><\/span> He le\u00eddo y acepto la <a href=\"http:\/\/www.colegiointernacionalalicante.com\/es\/politica-de-privacidad\/\" rel=\"nofolow\" class=\"enl-gris\">pol\u00edtica de privacidad<\/a> y los <a href=\"https:\/\/www.colegiointernacionalalicante.com\/wp-content\/uploads\/2025\/12\/2026-TERMINOS-CONDICIONES.pdf\" rel=\"nofolow\" target=\"_blank\">T\u00e9rminos y Condiciones<\/a>\n\t\t\t<\/p>\n\t\t<\/div>\n\t\t<div class=\"medium-6 small-12 columns\">\n\t\t\t<p><label style=\"float: right;\">\n\t\t\t\t<\/label>\n\t\t\t<\/p>\n\t\t<\/div>\n\t<\/div>\n\n <!-- BOTON ENVIAR-->\n\t<div class=\"row\">\n\t\t<div class=\"medium-12 small-12 columns\">\n\t\t\t<p><label class=\"text-center\"><input class=\"wpcf7-form-control wpcf7-submit has-spinner button primary\" type=\"submit\" value=\"Solicitar inscripci\u00f3n\" \/><\/label>\n\t\t\t<\/p>\n\t\t<\/div>\n\t<\/div>\n<\/div><div class=\"wpcf7-response-output\" aria-hidden=\"true\"><\/div>\n<\/form>\n<\/div>\n<\/div><\/div><\/div><\/div><\/div><\/div><\/div><\/div><\/div>\n","protected":false},"excerpt":{"rendered":"","protected":false},"author":1,"featured_media":0,"parent":0,"menu_order":0,"comment_status":"closed","ping_status":"closed","template":"","meta":{"footnotes":""},"class_list":["post-1096","page","type-page","status-publish","hentry"],"aioseo_notices":[],"_links":{"self":[{"href":"https:\/\/www.colegiointernacionalalicante.com\/es\/wp-json\/wp\/v2\/pages\/1096","targetHints":{"allow":["GET"]}}],"collection":[{"href":"https:\/\/www.colegiointernacionalalicante.com\/es\/wp-json\/wp\/v2\/pages"}],"about":[{"href":"https:\/\/www.colegiointernacionalalicante.com\/es\/wp-json\/wp\/v2\/types\/page"}],"author":[{"embeddable":true,"href":"https:\/\/www.colegiointernacionalalicante.com\/es\/wp-json\/wp\/v2\/users\/1"}],"replies":[{"embeddable":true,"href":"https:\/\/www.colegiointernacionalalicante.com\/es\/wp-json\/wp\/v2\/comments?post=1096"}],"version-history":[{"count":19,"href":"https:\/\/www.colegiointernacionalalicante.com\/es\/wp-json\/wp\/v2\/pages\/1096\/revisions"}],"predecessor-version":[{"id":5386,"href":"https:\/\/www.colegiointernacionalalicante.com\/es\/wp-json\/wp\/v2\/pages\/1096\/revisions\/5386"}],"wp:attachment":[{"href":"https:\/\/www.colegiointernacionalalicante.com\/es\/wp-json\/wp\/v2\/media?parent=1096"}],"curies":[{"name":"wp","href":"https:\/\/api.w.org\/{rel}","templated":true}]}}