{"id":1169,"date":"2017-06-16T15:25:45","date_gmt":"2017-06-16T15:25:45","guid":{"rendered":"http:\/\/www.colegiointernacionalalicante.com\/?page_id=1169"},"modified":"2017-07-24T11:11:51","modified_gmt":"2017-07-24T11:11:51","slug":"conoce-espana","status":"publish","type":"page","link":"https:\/\/www.colegiointernacionalalicante.com\/es\/conoce-espana\/","title":{"rendered":"Conoce Espa\u00f1a"},"content":{"rendered":"<div class=\"kc-elm kc-css-555550 kc-row-container module\"><div class=\"wc-row row\"><div class=\"kc-wrap-columns\"><div class=\"kc-elm kc-css-694836 small-12 columns small-12\"><div class=\"kc-col-container\"><div class=\"kc-elm kc-css-567344 kc_row kc_row_inner\"><div class=\"kc-elm kc-css-709703 small-12 columns small-12\"><div class=\"kc_wrapper kc-col-inner-container\"><div class=\"kc-elm kc-css-601848 kc-raw-code\"><h4><strong>Localizaci\u00f3n<\/strong><\/h4><\/div><div class=\"kc-elm kc-css-511887 kc_text_block\"><p>Espa\u00f1a ocupa la mayor parte de la Pen\u00ednsula Ib\u00e9rica y es el cuarto pa\u00eds m\u00e1s grande de Europa.<\/p>\n<\/div><div class=\"kc-elm kc-css-492884\" style=\"height: 20px; clear: both; width:100%;\"><\/div><div class=\"kc-elm kc-css-989389 kc-raw-code\"><h4><strong>Climatolog\u00eda<\/strong><\/h4><\/div><div class=\"kc-elm kc-css-571682 kc_text_block\"><\/p>\n<p>El clima en Espa\u00f1a es muy variado. A causa de la gran variedad de climas, Espa\u00f1a presenta una gran variedad de flora, con m\u00e1s de 8,000 especies catalogadas.<\/p>\n<p>\n<\/div><div class=\"kc-elm kc-css-823929\" style=\"height: 20px; clear: both; width:100%;\"><\/div><div class=\"kc-elm kc-css-336597 kc-raw-code\"><h4><strong>Poblaci\u00f3n<\/strong><\/h4><\/div><div class=\"kc-elm kc-css-164764 kc_text_block\"><p>La poblaci\u00f3n de Espa\u00f1a en 2015 seg\u00fan estimaciones de la ONU es de 46,500,000, ocupando el puesto 29 en n\u00famero de habitantes de entre los 193 pa\u00edses que forman la Tierra.<\/p>\n<\/div><\/div><\/div><div class=\"kc-elm kc-css-798139 small-12 columns small-12\"><div class=\"kc_wrapper kc-col-inner-container\"><div class=\"kc-elm kc-css-990524 kc_google_maps kc_shortcode\"><div style=\"height: 370px\" class=\"kc-google-maps\"><iframe loading=\"lazy\" src=\"https:\/\/www.google.com\/maps\/embed?pb=!1m18!1m12!1m3!1d6273816.993910321!2d-7.638593156276338!3d39.84315780906136!2m3!1f0!2f0!3f0!3m2!1i1024!2i768!4f13.1!3m3!1m2!1s0xc42e3783261bc8b%3A0xa6ec2c940768a3ec!2zRXNwYcOxYQ!5e0!3m2!1ses!2ses!4v1498052988109\" width=\"100%\" height=\"370\" frameborder=\"0\" style=\"border:0\" allowfullscreen><\/iframe><\/div><\/div><\/div><\/div><\/div><div class=\"kc-elm kc-css-849632\" style=\"height: 20px; clear: both; width:100%;\"><\/div><div class=\"kc-elm kc-css-295002 kc_text_block\"><\/p>\n<h4><strong>Lenguas<\/strong><\/h4>\n<p>De acuerdo con la Constituci\u00f3n espa\u00f1ola de 1978 el espa\u00f1ol es la lengua nacional, otras lenguas son tambi\u00e9n oficiales en sus respectivas comunidades aut\u00f3nomas: catal\u00e1n, gallego, vasco, bable y valenciano.<\/p>\n<h4><strong>Divisi\u00f3n administrativa<\/strong><\/h4>\n<p>El estado espa\u00f1ol est\u00e1 integrado por 17 Comunidades Aut\u00f3nomas y 2 Ciudades Aut\u00f3nomas, siendo ambos los grupos m\u00e1s grandes e importantes en la organizaci\u00f3n administrativa del estado. Las Comunidades Aut\u00f3nomas est\u00e1n integradas por provincias, con un total de 50, a su vez las provincias est\u00e1n conformadas por los municipios.<\/p>\n<h4><strong>Comercio<\/strong><\/h4>\n<p>En Espa\u00f1a hay una gran variedad de tiendas, desde peque\u00f1as tiendas, pasando por especializadas boutiques hasta llegar a grandes almacenes, centros comerciales o tiendas outlet. Usualmente el horario de apertura de las oficinas es de 9 de la ma\u00f1ana a 6 de la tarde. Los bancos abren de 8:30 de la ma\u00f1ana a 2:30 de la tarde, de lunes a viernes, y hasta la 1 de la tarde los s\u00e1bados. Las grandes superficies abren de 10 de la ma\u00f1ana a 10 de la noche, de lunes a s\u00e1bado. Muchas tiendas peque\u00f1as y negocios generalmente cierran a mediod\u00eda entre las 2 y las 4 o 5 de la tarde. Los restaurantes abren de 1.30 a 4 de la tarde, y de 8.30 a 11.30 de la noche.<\/p>\n<p>Pubs y discotecas permanecen abiertas hasta las 3 o 6 de la madrugada.<\/p>\n<h4><strong>Impuestos<\/strong><\/h4>\n<p>El mayor impuesto indirecto en Espa\u00f1a es el IVA (Impuesto sobre el Valor A\u00f1adido). El IVA es de media del 16%.<\/p>\n<h4><strong>Salud<\/strong><\/h4>\n<p>El Servicio P\u00fablico de Salud espa\u00f1ol es gratuito para los ciudadanos de los pa\u00edses pertenecientes a la UE siempre que dispongan de su Tarjeta Sanitaria Europea. Recomendamos a los estudiantes tomar un seguro de viaje durante su estancia.<\/p>\n<p>Las farmacias abren de 9 de la ma\u00f1ana a 2 de la tarde y de 4.30 a 8 de la tarde, de lunes a viernes, los s\u00e1bados solo hasta las 2 de la tarde. En cualquier caso siempre hay farmacias de guardia abiertas las 24h.<\/p>\n<h4><\/h4>\n<p>\n<\/div><div class=\"kc-elm kc-css-39973\" style=\"height: 10px; clear: both; width:100%;\"><\/div><div class=\"kc-elm kc-css-733421 kc_row kc_row_inner\"><div class=\"kc-elm kc-css-173007 small-12 columns small-12\"><div class=\"kc_wrapper kc-col-inner-container\"><div class=\"kc-elm kc_row kc_row_inner\"><div class=\"kc-elm small-12 columns small-12\"><div class=\"kc_wrapper kc-col-inner-container\"><div class=\"kc-elm kc-css-10848 kc_text_block\"><\/p>\n<h4><strong>Seguridad<\/strong><\/h4>\n<p>Espa\u00f1a es uno de los pa\u00edses m\u00e1s seguros de Europa. En general se recomienda:<\/p>\n<ul>\n<li>Mantener siempre las pertenencias bajo control.<\/li>\n<li>Controlar los bolsos y carteras en lugares concurridos o en transportes p\u00fablicos.<\/li>\n<li>Tener cuidado con c\u00e1maras o tel\u00e9fonos en zonas de ocio o esparcimiento.<\/li>\n<li>Llegar solo lo esencial a la playa.<\/li>\n<li>Evitar lugares aislados o peligrosos.<\/li>\n<\/ul>\n<p>\n<\/div><\/div><\/div><\/div><div class=\"kc-elm kc-css-92957 kc_text_block\"><\/p>\n<p>El n\u00famero de la Polic\u00eda Nacional Polic\u00eda es el 091, el de la Guardia Civil 062, se pueden hacer denuncias por tel\u00e9fono en varias lenguas a trav\u00e9s del 902 102 112.<br \/>\nEl n\u00famero de emergencias es el 112.<\/p>\n<p>\n<\/div><\/div><\/div><\/div><div class=\"kc-elm kc-css-551499\" style=\"height: 21px; clear: both; width:100%;\"><\/div><div class=\"kc-elm kc-css-522407 kc_text_block\"><\/p>\n<h4><strong>Transporte<\/strong><\/h4>\n<p>El Sistema de carreteras es mayormente centralizado con 6 grandes autov\u00edas que conectan Madrid con el Pa\u00eds Vasco, Catalu\u00f1a, Valencia, Andaluc\u00eda, Extremadura y Galicia. Adem\u00e1s hay autopistas que recorren las costas del Atl\u00e1ntico, de El Ferrol\u00a0a\u00a0Vigo, el Cant\u00e1brico, de Oviedo\u00a0a San Sebasti\u00e1n y el Mediterr\u00e1neo, desde Girona\u00a0a\u00a0C\u00e1diz.<\/p>\n<p>Espa\u00f1a tiene la mayor red ferroviaria de alta velocidad (AVE) de Europa, siendo el segundo pa\u00eds en el mundo, despu\u00e9s de China, en cuanto a su extensi\u00f3n.<br \/>\nHay un total de 47 aeropuertos p\u00fablicos en toda Espa\u00f1a.<\/p>\n<h4><\/h4>\n<p>\n<\/div><div class=\"kc-elm kc-css-421701 kc_row kc_row_inner\"><div class=\"kc-elm kc-css-791218 small-12 columns small-12\"><div class=\"kc_wrapper kc-col-inner-container\"><div class=\"kc-elm kc-css-242241 kc_text_block\"><\/p>\n<h4><strong>Monumentos and Lugares Patrimonio de la Humanidad<\/strong><\/h4>\n<p>Espa\u00f1a es el tercer pa\u00eds del mundo en n\u00famero de lugares proclamados Patrimonio de la Humanidad, despu\u00e9s de Italia y China. En la Comunidad Valenciana est\u00e1n la Lonja de la Seda (Valencia) y\u00a0el Palmeral de Elche, (Alicante). La UNESCO ha declado al Mistery d\u2019 Elx (drama lit\u00fargico medieval, Elche, Alicante) como Obra Maestra del Patrimonio Oral e Inmaterial de la Humanidad junto a las Fallas de Valencia.<\/p>\n<p>\n<\/div><\/div><\/div><div class=\"kc-elm kc-css-398151 small-12 columns small-12\"><div class=\"kc_wrapper kc-col-inner-container\"><div class=\"kc-elm kc-css-100565 kc_shortcode kc_single_image\">\n\n        <img decoding=\"async\" src=\"https:\/\/www.colegiointernacionalalicante.com\/wp-content\/uploads\/2017\/06\/logo-unesco-266x200xc.png\" class=\"\" alt=\"\" \/>    <\/div>\n<\/div><\/div><\/div><\/div><\/div><\/div><\/div><\/div>\n","protected":false},"excerpt":{"rendered":"","protected":false},"author":1,"featured_media":0,"parent":0,"menu_order":0,"comment_status":"closed","ping_status":"closed","template":"","meta":{"footnotes":""},"class_list":["post-1169","page","type-page","status-publish","hentry"],"aioseo_notices":[],"_links":{"self":[{"href":"https:\/\/www.colegiointernacionalalicante.com\/es\/wp-json\/wp\/v2\/pages\/1169","targetHints":{"allow":["GET"]}}],"collection":[{"href":"https:\/\/www.colegiointernacionalalicante.com\/es\/wp-json\/wp\/v2\/pages"}],"about":[{"href":"https:\/\/www.colegiointernacionalalicante.com\/es\/wp-json\/wp\/v2\/types\/page"}],"author":[{"embeddable":true,"href":"https:\/\/www.colegiointernacionalalicante.com\/es\/wp-json\/wp\/v2\/users\/1"}],"replies":[{"embeddable":true,"href":"https:\/\/www.colegiointernacionalalicante.com\/es\/wp-json\/wp\/v2\/comments?post=1169"}],"version-history":[{"count":28,"href":"https:\/\/www.colegiointernacionalalicante.com\/es\/wp-json\/wp\/v2\/pages\/1169\/revisions"}],"predecessor-version":[{"id":1944,"href":"https:\/\/www.colegiointernacionalalicante.com\/es\/wp-json\/wp\/v2\/pages\/1169\/revisions\/1944"}],"wp:attachment":[{"href":"https:\/\/www.colegiointernacionalalicante.com\/es\/wp-json\/wp\/v2\/media?parent=1169"}],"curies":[{"name":"wp","href":"https:\/\/api.w.org\/{rel}","templated":true}]}}