{"id":4680,"date":"2021-04-23T13:46:04","date_gmt":"2021-04-23T13:46:04","guid":{"rendered":"http:\/\/www.colegiointernacionalalicante.com\/?page_id=4680"},"modified":"2021-04-23T13:46:04","modified_gmt":"2021-04-23T13:46:04","slug":"condiciones-de-tratamiento-de-datos-personales","status":"publish","type":"page","link":"https:\/\/www.colegiointernacionalalicante.com\/es\/condiciones-de-tratamiento-de-datos-personales\/","title":{"rendered":"Condiciones de Tratamiento de datos personales"},"content":{"rendered":"<div class=\"kc-elm kc-css-593533 kc-row-container module\"><div class=\"wc-row row\"><div class=\"kc-wrap-columns\"><div class=\"kc-elm kc-css-93818 small-12 columns small-12\"><div class=\"kc-col-container\"><div class=\"kc-elm kc_text_block\"><\/p>\n<p class=\"p1\">De conformidad con lo establecido en la normativa vigente en Protecci\u00f3n de Datos de Car\u00e1cter Personal, le informamos que sus datos ser\u00e1n incorporados al sistema de tratamiento titularidad de<b> <\/b><b>COLEGIO INTERNACIONAL ALICANTE <\/b>con la finalidad de ofrecerle la informaci\u00f3n solicitada y gestionar todos los servicios que se ofrecen desde nuestra p\u00e1gina Web.<\/p>\n<p class=\"p1\">Todos los campos se\u00f1alados con asterisco son de obligada respuesta, la negativa a realizarlo implica la imposibilidad de tramitar su registro y a su vez, el usuario se hace responsable de la veracidad de los datos.<\/p>\n<p class=\"p1\">El titular de los datos deber\u00e1 autorizar expl\u00edcitamente que acepta que sus datos sean tratados otorgando su consentimiento de modo expl\u00edcito antes de pulsar el bot\u00f3n \u201cenviar\u201d. La base legal para el tratamiento de sus datos es la prestaci\u00f3n de su consentimiento, que podr\u00e1 ser retirado cuando lo solicite.<\/p>\n<p class=\"p3\">Sus datos ser\u00e1n conservados durante el plazo estrictamente necesario para cumplir con la finalidad para la que han sido recabados y mientras persista su consentimiento y no haya sido revocado expresamente.<\/p>\n<p class=\"p3\">Usted tiene derecho a obtener confirmaci\u00f3n sobre si en COLEGIO INTERNACIONAL ALICANTE estamos tratando sus datos personales; por tanto, puede ejercer los derechos de acceso, rectificaci\u00f3n, limitaci\u00f3n de tratamiento, supresi\u00f3n, portabilidad y oposici\u00f3n al tratamiento de sus datos de car\u00e1cter personal, dirigi\u00e9ndose al correo electr\u00f3nico info@fedele.org<\/p>\n<p class=\"p1\">Solicitamos su autorizaci\u00f3n para el env\u00edo en todos los formatos existentes (SMS, email, correo postal o cualquier otro medio electr\u00f3nico) , de mensajes comerciales, promocionales, publicidad y\/o documentos<span class=\"Apple-converted-space\">\u00a0 <\/span>para la correcta ejecuci\u00f3n del servicio prestado, que consideramos puedan ser de su inter\u00e9s, a partir del estudio y segmentaci\u00f3n los datos recabados durante la navegaci\u00f3n por el website, de los datos proporcionados mediante la cumplimentaci\u00f3n de cualquier formulario, as\u00ed como los derivados de la relaci\u00f3n comercial o entrega de los productos comprados.<\/p>\n<p>\n<\/div><\/div><\/div><\/div><\/div><\/div>\n","protected":false},"excerpt":{"rendered":"","protected":false},"author":1,"featured_media":0,"parent":0,"menu_order":0,"comment_status":"closed","ping_status":"closed","template":"","meta":{"footnotes":""},"class_list":["post-4680","page","type-page","status-publish","hentry"],"aioseo_notices":[],"_links":{"self":[{"href":"https:\/\/www.colegiointernacionalalicante.com\/es\/wp-json\/wp\/v2\/pages\/4680","targetHints":{"allow":["GET"]}}],"collection":[{"href":"https:\/\/www.colegiointernacionalalicante.com\/es\/wp-json\/wp\/v2\/pages"}],"about":[{"href":"https:\/\/www.colegiointernacionalalicante.com\/es\/wp-json\/wp\/v2\/types\/page"}],"author":[{"embeddable":true,"href":"https:\/\/www.colegiointernacionalalicante.com\/es\/wp-json\/wp\/v2\/users\/1"}],"replies":[{"embeddable":true,"href":"https:\/\/www.colegiointernacionalalicante.com\/es\/wp-json\/wp\/v2\/comments?post=4680"}],"version-history":[{"count":1,"href":"https:\/\/www.colegiointernacionalalicante.com\/es\/wp-json\/wp\/v2\/pages\/4680\/revisions"}],"predecessor-version":[{"id":4681,"href":"https:\/\/www.colegiointernacionalalicante.com\/es\/wp-json\/wp\/v2\/pages\/4680\/revisions\/4681"}],"wp:attachment":[{"href":"https:\/\/www.colegiointernacionalalicante.com\/es\/wp-json\/wp\/v2\/media?parent=4680"}],"curies":[{"name":"wp","href":"https:\/\/api.w.org\/{rel}","templated":true}]}}