{"id":743,"date":"2017-05-10T08:39:46","date_gmt":"2017-05-10T08:39:46","guid":{"rendered":"http:\/\/www.colegiointernacionalalicante.com\/?page_id=743"},"modified":"2021-04-23T09:27:22","modified_gmt":"2021-04-23T09:27:22","slug":"politica-de-privacidad","status":"publish","type":"page","link":"https:\/\/www.colegiointernacionalalicante.com\/es\/politica-de-privacidad\/","title":{"rendered":"Pol\u00edtica de privacidad"},"content":{"rendered":"<div class=\"kc-elm kc-css-785342 kc-row-container module\"><div class=\"wc-row row\"><div class=\"kc-wrap-columns\"><div class=\"kc-elm kc-css-367087 small-12 columns small-12\"><div class=\"kc-col-container\"><div class=\"kc-elm kc-css-963148 kc_text_block\"><\/p>\n<p class=\"p1\">De conformidad con lo establecido en la normativa vigente en Protecci\u00f3n de Datos de Car\u00e1cter Personal, le informamos que sus datos ser\u00e1n incorporados al sistema de tratamiento titularidad de<b> COLEGIO INTERNACIONAL ALCIANTE<\/b>, C\/Pintor Aparicio 18C, 1\u00baA, 03003 Alicante y ser\u00e1n tratados en un fichero mixto de datos de car\u00e1cter personal denominados <b>GESTI\u00d3N DE ASOCIADOS. <\/b>La existencia de los ficheros se recoge en nuestro registro de actividades conforme dispone el RGPD.<\/p>\n<h3 class=\"p1\"><b>Finalidad<\/b><\/h3>\n<p class=\"p1\">La recogida y tratamiento de los datos personales, incorporados a dichos ficheros, tiene como finalidad la actividad principal de gestionar los datos de los asociados para conseguir condiciones favorables de los mismos, defender intereses comunes y promover la ense\u00f1anza del espa\u00f1ol, ofrecerles informaci\u00f3n de inter\u00e9s, as\u00ed como la realizaci\u00f3n de comunicaciones comerciales incluyendo el env\u00edo de mensajes comerciales a trav\u00e9s de SMS, email, y correo postal etc., que puedan ser de tu inter\u00e9s, a partir del estudio y segmentaci\u00f3n los datos recabados durante la navegaci\u00f3n por el website, de los datos proporcionados mediante la cumplimentaci\u00f3n de cualquier formulario, as\u00ed como los derivados de la relaci\u00f3n contractual con los asociados. \u00c9sta Web no tomar\u00e1 decisiones automatizadas, incluida la elaboraci\u00f3n de perfiles.<\/p>\n<h3 class=\"p1\"><b>Legitimaci\u00f3n <\/b><\/h3>\n<p class=\"p1\">El titular de los datos deber\u00e1 autorizar expl\u00edcitamente que acepta que sus datos sean incorporados a dichos ficheros otorgando su consentimiento de modo expl\u00edcito una vez cumplimentados sus datos en cualquiera de los formularios existentes en \u00e9sta Web en los que se les requiera cualquier dato personal obligatoriamente y antes de ser enviados. La base legal para el tratamiento de sus datos es la prestaci\u00f3n de su consentimiento, que podr\u00e1 ser retirado cuando lo solicite.<\/p>\n<h3 class=\"p1\"><b>Seguridad y deber de secreto<\/b><\/h3>\n<p class=\"p2\"><b>COLEGIO INTERNACIONAL ALICANTE <\/b>se compromete al cumplimiento de la obligaci\u00f3n de secreto respecto de los datos personales facilitados, as\u00ed como al deber de guardarlos adoptando las medidas adecuadas de \u00edndole t\u00e9cnica, organizativa y de seguridad necesarias para evitar su alteraci\u00f3n, p\u00e9rdida, tratamiento o acceso no autorizado.<\/p>\n<h3 class=\"p2\"><b>Duraci\u00f3n del tratamiento<\/b><b> <\/b><\/h3>\n<p class=\"p2\">Sus datos ser\u00e1n conservados durante el plazo estrictamente necesario para cumplir con la finalidad para la que han sido recabados y mientras persista su consentimiento y no haya sido revocado expresamente.<\/p>\n<h3 class=\"p3\"><b>Destinatarios <\/b><\/h3>\n<p class=\"p3\">Sus datos no se comunicar\u00e1n a terceros, salvo obligaci\u00f3n legal<\/p>\n<h3 class=\"p3\"><b>Derechos <\/b><\/h3>\n<p class=\"p3\">Tiene derecho a obtener confirmaci\u00f3n sobre si estamos tratando datos personales que les conciernan, a acceder a sus datos personales, as\u00ed como a solicitar la rectificaci\u00f3n de los datos inexactos o, en su caso, solicitar su supresi\u00f3n cuando, entre otros motivos, los datos ya no sean necesarios para los fines que fueron recogidos. En determinadas circunstancias, podr\u00e1n solicitar la limitaci\u00f3n del tratamiento de sus datos, en cuyo caso \u00fanicamente los conservaremos para el ejercicio o la defensa de reclamaciones. Por motivos relacionados con su situaci\u00f3n particular, podr\u00e1n oponerse al tratamiento de sus datos.<span class=\"s1\"> Tiene derecho a la portabilidad cuando sea t\u00e9cnicamente posible. Podr\u00e1 dirigi\u00e9ndose a la direcci\u00f3n postal indicada arriba o al correo electr\u00f3nico info@fedele.org para ejercer sus derechos.<\/span><\/p>\n<p>\n<\/div><\/div><\/div><\/div><\/div><\/div>\n","protected":false},"excerpt":{"rendered":"","protected":false},"author":1,"featured_media":0,"parent":0,"menu_order":0,"comment_status":"closed","ping_status":"closed","template":"","meta":{"footnotes":""},"class_list":["post-743","page","type-page","status-publish","hentry"],"aioseo_notices":[],"_links":{"self":[{"href":"https:\/\/www.colegiointernacionalalicante.com\/es\/wp-json\/wp\/v2\/pages\/743","targetHints":{"allow":["GET"]}}],"collection":[{"href":"https:\/\/www.colegiointernacionalalicante.com\/es\/wp-json\/wp\/v2\/pages"}],"about":[{"href":"https:\/\/www.colegiointernacionalalicante.com\/es\/wp-json\/wp\/v2\/types\/page"}],"author":[{"embeddable":true,"href":"https:\/\/www.colegiointernacionalalicante.com\/es\/wp-json\/wp\/v2\/users\/1"}],"replies":[{"embeddable":true,"href":"https:\/\/www.colegiointernacionalalicante.com\/es\/wp-json\/wp\/v2\/comments?post=743"}],"version-history":[{"count":4,"href":"https:\/\/www.colegiointernacionalalicante.com\/es\/wp-json\/wp\/v2\/pages\/743\/revisions"}],"predecessor-version":[{"id":4577,"href":"https:\/\/www.colegiointernacionalalicante.com\/es\/wp-json\/wp\/v2\/pages\/743\/revisions\/4577"}],"wp:attachment":[{"href":"https:\/\/www.colegiointernacionalalicante.com\/es\/wp-json\/wp\/v2\/media?parent=743"}],"curies":[{"name":"wp","href":"https:\/\/api.w.org\/{rel}","templated":true}]}}