{"id":767,"date":"2017-05-10T09:24:50","date_gmt":"2017-05-10T09:24:50","guid":{"rendered":"http:\/\/www.colegiointernacionalalicante.com\/?page_id=767"},"modified":"2025-12-12T09:44:43","modified_gmt":"2025-12-12T09:44:43","slug":"escuela","status":"publish","type":"page","link":"https:\/\/www.colegiointernacionalalicante.com\/es\/escuela\/","title":{"rendered":"Nuestra escuela"},"content":{"rendered":"<p><div id=\"contenedor-global\" class=\"kc-elm kc-css-386643 kc-row-container module\"><div class=\"wc-row row\"><div class=\"kc-wrap-columns\"><div class=\"kc-elm kc-css-345019 small-12 columns small-12\"><div class=\"kc-col-container\"><div class=\"kc-elm kc-css-859358 kc_row kc_row_inner\"><div class=\"kc-elm kc-css-560426 small-12 columns small-12\"><div class=\"kc_wrapper kc-col-inner-container\">\n\n<div class=\"image_fadein_slider kc-elm kc-css-731540 \">\n\t\t<div data-delay=\"4500\" class=\"image_fadein\" data-images=\"778,779,780,781,782\">\n\t<img decoding=\"async\" src=\"https:\/\/www.colegiointernacionalalicante.com\/wp-content\/uploads\/2017\/05\/nuestra-escuela-1.jpg\" \/><img decoding=\"async\" src=\"https:\/\/www.colegiointernacionalalicante.com\/wp-content\/uploads\/2017\/05\/nuestra-escuela-2.jpg\" \/><img decoding=\"async\" src=\"https:\/\/www.colegiointernacionalalicante.com\/wp-content\/uploads\/2017\/05\/nuestra-escuela-3.jpg\" \/><img decoding=\"async\" src=\"https:\/\/www.colegiointernacionalalicante.com\/wp-content\/uploads\/2017\/05\/nuestra-escuela-4.jpg\" \/><img decoding=\"async\" src=\"https:\/\/www.colegiointernacionalalicante.com\/wp-content\/uploads\/2017\/05\/nuestra-escuela-5.jpg\" \/>\t<\/div>\n<\/div>\n<\/div><\/div><div class=\"kc-elm kc-css-703003 small-12 columns small-12\"><div class=\"kc_wrapper kc-col-inner-container\"><div class=\"kc-elm kc-css-589926 kc_text_block welcome-message\"><\/p>\n<h2>Bienvenidos a <span style=\"color: #e79800;\">Colegio Internacional Alicante<\/span><\/h2>\n<p>Todos los profesores somos nativos y licenciados universitarios, con amplia experiencia en la ense\u00f1anza del espa\u00f1ol como lengua extranjera.<\/p>\n<p>En nuestras clases intentamos crear una atm\u00f3sfera familiar, din\u00e1mica y activa.<\/p>\n<p>El Colegio ofrece hasta seis niveles diferentes de espa\u00f1ol: inicial A1, elemental A2, medio B1, medio-alto B2, avanzado C1 y superior C2.<\/p>\n<p>Siempre garantizamos los 4 niveles b\u00e1sicos: A y B Incluso con un \u00fanico estudiante.<\/p>\n<p>\n<\/div><div class=\"kc-elm kc-css-356377\" style=\"height: 20px; clear: both; width:100%;\"><\/div><div class=\"kc-elm kc_row kc_row_inner\"><div class=\"kc-elm small-12 columns small-12\"><div class=\"kc_wrapper kc-col-inner-container\">\n<div class=\"kc-elm kc-css-598596\">\n\t<a class=\"kc_button\" href=\"https:\/\/www.colegiointernacionalalicante.com\/wp-content\/uploads\/2025\/12\/Folleto-ESPANOL.pdf\" target=\"_self\" title=\"\" onclick=\"\">\n\t\t<i class=\"fa-file-pdf-o\"><\/i>  \u00a1FOLLETO GRATUITO!\t<\/a>\n<\/div>\n<\/div><\/div><div class=\"kc-elm small-12 columns small-12\"><div class=\"kc_wrapper kc-col-inner-container\">\n<div class=\"kc-elm kc-css-716926\">\n\t<a class=\"kc_button\" href=\"https:\/\/www.colegiointernacionalalicante.com\/wp-content\/uploads\/2025\/12\/HOJA-DE-INSCRIPCION-2026.pdf\" target=\"_self\" title=\"\" onclick=\"\">\n\t\t<i class=\"fa-edit\"><\/i>  FORMULARIO DE REGISTRO\t<\/a>\n<\/div>\n<\/div><\/div><\/div><\/div><\/div><\/div><div id=\"contenedor-actividades\" class=\"kc-elm kc-css-643982 kc_row kc_row_inner\"><div class=\"kc-elm kc-css-284717 small-12 columns small-12\"><div class=\"kc_wrapper kc-col-inner-container\"><div class=\"kc-elm kc-css-469183\" style=\"height: 50px; clear: both; width:100%;\"><\/div>\n<div class=\"kc-elm kc-css-218170 kc-title-wrap \">\n\n\t<h3 class=\"kc_title\">Tenemos un variado programa de actividades extra-escolares:<\/h3>Nuestro m\u00e9todo es activo y comunicativo. El estudiante habla <strong>desde el primer d\u00eda de clase<\/strong>.\n<\/div>\n<div class=\"kc-elm kc-css-105132\" style=\"height: 30px; clear: both; width:100%;\"><\/div><div id=\"\u00bbcontenedor-iconos\u00bb\" class=\"kc-elm kc_row kc_row_inner \u00bbnuestra-escuela\u00bb\"><div class=\"kc-elm small-12 columns small-12\"><div class=\"kc_wrapper kc-col-inner-container\"><div id=\"479284\" class=\"icon-box\"><div class=\"icon-side float-left\"><i class=\"fa fa-building-o\" aria-hidden=\"true\"><\/i>\n\t\t\t\t\t<\/div>\n\t\t\t\t\t<div class=\"info-side float-left\"><p><strong>Visitas a la ciudad<\/strong><br><\/p>\n\t\t\t\t\t<\/div>\n\t\t\t\t\t<div class=\"clearfix\"><\/div>\n\t\t\t\t<\/div><div class=\"kc-elm kc-css-586333\" style=\"height: 30px; clear: both; width:100%;\"><\/div><div id=\"135831\" class=\"icon-box\"><div class=\"icon-side float-left\"><i class=\"fa fa-ticket\" aria-hidden=\"true\"><\/i>\n\t\t\t\t\t<\/div>\n\t\t\t\t\t<div class=\"info-side float-left\"><p><strong>Obras de teatro<\/strong><br><\/p>\n\t\t\t\t\t<\/div>\n\t\t\t\t\t<div class=\"clearfix\"><\/div>\n\t\t\t\t<\/div><\/div><\/div><div class=\"kc-elm small-12 columns small-12\"><div class=\"kc_wrapper kc-col-inner-container\"><div id=\"168041\" class=\"icon-box\"><div class=\"icon-side float-left\"><i class=\"fa fa-beer\" aria-hidden=\"true\"><\/i>\n\t\t\t\t\t<\/div>\n\t\t\t\t\t<div class=\"info-side float-left\"><p><strong>Fiestas<\/strong><br><\/p>\n\t\t\t\t\t<\/div>\n\t\t\t\t\t<div class=\"clearfix\"><\/div>\n\t\t\t\t<\/div><div class=\"kc-elm kc-css-924914\" style=\"height: 30px; clear: both; width:100%;\"><\/div><div id=\"687282\" class=\"icon-box\"><div class=\"icon-side float-left\"><i class=\"fa fa-futbol-o\" aria-hidden=\"true\"><\/i>\n\t\t\t\t\t<\/div>\n\t\t\t\t\t<div class=\"info-side float-left\"><p><strong>Deportes<\/strong><br><\/p>\n\t\t\t\t\t<\/div>\n\t\t\t\t\t<div class=\"clearfix\"><\/div>\n\t\t\t\t<\/div><\/div><\/div><div class=\"kc-elm small-12 columns small-12\"><div class=\"kc_wrapper kc-col-inner-container\"><div id=\"619105\" class=\"icon-box\"><div class=\"icon-side float-left\"><i class=\"fa fa-image\" aria-hidden=\"true\"><\/i>\n\t\t\t\t\t<\/div>\n\t\t\t\t\t<div class=\"info-side float-left\"><p><strong>Exposiciones de arte<\/strong><br><\/p>\n\t\t\t\t\t<\/div>\n\t\t\t\t\t<div class=\"clearfix\"><\/div>\n\t\t\t\t<\/div><div class=\"kc-elm kc-css-142354\" style=\"height: 30px; clear: both; width:100%;\"><\/div><div id=\"828636\" class=\"icon-box\"><div class=\"icon-side float-left\"><i class=\"fa et-video\" aria-hidden=\"true\"><\/i>\n\t\t\t\t\t<\/div>\n\t\t\t\t\t<div class=\"info-side float-left\"><p><strong>Cine espa\u00f1ol<\/strong><br><\/p>\n\t\t\t\t\t<\/div>\n\t\t\t\t\t<div class=\"clearfix\"><\/div>\n\t\t\t\t<\/div><\/div><\/div><div class=\"kc-elm small-12 columns small-12\"><div class=\"kc_wrapper kc-col-inner-container\"><div id=\"515600\" class=\"icon-box\"><div class=\"icon-side float-left\"><i class=\"fa fa-bank\" aria-hidden=\"true\"><\/i>\n\t\t\t\t\t<\/div>\n\t\t\t\t\t<div class=\"info-side float-left\"><p><strong>Excursiones<\/strong><br><\/p>\n\t\t\t\t\t<\/div>\n\t\t\t\t\t<div class=\"clearfix\"><\/div>\n\t\t\t\t<\/div><div class=\"kc-elm kc-css-627508\" style=\"height: 30px; clear: both; width:100%;\"><\/div><div id=\"656034\" class=\"icon-box\"><div class=\"icon-side float-left\"><i class=\"fa sl-playlist\" aria-hidden=\"true\"><\/i>\n\t\t\t\t\t<\/div>\n\t\t\t\t\t<div class=\"info-side float-left\"><p><strong>Clases de salsa<\/strong><br><\/p>\n\t\t\t\t\t<\/div>\n\t\t\t\t\t<div class=\"clearfix\"><\/div>\n\t\t\t\t<\/div><\/div><\/div><\/div><div class=\"kc-elm kc-css-678519\" style=\"height: 30px; clear: both; width:100%;\"><\/div><div class=\"kc-elm kc-css-65153 kc_text_block finalText\"><\/p>\n<p>Nuestro m\u00e9todo es activo y comunicativo. El estudiante habla\u00a0<strong>desde el primer d\u00eda de clase<\/strong>.<\/p>\n<p>Los grupos est\u00e1n formados por <strong>una media de 6 a 12 estudiantes<\/strong>, excepcionalmente hasta 14. Nuestros estudiantes vienen de todas partes del globo: alemanes, holandeses, n\u00f3rdicos\u2026 son las nacionalidades que con m\u00e1s frecuencia podr\u00e1s encontrar durante tu estancia con nosotros. Muchos est\u00e1n en sus 20, pero tambi\u00e9n damos la bienvenida a estudiantes mayores. <strong>Las clases son de 50 min.<\/strong><\/p>\n<p>Si no se ha hecho nuestro test de nivel online, el primer d\u00eda de curso se har\u00e1 un test escrito que nos ayuda a clasificar al estudiante en su nivel real de conocimiento del espa\u00f1ol. Insistimos en que todos los estudiantes completen su <strong>formaci\u00f3n con ejercicios<\/strong> en casa y asistan a todas las clases. Esto es absolutamente necesario para que la clase progrese r\u00e1pidamente y al mismo ritmo.<\/p>\n<p>Al final de cada curso\u00a0el Colegio otorgar\u00e1\u00a0al estudiante\u00a0un <strong>Certificado de Asistencia<\/strong>, aunque para obtenerlo es imprescindible asistir al 80% de las clases o un <strong>Certificado de Aprovechamiento,<\/strong> para ello, adem\u00e1s de la asistencia se debe obtener un 70% de media entre:<\/p>\n<ul>\n<li>El examen escrito (70%)<\/li>\n<li>Participaci\u00f3n y actividades en clase (30%)<\/li>\n<\/ul>\n<p>\n<\/div><\/div><\/div><\/div><div class=\"kc-elm kc-css-170431 kc_row kc_row_inner\"><div class=\"kc-elm kc-css-288925 small-12 columns small-12\"><div class=\"kc_wrapper kc-col-inner-container\"><div class=\"kc-elm kc-css-147906\" style=\"height: 50px; clear: both; width:100%;\"><\/div>\n<div class=\"kc-elm kc-css-195464 kc-title-wrap \">\n\n\t<h3 class=\"kc_title\">NUESTRA ESENCIA: M\u00e1s que aprender espa\u00f1ol<\/h3>\n<\/div>\n<div class=\"kc-elm kc-css-925401\" style=\"height: 30px; clear: both; width:100%;\"><\/div><div class=\"kc-elm kc-css-207825 kc_text_block\"><\/p>\n<p>En nuestra escuela, creemos que aprender un idioma es conectar con un mundo nuevo. Por eso, nuestra ense\u00f1anza va m\u00e1s all\u00e1 del aula: es una experiencia \u00e9tica y enriquecedora que cuida de las personas y del entorno que nos acoge.<\/p>\n<p><strong>Compromiso social y sostenible:<\/strong><br \/>No solo ense\u00f1amos espa\u00f1ol, sino que vivimos y promovemos un modelo responsable. Tu aprendizaje tiene un impacto positivo en Alicante.<\/p>\n<ul>\n<li>Huella ecol\u00f3gica m\u00ednima:\u00a0Implementamos medidas de ahorro de agua y energ\u00eda, reducci\u00f3n de residuos y uso de materiales reciclados y reutilizables.<\/li>\n<li>Protecci\u00f3n y puesta en valor:\u00a0Te invitamos a descubrir, apreciar y proteger la riqueza natural de Alicante (su flora, fauna y costas) y su excepcional patrimonio art\u00edstico, cultural y arqueol\u00f3gico.<\/li>\n<li>Apoyo al entorno local:\u00a0Fomentamos la econom\u00eda local y la autenticidad a trav\u00e9s de productos de proximidad, kil\u00f3metro cero y artesan\u00eda tradicional.<\/li>\n<li>Cultura viva:\u00a0Vivimos las fiestas, tradiciones y costumbres no como espectadores, sino como participantes, integr\u00e1ndolas en una experiencia cultural aut\u00e9ntica.<\/li>\n<\/ul>\n<p><strong>Nuestra Br\u00fajula: Misi\u00f3n, Visi\u00f3n y Valores<\/strong><br \/><strong>MISI\u00d3N<\/strong><br \/>Ser el puente emocional y cultural que conecta a personas de todo el mundo con la lengua y la esencia hispana. A trav\u00e9s de una ense\u00f1anza humana y cercana, rompemos estereotipos, fomentamos el respeto por la diversidad y creamos una comunidad global de aprendices que no solo hablan espa\u00f1ol, sino que lo sienten y lo viven.<\/p>\n<p><strong>VISI\u00d3N<\/strong><br \/>Aspiramos a ser el referente socio-cultural en la ense\u00f1anza del espa\u00f1ol en Alicante, reconocidos por nuestra excelencia docente y nuestro impacto positivo. Queremos que elegirnos sea una decisi\u00f3n de la que nuestros estudiantes y colaboradores se sientan profundamente orgullosos.<\/p>\n<p><strong>VALORES<\/strong><br \/>Estos principios gu\u00edan cada actividad, cada clase y cada decisi\u00f3n:<\/p>\n<ul>\n<li>El estudiante en el centro:\u00a0Tu experiencia, tus objetivos y tu bienestar son nuestra prioridad absoluta.<\/li>\n<li>Excelencia y profesionalidad:\u00a0Equipo docente cualificado, metodolog\u00edas innovadoras y un servicio impecable.<\/li>\n<li>Comunidad y trabajo en equipo:\u00a0Creemos en el poder de lo colectivo, tanto dentro de nuestra escuela como en nuestra relaci\u00f3n contigo.<\/li>\n<li>Mentalidad global (Internacionalizaci\u00f3n):\u00a0Creamos un entorno multicultural donde cada perspectiva enriquece el aprendizaje.<\/li>\n<li>Respeto integral:\u00a0Por la persona, por la cultura, por el medio ambiente y por el proceso de aprendizaje de cada individuo.<\/li>\n<\/ul>\n<p>\n<\/div><\/div><\/div><\/div><\/div><\/div><\/div><\/div><\/div><div class=\"kc-elm kc-css-787958 kc-row-container module\"><div class=\"wc-row\"><div class=\"kc-wrap-columns\"><div class=\"kc-elm kc-css-858443 small-12 columns small-12\"><div class=\"kc-col-container\"><div class=\"kc-elm kc-css-213470 kc_row kc_row_inner\"><div class=\"kc-elm kc-css-493159 small-12 columns small-12\"><div class=\"kc_wrapper kc-col-inner-container\">\n<div class=\"kc-elm kc-css-130339 kc-title-wrap \">\n\n\t<h3 class=\"kc_title\">Acreditaci\u00f3n<\/h3>\n<\/div>\n<div class=\"kc-elm kc-css-952264 kc_text_block\"><\/p>\n<p>\n<strong>Colegio Internacional Alicante<\/strong> ha obtenido la acreditaci\u00f3n del Instituto Cervantes, lo que significa que cumple con las condiciones establecidas por el <strong>Sistema de Acreditaci\u00f3n de Centros Instituto Cervantes<\/strong>, la \u00fanica acreditaci\u00f3n en el \u00e1mbito internacional centrada exclusivamente en la ense\u00f1anza de espa\u00f1ol como lengua extranjera.<\/p>\n<p>\n<\/div><\/div><\/div><div class=\"kc-elm kc-css-588648 small-12 columns small-12\"><div class=\"kc_wrapper kc-col-inner-container\"><div class=\"kc-elm kc_row kc_row_inner\"><div class=\"kc-elm small-12 columns small-12\"><div class=\"kc_wrapper kc-col-inner-container\"><div class=\"kc-elm kc-css-264936 kc_shortcode kc_single_image\">\n\n        <a  href=\"https:\/\/acreditacion.cervantes.es\/\" title=\"\" target=\"_self\">\n        <img decoding=\"async\" src=\"https:\/\/www.colegiointernacionalalicante.com\/wp-content\/uploads\/2017\/12\/logo-colegio-internacional-alicante.png\" class=\"\" alt=\"\" \/>    <\/a>\n    <\/div>\n<\/div><\/div><\/div><\/div><\/div><\/div><div class=\"kc-elm kc-css-286301\" style=\"height: 50px; clear: both; width:100%;\"><\/div><div class=\"kc-elm kc-css-372649 kc_row kc_row_inner\"><div class=\"kc-elm kc-css-841080 small-12 columns small-12\"><div class=\"kc_wrapper kc-col-inner-container\"><div class=\"kc-elm kc_row kc_row_inner\"><div class=\"kc-elm small-12 columns small-12\"><div class=\"kc_wrapper kc-col-inner-container\"><div class=\"kc-elm kc-css-613227 kc_shortcode kc_single_image\">\n\n        <a  href=\"https:\/\/www.calidadendestino.es\/Contenidos\/InformacionGeneral.aspx\" title=\"\" target=\"_self\">\n        <img decoding=\"async\" src=\"https:\/\/www.colegiointernacionalalicante.com\/wp-content\/uploads\/2017\/05\/compromiso-calidad.png\" class=\"\" alt=\"\" \/>    <\/a>\n    <\/div>\n<\/div><\/div><\/div><\/div><\/div><div class=\"kc-elm kc-css-267278 small-12 columns small-12\"><div class=\"kc_wrapper kc-col-inner-container\"><div class=\"kc-elm kc-css-190600 kc_text_block\"><\/p>\n<p>\n<strong>Colegio Internacional Alicante<\/strong>\u00a0es un\u00a0<strong>centro<\/strong>\u00a0comprometido con la\u00a0<strong>CALIDAD<\/strong>\u00a0y por ello, forma parte del\u00a0<strong>Sistema Integral de Calidad Tur\u00edstica En Destinos.<\/strong> SICTED es un\u00a0<strong>proyecto de mejora de la calidad<\/strong>\u00a0de los destinos tur\u00edsticos promovido por la Secretar\u00eda de Estado de Turismo, con el apoyo de la Federaci\u00f3n Espa\u00f1ola de Municipios y Provincias (FEMP), que trabaja con empresas\/servicios tur\u00edsticos de diversos sectores con el objetivo \u00faltimo de\u00a0mejorar la experiencia y satisfacci\u00f3n del turista.<\/p>\n<p>\n<\/div><\/div><\/div><\/div><div class=\"kc-elm kc-css-575070\" style=\"height: 50px; clear: both; width:100%;\"><\/div><div class=\"kc-elm kc-css-387365 kc_row kc_row_inner\"><div class=\"kc-elm kc-css-878330 small-12 columns small-12\"><div class=\"kc_wrapper kc-col-inner-container\">\n<div class=\"kc-elm kc-css-328358 kc-title-wrap \">\n\n\t<h3 class=\"kc_title\">Miembro de<\/h3>\n<\/div>\n<div class=\"kc-elm kc-css-425965\" style=\"height: 10px; clear: both; width:100%;\"><\/div><div class=\"kc-elm kc-css-330558 kc_shortcode kc_single_image\">\n\n        <img decoding=\"async\" src=\"https:\/\/www.colegiointernacionalalicante.com\/wp-content\/uploads\/2017\/04\/prov-fedele.jpg\" class=\"\" alt=\"FEDELE\" \/>    <\/div>\n<\/div><\/div><div class=\"kc-elm kc-css-230619 small-12 columns small-12\"><div class=\"kc_wrapper kc-col-inner-container\"><div class=\"kc-elm kc_row kc_row_inner\"><div class=\"kc-elm small-12 columns small-12\"><div class=\"kc_wrapper kc-col-inner-container\"><div class=\"kc-elm kc-css-844567\" style=\"height: 63px; clear: both; width:100%;\"><\/div><div class=\"kc-elm kc-css-854213 kc_shortcode kc_single_image\">\n\n        <img decoding=\"async\" src=\"https:\/\/www.colegiointernacionalalicante.com\/wp-content\/uploads\/2017\/05\/logo-fedele.jpg\" class=\"\" alt=\"FEDELE COMUNIDAD VALENCIANA\" \/>    <\/div>\n<\/div><\/div><\/div><\/div><\/div><\/div><div class=\"kc-elm kc-css-442653 kc_row kc_row_inner\"><div class=\"kc-elm kc-css-442247 small-12 columns small-12\"><div class=\"kc_wrapper kc-col-inner-container\">\n<div class=\"kc-elm kc-css-273859 kc-title-wrap \">\n\n\t<h3 class=\"kc_title\">Centro examinador<\/h3>\n<\/div>\n<div class=\"kc-elm kc-css-431768\" style=\"height: 10px; clear: both; width:100%;\"><\/div><div class=\"kc-elm kc-css-382640 kc_shortcode kc_single_image\">\n\n        <img decoding=\"async\" src=\"https:\/\/www.colegiointernacionalalicante.com\/wp-content\/uploads\/2017\/05\/prov-idele.jpg\" class=\"\" alt=\"DELE\" \/>    <\/div>\n<\/div><\/div><div class=\"kc-elm kc-css-466408 small-12 columns small-12\"><div class=\"kc_wrapper kc-col-inner-container\"><div class=\"kc-elm kc_row kc_row_inner\"><div class=\"kc-elm small-12 columns small-12\"><div class=\"kc_wrapper kc-col-inner-container\"><div class=\"kc-elm kc-css-854145\" style=\"height: 63px; clear: both; width:100%;\"><\/div><div class=\"kc-elm kc-css-516133 kc_shortcode kc_single_image\">\n\n        <img decoding=\"async\" src=\"https:\/\/www.colegiointernacionalalicante.com\/wp-content\/uploads\/2017\/12\/ccse-logo.png\" class=\"\" alt=\"CCSE\" \/>    <\/div>\n<\/div><\/div><\/div><\/div><\/div><div class=\"kc-elm kc-css-432899 small-12 columns small-12\"><div class=\"kc_wrapper kc-col-inner-container\"><div class=\"kc-elm kc_row kc_row_inner\"><div class=\"kc-elm small-12 columns small-12\"><div class=\"kc_wrapper kc-col-inner-container\"><div class=\"kc-elm kc-css-27867\" style=\"height: 63px; clear: both; width:100%;\"><\/div><div class=\"kc-elm kc-css-408799 kc_shortcode kc_single_image\">\n\n        <img decoding=\"async\" src=\"https:\/\/www.colegiointernacionalalicante.com\/wp-content\/uploads\/2017\/12\/siele-logo-1.png\" class=\"\" alt=\"SICIC\" \/>    <\/div>\n<\/div><\/div><\/div><\/div><\/div><\/div><div class=\"kc-elm kc-css-742633 kc_row kc_row_inner\"><div class=\"kc-elm kc-css-156055 small-12 columns small-12\"><div class=\"kc_wrapper kc-col-inner-container\">\n<div class=\"kc-elm kc-css-905338 kc-title-wrap \">\n\n\t<h3 class=\"kc_title\">Reconocimientos<\/h3>\n<\/div>\n<div class=\"kc-elm kc-css-811479\" style=\"height: 10px; clear: both; width:100%;\"><\/div><div class=\"kc-elm kc-css-239062 kc_shortcode kc_single_image\">\n\n        <img decoding=\"async\" src=\"https:\/\/www.colegiointernacionalalicante.com\/wp-content\/uploads\/2017\/05\/prov-lanekassen.jpg\" class=\"\" alt=\"DELE\" \/>    <\/div>\n<\/div><\/div><div class=\"kc-elm kc-css-127922 small-12 columns small-12\"><div class=\"kc_wrapper kc-col-inner-container\"><div class=\"kc-elm kc_row kc_row_inner\"><div class=\"kc-elm small-12 columns small-12\"><div class=\"kc_wrapper kc-col-inner-container\"><div class=\"kc-elm kc-css-354716\" style=\"height: 63px; clear: both; width:100%;\"><\/div><div class=\"kc-elm kc-css-253388 kc_shortcode kc_single_image\">\n\n        <img decoding=\"async\" src=\"https:\/\/www.colegiointernacionalalicante.com\/wp-content\/uploads\/2017\/05\/prov-csn.jpg\" class=\"\" alt=\"CCSE\" \/>    <\/div>\n<\/div><\/div><\/div><\/div><\/div><div class=\"kc-elm kc-css-13626 small-12 columns small-12\"><div class=\"kc_wrapper kc-col-inner-container\"><div class=\"kc-elm kc_row kc_row_inner\"><div class=\"kc-elm small-12 columns small-12\"><div class=\"kc_wrapper kc-col-inner-container\"><div class=\"kc-elm kc-css-359293\" style=\"height: 63px; clear: both; width:100%;\"><\/div><div class=\"kc-elm kc-css-686712 kc_shortcode kc_single_image\">\n\n        <img decoding=\"async\" src=\"https:\/\/www.colegiointernacionalalicante.com\/wp-content\/uploads\/2017\/05\/prov-bildungsurlaub.jpg\" class=\"\" alt=\"SICIC\" \/>    <\/div>\n<\/div><\/div><\/div><\/div><\/div><\/div><\/div><\/div><\/div><\/div><\/div><div class=\"kc-elm kc-css-834724 kc-row-container module\"><div class=\"wc-row row\"><div class=\"kc-wrap-columns\"><div class=\"kc-elm kc-css-400102 small-12 columns small-12\"><div class=\"kc-col-container\"><div class=\"kc-elm kc-css-89139\" style=\"height: 30px; clear: both; width:100%;\"><\/div>\n<div class=\"kc-elm kc-css-909447 kc-title-wrap \">\n\n\t<h3 class=\"kc_title\">Creditos<\/h3>\n<\/div>\n<div class=\"kc-elm kc-css-724507\" style=\"height: 5px; clear: both; width:100%;\"><\/div><div class=\"kc-elm kc-css-842701 kc_row kc_row_inner\"><div class=\"kc-elm kc-css-588948 small-12 columns small-12\"><div class=\"kc_wrapper kc-col-inner-container\"><div class=\"kc-elm kc-css-336169 kc_text_block\"><\/p>\n<p>Colegio Internacional Alicante transfiere cr\u00e9ditos a:<\/p>\n<ul>\n<li>Eastern Connecticut State University (USA)<\/li>\n<li>Coll\u00e8ge du Maisonneuve (Canad\u00e1)<\/li>\n<\/ul>\n<p>Podemos tambi\u00e9n transferirlos a estudiantes de otras Universidades o Colegios a trav\u00e9s de ellos con un coste extra.<\/p>\n<p>\n<\/div><\/div><\/div><div class=\"kc-elm kc-css-994551 small-12 columns small-12\"><div class=\"kc_wrapper kc-col-inner-container\"><div class=\"kc-elm kc_row kc_row_inner\"><div class=\"kc-elm small-12 columns small-12\"><div class=\"kc_wrapper kc-col-inner-container\"><div class=\"kc-elm kc-css-462580 kc_shortcode kc_single_image\">\n\n        <img decoding=\"async\" src=\"https:\/\/www.colegiointernacionalalicante.com\/wp-content\/uploads\/2017\/05\/logo-eastern.jpg\" class=\"\" alt=\"Eastern\" \/>    <\/div>\n<\/div><\/div><div class=\"kc-elm small-12 columns small-12\"><div class=\"kc_wrapper kc-col-inner-container\"><div class=\"kc-elm kc-css-662238 kc_shortcode kc_single_image\">\n\n        <img decoding=\"async\" src=\"https:\/\/www.colegiointernacionalalicante.com\/wp-content\/uploads\/2017\/05\/logo-college-de-maisonneuve.jpg\" class=\"\" alt=\"College de maisonneuve\" \/>    <\/div>\n<\/div><\/div><\/div><\/div><\/div><\/div><\/div><\/div><\/div><\/div><\/div><\/p>\n","protected":false},"excerpt":{"rendered":"","protected":false},"author":1,"featured_media":0,"parent":0,"menu_order":0,"comment_status":"closed","ping_status":"closed","template":"","meta":{"footnotes":""},"class_list":["post-767","page","type-page","status-publish","hentry"],"aioseo_notices":[],"_links":{"self":[{"href":"https:\/\/www.colegiointernacionalalicante.com\/es\/wp-json\/wp\/v2\/pages\/767","targetHints":{"allow":["GET"]}}],"collection":[{"href":"https:\/\/www.colegiointernacionalalicante.com\/es\/wp-json\/wp\/v2\/pages"}],"about":[{"href":"https:\/\/www.colegiointernacionalalicante.com\/es\/wp-json\/wp\/v2\/types\/page"}],"author":[{"embeddable":true,"href":"https:\/\/www.colegiointernacionalalicante.com\/es\/wp-json\/wp\/v2\/users\/1"}],"replies":[{"embeddable":true,"href":"https:\/\/www.colegiointernacionalalicante.com\/es\/wp-json\/wp\/v2\/comments?post=767"}],"version-history":[{"count":220,"href":"https:\/\/www.colegiointernacionalalicante.com\/es\/wp-json\/wp\/v2\/pages\/767\/revisions"}],"predecessor-version":[{"id":5752,"href":"https:\/\/www.colegiointernacionalalicante.com\/es\/wp-json\/wp\/v2\/pages\/767\/revisions\/5752"}],"wp:attachment":[{"href":"https:\/\/www.colegiointernacionalalicante.com\/es\/wp-json\/wp\/v2\/media?parent=767"}],"curies":[{"name":"wp","href":"https:\/\/api.w.org\/{rel}","templated":true}]}}