{"id":860,"date":"2017-05-12T14:33:35","date_gmt":"2017-05-12T14:33:35","guid":{"rendered":"http:\/\/www.colegiointernacionalalicante.com\/?page_id=860"},"modified":"2022-11-29T10:00:57","modified_gmt":"2022-11-29T10:00:57","slug":"alojamiento","status":"publish","type":"page","link":"https:\/\/www.colegiointernacionalalicante.com\/es\/alojamiento\/","title":{"rendered":"Alojamiento"},"content":{"rendered":"<div class=\"kc-elm kc-css-492247 kc-row-container module\"><div class=\"wc-row row\"><div class=\"kc-wrap-columns\"><div class=\"kc-elm kc-css-748581 small-12 columns small-12\"><div class=\"kc-col-container\"><div id=\" \" class=\"kc-elm kc-css-520373 kc_row kc_row_inner\"><div class=\"kc-elm kc-css-928041 small-12 columns small-12\"><div class=\"kc_wrapper kc-col-inner-container\">\n\n<div class=\"image_fadein_slider kc-elm kc-css-521886 \">\n\t\t<div data-delay=\"4000\" class=\"image_fadein\" data-images=\"914,917,915,916,918\">\n\t<img decoding=\"async\" src=\"https:\/\/www.colegiointernacionalalicante.com\/wp-content\/uploads\/2017\/05\/alojamiento-1.jpg\" \/><img decoding=\"async\" src=\"https:\/\/www.colegiointernacionalalicante.com\/wp-content\/uploads\/2017\/05\/alojamiento-4.jpg\" \/><img decoding=\"async\" src=\"https:\/\/www.colegiointernacionalalicante.com\/wp-content\/uploads\/2017\/05\/alojamiento-2.jpg\" \/><img decoding=\"async\" src=\"https:\/\/www.colegiointernacionalalicante.com\/wp-content\/uploads\/2017\/05\/alojamiento-3.jpg\" \/><img decoding=\"async\" src=\"https:\/\/www.colegiointernacionalalicante.com\/wp-content\/uploads\/2017\/05\/alojamiento-5.jpg\" \/>\t<\/div>\n<\/div>\n<\/div><\/div><div class=\"kc-elm kc-css-567483 small-12 columns small-12\"><div class=\"kc_wrapper kc-col-inner-container\"><div class=\"kc-elm kc-css-431968 kc_text_block\"><\/p>\n<p>Nuestros alumnos pueden elegir diferentes formas de alojamiento:<br \/>\nEn <strong>familias de acogida<\/strong> o en <strong>apartamentos compartidos<\/strong> con otros estudiantes.<\/p>\n<p>Las familias tratan a los estudiantes como a un miembro m\u00e1s. Con esta modalidad el estudiante tiene la oportunidad de participar en la vida diaria de <strong>una familia espa\u00f1ola<\/strong>, a cambio debe adaptarse a sus costumbres y forma de vida.<\/p>\n<p><strong>Las opciones son<\/strong>: habitaci\u00f3n individual o doble con pensi\u00f3n completa o media pensi\u00f3n:<\/p>\n<ul>\n<li>La media pensi\u00f3n incluye desayuno, cena y colada.<\/li>\n<li>La pensi\u00f3n completa, desayuno, comida, cena y colada.<\/li>\n<\/ul>\n<p>Los apartamentos compartidos son otra interesante elecci\u00f3n.<\/p>\n<p>\n<\/div><\/div><\/div><\/div><div class=\"kc-elm kc-css-280345\" style=\"height: 20px; clear: both; width:100%;\"><\/div><div class=\"kc-elm kc-css-472284 kc_text_block\"><\/p>\n<p><strong>El estudiante compartir\u00e1 el apartamento con otros estudiantes<\/strong> de nuestro colegio o con espa\u00f1oles. En este caso puede disponer de habitaci\u00f3n individual o doble. Los apartamentos son c\u00f3modos, pero amueblados de una forma sencilla, no espere lujos. Con esta modalidad, los estudiantes se responsabilizan de la limpieza de los mismos, debiendo traer sus propias toallas.<\/p>\n<p>Tanto los apartamentos como <strong>las familias de acogida han sido seleccionados cuidadosamente<\/strong> y son visitados regularmente por nuestro personal.<\/p>\n<p>\n<\/div><div class=\"kc-elm kc-css-752553\" style=\"height: 20px; clear: both; width:100%;\"><\/div>\n<div class=\"kc-elm kc-css-237534\">\n\t<a class=\"kc_button\" href=\"https:\/\/www.colegiointernacionalalicante.com\/wp-content\/uploads\/2022\/11\/2022-2023-Student\u00b4s-lodging.pdf\" target=\"_blank\" title=\"\" onclick=\"\">\n\t\t<i class=\"fa-file-pdf-o\"><\/i> Descargar manual del alojamiento\t<\/a>\n<\/div>\n<div class=\"kc-elm kc-css-293610\" style=\"height: 35px; clear: both; width:100%;\"><\/div>\n<div class=\"kc-elm kc-css-653166 kc-title-wrap \">\n\n\t<h2 class=\"kc_title\">ALOJAMIENTOS EN FAMILIA<\/h2><div style='height: 1px; background: #333;'><\/div>\n<\/div>\n<div class=\"kc-elm kc-css-402238\" style=\"height: 20px; clear: both; width:100%;\"><\/div><div id=\" \" class=\"kc-elm kc-css-194807 kc_row kc_row_inner\"><div class=\"kc-elm kc-css-643406 small-12 columns small-12\"><div class=\"kc_wrapper kc-col-inner-container\">\n<div class=\"kc-elm kc-css-805278 kc-pricing-tables kc-pricing-layout-3 kc-price-before-currency\">\n\n\t<div class=\"content-title\">HABITACI\u00d3N INDIVIDUAL<\/div><ul class=\"content-desc\"><li>Pensi\u00f3n completa\r <\/li><li> <\/li><\/ul><div class=\"kc-pricing-price\"><span class=\"content-price\">28<\/span><span class=\"content-currency\">\u20ac<\/span><span class=\"content-duration\"> \/ NOCHE<\/span><\/div><div class=\"content-button\"><a href=\"http:\/\/www.colegiointernacionalalicante.com\/contacto\/\">Contactar<\/a><\/div>\n<\/div>\n<\/div><\/div><div class=\"kc-elm kc-css-508694 small-12 columns small-12\"><div class=\"kc_wrapper kc-col-inner-container\">\n<div class=\"kc-elm kc-css-670622 kc-pricing-tables kc-pricing-layout-3 kc-price-before-currency\">\n\n\t<div class=\"content-title\">HABITACI\u00d3N INDIVIDUAL<\/div><ul class=\"content-desc\"><li>Media pensi\u00f3n\r <\/li><li> <\/li><\/ul><div class=\"kc-pricing-price\"><span class=\"content-price\">25<\/span><span class=\"content-currency\">\u20ac<\/span><span class=\"content-duration\"> \/ NOCHE<\/span><\/div><div class=\"content-button\"><a href=\"http:\/\/www.colegiointernacionalalicante.com\/contacto\/\">Contactar<\/a><\/div>\n<\/div>\n<\/div><\/div><div class=\"kc-elm kc-css-512359 small-12 columns small-12\"><div class=\"kc_wrapper kc-col-inner-container\">\n<div class=\"kc-elm kc-css-630595 kc-pricing-tables kc-pricing-layout-3 kc-price-before-currency\">\n\n\t<div class=\"content-title\">HABITACI\u00d3N DOBLE<\/div><ul class=\"content-desc\"><li>Pensi\u00f3n completa\r <\/li><li> <\/li><\/ul><div class=\"kc-pricing-price\"><span class=\"content-price\">26<\/span><span class=\"content-currency\">\u20ac<\/span><span class=\"content-duration\"> \/ NOCHE - PERSONA<\/span><\/div><div class=\"content-button\"><a href=\"http:\/\/www.colegiointernacionalalicante.com\/contacto\/\">Contactar<\/a><\/div>\n<\/div>\n<\/div><\/div><div class=\"kc-elm kc-css-849621 small-12 columns small-12\"><div class=\"kc_wrapper kc-col-inner-container\">\n<div class=\"kc-elm kc-css-736006 kc-pricing-tables kc-pricing-layout-3 kc-price-before-currency\">\n\n\t<div class=\"content-title\">HABITACI\u00d3N DOBLE<\/div><ul class=\"content-desc\"><li>Media pensi\u00f3n\r <\/li><li> <\/li><\/ul><div class=\"kc-pricing-price\"><span class=\"content-price\">23<\/span><span class=\"content-currency\">\u20ac<\/span><span class=\"content-duration\"> \/ NOCHE - PERSONA<\/span><\/div><div class=\"content-button\"><a href=\"http:\/\/www.colegiointernacionalalicante.com\/contacto\/\">Contactar<\/a><\/div>\n<\/div>\n<\/div><\/div><\/div><div class=\"kc-elm kc-css-892399\" style=\"height: 35px; clear: both; width:100%;\"><\/div>\n<div class=\"kc-elm kc-css-822484 kc-title-wrap \">\n\n\t<h2 class=\"kc_title\">ALOJAMIENTOS EN APARTAMENTOS<\/h2><div style='height: 1px; background: #333;'><\/div>\n<\/div>\n<div class=\"kc-elm kc-css-105322\" style=\"height: 20px; clear: both; width:100%;\"><\/div><div id=\" \" class=\"kc-elm kc-css-903055 kc_row kc_row_inner\"><div class=\"kc-elm kc-css-718172 small-12 columns small-12\"><div class=\"kc_wrapper kc-col-inner-container\">\n<div class=\"kc-elm kc-css-31121 kc-pricing-tables kc-pricing-layout-3 kc-price-before-currency\">\n\n\t<div class=\"content-title\">HABITACI\u00d3N INDIVIDUAL<\/div><ul class=\"content-desc\"><li>2 semanas\r <\/li><li> <\/li><\/ul><div class=\"kc-pricing-price\"><span class=\"content-price\">220<\/span><span class=\"content-currency\">\u20ac<\/span><\/div><div class=\"content-button\"><a href=\"http:\/\/www.colegiointernacionalalicante.com\/contacto\/\">Contactar<\/a><\/div>\n<\/div>\n<\/div><\/div><div class=\"kc-elm kc-css-101870 small-12 columns small-12\"><div class=\"kc_wrapper kc-col-inner-container\">\n<div class=\"kc-elm kc-css-589853 kc-pricing-tables kc-pricing-layout-3 kc-price-before-currency\">\n\n\t<div class=\"content-title\">HABITACI\u00d3N INDIVIDUAL<\/div><ul class=\"content-desc\"><li>Semana extra\r <\/li><li> <\/li><\/ul><div class=\"kc-pricing-price\"><span class=\"content-price\">110<\/span><span class=\"content-currency\">\u20ac<\/span><\/div><div class=\"content-button\"><a href=\"http:\/\/www.colegiointernacionalalicante.com\/contacto\/\">Contactar<\/a><\/div>\n<\/div>\n<\/div><\/div><div class=\"kc-elm kc-css-794482 small-12 columns small-12\"><div class=\"kc_wrapper kc-col-inner-container\">\n<div class=\"kc-elm kc-css-488109 kc-pricing-tables kc-pricing-layout-3 kc-price-before-currency\">\n\n\t<div class=\"content-title\">HABITACI\u00d3N DOBLE<\/div><ul class=\"content-desc\"><li>2 semanas\r <\/li><li> <\/li><\/ul><div class=\"kc-pricing-price\"><span class=\"content-price\">190<\/span><span class=\"content-currency\">\u20ac<\/span><span class=\"content-duration\"> \/ POR PERSONA<\/span><\/div><div class=\"content-button\"><a href=\"http:\/\/www.colegiointernacionalalicante.com\/contacto\/\">Contactar<\/a><\/div>\n<\/div>\n<\/div><\/div><div class=\"kc-elm kc-css-773151 small-12 columns small-12\"><div class=\"kc_wrapper kc-col-inner-container\">\n<div class=\"kc-elm kc-css-405376 kc-pricing-tables kc-pricing-layout-3 kc-price-before-currency\">\n\n\t<div class=\"content-title\">HABITACI\u00d3N DOBLE<\/div><ul class=\"content-desc\"><li>Semana extra\r <\/li><li> <\/li><\/ul><div class=\"kc-pricing-price\"><span class=\"content-price\">95<\/span><span class=\"content-currency\">\u20ac<\/span><span class=\"content-duration\"> \/ POR PERSONA<\/span><\/div><div class=\"content-button\"><a href=\"http:\/\/www.colegiointernacionalalicante.com\/contacto\/\">Contactar<\/a><\/div>\n<\/div>\n<\/div><\/div><\/div><\/div><\/div><\/div><\/div><\/div>\n","protected":false},"excerpt":{"rendered":"","protected":false},"author":1,"featured_media":0,"parent":0,"menu_order":0,"comment_status":"closed","ping_status":"closed","template":"","meta":{"footnotes":""},"class_list":["post-860","page","type-page","status-publish","hentry"],"aioseo_notices":[],"_links":{"self":[{"href":"https:\/\/www.colegiointernacionalalicante.com\/es\/wp-json\/wp\/v2\/pages\/860","targetHints":{"allow":["GET"]}}],"collection":[{"href":"https:\/\/www.colegiointernacionalalicante.com\/es\/wp-json\/wp\/v2\/pages"}],"about":[{"href":"https:\/\/www.colegiointernacionalalicante.com\/es\/wp-json\/wp\/v2\/types\/page"}],"author":[{"embeddable":true,"href":"https:\/\/www.colegiointernacionalalicante.com\/es\/wp-json\/wp\/v2\/users\/1"}],"replies":[{"embeddable":true,"href":"https:\/\/www.colegiointernacionalalicante.com\/es\/wp-json\/wp\/v2\/comments?post=860"}],"version-history":[{"count":35,"href":"https:\/\/www.colegiointernacionalalicante.com\/es\/wp-json\/wp\/v2\/pages\/860\/revisions"}],"predecessor-version":[{"id":5051,"href":"https:\/\/www.colegiointernacionalalicante.com\/es\/wp-json\/wp\/v2\/pages\/860\/revisions\/5051"}],"wp:attachment":[{"href":"https:\/\/www.colegiointernacionalalicante.com\/es\/wp-json\/wp\/v2\/media?parent=860"}],"curies":[{"name":"wp","href":"https:\/\/api.w.org\/{rel}","templated":true}]}}