{"id":875,"date":"2017-05-15T07:57:54","date_gmt":"2017-05-15T07:57:54","guid":{"rendered":"http:\/\/www.colegiointernacionalalicante.com\/?page_id=875"},"modified":"2018-11-23T10:18:27","modified_gmt":"2018-11-23T10:18:27","slug":"profesores","status":"publish","type":"page","link":"https:\/\/www.colegiointernacionalalicante.com\/es\/profesores\/","title":{"rendered":"Profesores"},"content":{"rendered":"<p><div class=\"kc-elm kc-css-885499 kc-row-container module\"><div class=\"wc-row row\"><div class=\"kc-wrap-columns\"><div class=\"kc-elm kc-css-587849 small-12 columns small-12\"><div class=\"kc-col-container\"><div class=\"kc-elm kc-css-675607 kc_shortcode kc_single_image\">\n\n        <img decoding=\"async\" src=\"https:\/\/www.colegiointernacionalalicante.com\/wp-content\/uploads\/2017\/05\/profesores.jpg\" class=\"thumbnail\" alt=\"\" \/>    <\/div>\n<\/div><\/div><div class=\"kc-elm kc-css-470958 small-12 columns small-12\"><div class=\"kc-col-container\"><div class=\"kc-elm kc-css-916340 kc_text_block staff-introduction\"><\/p>\n<h2>TUS PROFESORES<\/h2>\n<p><strong>BIENVENIDOS<\/strong><\/p>\n<p>\u00abUn equipo base estable con <strong>m\u00e1s de 20 a\u00f1os de experiencia<\/strong> en la ense\u00f1anza de espa\u00f1ol a tu servicio que ha desarrollado una METODOLOG\u00cdA PROPIA.<\/p>\n<p>Con <strong>Colegio Internacional Alicante<\/strong> descubrir\u00e1s OTRA FORMA de aprender espa\u00f1ol, descubrir\u00e1s UNA METODOLOG\u00cdA que convierte algo que requiere dedicaci\u00f3n y constancia, en algo divertido, en un juego interesante. Todos sabemos que aprendemos mejor y m\u00e1s r\u00e1pidamente\u00a0aquello que nos gusta. Est\u00e1 claro que la motivaci\u00f3n es fundamental para llevar a cabo cualquier actividad que nos resulte trabajosa. El reforzamiento positivo nos motiva a seguir delante de ah\u00ed que en Colegio Internacional Alicante lo hayamos usado como base de nuestra metodolog\u00eda.<\/p>\n<p>Si a lo anterior le a\u00f1ades un amplio dominio de los <strong>m\u00e9todos comunicativos<\/strong>, por tareas y cooperativos, adem\u00e1s de un profundo conocimiento de la gram\u00e1tica del espa\u00f1ol,\u00a0descubrir\u00e1s porqu\u00e9 nuestros alumnos disfrutan y se divierten en nuestras clases. Pero, eso s\u00ed, siempre con un objetivo claro, hacerte sentir, vivir y hablar espa\u00f1ol desde el primer d\u00eda.\u00bb<\/p>\n<p><strong>Inmaculada Fern\u00e1ndez<\/strong><br \/>\n<strong>Directora<\/strong><\/p>\n<p>\n<\/div><\/div><\/div><\/div><\/div><\/div><div class=\"kc-elm kc-css-19547 kc-row-container module\"><div class=\"wc-row row\"><div class=\"kc-wrap-columns\"><div class=\"kc-elm kc-css-474545 small-12 columns small-12\"><div class=\"kc-col-container\">\n<div class=\"kc-elm kc-css-261349 kc-title-wrap \">\n\n\t<h2 class=\"kc_title section-title\">Profesores<\/h2>\n<\/div>\n<div id=\"574703\" class=\"grid-teachers row\"><div class=\"small-12 medium-4 columns staff-box\"><div class=\"shadow\"><div class=\"staff-box\"><a href=\"https:\/\/www.colegiointernacionalalicante.com\/es\/teachers\/inma\/\"><img loading=\"lazy\" decoding=\"async\" width=\"350\" height=\"350\" src=\"https:\/\/www.colegiointernacionalalicante.com\/wp-content\/uploads\/2016\/11\/profesor-inma.jpg\" class=\"attachment-wc-teacher-thumbnail size-wc-teacher-thumbnail wp-post-image\" alt=\"\" srcset=\"https:\/\/www.colegiointernacionalalicante.com\/wp-content\/uploads\/2016\/11\/profesor-inma.jpg 350w, https:\/\/www.colegiointernacionalalicante.com\/wp-content\/uploads\/2016\/11\/profesor-inma-150x150.jpg 150w, https:\/\/www.colegiointernacionalalicante.com\/wp-content\/uploads\/2016\/11\/profesor-inma-300x300.jpg 300w, https:\/\/www.colegiointernacionalalicante.com\/wp-content\/uploads\/2016\/11\/profesor-inma-175x175.jpg 175w, https:\/\/www.colegiointernacionalalicante.com\/wp-content\/uploads\/2016\/11\/profesor-inma-165x165.jpg 165w\" sizes=\"auto, (max-width: 350px) 100vw, 350px\" \/><\/a><div class=\"staff-links\"><\/div><!-- staff links \/--><\/div><!-- Thumbnail class \/--><div class=\"staff-detail\"><h4><a href=\"https:\/\/www.colegiointernacionalalicante.com\/es\/teachers\/inma\/\">Inma<\/a><br><span>Licenciada en Filosof\u00eda y Letras <\/span><\/h4><a href=\"https:\/\/www.colegiointernacionalalicante.com\/es\/teachers\/inma\/\" class=\"small-button\">Read More &raquo;<\/a><\/div> <!-- Meta Info \/--><\/div><!-- Iner Div \/--><\/div><!-- teacher Ends --><div class=\"small-12 medium-4 columns staff-box\"><div class=\"shadow\"><div class=\"staff-box\"><a href=\"https:\/\/www.colegiointernacionalalicante.com\/es\/teachers\/gregorio\/\"><img loading=\"lazy\" decoding=\"async\" width=\"350\" height=\"350\" src=\"https:\/\/www.colegiointernacionalalicante.com\/wp-content\/uploads\/2016\/11\/profesor-gregorio-2.jpg\" class=\"attachment-wc-teacher-thumbnail size-wc-teacher-thumbnail wp-post-image\" alt=\"\" srcset=\"https:\/\/www.colegiointernacionalalicante.com\/wp-content\/uploads\/2016\/11\/profesor-gregorio-2.jpg 350w, https:\/\/www.colegiointernacionalalicante.com\/wp-content\/uploads\/2016\/11\/profesor-gregorio-2-150x150.jpg 150w, https:\/\/www.colegiointernacionalalicante.com\/wp-content\/uploads\/2016\/11\/profesor-gregorio-2-300x300.jpg 300w, https:\/\/www.colegiointernacionalalicante.com\/wp-content\/uploads\/2016\/11\/profesor-gregorio-2-175x175.jpg 175w, https:\/\/www.colegiointernacionalalicante.com\/wp-content\/uploads\/2016\/11\/profesor-gregorio-2-165x165.jpg 165w\" sizes=\"auto, (max-width: 350px) 100vw, 350px\" \/><\/a><div class=\"staff-links\"><\/div><!-- staff links \/--><\/div><!-- Thumbnail class \/--><div class=\"staff-detail\"><h4><a href=\"https:\/\/www.colegiointernacionalalicante.com\/es\/teachers\/gregorio\/\">Gregorio<\/a><br><span>Licenciado en Filosof\u00eda y Letras<\/span><\/h4><a href=\"https:\/\/www.colegiointernacionalalicante.com\/es\/teachers\/gregorio\/\" class=\"small-button\">Read More &raquo;<\/a><\/div> <!-- Meta Info \/--><\/div><!-- Iner Div \/--><\/div><!-- teacher Ends --><div class=\"small-12 medium-4 columns staff-box\"><div class=\"shadow\"><div class=\"staff-box\"><a href=\"https:\/\/www.colegiointernacionalalicante.com\/es\/teachers\/manuel\/\"><img loading=\"lazy\" decoding=\"async\" width=\"350\" height=\"350\" src=\"https:\/\/www.colegiointernacionalalicante.com\/wp-content\/uploads\/2016\/11\/profesor-manolo.jpg\" class=\"attachment-wc-teacher-thumbnail size-wc-teacher-thumbnail wp-post-image\" alt=\"\" srcset=\"https:\/\/www.colegiointernacionalalicante.com\/wp-content\/uploads\/2016\/11\/profesor-manolo.jpg 350w, https:\/\/www.colegiointernacionalalicante.com\/wp-content\/uploads\/2016\/11\/profesor-manolo-150x150.jpg 150w, https:\/\/www.colegiointernacionalalicante.com\/wp-content\/uploads\/2016\/11\/profesor-manolo-300x300.jpg 300w, https:\/\/www.colegiointernacionalalicante.com\/wp-content\/uploads\/2016\/11\/profesor-manolo-175x175.jpg 175w, https:\/\/www.colegiointernacionalalicante.com\/wp-content\/uploads\/2016\/11\/profesor-manolo-165x165.jpg 165w\" sizes=\"auto, (max-width: 350px) 100vw, 350px\" \/><\/a><div class=\"staff-links\"><\/div><!-- staff links \/--><\/div><!-- Thumbnail class \/--><div class=\"staff-detail\"><h4><a href=\"https:\/\/www.colegiointernacionalalicante.com\/es\/teachers\/manuel\/\">Manuel<\/a><br><span>Licenciado en Filosof\u00eda y Letras<\/span><\/h4><a href=\"https:\/\/www.colegiointernacionalalicante.com\/es\/teachers\/manuel\/\" class=\"small-button\">Read More &raquo;<\/a><\/div> <!-- Meta Info \/--><\/div><!-- Iner Div \/--><\/div><!-- teacher Ends --><div class=\"small-12 medium-4 columns staff-box end\"><div class=\"shadow\"><div class=\"staff-box\"><a href=\"https:\/\/www.colegiointernacionalalicante.com\/es\/teachers\/isabel\/\"><img loading=\"lazy\" decoding=\"async\" width=\"350\" height=\"350\" src=\"https:\/\/www.colegiointernacionalalicante.com\/wp-content\/uploads\/2016\/11\/profesor-isabel.jpg\" class=\"attachment-wc-teacher-thumbnail size-wc-teacher-thumbnail wp-post-image\" alt=\"\" srcset=\"https:\/\/www.colegiointernacionalalicante.com\/wp-content\/uploads\/2016\/11\/profesor-isabel.jpg 350w, https:\/\/www.colegiointernacionalalicante.com\/wp-content\/uploads\/2016\/11\/profesor-isabel-150x150.jpg 150w, https:\/\/www.colegiointernacionalalicante.com\/wp-content\/uploads\/2016\/11\/profesor-isabel-300x300.jpg 300w, https:\/\/www.colegiointernacionalalicante.com\/wp-content\/uploads\/2016\/11\/profesor-isabel-175x175.jpg 175w, https:\/\/www.colegiointernacionalalicante.com\/wp-content\/uploads\/2016\/11\/profesor-isabel-165x165.jpg 165w\" sizes=\"auto, (max-width: 350px) 100vw, 350px\" \/><\/a><div class=\"staff-links\"><\/div><!-- staff links \/--><\/div><!-- Thumbnail class \/--><div class=\"staff-detail\"><h4><a href=\"https:\/\/www.colegiointernacionalalicante.com\/es\/teachers\/isabel\/\">Isabel<\/a><br><span>Licenciada en Filosof\u00eda y Letras<\/span><\/h4><a href=\"https:\/\/www.colegiointernacionalalicante.com\/es\/teachers\/isabel\/\" class=\"small-button\">Read More &raquo;<\/a><\/div> <!-- Meta Info \/--><\/div><!-- Iner Div \/--><\/div><!-- teacher Ends --><\/div><!-- teachers --><\/div><\/div><\/div><\/div><\/div><\/p>\n","protected":false},"excerpt":{"rendered":"","protected":false},"author":1,"featured_media":0,"parent":0,"menu_order":0,"comment_status":"closed","ping_status":"closed","template":"","meta":{"footnotes":""},"class_list":["post-875","page","type-page","status-publish","hentry"],"aioseo_notices":[],"_links":{"self":[{"href":"https:\/\/www.colegiointernacionalalicante.com\/es\/wp-json\/wp\/v2\/pages\/875","targetHints":{"allow":["GET"]}}],"collection":[{"href":"https:\/\/www.colegiointernacionalalicante.com\/es\/wp-json\/wp\/v2\/pages"}],"about":[{"href":"https:\/\/www.colegiointernacionalalicante.com\/es\/wp-json\/wp\/v2\/types\/page"}],"author":[{"embeddable":true,"href":"https:\/\/www.colegiointernacionalalicante.com\/es\/wp-json\/wp\/v2\/users\/1"}],"replies":[{"embeddable":true,"href":"https:\/\/www.colegiointernacionalalicante.com\/es\/wp-json\/wp\/v2\/comments?post=875"}],"version-history":[{"count":18,"href":"https:\/\/www.colegiointernacionalalicante.com\/es\/wp-json\/wp\/v2\/pages\/875\/revisions"}],"predecessor-version":[{"id":4126,"href":"https:\/\/www.colegiointernacionalalicante.com\/es\/wp-json\/wp\/v2\/pages\/875\/revisions\/4126"}],"wp:attachment":[{"href":"https:\/\/www.colegiointernacionalalicante.com\/es\/wp-json\/wp\/v2\/media?parent=875"}],"curies":[{"name":"wp","href":"https:\/\/api.w.org\/{rel}","templated":true}]}}