{"id":920,"date":"2017-05-15T09:53:45","date_gmt":"2017-05-15T09:53:45","guid":{"rendered":"http:\/\/www.colegiointernacionalalicante.com\/?page_id=920"},"modified":"2024-11-26T08:20:53","modified_gmt":"2024-11-26T08:20:53","slug":"precios","status":"publish","type":"page","link":"https:\/\/www.colegiointernacionalalicante.com\/es\/precios\/","title":{"rendered":"Precios"},"content":{"rendered":"<div class=\"kc-elm kc-css-425859 kc-row-container module\"><div class=\"wc-row row\"><div class=\"kc-wrap-columns\"><div class=\"kc-elm kc-css-527857 small-12 columns small-12\"><div class=\"kc-col-container\"><div class=\"kc-elm kc-css-852907\" style=\"height: 35px; clear: both; width:100%;\"><\/div><div class=\"kc-elm kc-css-732029 kc_text_block\"><\/p>\n<p><strong>IMPORTANTE<\/strong><\/p>\n<ul>\n<li>Una hora de clase dura <strong>50 minutos.<\/strong><\/li>\n<li>Todos los estudiantes deber\u00e1n traer su propio seguro m\u00e9dico desde su pa\u00eds o solicitar el de la escuela.<\/li>\n<li>La escuela se reserva el derecho a cambiar el horario de las clases.<\/li>\n<li><strong>Cancelaciones<\/strong>: No hay gastos de cancelaci\u00f3n si se notifica al menos con <strong>15 d\u00edas<\/strong> de antelaci\u00f3n. En caso contrario se devolver\u00e1 la suma total menos <strong>250\u20ac<\/strong> a causa de los gastos administrativos.<\/li>\n<li>Los precios de las actividades y excursiones depender\u00e1n del n\u00famero de estudiantes para su realizaci\u00f3n. Las excursiones y actividades de ocio no est\u00e1n incluidas en el precio de los cursos.<\/li>\n<li>Gastos de inscripci\u00f3n para nuevos alumnos: 60\u20ac.<\/li>\n<li>El precio incluye:\n<ul>\n<li>Curso.<\/li>\n<li>Certificado.<\/li>\n<li>Clasificaci\u00f3n.<\/li>\n<li>Tutor\u00edas de 15 minutos, m\u00e1ximo 3 por semana.<\/li>\n<li>Actividades extraescolares guiadas por profesorado del centro (transporte y entradas no incluidos).<\/li>\n<\/ul>\n<\/li>\n<\/ul>\n<p>La transferencia bancaria ser\u00e1 realizada a favor de la siguiente cuenta:<\/p>\n<p style=\"text-align: center;\"><strong>COLEGIO INTERNACIONAL ALICANTE<\/strong><br \/>Banco: CaixaBank<br \/>Explanada de Espa\u00f1a, 03003 Alicante<\/p>\n<p style=\"text-align: center;\">CUENTA N\u00ba: ES.17 2100 1533 1702 0014 3107<br \/>SWIFT: CAIXESBBXXX<\/p>\n<p>\n<\/div><div class=\"kc-elm kc-css-3477\" style=\"height: 35px; clear: both; width:100%;\"><\/div>\n<div class=\"kc-elm kc-css-90697 kc-title-wrap \">\n\n\t<h2 class=\"kc_title\">CURSO EST\u00c1NDAR<\/h2><div style='height: 1px; background: #333;'><\/div>\n<\/div>\n<div class=\"kc-elm kc-css-865709\" style=\"height: 20px; clear: both; width:100%;\"><\/div><div id=\" \" class=\"kc-elm kc-css-843997 kc_row kc_row_inner\"><div class=\"kc-elm kc-css-926570 small-12 columns small-12\"><div class=\"kc_wrapper kc-col-inner-container\"><\/div><\/div><div class=\"kc-elm kc-css-26815 small-12 columns small-12\"><div class=\"kc_wrapper kc-col-inner-container\"><div id=\"\u00bb\" class=\"kc-elm kc_row kc_row_inner\"><div class=\"kc-elm small-12 columns small-12\"><div class=\"kc_wrapper kc-col-inner-container\">\n<div class=\"kc-elm kc-css-746917 kc-pricing-tables kc-pricing-layout-3 kc-price-before-currency\">\n\n\t<div class=\"content-title\">2 semanas<\/div><ul class=\"content-desc\"><li>15 hrs \/ semana\r <\/li><li>&nbsp; <\/li><\/ul><div class=\"kc-pricing-price\"><span class=\"content-price\">240<\/span><span class=\"content-currency\">\u20ac<\/span><\/div><div class=\"content-button\"><a href=\"http:\/\/www.colegiointernacionalalicante.com\/contacto\/\">Pedir presupuesto<\/a><\/div>\n<\/div>\n<\/div><\/div><div class=\"kc-elm small-12 columns small-12\"><div class=\"kc_wrapper kc-col-inner-container\">\n<div class=\"kc-elm kc-css-587113 kc-pricing-tables kc-pricing-layout-3 kc-price-before-currency\">\n\n\t<div class=\"content-title\">semana extra<\/div><ul class=\"content-desc\"><li>15 hrs \/ semana\r <\/li><li>de semana 3 a semana 12 <\/li><\/ul><div class=\"kc-pricing-price\"><span class=\"content-price\">120<\/span><span class=\"content-currency\">\u20ac<\/span><\/div><div class=\"content-button\"><a href=\"http:\/\/www.colegiointernacionalalicante.com\/contacto\/\">Pedir presupuesto<\/a><\/div>\n<\/div>\n<\/div><\/div><div class=\"kc-elm small-12 columns small-12\"><div class=\"kc_wrapper kc-col-inner-container\">\n<div class=\"kc-elm kc-css-19159 kc-pricing-tables kc-pricing-layout-3 kc-price-before-currency\">\n\n\t<div class=\"content-title\">semana extendida<\/div><ul class=\"content-desc\"><li>15 hrs \/ semana\r <\/li><li>a partir de semana 13 <\/li><\/ul><div class=\"kc-pricing-price\"><span class=\"content-price\">110<\/span><span class=\"content-currency\">\u20ac<\/span><\/div><div class=\"content-button\"><a href=\"http:\/\/www.colegiointernacionalalicante.com\/contacto\/\">Pedir presupuesto<\/a><\/div>\n<\/div>\n<\/div><\/div><\/div><\/div><\/div><div class=\"kc-elm kc-css-321201 small-12 columns small-12\"><div class=\"kc_wrapper kc-col-inner-container\"><\/div><\/div><\/div><div class=\"kc-elm kc-css-272858\" style=\"height: 35px; clear: both; width:100%;\"><\/div>\n<div class=\"kc-elm kc-css-861360 kc-title-wrap \">\n\n\t<h2 class=\"kc_title\">CURSO INTENSIVO<\/h2><div style='height: 1px; background: #333;'><\/div>\n<\/div>\n<div class=\"kc-elm kc-css-166736\" style=\"height: 20px; clear: both; width:100%;\"><\/div><div id=\" \" class=\"kc-elm kc-css-816473 kc_row kc_row_inner\"><div class=\"kc-elm kc-css-841670 small-12 columns small-12\"><div class=\"kc_wrapper kc-col-inner-container\"><\/div><\/div><div class=\"kc-elm kc-css-542163 small-12 columns small-12\"><div class=\"kc_wrapper kc-col-inner-container\"><div id=\"\u00bb\" class=\"kc-elm kc_row kc_row_inner\"><div class=\"kc-elm small-12 columns small-12\"><div class=\"kc_wrapper kc-col-inner-container\">\n<div class=\"kc-elm kc-css-775140 kc-pricing-tables kc-pricing-layout-3 kc-price-before-currency\">\n\n\t<div class=\"content-title\">2 semanas<\/div><ul class=\"content-desc\"><li>20 hrs \/ semana\r <\/li><li>&nbsp; <\/li><\/ul><div class=\"kc-pricing-price\"><span class=\"content-price\">260<\/span><span class=\"content-currency\">\u20ac<\/span><\/div><div class=\"content-button\"><a href=\"http:\/\/www.colegiointernacionalalicante.com\/contacto\/\">Pedir presupuesto<\/a><\/div>\n<\/div>\n<\/div><\/div><div class=\"kc-elm small-12 columns small-12\"><div class=\"kc_wrapper kc-col-inner-container\">\n<div class=\"kc-elm kc-css-340391 kc-pricing-tables kc-pricing-layout-3 kc-price-before-currency\">\n\n\t<div class=\"content-title\">Semana extra<\/div><ul class=\"content-desc\"><li>20 hrs \/ semana\r <\/li><li>de semana 3 a semana 12 <\/li><\/ul><div class=\"kc-pricing-price\"><span class=\"content-price\">130<\/span><span class=\"content-currency\">\u20ac<\/span><\/div><div class=\"content-button\"><a href=\"http:\/\/www.colegiointernacionalalicante.com\/contacto\/\">Pedir presupuesto<\/a><\/div>\n<\/div>\n<\/div><\/div><div class=\"kc-elm small-12 columns small-12\"><div class=\"kc_wrapper kc-col-inner-container\">\n<div class=\"kc-elm kc-css-183800 kc-pricing-tables kc-pricing-layout-3 kc-price-before-currency\">\n\n\t<div class=\"content-title\">+ 12 SEMANAS<\/div><ul class=\"content-desc\"><li>20 hrs \/ semana\r <\/li><li>de semana 13 a semana 23: <\/li><\/ul><div class=\"kc-pricing-price\"><span class=\"content-price\">120<\/span><span class=\"content-currency\">\u20ac<\/span><\/div><div class=\"content-button\"><a href=\"http:\/\/www.colegiointernacionalalicante.com\/contacto\/\">Pedir presupuesto<\/a><\/div>\n<\/div>\n<\/div><\/div><div class=\"kc-elm small-12 columns small-12\"><div class=\"kc_wrapper kc-col-inner-container\">\n<div class=\"kc-elm kc-css-612993 kc-pricing-tables kc-pricing-layout-3 kc-price-before-currency\">\n\n\t<div class=\"content-title\">+24 SEMANAS<\/div><ul class=\"content-desc\"><li>20 hrs \/ semana\r <\/li><li>a partir de la semana 24 <\/li><\/ul><div class=\"kc-pricing-price\"><span class=\"content-price\">115<\/span><span class=\"content-currency\">\u20ac<\/span><\/div><div class=\"content-button\"><a href=\"http:\/\/www.colegiointernacionalalicante.com\/contacto\/\">Pedir presupuesto<\/a><\/div>\n<\/div>\n<\/div><\/div><\/div><\/div><\/div><div class=\"kc-elm kc-css-87020 small-12 columns small-12\"><div class=\"kc_wrapper kc-col-inner-container\"><\/div><\/div><\/div><div class=\"kc-elm kc-css-928183\" style=\"height: 35px; clear: both; width:100%;\"><\/div>\n<div class=\"kc-elm kc-css-151953 kc-title-wrap \">\n\n\t<h2 class=\"kc_title\">CURSO INTENSIVO + 1 HORA INDIVIDUAL DE CONVERSACI\u00d3N O CULTURA<\/h2><div style='height: 1px; background: #333;'><\/div>\n<\/div>\n<div class=\"kc-elm kc-css-857670\" style=\"height: 20px; clear: both; width:100%;\"><\/div><div id=\" \" class=\"kc-elm kc-css-803720 kc_row kc_row_inner\"><div class=\"kc-elm kc-css-163461 small-12 columns small-12\"><div class=\"kc_wrapper kc-col-inner-container\"><\/div><\/div><div class=\"kc-elm kc-css-702255 small-12 columns small-12\"><div class=\"kc_wrapper kc-col-inner-container\"><div id=\"\u00bb\" class=\"kc-elm kc_row kc_row_inner\"><div class=\"kc-elm small-12 columns small-12\"><div class=\"kc_wrapper kc-col-inner-container\">\n<div class=\"kc-elm kc-css-539541 kc-pricing-tables kc-pricing-layout-3 kc-price-before-currency\">\n\n\t<div class=\"content-title\">2 semanas<\/div><ul class=\"content-desc\"><li>25 hrs \/ semana\r <\/li><li>&nbsp; <\/li><\/ul><div class=\"kc-pricing-price\"><span class=\"content-price\">560<\/span><span class=\"content-currency\">\u20ac<\/span><\/div><div class=\"content-button\"><a href=\"http:\/\/www.colegiointernacionalalicante.com\/contacto\/\">Pedir presupuesto<\/a><\/div>\n<\/div>\n<\/div><\/div><div class=\"kc-elm small-12 columns small-12\"><div class=\"kc_wrapper kc-col-inner-container\">\n<div class=\"kc-elm kc-css-364893 kc-pricing-tables kc-pricing-layout-3 kc-price-before-currency\">\n\n\t<div class=\"content-title\">Semana extra<\/div><ul class=\"content-desc\"><li>15 hrs \/ semana\r <\/li><li>de semana 3 a semana 12 <\/li><\/ul><div class=\"kc-pricing-price\"><span class=\"content-price\">280<\/span><span class=\"content-currency\">\u20ac<\/span><\/div><div class=\"content-button\"><a href=\"http:\/\/www.colegiointernacionalalicante.com\/contacto\/\">Pedir presupuesto<\/a><\/div>\n<\/div>\n<\/div><\/div><div class=\"kc-elm small-12 columns small-12\"><div class=\"kc_wrapper kc-col-inner-container\">\n<div class=\"kc-elm kc-css-673702 kc-pricing-tables kc-pricing-layout-3 kc-price-before-currency\">\n\n\t<div class=\"content-title\">SEMANA EXTENDIDA<\/div><ul class=\"content-desc\"><li>15 hrs \/ semana\r <\/li><li>a partir de semana 13 <\/li><\/ul><div class=\"kc-pricing-price\"><span class=\"content-price\">260<\/span><span class=\"content-currency\">\u20ac<\/span><\/div><div class=\"content-button\"><a href=\"http:\/\/www.colegiointernacionalalicante.com\/contacto\/\">Pedir presupuesto<\/a><\/div>\n<\/div>\n<\/div><\/div><\/div><\/div><\/div><div class=\"kc-elm kc-css-181599 small-12 columns small-12\"><div class=\"kc_wrapper kc-col-inner-container\"><\/div><\/div><\/div><div class=\"kc-elm kc-css-356872\" style=\"height: 35px; clear: both; width:100%;\"><\/div>\n<div class=\"kc-elm kc-css-355237 kc-title-wrap \">\n\n\t<h2 class=\"kc_title\">CURSO DE PREPARACI\u00d3N AL DELE\/SIELE<\/h2><div style='height: 1px; background: #333;'><\/div>\n<\/div>\n<div class=\"kc-elm kc-css-907662\" style=\"height: 20px; clear: both; width:100%;\"><\/div><div id=\" \" class=\"kc-elm kc-css-581891 kc_row kc_row_inner\"><div class=\"kc-elm kc-css-79650 small-12 columns small-12\"><div class=\"kc_wrapper kc-col-inner-container\"><\/div><\/div><div class=\"kc-elm kc-css-290354 small-12 columns small-12\"><div class=\"kc_wrapper kc-col-inner-container\"><div id=\"\u00bb\" class=\"kc-elm kc_row kc_row_inner\"><div class=\"kc-elm small-12 columns small-12\"><div class=\"kc_wrapper kc-col-inner-container\"><\/div><\/div><div class=\"kc-elm small-12 columns small-12\"><div class=\"kc_wrapper kc-col-inner-container\">\n<div class=\"kc-elm kc-css-915938 kc-pricing-tables kc-pricing-layout-3 kc-price-before-currency\">\n\n\t<div class=\"content-title\">DELE\/SIELE<\/div><ul class=\"content-desc\"><li>20 hrs <\/li><\/ul><div class=\"kc-pricing-price\"><span class=\"content-price\">700<\/span><span class=\"content-currency\">\u20ac<\/span><\/div><div class=\"content-button\"><a href=\"http:\/\/www.colegiointernacionalalicante.com\/contacto\/\">Pedir presupuesto<\/a><\/div>\n<\/div>\n<\/div><\/div><div class=\"kc-elm small-12 columns small-12\"><div class=\"kc_wrapper kc-col-inner-container\"><\/div><\/div><\/div><\/div><\/div><div class=\"kc-elm kc-css-556057 small-12 columns small-12\"><div class=\"kc_wrapper kc-col-inner-container\"><\/div><\/div><\/div><div class=\"kc-elm kc-css-647208\" style=\"height: 35px; clear: both; width:100%;\"><\/div>\n<div class=\"kc-elm kc-css-351622 kc-title-wrap \">\n\n\t<h2 class=\"kc_title\">CURSO INDIVIDUAL<\/h2><div style='height: 1px; background: #333;'><\/div>\n<\/div>\n<div class=\"kc-elm kc-css-671516\" style=\"height: 20px; clear: both; width:100%;\"><\/div><div id=\" \" class=\"kc-elm kc-css-885914 kc_row kc_row_inner\"><div class=\"kc-elm kc-css-971665 small-12 columns small-12\"><div class=\"kc_wrapper kc-col-inner-container\"><\/div><\/div><div class=\"kc-elm kc-css-187341 small-12 columns small-12\"><div class=\"kc_wrapper kc-col-inner-container\"><div id=\"\u00bb\" class=\"kc-elm kc_row kc_row_inner\"><div class=\"kc-elm small-12 columns small-12\"><div class=\"kc_wrapper kc-col-inner-container\"><\/div><\/div><div class=\"kc-elm small-12 columns small-12\"><div class=\"kc_wrapper kc-col-inner-container\">\n<div class=\"kc-elm kc-css-550061 kc-pricing-tables kc-pricing-layout-3 kc-price-before-currency\">\n\n\t<div class=\"content-title\">INDIVIDUAL 1<\/div><ul class=\"content-desc\"><li>+21 hrs <\/li><\/ul><div class=\"kc-pricing-price\"><span class=\"content-price\">28<\/span><span class=\"content-currency\">\u20ac<\/span><span class=\"content-duration\">\/ hora<\/span><\/div><div class=\"content-button\"><a href=\"http:\/\/www.colegiointernacionalalicante.com\/contacto\/\">Pedir presupuesto<\/a><\/div>\n<\/div>\n<\/div><\/div><div class=\"kc-elm small-12 columns small-12\"><div class=\"kc_wrapper kc-col-inner-container\">\n<div class=\"kc-elm kc-css-166587 kc-pricing-tables kc-pricing-layout-3 kc-price-before-currency\">\n\n\t<div class=\"content-title\">INDIVIDUAL 2<\/div><ul class=\"content-desc\"><li>1 hora <\/li><\/ul><div class=\"kc-pricing-price\"><span class=\"content-price\">30<\/span><span class=\"content-currency\">\u20ac<\/span><\/div><div class=\"content-button\"><a href=\"http:\/\/www.colegiointernacionalalicante.com\/contacto\/\">Pedir presupuesto<\/a><\/div>\n<\/div>\n<\/div><\/div><div class=\"kc-elm small-12 columns small-12\"><div class=\"kc_wrapper kc-col-inner-container\"><\/div><\/div><\/div><\/div><\/div><div class=\"kc-elm kc-css-964923 small-12 columns small-12\"><div class=\"kc_wrapper kc-col-inner-container\"><\/div><\/div><\/div><div class=\"kc-elm kc-css-937383\" style=\"height: 35px; clear: both; width:100%;\"><\/div>\n<div class=\"kc-elm kc-css-537116 kc-title-wrap \">\n\n\t<h2 class=\"kc_title\">ESPA\u00d1OL DE LOS NEGOCIOS<\/h2><div style='height: 1px; background: #333;'><\/div>\n<\/div>\n<div class=\"kc-elm kc-css-396732\" style=\"height: 20px; clear: both; width:100%;\"><\/div><div id=\" \" class=\"kc-elm kc-css-589281 kc_row kc_row_inner\"><div class=\"kc-elm kc-css-562030 small-12 columns small-12\"><div class=\"kc_wrapper kc-col-inner-container\"><\/div><\/div><div class=\"kc-elm kc-css-264917 small-12 columns small-12\"><div class=\"kc_wrapper kc-col-inner-container\"><div id=\"\u00bb\" class=\"kc-elm kc_row kc_row_inner\"><div class=\"kc-elm small-12 columns small-12\"><div class=\"kc_wrapper kc-col-inner-container\"><\/div><\/div><div class=\"kc-elm small-12 columns small-12\"><div class=\"kc_wrapper kc-col-inner-container\">\n<div class=\"kc-elm kc-css-684172 kc-pricing-tables kc-pricing-layout-3 kc-price-before-currency\">\n\n\t<div class=\"content-title\">4 semanas<\/div><ul class=\"content-desc\"><li>3Hrs \/ Semana <\/li><\/ul><div class=\"kc-pricing-price\"><span class=\"content-price\">480<\/span><span class=\"content-currency\">\u20ac<\/span><\/div><div class=\"content-button\"><a href=\"http:\/\/www.colegiointernacionalalicante.com\/contacto\/\">Pedir presupuesto<\/a><\/div>\n<\/div>\n<\/div><\/div><div class=\"kc-elm small-12 columns small-12\"><div class=\"kc_wrapper kc-col-inner-container\"><\/div><\/div><\/div><\/div><\/div><div class=\"kc-elm kc-css-59662 small-12 columns small-12\"><div class=\"kc_wrapper kc-col-inner-container\"><\/div><\/div><\/div><div class=\"kc-elm kc-css-371151\" style=\"height: 35px; clear: both; width:100%;\"><\/div>\n<div class=\"kc-elm kc-css-874590 kc-title-wrap \">\n\n\t<h2 class=\"kc_title\">CURSO PARA MAYORES DE 50<\/h2><div style='height: 1px; background: #333;'><\/div>\n<\/div>\n<div class=\"kc-elm kc-css-344904\" style=\"height: 20px; clear: both; width:100%;\"><\/div><div id=\" \" class=\"kc-elm kc-css-374574 kc_row kc_row_inner\"><div class=\"kc-elm kc-css-408307 small-12 columns small-12\"><div class=\"kc_wrapper kc-col-inner-container\"><\/div><\/div><div class=\"kc-elm kc-css-866867 small-12 columns small-12\"><div class=\"kc_wrapper kc-col-inner-container\"><div id=\"\u00bb\" class=\"kc-elm kc_row kc_row_inner\"><div class=\"kc-elm small-12 columns small-12\"><div class=\"kc_wrapper kc-col-inner-container\"><\/div><\/div><div class=\"kc-elm small-12 columns small-12\"><div class=\"kc_wrapper kc-col-inner-container\">\n<div class=\"kc-elm kc-css-170592 kc-pricing-tables kc-pricing-layout-3 kc-price-before-currency\">\n\n\t<div class=\"content-title\">2 semanas<\/div><ul class=\"content-desc\"><li>15 hrs \/ semana <\/li><\/ul><div class=\"kc-pricing-price\"><span class=\"content-price\">455<\/span><span class=\"content-currency\">\u20ac<\/span><\/div><div class=\"content-button\"><a href=\"http:\/\/www.colegiointernacionalalicante.com\/contacto\/\">Pedir presupuesto<\/a><\/div>\n<\/div>\n<\/div><\/div><div class=\"kc-elm small-12 columns small-12\"><div class=\"kc_wrapper kc-col-inner-container\"><\/div><\/div><\/div><\/div><\/div><div class=\"kc-elm kc-css-737590 small-12 columns small-12\"><div class=\"kc_wrapper kc-col-inner-container\"><\/div><\/div><\/div><div class=\"kc-elm kc-css-630128\" style=\"height: 35px; clear: both; width:100%;\"><\/div>\n<div class=\"kc-elm kc-css-888984 kc-title-wrap \">\n\n\t<h2 class=\"kc_title\">CURSO INTENSIVO + GOLF<\/h2><div style='height: 1px; background: #333;'><\/div>\n<\/div>\n<div class=\"kc-elm kc-css-226651\" style=\"height: 20px; clear: both; width:100%;\"><\/div><div id=\" \" class=\"kc-elm kc-css-161396 kc_row kc_row_inner\"><div class=\"kc-elm kc-css-547497 small-12 columns small-12\"><div class=\"kc_wrapper kc-col-inner-container\"><\/div><\/div><div class=\"kc-elm kc-css-159504 small-12 columns small-12\"><div class=\"kc_wrapper kc-col-inner-container\"><div id=\"\u00bb\" class=\"kc-elm kc_row kc_row_inner\"><div class=\"kc-elm small-12 columns small-12\"><div class=\"kc_wrapper kc-col-inner-container\"><\/div><\/div><div class=\"kc-elm small-12 columns small-12\"><div class=\"kc_wrapper kc-col-inner-container\">\n<div class=\"kc-elm kc-css-659948 kc-pricing-tables kc-pricing-layout-3 kc-price-before-currency\">\n\n\t<div class=\"content-title\">2 semanas<\/div><ul class=\"content-desc\"><li>20+6hrs \/ semana <\/li><\/ul><div class=\"kc-pricing-price\"><span class=\"content-price\">710<\/span><span class=\"content-currency\">\u20ac<\/span><\/div><div class=\"content-button\"><a href=\"http:\/\/www.colegiointernacionalalicante.com\/contacto\/\">Pedir presupuesto<\/a><\/div>\n<\/div>\n<\/div><\/div><div class=\"kc-elm small-12 columns small-12\"><div class=\"kc_wrapper kc-col-inner-container\"><\/div><\/div><\/div><\/div><\/div><div class=\"kc-elm kc-css-375487 small-12 columns small-12\"><div class=\"kc_wrapper kc-col-inner-container\"><\/div><\/div><\/div><div class=\"kc-elm kc-css-8607\" style=\"height: 35px; clear: both; width:100%;\"><\/div>\n<div class=\"kc-elm kc-css-247716 kc-title-wrap \">\n\n\t<h2 class=\"kc_title\">CURSO INTENSIVO + BAILES LATINOS<\/h2><div style='height: 1px; background: #333;'><\/div>\n<\/div>\n<div class=\"kc-elm kc-css-85634\" style=\"height: 20px; clear: both; width:100%;\"><\/div><div id=\" \" class=\"kc-elm kc-css-437887 kc_row kc_row_inner\"><div class=\"kc-elm kc-css-98751 small-12 columns small-12\"><div class=\"kc_wrapper kc-col-inner-container\"><\/div><\/div><div class=\"kc-elm kc-css-464659 small-12 columns small-12\"><div class=\"kc_wrapper kc-col-inner-container\"><div id=\"\u00bb\" class=\"kc-elm kc_row kc_row_inner\"><div class=\"kc-elm small-12 columns small-12\"><div class=\"kc_wrapper kc-col-inner-container\"><\/div><\/div><div class=\"kc-elm small-12 columns small-12\"><div class=\"kc_wrapper kc-col-inner-container\">\n<div class=\"kc-elm kc-css-344752 kc-pricing-tables kc-pricing-layout-3 kc-price-before-currency\">\n\n\t<div class=\"content-title\">2 semanas<\/div><ul class=\"content-desc\"><li>20+5hrs \/ semana <\/li><\/ul><div class=\"kc-pricing-price\"><span class=\"content-price\">470<\/span><span class=\"content-currency\">\u20ac<\/span><\/div><div class=\"content-button\"><a href=\"http:\/\/www.colegiointernacionalalicante.com\/contacto\/\">Pedir presupuesto<\/a><\/div>\n<\/div>\n<\/div><\/div><div class=\"kc-elm small-12 columns small-12\"><div class=\"kc_wrapper kc-col-inner-container\"><\/div><\/div><\/div><\/div><\/div><div class=\"kc-elm kc-css-589774 small-12 columns small-12\"><div class=\"kc_wrapper kc-col-inner-container\"><\/div><\/div><\/div><div class=\"kc-elm kc-css-52579\" style=\"height: 35px; clear: both; width:100%;\"><\/div>\n<div class=\"kc-elm kc-css-450533 kc-title-wrap \">\n\n\t<h2 class=\"kc_title\">CURSO PARA GRUPOS<\/h2><div style='height: 1px; background: #333;'><\/div>\n<\/div>\n<div class=\"kc-elm kc-css-195962\" style=\"height: 20px; clear: both; width:100%;\"><\/div><div id=\" \" class=\"kc-elm kc-css-843039 kc_row kc_row_inner\"><div class=\"kc-elm kc-css-8374 small-12 columns small-12\"><div class=\"kc_wrapper kc-col-inner-container\"><\/div><\/div><div class=\"kc-elm kc-css-287782 small-12 columns small-12\"><div class=\"kc_wrapper kc-col-inner-container\"><div id=\"\u00bb\" class=\"kc-elm kc_row kc_row_inner\"><div class=\"kc-elm small-12 columns small-12\"><div class=\"kc_wrapper kc-col-inner-container\"><\/div><\/div><div class=\"kc-elm small-12 columns small-12\"><div class=\"kc_wrapper kc-col-inner-container\">\n<div class=\"kc-elm kc-css-182157 kc-pricing-tables kc-pricing-layout-3 kc-price-before-currency\">\n\n\t<div class=\"content-title\">PARA GRUPOS<\/div><ul class=\"content-desc\"><li>Precios adaptados al n\u00famero de clases, duraci\u00f3n de los cursos y actividades solicitadas.\r <\/li><li> <\/li><\/ul><div class=\"kc-pricing-price\"><span class=\"content-price\">A CONSULTAR<\/span><\/div><div class=\"content-button\"><a href=\"http:\/\/www.colegiointernacionalalicante.com\/contacto\/\">Pedir presupuesto<\/a><\/div>\n<\/div>\n<\/div><\/div><div class=\"kc-elm small-12 columns small-12\"><div class=\"kc_wrapper kc-col-inner-container\"><\/div><\/div><\/div><\/div><\/div><div class=\"kc-elm kc-css-647709 small-12 columns small-12\"><div class=\"kc_wrapper kc-col-inner-container\"><\/div><\/div><\/div><div class=\"kc-elm kc-css-486213\" style=\"height: 35px; clear: both; width:100%;\"><\/div>\n<div class=\"kc-elm kc-css-761386 kc-title-wrap \">\n\n\t<h2 class=\"kc_title\">OTROS SERVICIOS<\/h2><div style='height: 1px; background: #333;'><\/div>\n<\/div>\n<div class=\"kc-elm kc-css-683936\" style=\"height: 20px; clear: both; width:100%;\"><\/div><div id=\" \" class=\"kc-elm kc-css-809800 kc_row kc_row_inner\"><div class=\"kc-elm kc-css-838189 small-12 columns small-12\"><div class=\"kc_wrapper kc-col-inner-container\"><\/div><\/div><div class=\"kc-elm kc-css-169569 small-12 columns small-12\"><div class=\"kc_wrapper kc-col-inner-container\"><div id=\"\u00bb\" class=\"kc-elm kc_row kc_row_inner\"><div class=\"kc-elm small-12 columns small-12\"><div class=\"kc_wrapper kc-col-inner-container\">\n<div class=\"kc-elm kc-css-748020 kc-pricing-tables kc-pricing-layout-3 kc-price-before-currency\">\n\n\t<div class=\"content-title\">MATERIAL<\/div><div class=\"kc-pricing-price\"><span class=\"content-price\">35<\/span><span class=\"content-currency\">\u20ac<\/span><span class=\"content-duration\"> \/ 1 Pack<\/span><\/div>\n<\/div>\n<\/div><\/div><div class=\"kc-elm small-12 columns small-12\"><div class=\"kc_wrapper kc-col-inner-container\"><\/div><\/div><div class=\"kc-elm small-12 columns small-12\"><div class=\"kc_wrapper kc-col-inner-container\"><\/div><\/div><\/div><\/div><\/div><div class=\"kc-elm kc-css-89322 small-12 columns small-12\"><div class=\"kc_wrapper kc-col-inner-container\"><\/div><\/div><\/div><\/div><\/div><\/div><\/div><\/div>\n","protected":false},"excerpt":{"rendered":"","protected":false},"author":1,"featured_media":0,"parent":0,"menu_order":0,"comment_status":"closed","ping_status":"closed","template":"","meta":{"footnotes":""},"class_list":["post-920","page","type-page","status-publish","hentry"],"aioseo_notices":[],"_links":{"self":[{"href":"https:\/\/www.colegiointernacionalalicante.com\/es\/wp-json\/wp\/v2\/pages\/920","targetHints":{"allow":["GET"]}}],"collection":[{"href":"https:\/\/www.colegiointernacionalalicante.com\/es\/wp-json\/wp\/v2\/pages"}],"about":[{"href":"https:\/\/www.colegiointernacionalalicante.com\/es\/wp-json\/wp\/v2\/types\/page"}],"author":[{"embeddable":true,"href":"https:\/\/www.colegiointernacionalalicante.com\/es\/wp-json\/wp\/v2\/users\/1"}],"replies":[{"embeddable":true,"href":"https:\/\/www.colegiointernacionalalicante.com\/es\/wp-json\/wp\/v2\/comments?post=920"}],"version-history":[{"count":117,"href":"https:\/\/www.colegiointernacionalalicante.com\/es\/wp-json\/wp\/v2\/pages\/920\/revisions"}],"predecessor-version":[{"id":1564,"href":"https:\/\/www.colegiointernacionalalicante.com\/es\/wp-json\/wp\/v2\/pages\/920\/revisions\/1564"}],"wp:attachment":[{"href":"https:\/\/www.colegiointernacionalalicante.com\/es\/wp-json\/wp\/v2\/media?parent=920"}],"curies":[{"name":"wp","href":"https:\/\/api.w.org\/{rel}","templated":true}]}}