{"id":1749,"date":"2017-12-01T15:36:09","date_gmt":"2017-12-01T15:36:09","guid":{"rendered":"http:\/\/www.colegiointernacionalalicante.com\/?page_id=1749"},"modified":"2018-11-27T08:38:00","modified_gmt":"2018-11-27T08:38:00","slug":"activites","status":"publish","type":"page","link":"https:\/\/www.colegiointernacionalalicante.com\/fr\/activites\/","title":{"rendered":"Activit\u00e9s"},"content":{"rendered":"<div class=\"kc-elm kc-css-506067 kc-row-container module\"><div class=\"wc-row row\"><div class=\"kc-wrap-columns\"><div class=\"kc-elm kc-css-698818 small-12 columns small-12\"><div class=\"kc-col-container\"><div id=\" \" class=\"kc-elm kc-css-849131 kc_row kc_row_inner\"><div class=\"kc-elm kc-css-873155 small-12 columns small-12\"><div class=\"kc_wrapper kc-col-inner-container\">\n\n<div class=\"image_fadein_slider kc-elm kc-css-911536 \">\n\t\t<div data-delay=\"4000\" class=\"image_fadein\" data-images=\"1049,1048,1046,1047,1045,1044,1043,1042,1041\">\n\t<img decoding=\"async\" src=\"https:\/\/www.colegiointernacionalalicante.com\/wp-content\/uploads\/2017\/05\/actividad-8.jpg\" \/><img decoding=\"async\" src=\"https:\/\/www.colegiointernacionalalicante.com\/wp-content\/uploads\/2017\/05\/actividad-7.jpg\" \/><img decoding=\"async\" src=\"https:\/\/www.colegiointernacionalalicante.com\/wp-content\/uploads\/2017\/05\/actividad-5.jpg\" \/><img decoding=\"async\" src=\"https:\/\/www.colegiointernacionalalicante.com\/wp-content\/uploads\/2017\/05\/actividad-6.jpg\" \/><img decoding=\"async\" src=\"https:\/\/www.colegiointernacionalalicante.com\/wp-content\/uploads\/2017\/05\/actividad-4.jpg\" \/><img decoding=\"async\" src=\"https:\/\/www.colegiointernacionalalicante.com\/wp-content\/uploads\/2017\/05\/actividad-3.jpg\" \/><img decoding=\"async\" src=\"https:\/\/www.colegiointernacionalalicante.com\/wp-content\/uploads\/2017\/05\/actividad-2.jpg\" \/><img decoding=\"async\" src=\"https:\/\/www.colegiointernacionalalicante.com\/wp-content\/uploads\/2017\/05\/actividad-1.jpg\" \/><img decoding=\"async\" src=\"https:\/\/www.colegiointernacionalalicante.com\/wp-content\/uploads\/2017\/05\/actividad-0.jpg\" \/>\t<\/div>\n<\/div>\n<\/div><\/div><div class=\"kc-elm kc-css-283779 small-12 columns small-12\"><div class=\"kc_wrapper kc-col-inner-container\"><div class=\"kc-elm kc-css-902702 kc_text_block\"><\/p>\n<p class=\"moz-quote-pre\">Afin de compl\u00e9ter nos cours et d\u2019enrichir le s\u00e9jour de nos \u00e9tudiants, notre \u00e9cole dispose d\u2019un vaste programme d\u2019activit\u00e9s: visites gratuites de la ville, expositions d\u2019art, mus\u00e9es, sorties au th\u00e9\u00e2tre ainsi que d&rsquo;autres activit\u00e9s sportives ou culturelles. Naturellement, les \u00e9tudiants sont cens\u00e9s payer leurs billets. Vous \u00eates toujours les bienvenus pour vous joindre \u00e0 nous. M\u00eame les niveaux d\u00e9butants peuvent suivre les explications simples de nos professeurs.<\/p>\n<p>Alicante, avec une population totale de 330.000 habitants, offre un <strong>panorama culturel tr\u00e8s vari\u00e9<\/strong>: biblioth\u00e8ques, mus\u00e9es, salles d\u00b4art, concerts en plein air, th\u00e9\u00e2tre&#8230;<\/p>\n<p>Les \u00e9v\u00e9nements les plus renomm\u00e9s sont le <strong>Festival de th\u00e9\u00e2tre<\/strong> <strong>en<\/strong> <strong>plein<\/strong> <strong>air<\/strong>, le <strong>Festival International de musique contemporaine<\/strong>, le <strong>Festival de th\u00e9\u00e2tre d\u00b4auteurs Espagnols contemporains<\/strong> ou encore le <strong>Festival International de marionnettes<\/strong>. Tous nos \u00e9tudiants peuvent avoir acc\u00e8s \u00e0 ces activit\u00e9s, donc nous les tenons inform\u00e9s r\u00e9guli\u00e8rement.<\/p>\n<p>Nous d\u00e9couvrirons ensemble la gastronomie locale (\u00ab\u00a0<strong>paella<\/strong>\u00ab\u00a0) et l\u00b4incroyable vie nocturne d\u00b4Alicante.<\/p>\n<p>\n<\/div><\/div><\/div><\/div><div class=\"kc-elm kc-css-955007\" style=\"height: 30px; clear: both; width:100%;\"><\/div><div class=\"kc-elm kc-css-583023 kc_text_block\"><\/p>\n<p>La diversit\u00e9 du paysage, un\u00a0<b>climat exceptionnel<\/b>\u00a0et les superbes conditions de la ville font d\u00b4Alicante un lieu\u00a0<b>aux attraits enviables<\/b>. Les installations de notre port offrent la possibilit\u00e9 de pratiquer tous types de\u00a0<b>sports nautiques<\/b>: la p\u00eache, la plong\u00e9e sousmarine, le ski nautique, la voile&#8230;<br \/>\nVous pouvez \u00e9galement pratiquer le golf, l\u00b4escalade, la randonn\u00e9e p\u00e9destre, le cyclisme, le deltaplane, etc.<\/p>\n<p>\n<\/div><div class=\"kc-elm kc-css-211899\" style=\"height: 30px; clear: both; width:100%;\"><\/div>\n<div class=\"kc-elm kc-css-996159 kc-title-wrap \">\n\n\t<h2 class=\"kc_title\"><u>Chaque samedi, l\u00b4\u00e9cole<\/u> organise <\/br> une excursion vers diff\u00e9rentes villes pr\u00e8s d\u00b4Alicante:\r\n<\/h2>\n<\/div>\n<div class=\"kc-elm kc-css-74131\" style=\"height: 20px; clear: both; width:100%;\"><\/div><div id=\" \" class=\"kc-elm kc-css-361702 kc_row kc_row_inner\"><div class=\"kc-elm kc-css-943906 small-12 columns small-12\"><div class=\"kc_wrapper kc-col-inner-container\"><div class=\"kc-elm kc-css-4888 kc-feature-boxes kc-fb-layout-2\">\n\n\t<figure class=\"content-image\"><img decoding=\"async\" src=\"https:\/\/www.colegiointernacionalalicante.com\/wp-content\/uploads\/2017\/05\/actividades-palmeras.jpg\" alt=\"\"><\/figure><div class=\"content-title\">Route des palmiers<\/div><div class=\"content-desc\">Elche (Basilique de Santa Mar\u00eda, Huerto del Cura, Bains arabes et Mus\u00e9e de la Festa) et Orihuela (Cath\u00e9drale du Salvador, Coll\u00e8ge de Santo Domingo, \u00e9glises de Santa Justina et Santiago).\r\n<\/div>\n<\/div>\n<\/div><\/div><div class=\"kc-elm kc-css-222746 small-12 columns small-12\"><div class=\"kc_wrapper kc-col-inner-container\"><div class=\"kc-elm kc-css-943466 kc-feature-boxes kc-fb-layout-2\">\n\n\t<figure class=\"content-image\"><img decoding=\"async\" src=\"https:\/\/www.colegiointernacionalalicante.com\/wp-content\/uploads\/2017\/05\/actividades-castillos.jpg\" alt=\"\"><\/figure><div class=\"content-title\">Route des ch\u00e2teaux:<\/div><div class=\"content-desc\">Novelda(Sanctuaire de la Magdalena, Ch\u00e2teau de la Mola), Sax (Ch\u00e2teau) et Villena (Ch\u00e2teau de la Atalaya, Torre del Homenaje -Donjon-, Quartier du Rabal et \u00e9glises de Santa Mar\u00eda et Santiago).\r\n<\/div>\n<\/div>\n<\/div><\/div><div class=\"kc-elm kc-css-741989 small-12 columns small-12\"><div class=\"kc_wrapper kc-col-inner-container\"><div class=\"kc-elm kc-css-425423 kc-feature-boxes kc-fb-layout-2\">\n\n\t<figure class=\"content-image\"><img decoding=\"async\" src=\"https:\/\/www.colegiointernacionalalicante.com\/wp-content\/uploads\/2017\/05\/actividades-costas.jpg\" alt=\"\"><\/figure><div class=\"content-title\">Route de la c\u00f4te<\/div><div class=\"content-desc\">Calpe (Pe\u00f1\u00f3n de Ifach), Altea (centre historique et \u00e9glise) et Benidorm (Mirador de la M\u00e9diterran\u00e9e, plages).\r\n<br><br><br><\/div>\n<\/div>\n<\/div><\/div><div class=\"kc-elm kc-css-757730 small-12 columns small-12\"><div class=\"kc_wrapper kc-col-inner-container\"><div class=\"kc-elm kc-css-102989 kc-feature-boxes kc-fb-layout-2\">\n\n\t<figure class=\"content-image\"><img decoding=\"async\" src=\"https:\/\/www.colegiointernacionalalicante.com\/wp-content\/uploads\/2017\/05\/actividades-monta\u00f1a.jpg\" alt=\"\"><\/figure><div class=\"content-title\">Route de la montagne:<\/div><div class=\"content-desc\">Guadalest (Ch\u00e2teau), Fonts de l\u00b4Algar et Grottes du Canalobre.\r\n<br><br><br><br><\/div>\n<\/div>\n<\/div><\/div><\/div><div class=\"kc-elm kc-css-930931\" style=\"height: 30px; clear: both; width:100%;\"><\/div><div class=\"kc-elm kc-css-88201 kc_text_block\"><\/p>\n<p>En plus; les \u00e9tudiants peuvent suivre des cours de <strong>flamenco<\/strong>, de photographie, de c\u00e9ramique, de peinture&#8230; dans d\u00b4autres centres avec lesquels nous collaborons. Notre centre offre \u00e9galement aux \u00e9tudiants la possibilit\u00e9 de faire des \u00e9changes linguistiques avec des espagnols. De plus, ils peuvent utiliser \u00e0 l\u00b4\u00e9cole les services de WI-FI et de fax, ainsi qu\u00b4avoir acc\u00e8s \u00e0 la biblioth\u00e8que et \u00e0 internet&#8230;<\/p>\n<p>Une autre des activit\u00e9s excitantes est de d\u00e9couvrir la <strong>vie nocturne<\/strong> de l\u00b4exub\u00e9rante Alicante<\/p>\n<p>\n<\/div><div class=\"kc-elm kc-css-429419\" style=\"height: 30px; clear: both; width:100%;\"><\/div>\n<div class=\"kc-elm kc-css-47840\">\n\t<a class=\"kc_button\" href=\"http:\/\/www.colegiointernacionalalicante.com\/fr\/contact\/\" target=\"_blank\" title=\"\" onclick=\"\">\n\t\t<i class=\"fa-envelope-o\"><\/i> CONTACT\t<\/a>\n<\/div>\n<\/div><\/div><\/div><\/div><\/div>\n","protected":false},"excerpt":{"rendered":"","protected":false},"author":1,"featured_media":0,"parent":0,"menu_order":0,"comment_status":"closed","ping_status":"closed","template":"","meta":{"footnotes":""},"class_list":["post-1749","page","type-page","status-publish","hentry"],"aioseo_notices":[],"_links":{"self":[{"href":"https:\/\/www.colegiointernacionalalicante.com\/fr\/wp-json\/wp\/v2\/pages\/1749","targetHints":{"allow":["GET"]}}],"collection":[{"href":"https:\/\/www.colegiointernacionalalicante.com\/fr\/wp-json\/wp\/v2\/pages"}],"about":[{"href":"https:\/\/www.colegiointernacionalalicante.com\/fr\/wp-json\/wp\/v2\/types\/page"}],"author":[{"embeddable":true,"href":"https:\/\/www.colegiointernacionalalicante.com\/fr\/wp-json\/wp\/v2\/users\/1"}],"replies":[{"embeddable":true,"href":"https:\/\/www.colegiointernacionalalicante.com\/fr\/wp-json\/wp\/v2\/comments?post=1749"}],"version-history":[{"count":15,"href":"https:\/\/www.colegiointernacionalalicante.com\/fr\/wp-json\/wp\/v2\/pages\/1749\/revisions"}],"predecessor-version":[{"id":4253,"href":"https:\/\/www.colegiointernacionalalicante.com\/fr\/wp-json\/wp\/v2\/pages\/1749\/revisions\/4253"}],"wp:attachment":[{"href":"https:\/\/www.colegiointernacionalalicante.com\/fr\/wp-json\/wp\/v2\/media?parent=1749"}],"curies":[{"name":"wp","href":"https:\/\/api.w.org\/{rel}","templated":true}]}}