{"id":1764,"date":"2017-12-01T15:40:06","date_gmt":"2017-12-01T15:40:06","guid":{"rendered":"http:\/\/www.colegiointernacionalalicante.com\/?page_id=1764"},"modified":"2022-11-29T10:03:35","modified_gmt":"2022-11-29T10:03:35","slug":"logement","status":"publish","type":"page","link":"https:\/\/www.colegiointernacionalalicante.com\/fr\/logement\/","title":{"rendered":"Logement"},"content":{"rendered":"<div class=\"kc-elm kc-css-847960 kc-row-container module\"><div class=\"wc-row row\"><div class=\"kc-wrap-columns\"><div class=\"kc-elm kc-css-907264 small-12 columns small-12\"><div class=\"kc-col-container\"><div id=\" \" class=\"kc-elm kc-css-51058 kc_row kc_row_inner\"><div class=\"kc-elm kc-css-601975 small-12 columns small-12\"><div class=\"kc_wrapper kc-col-inner-container\">\n\n<div class=\"image_fadein_slider kc-elm kc-css-845005 \">\n\t\t<div data-delay=\"4000\" class=\"image_fadein\" data-images=\"914,917,915,916,918\">\n\t<img decoding=\"async\" src=\"https:\/\/www.colegiointernacionalalicante.com\/wp-content\/uploads\/2017\/05\/alojamiento-1.jpg\" \/><img decoding=\"async\" src=\"https:\/\/www.colegiointernacionalalicante.com\/wp-content\/uploads\/2017\/05\/alojamiento-4.jpg\" \/><img decoding=\"async\" src=\"https:\/\/www.colegiointernacionalalicante.com\/wp-content\/uploads\/2017\/05\/alojamiento-2.jpg\" \/><img decoding=\"async\" src=\"https:\/\/www.colegiointernacionalalicante.com\/wp-content\/uploads\/2017\/05\/alojamiento-3.jpg\" \/><img decoding=\"async\" src=\"https:\/\/www.colegiointernacionalalicante.com\/wp-content\/uploads\/2017\/05\/alojamiento-5.jpg\" \/>\t<\/div>\n<\/div>\n<\/div><\/div><div class=\"kc-elm kc-css-580445 small-12 columns small-12\"><div class=\"kc_wrapper kc-col-inner-container\"><div class=\"kc-elm kc-css-910119 kc_text_block\"><\/p>\n<p>Nos \u00e9l\u00e8ves peuvent choisir entre diff\u00e9rents types de logement:<br \/>\nSoit dans des <strong>familles d\u00b4accueil<\/strong>, soit dans des <strong>appartements partag\u00e9s<\/strong> avec d\u00b4autres \u00e9tudiants.<\/p>\n<p>Dans leur famille d\u00b4accueil, les \u00e9tudiants sont trait\u00e9s et accept\u00e9s tel un membre de celle-ci. Ainsi, l\u00b4\u00e9l\u00e8ve a l\u00b4occasion de participer \u00e0 la vie quotidienne d\u00b4une <strong>famille<\/strong> <strong>espagnole<\/strong>. En \u00e9change, il devra s\u00b4adapter \u00e0 leurs habitudes et \u00e0 leur fa\u00e7on de vivre.<\/p>\n<p><strong>Les options que nous proposons sont<\/strong>: une chambre individuelle ou une chambre double avec pension compl\u00e8te ou demi-pension:<\/p>\n<ul>\n<li>La demi-pension comprend le petit d\u00e9jeuner, le d\u00eener et la lessive.<\/li>\n<li>La pension compl\u00e8te inclut le petit d\u00e9jeuner, le d\u00e9jeuner, le d\u00eener et la lessive.<\/li>\n<\/ul>\n<p>Une autre option int\u00e9ressante: les appartements partag\u00e9s.<\/p>\n<p>\n<\/div><\/div><\/div><\/div><div class=\"kc-elm kc-css-354635\" style=\"height: 20px; clear: both; width:100%;\"><\/div><div class=\"kc-elm kc-css-371161 kc_text_block\"><\/p>\n<p><strong>L\u00b4\u00e9tudiant partage l\u00b4appartement avec d\u00b4autres \u00e9l\u00e8ves<\/strong> <strong>de notre \u00e9cole<\/strong> ou avec des espagnols. Dans ce cas-l\u00e0, vous pouvez disposer d\u00b4une chambre individuelle ou d\u00b4une chambre double. Les appartements sont confortables, mais meubl\u00e9s d\u00b4une fa\u00e7on modeste : ne vous attendez pas \u00e0 du grand luxe. De plus, les \u00e9tudiants sont responsables du nettoyage des appartements et doivent apporter leurs propres serviettes.<\/p>\n<p>Les appartements et les <strong>familles d\u00b4accueil ont \u00e9t\u00e9 soigneusement choisis<\/strong> et notre personnel les visite r\u00e9guli\u00e8rement.<\/p>\n<p>\n<\/div><div class=\"kc-elm kc-css-584943\" style=\"height: 20px; clear: both; width:100%;\"><\/div>\n<div class=\"kc-elm kc-css-416191\">\n\t<a class=\"kc_button\" href=\"https:\/\/www.colegiointernacionalalicante.com\/wp-content\/uploads\/2022\/11\/2022-2023-Student\u00b4s-lodging.pdf\" target=\"_blank\" title=\"\" onclick=\"\">\n\t\t<i class=\"fa-file-pdf-o\"><\/i> MANUEL DU LOGEMENT\t<\/a>\n<\/div>\n<div class=\"kc-elm kc-css-549582\" style=\"height: 35px; clear: both; width:100%;\"><\/div>\n<div class=\"kc-elm kc-css-427575 kc-title-wrap \">\n\n\t<h2 class=\"kc_title\">FAMILLE LOGEMENT<\/h2><div style='height: 1px; background: #333;'><\/div>\n<\/div>\n<div class=\"kc-elm kc-css-345295\" style=\"height: 20px; clear: both; width:100%;\"><\/div><div id=\" \" class=\"kc-elm kc-css-833921 kc_row kc_row_inner\"><div class=\"kc-elm kc-css-353119 small-12 columns small-12\"><div class=\"kc_wrapper kc-col-inner-container\">\n<div class=\"kc-elm kc-css-379086 kc-pricing-tables kc-pricing-layout-3 kc-price-before-currency\">\n\n\t<div class=\"content-title\">CHAMBRE INDIVIDUELLE<\/div><ul class=\"content-desc\"><li>P. Compl\u00e8te\r <\/li><li> <\/li><\/ul><div class=\"kc-pricing-price\"><span class=\"content-price\">28<\/span><span class=\"content-currency\">\u20ac<\/span><span class=\"content-duration\"> \/ NUIT<\/span><\/div><div class=\"content-button\"><a href=\"http:\/\/www.colegiointernacionalalicante.com\/fr\/contact\/\">Contact<\/a><\/div>\n<\/div>\n<\/div><\/div><div class=\"kc-elm kc-css-134048 small-12 columns small-12\"><div class=\"kc_wrapper kc-col-inner-container\">\n<div class=\"kc-elm kc-css-138622 kc-pricing-tables kc-pricing-layout-3 kc-price-before-currency\">\n\n\t<div class=\"content-title\">CHAMBRE INDIVIDUELLE<\/div><ul class=\"content-desc\"><li>Demi P.\r <\/li><li> <\/li><\/ul><div class=\"kc-pricing-price\"><span class=\"content-price\">25<\/span><span class=\"content-currency\">\u20ac<\/span><span class=\"content-duration\"> \/ NUIT<\/span><\/div><div class=\"content-button\"><a href=\"http:\/\/www.colegiointernacionalalicante.com\/fr\/contact\/\">Contact<\/a><\/div>\n<\/div>\n<\/div><\/div><div class=\"kc-elm kc-css-589000 small-12 columns small-12\"><div class=\"kc_wrapper kc-col-inner-container\">\n<div class=\"kc-elm kc-css-445462 kc-pricing-tables kc-pricing-layout-3 kc-price-before-currency\">\n\n\t<div class=\"content-title\">CHAMBRE DOUBLE <\/div><ul class=\"content-desc\"><li>P. Compl\u00e8te\r <\/li><li> <\/li><\/ul><div class=\"kc-pricing-price\"><span class=\"content-price\">26<\/span><span class=\"content-currency\">\u20ac<\/span><span class=\"content-duration\"> \/ NUIT- PERSONNE<\/span><\/div><div class=\"content-button\"><a href=\"http:\/\/www.colegiointernacionalalicante.com\/fr\/contact\/\">Contact<\/a><\/div>\n<\/div>\n<\/div><\/div><div class=\"kc-elm kc-css-886055 small-12 columns small-12\"><div class=\"kc_wrapper kc-col-inner-container\">\n<div class=\"kc-elm kc-css-283232 kc-pricing-tables kc-pricing-layout-3 kc-price-before-currency\">\n\n\t<div class=\"content-title\">CHAMBRE DOUBLE<\/div><ul class=\"content-desc\"><li>Demi P.\r <\/li><li> <\/li><\/ul><div class=\"kc-pricing-price\"><span class=\"content-price\">23<\/span><span class=\"content-currency\">\u20ac<\/span><span class=\"content-duration\"> \/ NUIT- PERSONNE<\/span><\/div><div class=\"content-button\"><a href=\"http:\/\/www.colegiointernacionalalicante.com\/fr\/contact\/\">Contact<\/a><\/div>\n<\/div>\n<\/div><\/div><\/div><div class=\"kc-elm kc-css-493534\" style=\"height: 35px; clear: both; width:100%;\"><\/div>\n<div class=\"kc-elm kc-css-719502 kc-title-wrap \">\n\n\t<h2 class=\"kc_title\">APPARTEMENT LOGEMENT<\/h2><div style='height: 1px; background: #333;'><\/div>\n<\/div>\n<div class=\"kc-elm kc-css-223385\" style=\"height: 20px; clear: both; width:100%;\"><\/div><div id=\" \" class=\"kc-elm kc-css-559154 kc_row kc_row_inner\"><div class=\"kc-elm kc-css-207181 small-12 columns small-12\"><div class=\"kc_wrapper kc-col-inner-container\">\n<div class=\"kc-elm kc-css-143070 kc-pricing-tables kc-pricing-layout-3 kc-price-before-currency\">\n\n\t<div class=\"content-title\">CHAMBRE INDIVIDUELLE<\/div><ul class=\"content-desc\"><li>2 semaines\r <\/li><li> <\/li><\/ul><div class=\"kc-pricing-price\"><span class=\"content-price\">220<\/span><span class=\"content-currency\">\u20ac<\/span><\/div><div class=\"content-button\"><a href=\"http:\/\/www.colegiointernacionalalicante.com\/fr\/contact\/\">Contact<\/a><\/div>\n<\/div>\n<\/div><\/div><div class=\"kc-elm kc-css-446809 small-12 columns small-12\"><div class=\"kc_wrapper kc-col-inner-container\">\n<div class=\"kc-elm kc-css-192287 kc-pricing-tables kc-pricing-layout-3 kc-price-before-currency\">\n\n\t<div class=\"content-title\">CHAMBRE INDIVIDUELLE<\/div><ul class=\"content-desc\"><li>Semaine suplementaire\r <\/li><li> <\/li><\/ul><div class=\"kc-pricing-price\"><span class=\"content-price\">110<\/span><span class=\"content-currency\">\u20ac<\/span><\/div><div class=\"content-button\"><a href=\"http:\/\/www.colegiointernacionalalicante.com\/fr\/contact\/\">Contact<\/a><\/div>\n<\/div>\n<\/div><\/div><div class=\"kc-elm kc-css-8130 small-12 columns small-12\"><div class=\"kc_wrapper kc-col-inner-container\">\n<div class=\"kc-elm kc-css-827017 kc-pricing-tables kc-pricing-layout-3 kc-price-before-currency\">\n\n\t<div class=\"content-title\">CHAMBRE DOUBLE<\/div><ul class=\"content-desc\"><li>2 semaines\r <\/li><li> <\/li><\/ul><div class=\"kc-pricing-price\"><span class=\"content-price\">190<\/span><span class=\"content-currency\">\u20ac<\/span><span class=\"content-duration\"> \/ PER PERSONNE<\/span><\/div><div class=\"content-button\"><a href=\"http:\/\/www.colegiointernacionalalicante.com\/fr\/contact\/\">Contact<\/a><\/div>\n<\/div>\n<\/div><\/div><div class=\"kc-elm kc-css-677851 small-12 columns small-12\"><div class=\"kc_wrapper kc-col-inner-container\">\n<div class=\"kc-elm kc-css-332261 kc-pricing-tables kc-pricing-layout-3 kc-price-before-currency\">\n\n\t<div class=\"content-title\">CHAMBRE DOUBLE<\/div><ul class=\"content-desc\"><li>Semaine suplementaire\r <\/li><li> <\/li><\/ul><div class=\"kc-pricing-price\"><span class=\"content-price\">95<\/span><span class=\"content-currency\">\u20ac<\/span><span class=\"content-duration\"> \/ PER PERSONNE<\/span><\/div><div class=\"content-button\"><a href=\"http:\/\/www.colegiointernacionalalicante.com\/fr\/contact\/\">Contact<\/a><\/div>\n<\/div>\n<\/div><\/div><\/div><\/div><\/div><\/div><\/div><\/div>\n","protected":false},"excerpt":{"rendered":"","protected":false},"author":1,"featured_media":0,"parent":0,"menu_order":0,"comment_status":"closed","ping_status":"closed","template":"","meta":{"footnotes":""},"class_list":["post-1764","page","type-page","status-publish","hentry"],"aioseo_notices":[],"_links":{"self":[{"href":"https:\/\/www.colegiointernacionalalicante.com\/fr\/wp-json\/wp\/v2\/pages\/1764","targetHints":{"allow":["GET"]}}],"collection":[{"href":"https:\/\/www.colegiointernacionalalicante.com\/fr\/wp-json\/wp\/v2\/pages"}],"about":[{"href":"https:\/\/www.colegiointernacionalalicante.com\/fr\/wp-json\/wp\/v2\/types\/page"}],"author":[{"embeddable":true,"href":"https:\/\/www.colegiointernacionalalicante.com\/fr\/wp-json\/wp\/v2\/users\/1"}],"replies":[{"embeddable":true,"href":"https:\/\/www.colegiointernacionalalicante.com\/fr\/wp-json\/wp\/v2\/comments?post=1764"}],"version-history":[{"count":12,"href":"https:\/\/www.colegiointernacionalalicante.com\/fr\/wp-json\/wp\/v2\/pages\/1764\/revisions"}],"predecessor-version":[{"id":5053,"href":"https:\/\/www.colegiointernacionalalicante.com\/fr\/wp-json\/wp\/v2\/pages\/1764\/revisions\/5053"}],"wp:attachment":[{"href":"https:\/\/www.colegiointernacionalalicante.com\/fr\/wp-json\/wp\/v2\/media?parent=1764"}],"curies":[{"name":"wp","href":"https:\/\/api.w.org\/{rel}","templated":true}]}}