{"id":1802,"date":"2017-12-01T15:52:23","date_gmt":"2017-12-01T15:52:23","guid":{"rendered":"http:\/\/www.colegiointernacionalalicante.com\/?page_id=1802"},"modified":"2025-12-10T09:17:35","modified_gmt":"2025-12-10T09:17:35","slug":"inscripcion","status":"publish","type":"page","link":"https:\/\/www.colegiointernacionalalicante.com\/fr\/inscripcion\/","title":{"rendered":"Inscripci\u00f3n"},"content":{"rendered":"<div class=\"kc-elm kc-css-584949 kc-row-container module\"><div class=\"wc-row row\"><div class=\"kc-wrap-columns\"><div class=\"kc-elm kc-css-950657 small-12 columns small-12\"><div class=\"kc-col-container\"><div id=\" \" class=\"kc-elm kc-css-19017 kc_row kc_row_inner\"><div class=\"kc-elm kc-css-848877 small-12 columns small-12\"><div class=\"kc_wrapper kc-col-inner-container\"><div class=\"kc-elm kc-css-285137 kc_text_block welcome-message\"><\/p>\n<h2>Inscrivez-vous \u00e0 <span style=\"color: #e79800;\">Colegio Internacional Alicante<\/span><\/h2>\n<p>Nous mettons \u00e0 votre disposition \u00e0 la fois le manuel de l&#039;\u00e9tudiant et le formulaire d&#039;inscription. Si vous avez des questions, nous sommes \u00e0 votre enti\u00e8re disposition.<\/p>\n<p>\n<\/div><\/div><\/div><div class=\"kc-elm kc-css-557214 small-12 columns small-12\"><div class=\"kc_wrapper kc-col-inner-container\"><div class=\"kc-elm kc-css-776612\" style=\"height: 20px; clear: both; width:100%;\"><\/div>\n<div class=\"kc-elm kc-css-365521\">\n\t<a class=\"kc_button\" href=\"https:\/\/www.colegiointernacionalalicante.com\/wp-content\/uploads\/2025\/12\/STUDENTS-MANUAL-2026.pdf\" target=\"_self\" title=\"\" onclick=\"\">\n\t\t<i class=\"fa-file-pdf-o\"><\/i> STUDENT:apos:S MANUAL\t<\/a>\n<\/div>\n<\/div><\/div><\/div><div id=\" \" class=\"kc-elm kc-css-864864 kc_row kc_row_inner\"><div class=\"kc-elm kc-css-435650 small-12 columns small-12\"><div class=\"kc_wrapper kc-col-inner-container\"><div class=\"kc-elm kc-css-515647\" style=\"height: 20px; clear: both; width:100%;\"><\/div><div class=\"kc-contact-form7 kc-elm kc-css-802586\">\n<div class=\"wpcf7 no-js\" id=\"wpcf7-f2893-o1\" lang=\"es-ES\" dir=\"ltr\" data-wpcf7-id=\"2893\">\n<div class=\"screen-reader-response\"><p role=\"status\" aria-live=\"polite\" aria-atomic=\"true\"><\/p> <ul><\/ul><\/div>\n<form action=\"\/fr\/wp-json\/wp\/v2\/pages\/1802#wpcf7-f2893-o1\" method=\"post\" class=\"wpcf7-form init\" aria-label=\"Formulario de contacto\" novalidate=\"novalidate\" data-status=\"init\">\n<fieldset class=\"hidden-fields-container\"><input type=\"hidden\" name=\"_wpcf7\" value=\"2893\" \/><input type=\"hidden\" name=\"_wpcf7_version\" value=\"6.1.4\" \/><input type=\"hidden\" name=\"_wpcf7_locale\" value=\"es_ES\" \/><input type=\"hidden\" name=\"_wpcf7_unit_tag\" value=\"wpcf7-f2893-o1\" \/><input type=\"hidden\" name=\"_wpcf7_container_post\" value=\"0\" \/><input type=\"hidden\" name=\"_wpcf7_posted_data_hash\" value=\"\" \/><input type=\"hidden\" name=\"_wpcf7_recaptcha_response\" value=\"\" \/>\n<\/fieldset>\n<div class=\"contact-form\">\n \n <!-- DATOS DEL ALUMNO -->\n\t<div class=\"row\">\n\t\t<div class=\"medium-12 small-12 columns\">\n\t\t\t<h4 class=\"titleDestacado\">Information sur les \u00e9tudiants\n\t\t\t<\/h4>\n\t\t<\/div>\n\t\t<div class=\"medium-6 small-12 columns\">\n\t\t\t<p><label><span class=\"wpcf7-form-control-wrap\" data-name=\"nombre-completo\"><input size=\"40\" maxlength=\"400\" class=\"wpcf7-form-control wpcf7-text wpcf7-validates-as-required\" aria-required=\"true\" aria-invalid=\"false\" placeholder=\"Pr\u00e9nom et nom\" value=\"\" type=\"text\" name=\"nombre-completo\" \/><\/span><\/label>\n\t\t\t<\/p>\n\t\t<\/div>\n\t\t<div class=\"medium-6 small-12 columns\">\n\t\t\t<p><label><span class=\"wpcf7-form-control-wrap\" data-name=\"direccion\"><input size=\"40\" maxlength=\"400\" class=\"wpcf7-form-control wpcf7-text wpcf7-validates-as-required\" aria-required=\"true\" aria-invalid=\"false\" placeholder=\"Adresse\" value=\"\" type=\"text\" name=\"direccion\" \/><\/span><\/label>\n\t\t\t<\/p>\n\t\t<\/div>\n\t\t<div class=\"medium-6 small-12 columns\">\n\t\t\t<p><label><span class=\"wpcf7-form-control-wrap\" data-name=\"cp\"><input size=\"40\" maxlength=\"400\" class=\"wpcf7-form-control wpcf7-text wpcf7-validates-as-required\" aria-required=\"true\" aria-invalid=\"false\" placeholder=\"CP et ville\" value=\"\" type=\"text\" name=\"cp\" \/><\/span><\/label>\n\t\t\t<\/p>\n\t\t<\/div>\n\t\t<div class=\"medium-6 small-12 columns\">\n\t\t\t<p><label><span class=\"wpcf7-form-control-wrap\" data-name=\"pais\"><input size=\"40\" maxlength=\"400\" class=\"wpcf7-form-control wpcf7-text wpcf7-validates-as-required\" aria-required=\"true\" aria-invalid=\"false\" placeholder=\"Pays\" value=\"\" type=\"text\" name=\"pais\" \/><\/span><\/label>\n\t\t\t<\/p>\n\t\t<\/div>\n\t\t<div class=\"medium-6 small-12 columns\">\n\t\t\t<p><label><span class=\"wpcf7-form-control-wrap\" data-name=\"telefono\"><input size=\"40\" maxlength=\"400\" class=\"wpcf7-form-control wpcf7-text wpcf7-validates-as-required\" aria-required=\"true\" aria-invalid=\"false\" placeholder=\"Tel\u00e9phone\" value=\"\" type=\"text\" name=\"telefono\" \/><\/span><\/label>\n\t\t\t<\/p>\n\t\t<\/div>\n\t\t<div class=\"medium-6 small-12 columns\">\n\t\t\t<p><label><span class=\"wpcf7-form-control-wrap\" data-name=\"email\"><input size=\"40\" maxlength=\"400\" class=\"wpcf7-form-control wpcf7-text wpcf7-validates-as-required\" aria-required=\"true\" aria-invalid=\"false\" placeholder=\"Adresse-E\" value=\"\" type=\"text\" name=\"email\" \/><\/span><\/label>\n\t\t\t<\/p>\n\t\t<\/div>\n\t\t<div class=\"medium-6 small-12 columns\">\n\t\t\t<p><label><span class=\"wpcf7-form-control-wrap\" data-name=\"edad\"><input size=\"40\" maxlength=\"400\" class=\"wpcf7-form-control wpcf7-text wpcf7-validates-as-required\" aria-required=\"true\" aria-invalid=\"false\" placeholder=\"Ann\u00e9e de naissance\" value=\"\" type=\"text\" name=\"edad\" \/><\/span><\/label>\n\t\t\t<\/p>\n\t\t<\/div>\n\t\t<div class=\"medium-6 small-12 columns\">\n\t\t\t<p><label><span class=\"wpcf7-form-control-wrap\" data-name=\"nacionalidad\"><input size=\"40\" maxlength=\"400\" class=\"wpcf7-form-control wpcf7-text wpcf7-validates-as-required\" aria-required=\"true\" aria-invalid=\"false\" placeholder=\"Nationalit\u00e9\" value=\"\" type=\"text\" name=\"nacionalidad\" \/><\/span><\/label>\n\t\t\t<\/p>\n\t\t<\/div>\n\t\t<div class=\"medium-6 small-12 columns\">\n\t\t\t<p><label><span class=\"wpcf7-form-control-wrap\" data-name=\"num-pasaporte\"><input size=\"40\" maxlength=\"400\" class=\"wpcf7-form-control wpcf7-text wpcf7-validates-as-required\" aria-required=\"true\" aria-invalid=\"false\" placeholder=\"Passeport\" value=\"\" type=\"text\" name=\"num-pasaporte\" \/><\/span><\/label>\n\t\t\t<\/p>\n\t\t<\/div>\n\t\t<div class=\"medium-6 small-12 columns\">\n\t\t\t<p><span class=\"wpcf7-form-control-wrap\" data-name=\"sexo\"><select class=\"wpcf7-form-control wpcf7-select wpcf7-validates-as-required\" aria-required=\"true\" aria-invalid=\"false\" name=\"sexo\"><option value=\"Homme\">Homme<\/option><option value=\"Femme\">Femme<\/option><\/select><\/span>\n\t\t\t<\/p>\n\t\t<\/div>\n\t\t<div class=\"medium-12 small-12 columns\">\n\t\t\t<p><label><span class=\"wpcf7-form-control-wrap\" data-name=\"telefono-emergencia\"><input size=\"40\" maxlength=\"400\" class=\"wpcf7-form-control wpcf7-text wpcf7-validates-as-required\" aria-required=\"true\" aria-invalid=\"false\" placeholder=\"T\u00e9l\u00e9phone d&#039;urgence\" value=\"\" type=\"text\" name=\"telefono-emergencia\" \/><\/span><\/label>\n\t\t\t<\/p>\n\t\t<\/div>\n\t<\/div>\n\n <!-- CURSO SELECCIONADO -->\n\t<div class=\"row\">\n\t\t<div class=\"medium-12 small-12 columns\">\n\t\t\t<h4 class=\"titleDestacado\">Cours Choisi\n\t\t\t<\/h4>\n\t\t<\/div>\n\t\t<div class=\"medium-12 small-12 columns\">\n\t\t\t<p><select name=\"curso-seleccionado\" class=\"wpcf7-form-control wpcf7-select wpcf7-validates-as-required\" aria-required=\"true\" aria-invalid=\"false\">\n <option value=\"Standard, 15h\/semaine\">Standard, 15h\/semaine<\/option>\n <option value=\"Intensif, 20h\/semaine\">Intensif, 20h\/semaine<\/option>\n <option value=\"Cours Intensif + 1 heure individuelle de conversation ou de culture espagnole, 25h\/semaine\">Cours Intensif + 1 heure individuelle de conversation ou de culture espagnole, 25h\/semaine<\/option>\n <optgroup label=\"Cours DELE 40h\">\n <option value=\"DELE + Cours Standard\">DELE + Cours Standard<\/option>\n <option value=\"DELE + Cours Intensif\">DELE + Cours Intensif<\/option>\n <option value=\"DELE + Culture ou Conversation\">DELE + Culture ou Conversation<\/option>\n <\/optgroup>\n <option value=\"Individuel, 1-30h\/semaine\">Individuel, 1-30h\/semaine (sp\u00e9cifier les heures dans le commentaire)<\/option>\n <optgroup label=\"Cours combin\u00e9 20h-25h-30h\/semaine\">\n <option value=\"Cours Standard + Cours individuel\">Cours Standard + Cours individuel (sp\u00e9cifier les heures dans le commentaire)<\/option>\n <option value=\"Cours Intensive + Cours Individuel\">Cours Intensive + Cours Individuel (sp\u00e9cifier les heures dans le commentaire)<\/option>\n <option value=\"Culture ou Conversation + Cours Individuel\">Culture ou Conversation + Cours Individuel (sp\u00e9cifier les heures dans le commentaire)<\/option>\n <\/optgroup>\n <option value=\"Intensive + Affaires, 23h\/semaine\">Intensive + Affaires, 23h\/semaine<\/option>\n <option value=\"Seniors de +50 ans, 15h\/semaine\">Seniors de +50 ans, 15h\/semaine<\/option>\n <option value=\"Espagnol + Golf, 26h\/semaine\">Espagnol + Golf, 26h\/semaine<\/option>\n <option value=\"Espagnol + le\u00e7ons de danse latino, 25\/semaine\">Espagnol + le\u00e7ons de danse latino, 25\/semaine<\/option>\n <\/select>\n\t\t\t<\/p>\n\t\t<\/div>\n\t\t<div class=\"medium-4 small-12 columns\">\n\t\t\t<p><label><span class=\"wpcf7-form-control-wrap\" data-name=\"semanas\"><input class=\"wpcf7-form-control wpcf7-number wpcf7-validates-as-number\" aria-invalid=\"false\" placeholder=\"Semaines\" value=\"\" type=\"number\" name=\"semanas\" \/><\/span><\/label>\n\t\t\t<\/p>\n\t\t<\/div>\n\t\t<div class=\"medium-4 small-12 columns\">\n\t\t\t<p><label><span class=\"wpcf7-form-control-wrap\" data-name=\"desde-curso\"><input class=\"wpcf7-form-control wpcf7-date wpcf7-validates-as-date\" aria-invalid=\"false\" placeholder=\"De\" value=\"\" type=\"date\" name=\"desde-curso\" \/><\/span><\/label>\n\t\t\t<\/p>\n\t\t<\/div>\n\t\t<div class=\"medium-4 small-12 columns\">\n\t\t\t<p><label><span class=\"wpcf7-form-control-wrap\" data-name=\"hasta-curso\"><input class=\"wpcf7-form-control wpcf7-date wpcf7-validates-as-date\" aria-invalid=\"false\" placeholder=\"De\" value=\"\" type=\"date\" name=\"hasta-curso\" \/><\/span><\/label>\n\t\t\t<\/p>\n\t\t<\/div>\n\t<\/div>\n\n <!-- ALOJAMIENTO -->\n\t<div class=\"row\">\n\t\t<div class=\"medium-12 small-12 columns\">\n\t\t\t<h4 class=\"titleDestacado\">Logement\n\t\t\t<\/h4>\n\t\t<\/div>\n\t\t<div class=\"medium-4 small-12 columns\">\n\t\t\t<p><select name=\"alojamiento\" class=\"wpcf7-form-control wpcf7-select wpcf7-validates-as-required\" aria-required=\"true\" aria-invalid=\"false\">\n <optgroup label=\"Famille\">\n <option value=\"Famille - Chambre individuelle, demi pension\">Chambre individuelle, demi pension<\/option>\n <option value=\"Famille - Chambre individuelle, pension compl\u00e8te\">Chambre individuelle, pension compl\u00e8te<\/option>\n <option value=\"Famille - Chambre double, demi pension\">Chambre double, demi pension (S'il vous pla\u00eet, indiquez le nom de votre compagnon dans les commentaires)<\/option>\n <option value=\"Famille - Chambre double, pension compl\u00e8te\">Chambre double, pension compl\u00e8te (S'il vous pla\u00eet, indiquez le nom de votre compagnon dans les commentaires)<\/option>\n <\/optgroup>\n <optgroup label=\"Appartement\">\n <option value=\"Appartement- Chambre individuelle\">Chambre individuelle<\/option>\n <option value=\"Appartement- Chambre double\">Chambre double (S'il vous pla\u00eet, indiquez le nom de votre compagnon dans les commentaires)<\/option>\n <\/optgroup>\n <option value=\"Pas\">Pas<\/option>\n <\/select>\n\t\t\t<\/p>\n\t\t<\/div>\n\t\t<div class=\"medium-4 small-12 columns\">\n\t\t\t<p><label><span class=\"wpcf7-form-control-wrap\" data-name=\"desde-alojamiento\"><input class=\"wpcf7-form-control wpcf7-date wpcf7-validates-as-date\" aria-invalid=\"false\" placeholder=\"De\" value=\"\" type=\"date\" name=\"desde-alojamiento\" \/><\/span><\/label>\n\t\t\t<\/p>\n\t\t<\/div>\n\t\t<div class=\"medium-4 small-12 columns\">\n\t\t\t<p><label><span class=\"wpcf7-form-control-wrap\" data-name=\"hasta-alojamiento\"><input class=\"wpcf7-form-control wpcf7-date wpcf7-validates-as-date\" aria-invalid=\"false\" placeholder=\"De\" value=\"\" type=\"date\" name=\"hasta-alojamiento\" \/><\/span><\/label>\n\t\t\t<\/p>\n\t\t<\/div>\n\t\t<div class=\"medium-12 small-12 columns\">\n\t\t\t<p><span class=\"wpcf7-form-control-wrap\" data-name=\"recogida-aeropuerto\"><span class=\"wpcf7-form-control wpcf7-checkbox\"><span class=\"wpcf7-list-item first last\"><input type=\"checkbox\" name=\"recogida-aeropuerto[]\" value=\"Service de transfert de l\u00b4aeroport\" \/><span class=\"wpcf7-list-item-label\">Service de transfert de l\u00b4aeroport<\/span><\/span><\/span><\/span>\n\t\t\t<\/p>\n\t\t<\/div>\n\t\t<div class=\"medium-4 small-12 columns\">\n\t\t\t<p><label><span class=\"wpcf7-form-control-wrap\" data-name=\"aeropuerto-dia\"><input size=\"40\" maxlength=\"400\" class=\"wpcf7-form-control wpcf7-text\" aria-invalid=\"false\" placeholder=\"Jour d&#039;arriv\u00e9e\" value=\"\" type=\"text\" name=\"aeropuerto-dia\" \/><\/span><\/label>\n\t\t\t<\/p>\n\t\t<\/div>\n\t\t<div class=\"medium-4 small-12 columns\">\n\t\t\t<p><label><span class=\"wpcf7-form-control-wrap\" data-name=\"aeropuerto-hora\"><input size=\"40\" maxlength=\"400\" class=\"wpcf7-form-control wpcf7-text\" aria-invalid=\"false\" placeholder=\"Heure d&#039;arriv\u00e9e\" value=\"\" type=\"text\" name=\"aeropuerto-hora\" \/><\/span><\/label>\n\t\t\t<\/p>\n\t\t<\/div>\n\t\t<div class=\"medium-4 small-12 columns\">\n\t\t\t<p><label><span class=\"wpcf7-form-control-wrap\" data-name=\"aeropuerto-num-vuelo\"><input size=\"40\" maxlength=\"400\" class=\"wpcf7-form-control wpcf7-text\" aria-invalid=\"false\" placeholder=\"Num\u00e9ro de vol\" value=\"\" type=\"text\" name=\"aeropuerto-num-vuelo\" \/><\/span><\/label>\n\t\t\t<\/p>\n\t\t<\/div>\n\t<\/div>\n\n <!-- COMENTARIO -->\n\t<div class=\"row\">\n\t\t<div class=\"medium-12 small-12 columns\">\n\t\t\t<h4 class=\"titleDestacado\">Commentaires\n\t\t\t<\/h4>\n\t\t<\/div>\n\t\t<div class=\"medium-12 small-12 columns\">\n\t\t\t<p><label><span class=\"wpcf7-form-control-wrap\" data-name=\"comentarios\"><textarea cols=\"40\" rows=\"10\" maxlength=\"2000\" class=\"wpcf7-form-control wpcf7-textarea\" aria-invalid=\"false\" placeholder=\"(Allergies, maladies, handicap\u00e9es, r\u00e9gime v\u00e9g\u00e9tarien...)\" name=\"comentarios\"><\/textarea><\/span><\/label>\n\t\t\t<\/p>\n\t\t<\/div>\n<!-- PRIMERA CAPA -->\n\t\t<p><label><\/label>\n\t\t<\/p>\n\t\t<div class=\"cont-resumen\">\n\t\t\t<div class=\"tit-resumen\">\n\t\t\t\t<p>Informaci\u00f3n b\u00e1sica sobre Protecci\u00f3n de Datos\n\t\t\t\t<\/p>\n\t\t\t<\/div>\n\t\t\t<ul class=\"resumen\">\n\t\t\t\t<li>\n\t\t\t\t\t<p><span class=\"apartado\">Responsable:<\/span><span class=\"contenido\">COLEGIO INTERNACIONAL ALICANTE<span><\/span><\/span>\n\t\t\t\t\t<\/p>\n\t\t\t\t<\/li>\n\t\t\t\t<li>\n\t\t\t\t\t<p><span class=\"apartado\">Finalidad:<\/span><span class=\"contenido\">Gestionar los datos de los asociados para conseguir condiciones favorables de los mismos<span><\/span><\/span>\n\t\t\t\t\t<\/p>\n\t\t\t\t<\/li>\n\t\t\t\t<li>\n\t\t\t\t\t<p><span class=\"apartado\">Legitimaci\u00f3n:<\/span><span class=\"contenido\">Prestaci\u00f3n del consentimiento<span><\/span><\/span>\n\t\t\t\t\t<\/p>\n\t\t\t\t<\/li>\n\t\t\t\t<li>\n\t\t\t\t\t<p><span class=\"apartado\">Destinatarios:<\/span><span class=\"contenido\">No se ceder\u00e1n datos a terceros, salvo obligaci\u00f3n legal<span><\/span><\/span>\n\t\t\t\t\t<\/p>\n\t\t\t\t<\/li>\n\t\t\t\t<li>\n\t\t\t\t\t<p><span class=\"apartado\">Derechos: <\/span><span class=\"contenido\">Acceder, rectificar y suprimir los datos, as\u00ed como otros derechos, como se explica en la informaci\u00f3n adicional<span><\/span><\/span>\n\t\t\t\t\t<\/p>\n\t\t\t\t<\/li>\n\t\t\t\t<li>\n\t\t\t\t\t<p><span class=\"apartado\">Informaci\u00f3n adicional:<\/span><span class=\"contenido\">Puede consultar la informaci\u00f3n adicional y detallada sobre Protecci\u00f3n de Datos en el <a href=\"http:\/\/www.colegiointernacionalalicante.com\/es\/politica-de-privacidad\/\" rel=\"nofolow\" class=\"enl-gris\">siguiente enlace<\/a><span><\/span><\/span>\n\t\t\t\t\t<\/p>\n\t\t\t\t<\/li>\n\t\t\t<\/ul>\n\t\t<\/div>\n\t\t<div class=\"medium-6 small-12 columns\">\n\t\t\t<p><span class=\"wpcf7-form-control-wrap\" data-name=\"acceptance-834\"><span class=\"wpcf7-form-control wpcf7-acceptance\"><span class=\"wpcf7-list-item\"><input type=\"checkbox\" name=\"acceptance-834\" value=\"1\" aria-invalid=\"false\" \/><\/span><\/span><\/span> He le\u00eddo y acepto el tratamiento de mis datos en las condiciones <a href=\"http:\/\/www.colegiointernacionalalicante.com\/es\/condiciones-de-tratamiento-de-datos-personales\/\" rel=\"nofolow\">mencionadas<\/a><br \/>\n<span class=\"wpcf7-form-control-wrap\" data-name=\"acceptance-835\"><span class=\"wpcf7-form-control wpcf7-acceptance\"><span class=\"wpcf7-list-item\"><input type=\"checkbox\" name=\"acceptance-835\" value=\"1\" aria-invalid=\"false\" \/><\/span><\/span><\/span> He le\u00eddo y acepto la <a href=\"http:\/\/www.colegiointernacionalalicante.com\/es\/politica-de-privacidad\/\" rel=\"nofolow\" class=\"enl-gris\">pol\u00edtica de privacidad<\/a> y los <a href=\"https:\/\/www.colegiointernacionalalicante.com\/wp-content\/uploads\/2025\/12\/2026-TERMS-CONDITIONS.pdf\" rel=\"nofolow\" target=\"_blank\">T\u00e9rminos y Condiciones<\/a>\n\t\t\t<\/p>\n\t\t<\/div>\n\t\t<div class=\"medium-6 small-12 columns\">\n\t\t\t<p><label style=\"float: right;\">\n\t\t\t\t<\/label>\n\t\t\t<\/p>\n\t\t<\/div>\n\t<\/div>\n\n <!-- BOTON ENVIAR-->\n\t<div class=\"row\">\n\t\t<div class=\"medium-12 small-12 columns\">\n\t\t\t<p><label class=\"text-center\"><input class=\"wpcf7-form-control wpcf7-submit has-spinner button primary\" type=\"submit\" value=\"Envoyer\" \/><\/label>\n\t\t\t<\/p>\n\t\t<\/div>\n\t<\/div>\n<\/div><div class=\"wpcf7-response-output\" aria-hidden=\"true\"><\/div>\n<\/form>\n<\/div>\n<\/div><\/div><\/div><\/div><\/div><\/div><\/div><\/div><\/div>\n","protected":false},"excerpt":{"rendered":"","protected":false},"author":1,"featured_media":0,"parent":0,"menu_order":0,"comment_status":"closed","ping_status":"closed","template":"","meta":{"footnotes":""},"class_list":["post-1802","page","type-page","status-publish","hentry"],"aioseo_notices":[],"_links":{"self":[{"href":"https:\/\/www.colegiointernacionalalicante.com\/fr\/wp-json\/wp\/v2\/pages\/1802","targetHints":{"allow":["GET"]}}],"collection":[{"href":"https:\/\/www.colegiointernacionalalicante.com\/fr\/wp-json\/wp\/v2\/pages"}],"about":[{"href":"https:\/\/www.colegiointernacionalalicante.com\/fr\/wp-json\/wp\/v2\/types\/page"}],"author":[{"embeddable":true,"href":"https:\/\/www.colegiointernacionalalicante.com\/fr\/wp-json\/wp\/v2\/users\/1"}],"replies":[{"embeddable":true,"href":"https:\/\/www.colegiointernacionalalicante.com\/fr\/wp-json\/wp\/v2\/comments?post=1802"}],"version-history":[{"count":15,"href":"https:\/\/www.colegiointernacionalalicante.com\/fr\/wp-json\/wp\/v2\/pages\/1802\/revisions"}],"predecessor-version":[{"id":5676,"href":"https:\/\/www.colegiointernacionalalicante.com\/fr\/wp-json\/wp\/v2\/pages\/1802\/revisions\/5676"}],"wp:attachment":[{"href":"https:\/\/www.colegiointernacionalalicante.com\/fr\/wp-json\/wp\/v2\/media?parent=1802"}],"curies":[{"name":"wp","href":"https:\/\/api.w.org\/{rel}","templated":true}]}}