{"id":1846,"date":"2017-12-01T16:01:17","date_gmt":"2017-12-01T16:01:17","guid":{"rendered":"http:\/\/www.colegiointernacionalalicante.com\/?page_id=1846"},"modified":"2017-12-28T15:49:43","modified_gmt":"2017-12-28T15:49:43","slug":"politique-de-confidentialite","status":"publish","type":"page","link":"https:\/\/www.colegiointernacionalalicante.com\/fr\/politique-de-confidentialite\/","title":{"rendered":"Politique de Confidentialit\u00e9"},"content":{"rendered":"<div class=\"kc-elm kc-css-836042 kc-row-container module\"><div class=\"wc-row row\"><div class=\"kc-wrap-columns\"><div class=\"kc-elm kc-css-365369 small-12 columns small-12\"><div class=\"kc-col-container\"><div class=\"kc-elm kc-css-654828 kc_text_block\"><\/p>\n<p>De acuerdo con lo dispuesto en la Ley Org\u00e1nica 15\/99 del 13 de Diciembre de 1999 sobre Protecci\u00f3n de datos de Car\u00e1cter Personal, <strong>COLEGIO INTERNACIONAL ALICANTE<\/strong> y su sitio web <a href=\"http:\/\/www.colegiointernacionalalicante.com\">www.colegiointernacionalalicante.com<\/a> cumple la legislaci\u00f3n vigente respecto a la protecci\u00f3n de datos personales y de contacto de sus subscriptores y los mantiene en la m\u00e1s estricta confidencialidad.<\/p>\n<p>En concordancia con la normativa actualmente vigente en materia de Protecci\u00f3n de datos (LOPD), as\u00ed como en materia de servicios de la sociedad de la informaci\u00f3n y de comercio electr\u00f3nico (LSSI-CE), el usuario acepta que los datos aportados por medio de esta p\u00e1gina web sean incorporados a ficheros titularidad de <strong>COLEGIO INTERNACIONAL ALICANTE<\/strong>, con la finalidad de facilitar la prestaci\u00f3n de los servicios solicitados, as\u00ed como, en su caso, la cesi\u00f3n a terceros para la estricta y exclusiva prestaci\u00f3n de dichos servicios.<\/p>\n<p>Mediante el uso, por parte de usuario, de los formularios de contacto y del correo electr\u00f3nico facilitado en la p\u00e1gina web <a href=\"http:\/\/www.colegiointernacionalalicante.com\">www.colegiointernacionalalicante.com<\/a>, el cliente autoriza expresamente a <strong>COLEGIO INTERNACIONAL ALICANTE<\/strong> al env\u00edo de comunicaciones comerciales por correo ordinario y\/o electr\u00f3nico, as\u00ed como al previsible contacto telef\u00f3nico con el fin de ofrecer los servicios ofertados.<\/p>\n<p><strong>COLEGIO INTERNACIONAL ALICANTE<\/strong> guardar\u00e1 los datos de car\u00e1cter personal que haya recabado y adoptar\u00e1 las medidas necesarias para evitar su alteraci\u00f3n, p\u00e9rdida, tratamiento o acceso no autorizados.<\/p>\n<p>Los clientes y\/o usuarios de <a href=\"http:\/\/www.colegiointernacionalalicante.com\">www.colegiointernacionalalicante.com<\/a> pueden, en todo momento, ejercitar los derechos de acceso, rectificaci\u00f3n, cancelaci\u00f3n y oposici\u00f3n sobre sus datos personales comunic\u00e1ndolo por escrito a <strong>COLEGIO INTERNACIONAL ALICANTE<\/strong>, C\/ Pintor Aparicio n\u00ba18 03003 o bien enviando un E-Mail a <a href=\"mailto:info@colegiointernacionalalicante.com\">info@colegiointernacionalalicante.com<\/a>.<\/p>\n<p>\n<\/div><\/div><\/div><\/div><\/div><\/div>\n","protected":false},"excerpt":{"rendered":"","protected":false},"author":1,"featured_media":0,"parent":0,"menu_order":0,"comment_status":"closed","ping_status":"closed","template":"","meta":{"footnotes":""},"class_list":["post-1846","page","type-page","status-publish","hentry"],"aioseo_notices":[],"_links":{"self":[{"href":"https:\/\/www.colegiointernacionalalicante.com\/fr\/wp-json\/wp\/v2\/pages\/1846","targetHints":{"allow":["GET"]}}],"collection":[{"href":"https:\/\/www.colegiointernacionalalicante.com\/fr\/wp-json\/wp\/v2\/pages"}],"about":[{"href":"https:\/\/www.colegiointernacionalalicante.com\/fr\/wp-json\/wp\/v2\/types\/page"}],"author":[{"embeddable":true,"href":"https:\/\/www.colegiointernacionalalicante.com\/fr\/wp-json\/wp\/v2\/users\/1"}],"replies":[{"embeddable":true,"href":"https:\/\/www.colegiointernacionalalicante.com\/fr\/wp-json\/wp\/v2\/comments?post=1846"}],"version-history":[{"count":2,"href":"https:\/\/www.colegiointernacionalalicante.com\/fr\/wp-json\/wp\/v2\/pages\/1846\/revisions"}],"predecessor-version":[{"id":3218,"href":"https:\/\/www.colegiointernacionalalicante.com\/fr\/wp-json\/wp\/v2\/pages\/1846\/revisions\/3218"}],"wp:attachment":[{"href":"https:\/\/www.colegiointernacionalalicante.com\/fr\/wp-json\/wp\/v2\/media?parent=1846"}],"curies":[{"name":"wp","href":"https:\/\/api.w.org\/{rel}","templated":true}]}}