{"id":1848,"date":"2017-12-01T16:05:41","date_gmt":"2017-12-01T16:05:41","guid":{"rendered":"http:\/\/www.colegiointernacionalalicante.com\/?page_id=1848"},"modified":"2025-12-10T09:15:10","modified_gmt":"2025-12-10T09:15:10","slug":"tarifs-2","status":"publish","type":"page","link":"https:\/\/www.colegiointernacionalalicante.com\/fr\/tarifs-2\/","title":{"rendered":"Tarifs"},"content":{"rendered":"<div class=\"kc-elm kc-css-233863 kc-row-container module\"><div class=\"wc-row row\"><div class=\"kc-wrap-columns\"><div class=\"kc-elm kc-css-27085 small-12 columns small-12\"><div class=\"kc-col-container\"><div class=\"kc-elm kc-css-896865\" style=\"height: 35px; clear: both; width:100%;\"><\/div><div class=\"kc-elm kc-css-188587 kc_text_block\"><\/p>\n<p><strong>IMPORTANT<\/strong><\/p>\n<ul>\n<li>Prenez note qu\u00b4une heure de classe dure <strong>50 minutes<\/strong>.<\/li>\n<li>Les \u00e9tudiants doivent avoir leur propre assurance ou demander celle de notre \u00e9cole.<\/li>\n<li>L\u00b4\u00e9cole se r\u00e9serve le droit de modifier l\u00b4horaire des cours.<\/li>\n<li><b>Annulation<\/b>: Si vous d\u00e9sirez annuler l\u00b4inscription d\u00b4un cours, vous devez le notifier par \u00e9crit \u00e0 l\u00b4\u00e9cole\u00a0<b>15 jours<\/b>\u00a0avant le d\u00e9but du cours. Nous vous rembourserons le total du paiement \u00e0 l\u00b4exception de\u00a0<b>250\u20ac<\/b> pour les frais administratifs.<\/li>\n<li>Les excursions et les activit\u00e9s extrascolaires ne sont pas comprises dans le prix du cours.<\/li>\n<li>Frais d&#039;inscription pour les nouveaux \u00e9tudiants: 60 \u20ac.<\/li>\n<li>Le prix comprend:\n<ul>\n<li>Cours.<\/li>\n<li>Certificat.<\/li>\n<li>Classification.<\/li>\n<li>Tutoriels de 15 minutes, maximum 3 par semaine.<\/li>\n<li>Activit\u00e9s parascolaires guid\u00e9es par les enseignants du centre (transport et billets non inclus).<\/li>\n<\/ul>\n<\/li>\n<\/ul>\n<p>En cas de transfert bancaire voici les information n\u00e9cessaires:<\/p>\n<p style=\"text-align: center;\"><strong>COLEGIO INTERNACIONAL ALICANTE<\/strong><br \/>Banque: CaixaBank<br \/>Explanada de Espa\u00f1a, 03003 Alicante<\/p>\n<p style=\"text-align: center;\">CUENTA N\u00ba: ES.17 2100 1533 1702 0014 3107<br \/>SWIFT: CAIXESBBXXX<\/p>\n<p>\n<\/div><div class=\"kc-elm kc-css-891116\" style=\"height: 35px; clear: both; width:100%;\"><\/div>\n<div class=\"kc-elm kc-css-13939 kc-title-wrap \">\n\n\t<h2 class=\"kc_title\">COURS STANDARD<\/h2><div style='height: 1px; background: #333;'><\/div>\n<\/div>\n<div class=\"kc-elm kc-css-905036\" style=\"height: 20px; clear: both; width:100%;\"><\/div><div id=\" \" class=\"kc-elm kc-css-557989 kc_row kc_row_inner\"><div class=\"kc-elm kc-css-578651 small-12 columns small-12\"><div class=\"kc_wrapper kc-col-inner-container\"><\/div><\/div><div class=\"kc-elm kc-css-412147 small-12 columns small-12\"><div class=\"kc_wrapper kc-col-inner-container\"><div id=\"\u00bb\" class=\"kc-elm kc-css-\u00bb131545&Prime; kc_row kc_row_inner\"><div class=\"kc-elm kc-css-\u00bb10364&Prime; small-12 columns small-12\"><div class=\"kc_wrapper kc-col-inner-container\">\n<div class=\"kc-elm kc-css-852192 kc-pricing-tables kc-pricing-layout-3 kc-price-before-currency\">\n\n\t<div class=\"content-title\">2 semaines<\/div><ul class=\"content-desc\"><li>15 hrs \/ semaine\r <\/li><li><\/br> <\/li><\/ul><div class=\"kc-pricing-price\"><span class=\"content-price\">240<\/span><span class=\"content-currency\">\u20ac<\/span><\/div><div class=\"content-button\"><a href=\"http:\/\/www.colegiointernacionalalicante.com\/fr\/contact\/\">Contact<\/a><\/div>\n<\/div>\n<\/div><\/div><div class=\"kc-elm kc-css-\u00bb805785&Prime; small-12 columns small-12\"><div class=\"kc_wrapper kc-col-inner-container\">\n<div class=\"kc-elm kc-css-541920 kc-pricing-tables kc-pricing-layout-3 kc-price-before-currency\">\n\n\t<div class=\"content-title\">Semaine suppl\u00e9mentaire<\/div><ul class=\"content-desc\"><li>15 hrs \/ semaine\r <\/li><li>De la semaine 3 \u00e0 la 12 <\/li><\/ul><div class=\"kc-pricing-price\"><span class=\"content-price\">120<\/span><span class=\"content-currency\">\u20ac<\/span><\/div><div class=\"content-button\"><a href=\"http:\/\/www.colegiointernacionalalicante.com\/fr\/contact\/\">Contact<\/a><\/div>\n<\/div>\n<\/div><\/div><div class=\"kc-elm kc-css-\u00bb771293&Prime; small-12 columns small-12\"><div class=\"kc_wrapper kc-col-inner-container\">\n<div class=\"kc-elm kc-css-874610 kc-pricing-tables kc-pricing-layout-3 kc-price-before-currency\">\n\n\t<div class=\"content-title\">+12 semaines<\/div><ul class=\"content-desc\"><li>15 hrs \/ semaine\r <\/li><li>\u00c0 partir de la semaine 13 <\/li><\/ul><div class=\"kc-pricing-price\"><span class=\"content-price\">110<\/span><span class=\"content-currency\">\u20ac<\/span><\/div><div class=\"content-button\"><a href=\"http:\/\/www.colegiointernacionalalicante.com\/fr\/contact\/\">Contact<\/a><\/div>\n<\/div>\n<\/div><\/div><\/div><\/div><\/div><div class=\"kc-elm kc-css-160716 small-12 columns small-12\"><div class=\"kc_wrapper kc-col-inner-container\"><\/div><\/div><\/div><div class=\"kc-elm kc-css-794009\" style=\"height: 35px; clear: both; width:100%;\"><\/div>\n<div class=\"kc-elm kc-css-981668 kc-title-wrap \">\n\n\t<h2 class=\"kc_title\">COURS INTENSIVE<\/h2><div style='height: 1px; background: #333;'><\/div>\n<\/div>\n<div class=\"kc-elm kc-css-143789\" style=\"height: 20px; clear: both; width:100%;\"><\/div><div id=\" \" class=\"kc-elm kc-css-303930 kc_row kc_row_inner\"><div class=\"kc-elm kc-css-581572 small-12 columns small-12\"><div class=\"kc_wrapper kc-col-inner-container\"><\/div><\/div><div class=\"kc-elm kc-css-453791 small-12 columns small-12\"><div class=\"kc_wrapper kc-col-inner-container\"><div id=\"\u00bb\" class=\"kc-elm kc-css-\u00bb838108&Prime; kc_row kc_row_inner\"><div class=\"kc-elm kc-css-\u00bb399439&Prime; small-12 columns small-12\"><div class=\"kc_wrapper kc-col-inner-container\">\n<div class=\"kc-elm kc-css-998364 kc-pricing-tables kc-pricing-layout-3 kc-price-before-currency\">\n\n\t<div class=\"content-title\">2 semaines<\/div><ul class=\"content-desc\"><li>20 hrs \/ semaine\r <\/li><li> <\/li><\/ul><div class=\"kc-pricing-price\"><span class=\"content-price\">260<\/span><span class=\"content-currency\">\u20ac<\/span><\/div><div class=\"content-button\"><a href=\"http:\/\/www.colegiointernacionalalicante.com\/fr\/contact\/\">Contact<\/a><\/div>\n<\/div>\n<\/div><\/div><div class=\"kc-elm kc-css-\u00bb654952&Prime; small-12 columns small-12\"><div class=\"kc_wrapper kc-col-inner-container\">\n<div class=\"kc-elm kc-css-654394 kc-pricing-tables kc-pricing-layout-3 kc-price-before-currency\">\n\n\t<div class=\"content-title\">Semaine suppl\u00e9mentaire<\/div><ul class=\"content-desc\"><li>20 hrs \/ semaine\r <\/li><li>De la semaine 3 \u00e0 la 12 <\/li><\/ul><div class=\"kc-pricing-price\"><span class=\"content-price\">130<\/span><span class=\"content-currency\">\u20ac<\/span><\/div><div class=\"content-button\"><a href=\"http:\/\/www.colegiointernacionalalicante.com\/fr\/contact\/\">Contact<\/a><\/div>\n<\/div>\n<\/div><\/div><div class=\"kc-elm kc-css-\u00bb97089&Prime; small-12 columns small-12\"><div class=\"kc_wrapper kc-col-inner-container\">\n<div class=\"kc-elm kc-css-170928 kc-pricing-tables kc-pricing-layout-3 kc-price-before-currency\">\n\n\t<div class=\"content-title\">+12 semaines<\/div><ul class=\"content-desc\"><li>20 hrs \/ semaine\r <\/li><li>\u00c0 partir de la semaine 13 <\/li><\/ul><div class=\"kc-pricing-price\"><span class=\"content-price\">120<\/span><span class=\"content-currency\">\u20ac<\/span><\/div><div class=\"content-button\"><a href=\"http:\/\/www.colegiointernacionalalicante.com\/fr\/contact\/\">Contact<\/a><\/div>\n<\/div>\n<\/div><\/div><div class=\"kc-elm kc-css-\u00bb342429&Prime; small-12 columns small-12\"><div class=\"kc_wrapper kc-col-inner-container\">\n<div class=\"kc-elm kc-css-523502 kc-pricing-tables kc-pricing-layout-3 kc-price-before-currency\">\n\n\t<div class=\"content-title\">+24 semaines<\/div><ul class=\"content-desc\"><li>20 hrs \/ semaine\r <\/li><li>\u00c0 partir de la semaine 24 <\/li><\/ul><div class=\"kc-pricing-price\"><span class=\"content-price\">115<\/span><span class=\"content-currency\">\u20ac<\/span><\/div><div class=\"content-button\"><a href=\"http:\/\/www.colegiointernacionalalicante.com\/fr\/contact\/\">Contact<\/a><\/div>\n<\/div>\n<\/div><\/div><\/div><\/div><\/div><div class=\"kc-elm kc-css-783736 small-12 columns small-12\"><div class=\"kc_wrapper kc-col-inner-container\"><\/div><\/div><\/div><div class=\"kc-elm kc-css-401915\" style=\"height: 35px; clear: both; width:100%;\"><\/div>\n<div class=\"kc-elm kc-css-166678 kc-title-wrap \">\n\n\t<h2 class=\"kc_title\">COURS INTENSIF + 1 HEURE INDIVIDUELLE DE CONVERSATION OU DE CULTURE<\/h2><div style='height: 1px; background: #333;'><\/div>\n<\/div>\n<div class=\"kc-elm kc-css-32992\" style=\"height: 20px; clear: both; width:100%;\"><\/div><div id=\" \" class=\"kc-elm kc-css-921722 kc_row kc_row_inner\"><div class=\"kc-elm kc-css-515962 small-12 columns small-12\"><div class=\"kc_wrapper kc-col-inner-container\"><\/div><\/div><div class=\"kc-elm kc-css-634176 small-12 columns small-12\"><div class=\"kc_wrapper kc-col-inner-container\"><div id=\"\u00bb\" class=\"kc-elm kc-css-\u00bb571866&Prime; kc_row kc_row_inner\"><div class=\"kc-elm kc-css-\u00bb503485&Prime; small-12 columns small-12\"><div class=\"kc_wrapper kc-col-inner-container\">\n<div class=\"kc-elm kc-css-445775 kc-pricing-tables kc-pricing-layout-3 kc-price-before-currency\">\n\n\t<div class=\"content-title\">2 semaines<\/div><ul class=\"content-desc\"><li>25 hrs \/ semaine\r <\/li><li>&nbsp; <\/li><\/ul><div class=\"kc-pricing-price\"><span class=\"content-price\">560<\/span><span class=\"content-currency\">\u20ac<\/span><\/div><div class=\"content-button\"><a href=\"http:\/\/www.colegiointernacionalalicante.com\/fr\/contact\/\">Contact<\/a><\/div>\n<\/div>\n<\/div><\/div><div class=\"kc-elm kc-css-\u00bb550417&Prime; small-12 columns small-12\"><div class=\"kc_wrapper kc-col-inner-container\">\n<div class=\"kc-elm kc-css-47607 kc-pricing-tables kc-pricing-layout-3 kc-price-before-currency\">\n\n\t<div class=\"content-title\">Semaine suppl\u00e9mentaire<\/div><ul class=\"content-desc\"><li>15 hrs \/ semaine\r <\/li><li>De la semaine 3 \u00e0 la 12 <\/li><\/ul><div class=\"kc-pricing-price\"><span class=\"content-price\">280<\/span><span class=\"content-currency\">\u20ac<\/span><\/div><div class=\"content-button\"><a href=\"http:\/\/www.colegiointernacionalalicante.com\/fr\/contact\/\">Contact<\/a><\/div>\n<\/div>\n<\/div><\/div><div class=\"kc-elm kc-css-\u00bb628411&Prime; small-12 columns small-12\"><div class=\"kc_wrapper kc-col-inner-container\">\n<div class=\"kc-elm kc-css-846034 kc-pricing-tables kc-pricing-layout-3 kc-price-before-currency\">\n\n\t<div class=\"content-title\">+ 12 semaines<\/div><ul class=\"content-desc\"><li>15 hrs \/ semaine\r <\/li><li>\u00c0 partir de la semaine 13 <\/li><\/ul><div class=\"kc-pricing-price\"><span class=\"content-price\">260<\/span><span class=\"content-currency\">\u20ac<\/span><\/div><div class=\"content-button\"><a href=\"http:\/\/www.colegiointernacionalalicante.com\/fr\/contact\/\">Contact<\/a><\/div>\n<\/div>\n<\/div><\/div><\/div><\/div><\/div><div class=\"kc-elm kc-css-408178 small-12 columns small-12\"><div class=\"kc_wrapper kc-col-inner-container\"><\/div><\/div><\/div><div class=\"kc-elm kc-css-136571\" style=\"height: 35px; clear: both; width:100%;\"><\/div>\n<div class=\"kc-elm kc-css-697444 kc-title-wrap \">\n\n\t<h2 class=\"kc_title\">DELE\/SIELE COURS<\/h2><div style='height: 1px; background: #333;'><\/div>\n<\/div>\n<div class=\"kc-elm kc-css-790317\" style=\"height: 20px; clear: both; width:100%;\"><\/div><div id=\" \" class=\"kc-elm kc-css-953584 kc_row kc_row_inner\"><div class=\"kc-elm kc-css-66964 small-12 columns small-12\"><div class=\"kc_wrapper kc-col-inner-container\"><\/div><\/div><div class=\"kc-elm kc-css-479004 small-12 columns small-12\"><div class=\"kc_wrapper kc-col-inner-container\"><div id=\"\u00bb\" class=\"kc-elm kc-css-\u00bb452765&Prime; kc_row kc_row_inner\"><div class=\"kc-elm kc-css-\u00bb530390&Prime; small-12 columns small-12\"><div class=\"kc_wrapper kc-col-inner-container\"><\/div><\/div><div class=\"kc-elm kc-css-\u00bb602716&Prime; small-12 columns small-12\"><div class=\"kc_wrapper kc-col-inner-container\">\n<div class=\"kc-elm kc-css-739081 kc-pricing-tables kc-pricing-layout-3 kc-price-before-currency\">\n\n\t<div class=\"content-title\">DELE\/SIELE<\/div><ul class=\"content-desc\"><li>20 hrs <\/li><\/ul><div class=\"kc-pricing-price\"><span class=\"content-price\">700<\/span><span class=\"content-currency\">\u20ac<\/span><\/div><div class=\"content-button\"><a href=\"http:\/\/www.colegiointernacionalalicante.com\/fr\/contact\/\">Contact<\/a><\/div>\n<\/div>\n<\/div><\/div><div class=\"kc-elm kc-css-\u00bb30963&Prime; small-12 columns small-12\"><div class=\"kc_wrapper kc-col-inner-container\"><\/div><\/div><\/div><\/div><\/div><div class=\"kc-elm kc-css-136289 small-12 columns small-12\"><div class=\"kc_wrapper kc-col-inner-container\"><\/div><\/div><\/div><div class=\"kc-elm kc-css-125959\" style=\"height: 35px; clear: both; width:100%;\"><\/div>\n<div class=\"kc-elm kc-css-795010 kc-title-wrap \">\n\n\t<h2 class=\"kc_title\">COURS INDIVIDUEL<\/h2><div style='height: 1px; background: #333;'><\/div>\n<\/div>\n<div class=\"kc-elm kc-css-154293\" style=\"height: 20px; clear: both; width:100%;\"><\/div><div id=\" \" class=\"kc-elm kc-css-62635 kc_row kc_row_inner\"><div class=\"kc-elm kc-css-817805 small-12 columns small-12\"><div class=\"kc_wrapper kc-col-inner-container\"><\/div><\/div><div class=\"kc-elm kc-css-755737 small-12 columns small-12\"><div class=\"kc_wrapper kc-col-inner-container\"><div id=\"\u00bb\" class=\"kc-elm kc-css-\u00bb459059&Prime; kc_row kc_row_inner\"><div class=\"kc-elm kc-css-\u00bb87626&Prime; small-12 columns small-12\"><div class=\"kc_wrapper kc-col-inner-container\"><\/div><\/div><div class=\"kc-elm kc-css-\u00bb369545&Prime; small-12 columns small-12\"><div class=\"kc_wrapper kc-col-inner-container\">\n<div class=\"kc-elm kc-css-694367 kc-pricing-tables kc-pricing-layout-3 kc-price-before-currency\">\n\n\t<div class=\"content-title\">+21 HEURES<\/div><ul class=\"content-desc\"><li>+21 hrs <\/li><\/ul><div class=\"kc-pricing-price\"><span class=\"content-price\">28<\/span><span class=\"content-currency\">\u20ac<\/span><span class=\"content-duration\">\/ hr<\/span><\/div><div class=\"content-button\"><a href=\"http:\/\/www.colegiointernacionalalicante.com\/fr\/contact\/\">Contact<\/a><\/div>\n<\/div>\n<\/div><\/div><div class=\"kc-elm kc-css-\u00bb3385&Prime; small-12 columns small-12\"><div class=\"kc_wrapper kc-col-inner-container\">\n<div class=\"kc-elm kc-css-688265 kc-pricing-tables kc-pricing-layout-3 kc-price-before-currency\">\n\n\t<div class=\"content-title\">1 HEURE<\/div><ul class=\"content-desc\"><li>1 hr <\/li><\/ul><div class=\"kc-pricing-price\"><span class=\"content-price\">30<\/span><span class=\"content-currency\">\u20ac<\/span><\/div><div class=\"content-button\"><a href=\"http:\/\/www.colegiointernacionalalicante.com\/fr\/contact\/\">Contact<\/a><\/div>\n<\/div>\n<\/div><\/div><div class=\"kc-elm kc-css-\u00bb194550&Prime; small-12 columns small-12\"><div class=\"kc_wrapper kc-col-inner-container\"><\/div><\/div><\/div><\/div><\/div><div class=\"kc-elm kc-css-315441 small-12 columns small-12\"><div class=\"kc_wrapper kc-col-inner-container\"><\/div><\/div><\/div><div class=\"kc-elm kc-css-63419\" style=\"height: 35px; clear: both; width:100%;\"><\/div>\n<div class=\"kc-elm kc-css-636717 kc-title-wrap \">\n\n\t<h2 class=\"kc_title\">AFFAIRES<\/h2><div style='height: 1px; background: #333;'><\/div>\n<\/div>\n<div class=\"kc-elm kc-css-964666\" style=\"height: 20px; clear: both; width:100%;\"><\/div><div id=\" \" class=\"kc-elm kc-css-136458 kc_row kc_row_inner\"><div class=\"kc-elm kc-css-737082 small-12 columns small-12\"><div class=\"kc_wrapper kc-col-inner-container\"><\/div><\/div><div class=\"kc-elm kc-css-73927 small-12 columns small-12\"><div class=\"kc_wrapper kc-col-inner-container\"><div id=\"\u00bb\" class=\"kc-elm kc-css-\u00bb205453&Prime; kc_row kc_row_inner\"><div class=\"kc-elm kc-css-\u00bb315184&Prime; small-12 columns small-12\"><div class=\"kc_wrapper kc-col-inner-container\"><\/div><\/div><div class=\"kc-elm kc-css-\u00bb492681&Prime; small-12 columns small-12\"><div class=\"kc_wrapper kc-col-inner-container\">\n<div class=\"kc-elm kc-css-622443 kc-pricing-tables kc-pricing-layout-3 kc-price-before-currency\">\n\n\t<div class=\"content-title\">4 semaines<\/div><ul class=\"content-desc\"><li>3Hrs \/ semaine <\/li><\/ul><div class=\"kc-pricing-price\"><span class=\"content-price\">480<\/span><span class=\"content-currency\">\u20ac<\/span><\/div><div class=\"content-button\"><a href=\"http:\/\/www.colegiointernacionalalicante.com\/fr\/contact\/\">Contact<\/a><\/div>\n<\/div>\n<\/div><\/div><div class=\"kc-elm kc-css-\u00bb403994&Prime; small-12 columns small-12\"><div class=\"kc_wrapper kc-col-inner-container\"><\/div><\/div><\/div><\/div><\/div><div class=\"kc-elm kc-css-976467 small-12 columns small-12\"><div class=\"kc_wrapper kc-col-inner-container\"><\/div><\/div><\/div><div class=\"kc-elm kc-css-477942\" style=\"height: 35px; clear: both; width:100%;\"><\/div>\n<div class=\"kc-elm kc-css-4475 kc-title-wrap \">\n\n\t<h2 class=\"kc_title\">SENIORS DE + 50 ANS<\/h2><div style='height: 1px; background: #333;'><\/div>\n<\/div>\n<div class=\"kc-elm kc-css-712423\" style=\"height: 20px; clear: both; width:100%;\"><\/div><div id=\" \" class=\"kc-elm kc-css-478836 kc_row kc_row_inner\"><div class=\"kc-elm kc-css-900454 small-12 columns small-12\"><div class=\"kc_wrapper kc-col-inner-container\"><\/div><\/div><div class=\"kc-elm kc-css-756941 small-12 columns small-12\"><div class=\"kc_wrapper kc-col-inner-container\"><div id=\"\u00bb\" class=\"kc-elm kc-css-\u00bb884082&Prime; kc_row kc_row_inner\"><div class=\"kc-elm kc-css-\u00bb919491&Prime; small-12 columns small-12\"><div class=\"kc_wrapper kc-col-inner-container\"><\/div><\/div><div class=\"kc-elm kc-css-\u00bb200211&Prime; small-12 columns small-12\"><div class=\"kc_wrapper kc-col-inner-container\">\n<div class=\"kc-elm kc-css-239960 kc-pricing-tables kc-pricing-layout-3 kc-price-before-currency\">\n\n\t<div class=\"content-title\">2 semaines<\/div><ul class=\"content-desc\"><li>15 hrs \/ semaine <\/li><\/ul><div class=\"kc-pricing-price\"><span class=\"content-price\">455<\/span><span class=\"content-currency\">\u20ac<\/span><\/div><div class=\"content-button\"><a href=\"http:\/\/www.colegiointernacionalalicante.com\/fr\/contact\/\">Contact<\/a><\/div>\n<\/div>\n<\/div><\/div><div class=\"kc-elm kc-css-\u00bb889208&Prime; small-12 columns small-12\"><div class=\"kc_wrapper kc-col-inner-container\"><\/div><\/div><\/div><\/div><\/div><div class=\"kc-elm kc-css-700531 small-12 columns small-12\"><div class=\"kc_wrapper kc-col-inner-container\"><\/div><\/div><\/div><div class=\"kc-elm kc-css-578900\" style=\"height: 35px; clear: both; width:100%;\"><\/div>\n<div class=\"kc-elm kc-css-483398 kc-title-wrap \">\n\n\t<h2 class=\"kc_title\">COURS INTENSIF + GOLF<\/h2><div style='height: 1px; background: #333;'><\/div>\n<\/div>\n<div class=\"kc-elm kc-css-647275\" style=\"height: 20px; clear: both; width:100%;\"><\/div><div id=\" \" class=\"kc-elm kc-css-85554 kc_row kc_row_inner\"><div class=\"kc-elm kc-css-907036 small-12 columns small-12\"><div class=\"kc_wrapper kc-col-inner-container\"><\/div><\/div><div class=\"kc-elm kc-css-792314 small-12 columns small-12\"><div class=\"kc_wrapper kc-col-inner-container\"><div id=\"\u00bb\" class=\"kc-elm kc-css-\u00bb674456&Prime; kc_row kc_row_inner\"><div class=\"kc-elm kc-css-\u00bb22608&Prime; small-12 columns small-12\"><div class=\"kc_wrapper kc-col-inner-container\"><\/div><\/div><div class=\"kc-elm kc-css-\u00bb972020&Prime; small-12 columns small-12\"><div class=\"kc_wrapper kc-col-inner-container\">\n<div class=\"kc-elm kc-css-961592 kc-pricing-tables kc-pricing-layout-3 kc-price-before-currency\">\n\n\t<div class=\"content-title\">2 semaines<\/div><ul class=\"content-desc\"><li>20+6hrs \/ semaine <\/li><\/ul><div class=\"kc-pricing-price\"><span class=\"content-price\">710<\/span><span class=\"content-currency\">\u20ac<\/span><\/div><div class=\"content-button\"><a href=\"http:\/\/www.colegiointernacionalalicante.com\/fr\/contact\/\">Contact<\/a><\/div>\n<\/div>\n<\/div><\/div><div class=\"kc-elm kc-css-\u00bb809730&Prime; small-12 columns small-12\"><div class=\"kc_wrapper kc-col-inner-container\"><\/div><\/div><\/div><\/div><\/div><div class=\"kc-elm kc-css-206814 small-12 columns small-12\"><div class=\"kc_wrapper kc-col-inner-container\"><\/div><\/div><\/div><div class=\"kc-elm kc-css-230834\" style=\"height: 35px; clear: both; width:100%;\"><\/div>\n<div class=\"kc-elm kc-css-459679 kc-title-wrap \">\n\n\t<h2 class=\"kc_title\">COURS INTENSIF + DANSE<\/h2><div style='height: 1px; background: #333;'><\/div>\n<\/div>\n<div class=\"kc-elm kc-css-900747\" style=\"height: 20px; clear: both; width:100%;\"><\/div><div id=\" \" class=\"kc-elm kc-css-807477 kc_row kc_row_inner\"><div class=\"kc-elm kc-css-22558 small-12 columns small-12\"><div class=\"kc_wrapper kc-col-inner-container\"><\/div><\/div><div class=\"kc-elm kc-css-458619 small-12 columns small-12\"><div class=\"kc_wrapper kc-col-inner-container\"><div id=\"\u00bb\" class=\"kc-elm kc-css-\u00bb501419&Prime; kc_row kc_row_inner\"><div class=\"kc-elm kc-css-\u00bb764416&Prime; small-12 columns small-12\"><div class=\"kc_wrapper kc-col-inner-container\"><\/div><\/div><div class=\"kc-elm kc-css-\u00bb812203&Prime; small-12 columns small-12\"><div class=\"kc_wrapper kc-col-inner-container\">\n<div class=\"kc-elm kc-css-874791 kc-pricing-tables kc-pricing-layout-3 kc-price-before-currency\">\n\n\t<div class=\"content-title\">2 semaines<\/div><ul class=\"content-desc\"><li>20+5hrs \/ semaine <\/li><\/ul><div class=\"kc-pricing-price\"><span class=\"content-price\">470<\/span><span class=\"content-currency\">\u20ac<\/span><\/div><div class=\"content-button\"><a href=\"http:\/\/www.colegiointernacionalalicante.com\/fr\/contact\/\">Contact<\/a><\/div>\n<\/div>\n<\/div><\/div><div class=\"kc-elm kc-css-\u00bb209461&Prime; small-12 columns small-12\"><div class=\"kc_wrapper kc-col-inner-container\"><\/div><\/div><\/div><\/div><\/div><div class=\"kc-elm kc-css-271396 small-12 columns small-12\"><div class=\"kc_wrapper kc-col-inner-container\"><\/div><\/div><\/div><div class=\"kc-elm kc-css-329070\" style=\"height: 35px; clear: both; width:100%;\"><\/div>\n<div class=\"kc-elm kc-css-627262 kc-title-wrap \">\n\n\t<h2 class=\"kc_title\">COURS POUR LES GROUPES<\/h2><div style='height: 1px; background: #333;'><\/div>\n<\/div>\n<div class=\"kc-elm kc-css-257009\" style=\"height: 20px; clear: both; width:100%;\"><\/div><div id=\" \" class=\"kc-elm kc-css-908551 kc_row kc_row_inner\"><div class=\"kc-elm kc-css-323009 small-12 columns small-12\"><div class=\"kc_wrapper kc-col-inner-container\"><\/div><\/div><div class=\"kc-elm kc-css-273824 small-12 columns small-12\"><div class=\"kc_wrapper kc-col-inner-container\"><div id=\"\u00bb\" class=\"kc-elm kc-css-\u00bb189593&Prime; kc_row kc_row_inner\"><div class=\"kc-elm kc-css-\u00bb444900&Prime; small-12 columns small-12\"><div class=\"kc_wrapper kc-col-inner-container\"><\/div><\/div><div class=\"kc-elm kc-css-\u00bb860670&Prime; small-12 columns small-12\"><div class=\"kc_wrapper kc-col-inner-container\">\n<div class=\"kc-elm kc-css-939279 kc-pricing-tables kc-pricing-layout-3 kc-price-before-currency\">\n\n\t<div class=\"content-title\">COURS POUR LES GROUPES<\/div><ul class=\"content-desc\"><li>Prix adapt\u00e9s au nombre de le\u00e7ons, \u00e0 la dur\u00e9e du cours et au programme d\u00b4activit\u00e9s demand\u00e9.\r <\/li><li> <\/li><\/ul><div class=\"kc-pricing-price\"><span class=\"content-price\">CONTACT<\/span><\/div><div class=\"content-button\"><a href=\"http:\/\/www.colegiointernacionalalicante.com\/fr\/contact\/\">Contact<\/a><\/div>\n<\/div>\n<\/div><\/div><div class=\"kc-elm kc-css-\u00bb563090&Prime; small-12 columns small-12\"><div class=\"kc_wrapper kc-col-inner-container\"><\/div><\/div><\/div><\/div><\/div><div class=\"kc-elm kc-css-420920 small-12 columns small-12\"><div class=\"kc_wrapper kc-col-inner-container\"><\/div><\/div><\/div><div class=\"kc-elm kc-css-702311\" style=\"height: 35px; clear: both; width:100%;\"><\/div>\n<div class=\"kc-elm kc-css-611573 kc-title-wrap \">\n\n\t<h2 class=\"kc_title\">AUTRES SERVICES<\/h2><div style='height: 1px; background: #333;'><\/div>\n<\/div>\n<div class=\"kc-elm kc-css-832180\" style=\"height: 20px; clear: both; width:100%;\"><\/div><div id=\" \" class=\"kc-elm kc-css-632481 kc_row kc_row_inner\"><div class=\"kc-elm kc-css-604985 small-12 columns small-12\"><div class=\"kc_wrapper kc-col-inner-container\"><\/div><\/div><div class=\"kc-elm kc-css-138155 small-12 columns small-12\"><div class=\"kc_wrapper kc-col-inner-container\"><div id=\"\u00bb\" class=\"kc-elm kc-css-\u00bb303890&Prime; kc_row kc_row_inner\"><div class=\"kc-elm kc-css-\u00bb273941&Prime; small-12 columns small-12\"><div class=\"kc_wrapper kc-col-inner-container\">\n<div class=\"kc-elm kc-css-932658 kc-pricing-tables kc-pricing-layout-3 kc-price-before-currency\">\n\n\t<div class=\"content-title\">MAT\u00c9RIAL<\/div><div class=\"kc-pricing-price\"><span class=\"content-price\">35<\/span><span class=\"content-currency\">\u20ac<\/span><span class=\"content-duration\"> \/ 1 Pack<\/span><\/div>\n<\/div>\n<\/div><\/div><div class=\"kc-elm kc-css-\u00bb42328&Prime; small-12 columns small-12\"><div class=\"kc_wrapper kc-col-inner-container\"><\/div><\/div><div class=\"kc-elm kc-css-\u00bb81371&Prime; small-12 columns small-12\"><div class=\"kc_wrapper kc-col-inner-container\"><\/div><\/div><\/div><\/div><\/div><div class=\"kc-elm kc-css-510893 small-12 columns small-12\"><div class=\"kc_wrapper kc-col-inner-container\"><\/div><\/div><\/div><\/div><\/div><\/div><\/div><\/div>\n","protected":false},"excerpt":{"rendered":"","protected":false},"author":1,"featured_media":0,"parent":0,"menu_order":0,"comment_status":"closed","ping_status":"closed","template":"","meta":{"footnotes":""},"class_list":["post-1848","page","type-page","status-publish","hentry"],"aioseo_notices":[],"_links":{"self":[{"href":"https:\/\/www.colegiointernacionalalicante.com\/fr\/wp-json\/wp\/v2\/pages\/1848","targetHints":{"allow":["GET"]}}],"collection":[{"href":"https:\/\/www.colegiointernacionalalicante.com\/fr\/wp-json\/wp\/v2\/pages"}],"about":[{"href":"https:\/\/www.colegiointernacionalalicante.com\/fr\/wp-json\/wp\/v2\/types\/page"}],"author":[{"embeddable":true,"href":"https:\/\/www.colegiointernacionalalicante.com\/fr\/wp-json\/wp\/v2\/users\/1"}],"replies":[{"embeddable":true,"href":"https:\/\/www.colegiointernacionalalicante.com\/fr\/wp-json\/wp\/v2\/comments?post=1848"}],"version-history":[{"count":49,"href":"https:\/\/www.colegiointernacionalalicante.com\/fr\/wp-json\/wp\/v2\/pages\/1848\/revisions"}],"predecessor-version":[{"id":5675,"href":"https:\/\/www.colegiointernacionalalicante.com\/fr\/wp-json\/wp\/v2\/pages\/1848\/revisions\/5675"}],"wp:attachment":[{"href":"https:\/\/www.colegiointernacionalalicante.com\/fr\/wp-json\/wp\/v2\/media?parent=1848"}],"curies":[{"name":"wp","href":"https:\/\/api.w.org\/{rel}","templated":true}]}}