{"id":1852,"date":"2017-12-01T16:11:03","date_gmt":"2017-12-01T16:11:03","guid":{"rendered":"http:\/\/www.colegiointernacionalalicante.com\/?page_id=1852"},"modified":"2018-11-23T10:26:46","modified_gmt":"2018-11-23T10:26:46","slug":"professours","status":"publish","type":"page","link":"https:\/\/www.colegiointernacionalalicante.com\/fr\/professours\/","title":{"rendered":"Professours"},"content":{"rendered":"<p><div class=\"kc-elm kc-css-251509 kc-row-container module\"><div class=\"wc-row row\"><div class=\"kc-wrap-columns\"><div class=\"kc-elm kc-css-564109 small-12 columns small-12\"><div class=\"kc-col-container\"><div class=\"kc-elm kc-css-688000 kc_shortcode kc_single_image\">\n\n        <img decoding=\"async\" src=\"https:\/\/www.colegiointernacionalalicante.com\/wp-content\/uploads\/2017\/05\/profesores.jpg\" class=\"thumbnail\" alt=\"\" \/>    <\/div>\n<\/div><\/div><div class=\"kc-elm kc-css-109907 small-12 columns small-12\"><div class=\"kc-col-container\"><div class=\"kc-elm kc-css-831981 kc_text_block staff-introduction\"><\/p>\n<h2>PROFESSOURS<\/h2>\n<p><strong>BIENVENIDOS<\/strong><\/p>\n<p>\u00ab\u00a0Nous avons \u00e0 votre service une \u00e9quipe de base stable de professeurs avec plus de 20 ans d&rsquo;exp\u00e9rience dans l&rsquo;enseignement de l&rsquo;espagnol qui a d\u00e9velopp\u00e9 une m\u00e9thodologie originale d&rsquo;enseignement.<\/p>\n<p>Avec Colegio Internacional Alicante, vous d\u00e9couvrirez une autre fa\u00e7on d&rsquo;apprendre l&rsquo;espagnol. Vous d\u00e9couvrirez une m\u00e9thodologie qui rend amusant et int\u00e9ressant l&rsquo;apprentissage toujours difficile d&rsquo;une langue \u00e9trang\u00e8re. Nous misons sur cette approche parce que nous savons tous que nous apprenons mieux et plus rapidement ce que nous aimons et que la motivation de l&rsquo;\u00e9tudiant est fondamentale \u00e0 son apprentissage. C&rsquo;est pour cette raison que le renforcement positif continu est la base de la m\u00e9thodologie p\u00e9dagogique utilis\u00e9e au Colegio Internacional Alicante.<\/p>\n<p>Vous d\u00e9couvrirez aussi notre grande ma\u00eetrise des m\u00e9thodes de communication, de travail \u00e0 domicile et de coop\u00e9ration, ainsi qu&rsquo;une connaissance approfondie de la grammaire espagnole. Vous comprendrez pourquoi, ann\u00e9e apr\u00e8s ann\u00e9e, nos \u00e9l\u00e8ves appr\u00e9cient autant fr\u00e9quenter nos cours. Ils peuvent commencer \u00e0 penser, sentir, vivre et surtout, parler espagnol d\u00e8s le premier jour.\u00a0\u00bb<\/p>\n<p><strong>Inmaculada Fern\u00e1ndez<\/strong><br \/>\n<strong>Directora<\/strong><\/p>\n<p>\n<\/div><\/div><\/div><\/div><\/div><\/div><div class=\"kc-elm kc-css-140423 kc-row-container module\"><div class=\"wc-row row\"><div class=\"kc-wrap-columns\"><div class=\"kc-elm kc-css-474797 small-12 columns small-12\"><div class=\"kc-col-container\">\n<div class=\"kc-elm kc-css-928197 kc-title-wrap \">\n\n\t<h2 class=\"kc_title section-title\">Professours<\/h2>\n<\/div>\n<div id=\"378391\" class=\"grid-teachers row\"><div class=\"small-12 medium-4 columns staff-box\"><div class=\"shadow\"><div class=\"staff-box\"><a href=\"https:\/\/www.colegiointernacionalalicante.com\/fr\/teachers\/isabel-fr\/\"><img loading=\"lazy\" decoding=\"async\" width=\"350\" height=\"350\" src=\"https:\/\/www.colegiointernacionalalicante.com\/wp-content\/uploads\/2016\/11\/profesor-isabel.jpg\" class=\"attachment-wc-teacher-thumbnail size-wc-teacher-thumbnail wp-post-image\" alt=\"\" srcset=\"https:\/\/www.colegiointernacionalalicante.com\/wp-content\/uploads\/2016\/11\/profesor-isabel.jpg 350w, https:\/\/www.colegiointernacionalalicante.com\/wp-content\/uploads\/2016\/11\/profesor-isabel-150x150.jpg 150w, https:\/\/www.colegiointernacionalalicante.com\/wp-content\/uploads\/2016\/11\/profesor-isabel-300x300.jpg 300w, https:\/\/www.colegiointernacionalalicante.com\/wp-content\/uploads\/2016\/11\/profesor-isabel-175x175.jpg 175w, https:\/\/www.colegiointernacionalalicante.com\/wp-content\/uploads\/2016\/11\/profesor-isabel-165x165.jpg 165w\" sizes=\"auto, (max-width: 350px) 100vw, 350px\" \/><\/a><div class=\"staff-links\"><\/div><!-- staff links \/--><\/div><!-- Thumbnail class \/--><div class=\"staff-detail\"><h4><a href=\"https:\/\/www.colegiointernacionalalicante.com\/fr\/teachers\/isabel-fr\/\">Isabel<\/a><br><span>Dipl\u00f4m\u00e9e en philosophie et lettres, sp\u00e9cialisation \u00e9tudes espagnoles.<\/span><\/h4><a href=\"https:\/\/www.colegiointernacionalalicante.com\/fr\/teachers\/isabel-fr\/\" class=\"small-button\">Read More &raquo;<\/a><\/div> <!-- Meta Info \/--><\/div><!-- Iner Div \/--><\/div><!-- teacher Ends --><div class=\"small-12 medium-4 columns staff-box\"><div class=\"shadow\"><div class=\"staff-box\"><a href=\"https:\/\/www.colegiointernacionalalicante.com\/fr\/teachers\/manuel-fr\/\"><img loading=\"lazy\" decoding=\"async\" width=\"350\" height=\"350\" src=\"https:\/\/www.colegiointernacionalalicante.com\/wp-content\/uploads\/2016\/11\/profesor-manolo.jpg\" class=\"attachment-wc-teacher-thumbnail size-wc-teacher-thumbnail wp-post-image\" alt=\"\" srcset=\"https:\/\/www.colegiointernacionalalicante.com\/wp-content\/uploads\/2016\/11\/profesor-manolo.jpg 350w, https:\/\/www.colegiointernacionalalicante.com\/wp-content\/uploads\/2016\/11\/profesor-manolo-150x150.jpg 150w, https:\/\/www.colegiointernacionalalicante.com\/wp-content\/uploads\/2016\/11\/profesor-manolo-300x300.jpg 300w, https:\/\/www.colegiointernacionalalicante.com\/wp-content\/uploads\/2016\/11\/profesor-manolo-175x175.jpg 175w, https:\/\/www.colegiointernacionalalicante.com\/wp-content\/uploads\/2016\/11\/profesor-manolo-165x165.jpg 165w\" sizes=\"auto, (max-width: 350px) 100vw, 350px\" \/><\/a><div class=\"staff-links\"><\/div><!-- staff links \/--><\/div><!-- Thumbnail class \/--><div class=\"staff-detail\"><h4><a href=\"https:\/\/www.colegiointernacionalalicante.com\/fr\/teachers\/manuel-fr\/\">Manuel<\/a><br><span>Dipl\u00f4m\u00e9e en philosophie et lettres, sp\u00e9cialisation \u00e9tudes espagnoles.<\/span><\/h4><a href=\"https:\/\/www.colegiointernacionalalicante.com\/fr\/teachers\/manuel-fr\/\" class=\"small-button\">Read More &raquo;<\/a><\/div> <!-- Meta Info \/--><\/div><!-- Iner Div \/--><\/div><!-- teacher Ends --><div class=\"small-12 medium-4 columns staff-box\"><div class=\"shadow\"><div class=\"staff-box\"><a href=\"https:\/\/www.colegiointernacionalalicante.com\/fr\/teachers\/inma-fr\/\"><img loading=\"lazy\" decoding=\"async\" width=\"350\" height=\"350\" src=\"https:\/\/www.colegiointernacionalalicante.com\/wp-content\/uploads\/2016\/11\/profesor-inma.jpg\" class=\"attachment-wc-teacher-thumbnail size-wc-teacher-thumbnail wp-post-image\" alt=\"\" srcset=\"https:\/\/www.colegiointernacionalalicante.com\/wp-content\/uploads\/2016\/11\/profesor-inma.jpg 350w, https:\/\/www.colegiointernacionalalicante.com\/wp-content\/uploads\/2016\/11\/profesor-inma-150x150.jpg 150w, https:\/\/www.colegiointernacionalalicante.com\/wp-content\/uploads\/2016\/11\/profesor-inma-300x300.jpg 300w, https:\/\/www.colegiointernacionalalicante.com\/wp-content\/uploads\/2016\/11\/profesor-inma-175x175.jpg 175w, https:\/\/www.colegiointernacionalalicante.com\/wp-content\/uploads\/2016\/11\/profesor-inma-165x165.jpg 165w\" sizes=\"auto, (max-width: 350px) 100vw, 350px\" \/><\/a><div class=\"staff-links\"><\/div><!-- staff links \/--><\/div><!-- Thumbnail class \/--><div class=\"staff-detail\"><h4><a href=\"https:\/\/www.colegiointernacionalalicante.com\/fr\/teachers\/inma-fr\/\">Inma<\/a><br><span>Dipl\u00f4m\u00e9e en philosophie et lettres, sp\u00e9cialisation \u00e9tudes espagnoles.<\/span><\/h4><a href=\"https:\/\/www.colegiointernacionalalicante.com\/fr\/teachers\/inma-fr\/\" class=\"small-button\">Read More &raquo;<\/a><\/div> <!-- Meta Info \/--><\/div><!-- Iner Div \/--><\/div><!-- teacher Ends --><div class=\"small-12 medium-4 columns staff-box end\"><div class=\"shadow\"><div class=\"staff-box\"><a href=\"https:\/\/www.colegiointernacionalalicante.com\/fr\/teachers\/gregorio-fr\/\"><img loading=\"lazy\" decoding=\"async\" width=\"350\" height=\"350\" src=\"https:\/\/www.colegiointernacionalalicante.com\/wp-content\/uploads\/2016\/11\/profesor-gregorio-2.jpg\" class=\"attachment-wc-teacher-thumbnail size-wc-teacher-thumbnail wp-post-image\" alt=\"\" srcset=\"https:\/\/www.colegiointernacionalalicante.com\/wp-content\/uploads\/2016\/11\/profesor-gregorio-2.jpg 350w, https:\/\/www.colegiointernacionalalicante.com\/wp-content\/uploads\/2016\/11\/profesor-gregorio-2-150x150.jpg 150w, https:\/\/www.colegiointernacionalalicante.com\/wp-content\/uploads\/2016\/11\/profesor-gregorio-2-300x300.jpg 300w, https:\/\/www.colegiointernacionalalicante.com\/wp-content\/uploads\/2016\/11\/profesor-gregorio-2-175x175.jpg 175w, https:\/\/www.colegiointernacionalalicante.com\/wp-content\/uploads\/2016\/11\/profesor-gregorio-2-165x165.jpg 165w\" sizes=\"auto, (max-width: 350px) 100vw, 350px\" \/><\/a><div class=\"staff-links\"><\/div><!-- staff links \/--><\/div><!-- Thumbnail class \/--><div class=\"staff-detail\"><h4><a href=\"https:\/\/www.colegiointernacionalalicante.com\/fr\/teachers\/gregorio-fr\/\">Gregorio<\/a><br><span>Dipl\u00f4m\u00e9e en philosophie et lettres, sp\u00e9cialisation \u00e9tudes espagnoles.<\/span><\/h4><a href=\"https:\/\/www.colegiointernacionalalicante.com\/fr\/teachers\/gregorio-fr\/\" class=\"small-button\">Read More &raquo;<\/a><\/div> <!-- Meta Info \/--><\/div><!-- Iner Div \/--><\/div><!-- teacher Ends --><\/div><!-- teachers --><\/div><\/div><\/div><\/div><\/div><\/p>\n","protected":false},"excerpt":{"rendered":"","protected":false},"author":1,"featured_media":0,"parent":0,"menu_order":0,"comment_status":"closed","ping_status":"closed","template":"","meta":{"footnotes":""},"class_list":["post-1852","page","type-page","status-publish","hentry"],"aioseo_notices":[],"_links":{"self":[{"href":"https:\/\/www.colegiointernacionalalicante.com\/fr\/wp-json\/wp\/v2\/pages\/1852","targetHints":{"allow":["GET"]}}],"collection":[{"href":"https:\/\/www.colegiointernacionalalicante.com\/fr\/wp-json\/wp\/v2\/pages"}],"about":[{"href":"https:\/\/www.colegiointernacionalalicante.com\/fr\/wp-json\/wp\/v2\/types\/page"}],"author":[{"embeddable":true,"href":"https:\/\/www.colegiointernacionalalicante.com\/fr\/wp-json\/wp\/v2\/users\/1"}],"replies":[{"embeddable":true,"href":"https:\/\/www.colegiointernacionalalicante.com\/fr\/wp-json\/wp\/v2\/comments?post=1852"}],"version-history":[{"count":12,"href":"https:\/\/www.colegiointernacionalalicante.com\/fr\/wp-json\/wp\/v2\/pages\/1852\/revisions"}],"predecessor-version":[{"id":4133,"href":"https:\/\/www.colegiointernacionalalicante.com\/fr\/wp-json\/wp\/v2\/pages\/1852\/revisions\/4133"}],"wp:attachment":[{"href":"https:\/\/www.colegiointernacionalalicante.com\/fr\/wp-json\/wp\/v2\/media?parent=1852"}],"curies":[{"name":"wp","href":"https:\/\/api.w.org\/{rel}","templated":true}]}}