{"id":1855,"date":"2017-12-01T16:12:12","date_gmt":"2017-12-01T16:12:12","guid":{"rendered":"http:\/\/www.colegiointernacionalalicante.com\/?page_id=1855"},"modified":"2017-12-28T14:30:44","modified_gmt":"2017-12-28T14:30:44","slug":"visiter-alicante","status":"publish","type":"page","link":"https:\/\/www.colegiointernacionalalicante.com\/fr\/visiter-alicante\/","title":{"rendered":"Visiter Alicante"},"content":{"rendered":"<div class=\"kc-elm kc-css-695598 kc-row-container module\"><div class=\"wc-row row\"><div class=\"kc-wrap-columns\"><div class=\"kc-elm kc-css-369544 small-12 columns small-12\"><div class=\"kc-col-container\"><div class=\"kc-elm kc-css-886630 kc_text_block\"><\/p>\n<p><img loading=\"lazy\" decoding=\"async\" class=\"alignright size-medium\" src=\"http:\/\/www.colegiointernacionalalicante.com\/wp-content\/uploads\/2017\/06\/HOGUERA-2-1.jpg\" alt=\"\" width=\"467\" height=\"350\" \/><\/p>\n<p><strong>Alicante<\/strong> est une ville de <strong>plus de 2000 ans d\u00b4histoire<\/strong>. Son origine remonte au IVe si\u00e8cle av. J.-C. avec le peuple Ib\u00e8re. Alicante a toujours \u00e9t\u00e9 un lieu convoit\u00e9 par les diff\u00e9rentes civilisations qui ont peupl\u00e9 le bassin m\u00e9diterran\u00e9en. Akra-Leuka (grecs), Lucentum (romains), Ali-qant (arabes)&#8230; sont quelques uns des noms que la ville a re\u00e7us au fil de l\u00b4histoire. En 1246, Alphonse X \u00a0\u00bb le Sage \u00a0\u00bb a conquis la ville pour la Couronne de Castille et en 1296 Jaime II l\u00b4a rattach\u00e9e au Royaume d\u00b4Aragon.<\/p>\n<p>En 1490 Ferdinand le Catholique donnait \u00e0 Alicante le titre de \u00a0\u00bb Ville\u00a0\u00bb&#8230;<\/p>\n<p><strong>Alicante<\/strong> conserve les vestiges de chaque p\u00e9riode historique. Au XIXe si\u00e8cle, avec l\u00b4arriv\u00e9e du chemin de fer et la liaison de la ville au centre p\u00e9ninsulaire, Alicante est devenu une importante ville commerciale, ce qui lui a conf\u00e9r\u00e9 un air cosmopolite qu\u00b4elle conserve encore aujourd\u00b4hui gr\u00e2ce \u00e0 son <strong>a\u00e9roport international<\/strong>.<\/p>\n<p>Sa localisation exceptionnelle, entre la mer et la montagne, accorde \u00e0 Alicante une beaut\u00e9 singuli\u00e8re et un climat privil\u00e9gi\u00e9.<\/p>\n<p>\n<\/div><div class=\"kc-elm kc-css-590425\" style=\"height: 20px; clear: both; width:100%;\"><\/div><div class=\"kc-elm kc-css-572186 kc_text_block\"><\/p>\n<p>Tel que le dit le po\u00e8te Juan Gil-Albert: \u00ab\u00a0<strong>Alicante regarde sans cesse la M\u00e9diterran\u00e9e<\/strong>\u00ab\u00a0.<\/p>\n<p>Ses palmiers majestueux, sa mer bleue cristalline, ses plages de sable blanc, ses ch\u00e2teaux, ses \u00e9glises, ses parcs et jardins, son port moderne, ses zones commer\u00e7antes, la joie de vivre de ses habitants, ses 2 730 heures de soleil annuelles et une <strong>temp\u00e9rature moyenne de 18\u00b0 C<\/strong> font d\u00b4Alicante l\u00b4\u00e9ternelle maison du printemps.<\/p>\n<p>L\u00b4un des grands attraits touristiques d\u00b4Alicante sont ses c\u00e9l\u00e8bres plages, dont le prestige est reconnu internationalement, comme le confirme chaque ann\u00e9e l\u00b4Union Europ\u00e9enne en les r\u00e9compensant avec les drapeaux bleus pour leur qualit\u00e9 et leur propret\u00e9.<\/p>\n<p>Peu importe la p\u00e9riode de l\u00b4ann\u00e9e \u00e0 laquelle vous vous trouverez parmi nous, vous serez \u00e9pris d\u00b4Alicante et de ses f\u00eates.<br \/>\nDu 1 janvier au 31 d\u00e9cembre le calendrier vous offre de nombreuses festivit\u00e9s, parmi lesquelles les plus importantes sont <strong>sans doute celles<\/strong> <strong>du 20 au 24 juin<\/strong>, alors qu\u00b4Alicante \u00e9clate dans une explosion de couleur, de musique, de gaiet\u00e9 et de feu. Il s\u00b4agit des \u00ab\u00a0<b>Hogueras de San Juan<\/b>\u00ab\u00a0, d\u00e9clar\u00e9es d\u00b4int\u00e9r\u00eat touristique international.<\/p>\n<p>La \u00ab\u00a0fiesta\u00a0\u00bb fait partie int\u00e9grale de la fa\u00e7on d\u00b4\u00eatre des gens de ce coin paradisiaque de la M\u00e9diterran\u00e9e.<\/p>\n<p>Non seulement Alicante, mais aussi toute la Costa Blanca, offre une grande vari\u00e9t\u00e9 d\u00b4opportunit\u00e9s.<br \/>\nD\u00e9couvre les <strong>d\u00e9lices de Benidorm<\/strong> et son excitante vie nocturne; Profite des <strong>magnifiques plages<\/strong> et des grottes depuis Denia jusqu\u00b4\u00e0 Pilar de Hiradada, <strong>Visite Orihuela et Elche<\/strong> pour voir les monuments exceptionnels gothique, renaissance, et barroque de notre r\u00e9gion, Prom\u00e8ne-toi dans l\u00b4unique palmeraie europ\u00e9enne de Elche, ou \u00e0 travers le joli parc naturel de la <strong>Font Roja<\/strong> \u00e0 Alcoy, ou au <strong>Pe\u00f1on de Ifach<\/strong> a Calpe Fais du trekking dans la for\u00eat de Bernia.<br \/>\nD\u00e9couvre les ch\u00e2teaux m\u00e9di\u00e9vaux, Go\u00fbte le bon vin de notre r\u00e9gion, Et \u00e9coute les nostalgiques \u00ab\u00a0habaneras\u00a0\u00bb&#8230;<\/p>\n<p>\n<\/div><\/div><\/div><\/div><\/div><\/div>\n","protected":false},"excerpt":{"rendered":"","protected":false},"author":1,"featured_media":0,"parent":0,"menu_order":0,"comment_status":"closed","ping_status":"closed","template":"","meta":{"footnotes":""},"class_list":["post-1855","page","type-page","status-publish","hentry"],"aioseo_notices":[],"_links":{"self":[{"href":"https:\/\/www.colegiointernacionalalicante.com\/fr\/wp-json\/wp\/v2\/pages\/1855","targetHints":{"allow":["GET"]}}],"collection":[{"href":"https:\/\/www.colegiointernacionalalicante.com\/fr\/wp-json\/wp\/v2\/pages"}],"about":[{"href":"https:\/\/www.colegiointernacionalalicante.com\/fr\/wp-json\/wp\/v2\/types\/page"}],"author":[{"embeddable":true,"href":"https:\/\/www.colegiointernacionalalicante.com\/fr\/wp-json\/wp\/v2\/users\/1"}],"replies":[{"embeddable":true,"href":"https:\/\/www.colegiointernacionalalicante.com\/fr\/wp-json\/wp\/v2\/comments?post=1855"}],"version-history":[{"count":7,"href":"https:\/\/www.colegiointernacionalalicante.com\/fr\/wp-json\/wp\/v2\/pages\/1855\/revisions"}],"predecessor-version":[{"id":3186,"href":"https:\/\/www.colegiointernacionalalicante.com\/fr\/wp-json\/wp\/v2\/pages\/1855\/revisions\/3186"}],"wp:attachment":[{"href":"https:\/\/www.colegiointernacionalalicante.com\/fr\/wp-json\/wp\/v2\/media?parent=1855"}],"curies":[{"name":"wp","href":"https:\/\/api.w.org\/{rel}","templated":true}]}}