{"id":1859,"date":"2017-12-01T16:13:26","date_gmt":"2017-12-01T16:13:26","guid":{"rendered":"http:\/\/www.colegiointernacionalalicante.com\/?page_id=1859"},"modified":"2017-12-28T14:30:22","modified_gmt":"2017-12-28T14:30:22","slug":"visit-spain","status":"publish","type":"page","link":"https:\/\/www.colegiointernacionalalicante.com\/fr\/visit-spain\/","title":{"rendered":"Visit Spain"},"content":{"rendered":"<div class=\"kc-elm kc-css-91125 kc-row-container module\"><div class=\"wc-row row\"><div class=\"kc-wrap-columns\"><div class=\"kc-elm kc-css-846682 small-12 columns small-12\"><div class=\"kc-col-container\"><div class=\"kc-elm kc-css-680856 kc_row kc_row_inner\"><div class=\"kc-elm kc-css-213523 small-12 columns small-12\"><div class=\"kc_wrapper kc-col-inner-container\"><div class=\"kc-elm kc-css-713262 kc-raw-code\"><h4><strong>Lieu<\/strong><\/h4><\/div><div class=\"kc-elm kc-css-527091 kc_text_block\"><\/p>\n<p>L&rsquo;Espagne occupe la majeure partie de la p\u00e9ninsule ib\u00e9rique et est le quatri\u00e8me plus grand pays d&rsquo;Europe.<\/p>\n<p>\n<\/div><div class=\"kc-elm kc-css-85466\" style=\"height: 20px; clear: both; width:100%;\"><\/div><div class=\"kc-elm kc-css-563820 kc-raw-code\"><h4><strong>Climatologie<\/strong><\/h4><\/div><div class=\"kc-elm kc-css-373901 kc_text_block\"><\/p>\n<p>Le climat en Espagne est tr\u00e8s vari\u00e9. En raison de la grande vari\u00e9t\u00e9 de climats, l&rsquo;Espagne pr\u00e9sente une grande vari\u00e9t\u00e9 de flore, avec plus de 8 000 esp\u00e8ces catalogu\u00e9es.<\/p>\n<p>\n<\/div><div class=\"kc-elm kc-css-490948\" style=\"height: 20px; clear: both; width:100%;\"><\/div><div class=\"kc-elm kc-css-32284 kc-raw-code\"><h4><strong>Population<\/strong><\/h4><\/div><div class=\"kc-elm kc-css-826385 kc_text_block\"><\/p>\n<p>La population de l&rsquo;Espagne en 2015 selon les estimations de l&rsquo;ONU est 46.500.000, occupant le 29\u00e8me au nombre d&rsquo;habitants sur 193 pays qui composent la Terre.<\/p>\n<p>\n<\/div><\/div><\/div><div class=\"kc-elm kc-css-480255 small-12 columns small-12\"><div class=\"kc_wrapper kc-col-inner-container\"><div class=\"kc-elm kc-css-95919 kc_google_maps kc_shortcode\"><div style=\"height: 370px\" class=\"kc-google-maps\"><iframe loading=\"lazy\" src=\"https:\/\/www.google.com\/maps\/embed?pb=!1m18!1m12!1m3!1d6273816.993910321!2d-7.638593156276338!3d39.84315780906136!2m3!1f0!2f0!3f0!3m2!1i1024!2i768!4f13.1!3m3!1m2!1s0xc42e3783261bc8b%3A0xa6ec2c940768a3ec!2zRXNwYcOxYQ!5e0!3m2!1ses!2ses!4v1498052988109\" width=\"100%\" height=\"370\" frameborder=\"0\" style=\"border:0\" allowfullscreen><\/iframe><\/div><\/div><\/div><\/div><\/div><div class=\"kc-elm kc-css-864101\" style=\"height: 20px; clear: both; width:100%;\"><\/div><div class=\"kc-elm kc-css-337327 kc_text_block\"><\/p>\n<h4><strong>Langues<\/strong><\/h4>\n<p>Conform\u00e9ment \u00e0 la Constitution espagnole de 1978, l&rsquo;espagnol est la langue nationale, d&rsquo;autres langues sont \u00e9galement officielles dans leurs communaut\u00e9s autonomes respectives: le catalan, le galicien, le basque, le bable et le valencien.<\/p>\n<h4><strong>D\u00e9coupage administratif<\/strong><\/h4>\n<p>L&rsquo;\u00c9tat espagnol est compos\u00e9 de 17 communaut\u00e9s autonomes et 2 villes autonomes, les deux groupes les plus importants et les plus importants de l&rsquo;organisation administrative de l&rsquo;Etat. Les communaut\u00e9s autonomes sont int\u00e9gr\u00e9es par les provinces, avec un total de 50, \u00e0 leur tour les provinces sont conform\u00e9es par les municipalit\u00e9s.<\/p>\n<h4><strong>Commerce<\/strong><\/h4>\n<p>En Espagne, il existe une grande vari\u00e9t\u00e9 de magasins, des petits magasins aux boutiques sp\u00e9cialis\u00e9es en passant par les grands magasins, les centres commerciaux ou les magasins d&rsquo;usine. Habituellement, les heures d&rsquo;ouverture du bureau sont de 9 h \u00e0 18 h. Les banques ouvrent de 8h30 \u00e0 2h30 l&rsquo;apr\u00e8s-midi, du lundi au vendredi et jusqu&rsquo;\u00e0 1h00 le samedi. Les grandes surfaces ouvrent de 10h \u00e0 22h, du lundi au samedi. Beaucoup de petits magasins et commerces ferment habituellement \u00e0 midi entre 2 et 4 ou 5 heures du soir. Les restaurants ouvrent de 1h30 \u00e0 4h dans l&rsquo;apr\u00e8s-midi et de 8h30 \u00e0 11h30 le soir.<\/p>\n<p>Les pubs et discoth\u00e8ques restent ouverts jusqu&rsquo;\u00e0 3 ou 6 heures du matin.<\/p>\n<h4><strong>Imp\u00f4ts<\/strong><\/h4>\n<p>La plus grande taxe indirecte en Espagne est la TVA (taxe sur la valeur ajout\u00e9e). La TVA est en moyenne de 16%.<\/p>\n<h4><strong>Sant\u00e9<\/strong><\/h4>\n<p>Le Service de sant\u00e9 publique espagnol est gratuit pour les citoyens des pays de l&rsquo;UE \u00e0 condition qu&rsquo;ils aient leur carte europ\u00e9enne de sant\u00e9. Nous recommandons aux \u00e9tudiants de prendre une assurance voyage durant leur s\u00e9jour.<\/p>\n<p>Les pharmacies ouvrent de 9 h \u00e0 14 h et de 16 h 30 \u00e0 20 h, du lundi au vendredi, le samedi jusqu&rsquo;\u00e0 14 h. Pour les urgences, il y a toujours des pharmacies de garde ouvertes 24 heures.<\/p>\n<p>\n<\/div><div class=\"kc-elm kc-css-554382\" style=\"height: 10px; clear: both; width:100%;\"><\/div><div class=\"kc-elm kc-css-940200 kc_row kc_row_inner\"><div class=\"kc-elm kc-css-867615 small-12 columns small-12\"><div class=\"kc_wrapper kc-col-inner-container\"><div class=\"kc-elm kc-css-\u00bb15286&Prime; kc_row kc_row_inner\"><div class=\"kc-elm kc-css-\u00bb75&Prime; small-12 columns small-12\"><div class=\"kc_wrapper kc-col-inner-container\"><div class=\"kc-elm kc-css-742218 kc_text_block\"><\/p>\n<h4><strong>S\u00e9curit\u00e9<\/strong><\/h4>\n<p>L&rsquo;Espagne est l&rsquo;un des pays les plus s\u00fbrs d&rsquo;Europe. En g\u00e9n\u00e9ral, il est recommand\u00e9:<\/p>\n<ul>\n<li>Gardez toujours vos affaires sous contr\u00f4le.<\/li>\n<li>Contr\u00f4ler les sacs et les portefeuilles dans les endroits bond\u00e9s ou dans les transports en commun.<\/li>\n<li>Soyez prudent avec les appareils photo ou les t\u00e9l\u00e9phones dans les zones de loisirs ou de loisirs.<\/li>\n<li>Obtenez seulement les \u00e9l\u00e9ments essentiels \u00e0 la plage.<\/li>\n<li>\u00c9vitez les endroits isol\u00e9s ou dangereux.<\/li>\n<\/ul>\n<p>\n<\/div><\/div><\/div><\/div><div class=\"kc-elm kc-css-328803 kc_text_block\"><\/p>\n<p>Le num\u00e9ro de la police de police nationale est 091, celui de la garde civile 062, les plaintes peuvent \u00eatre faites par t\u00e9l\u00e9phone dans plusieurs langues au 902 102 112.<\/p>\n<p>Le nombre de situations d&rsquo;urgence est de 112.<\/p>\n<p>\n<\/div><\/div><\/div><\/div><div class=\"kc-elm kc-css-639269\" style=\"height: 21px; clear: both; width:100%;\"><\/div><div class=\"kc-elm kc-css-677843 kc_text_block\"><\/p>\n<h4><strong>Transport<\/strong><\/h4>\n<p>Le r\u00e9seau routier est principalement centralis\u00e9 avec 6 principales autoroutes reliant <a href=\"https:\/\/en.wikipedia.org\/wiki\/Madrid\" target=\"_blank\" rel=\"noopener noreferrer\">Madrid\u00a0a<\/a>u\u00a0<a href=\"https:\/\/en.wikipedia.org\/wiki\/Basque_Country_(autonomous_community)\" target=\"_blank\" rel=\"noopener noreferrer\">Pays Basque<\/a>, la\u00a0<a href=\"https:\/\/en.wikipedia.org\/wiki\/Catalonia\" target=\"_blank\" rel=\"noopener noreferrer\">Catalogne<\/a>,\u00a0<a href=\"https:\/\/en.wikipedia.org\/wiki\/Valencian_Community\" target=\"_blank\" rel=\"noopener noreferrer\">Valence<\/a>,\u00a0<a href=\"https:\/\/en.wikipedia.org\/wiki\/Andalusia\" target=\"_blank\" rel=\"noopener noreferrer\">l&rsquo;Andalousie<\/a>,\u00a0<a href=\"https:\/\/en.wikipedia.org\/wiki\/Extremadura\" target=\"_blank\" rel=\"noopener noreferrer\">&lsquo;Estr\u00e9madure<\/a>\u00a0et la\u00a0<a href=\"https:\/\/en.wikipedia.org\/wiki\/Galicia_(Spain)\" target=\"_blank\" rel=\"noopener noreferrer\">Galice<\/a>. En outre, il y a des routes qui traversent les c\u00f4tes atlantiques de\u00a0<a href=\"https:\/\/en.wikipedia.org\/wiki\/Ferrol,_Galicia\" target=\"_blank\" rel=\"noopener noreferrer\">El Ferrol\u00a0<\/a>a\u00a0<a href=\"https:\/\/en.wikipedia.org\/wiki\/Vigo\" target=\"_blank\" rel=\"noopener noreferrer\">Vigo<\/a>, le golfe de Gascogne, <a href=\"https:\/\/en.wikipedia.org\/wiki\/Oviedo\" target=\"_blank\" rel=\"noopener noreferrer\">Oviedo\u00a0<\/a>a\u00a0<a href=\"https:\/\/en.wikipedia.org\/wiki\/San_Sebasti%C3%A1n\" target=\"_blank\" rel=\"noopener noreferrer\">San Sebasti\u00e1n<\/a>\u00a0et la M\u00e9diterran\u00e9e, de\u00a0<a href=\"https:\/\/en.wikipedia.org\/wiki\/Girona\" target=\"_blank\" rel=\"noopener noreferrer\">G\u00e9rone<\/a>\u00a0\u00e0\u00a0<a href=\"https:\/\/en.wikipedia.org\/wiki\/C%C3%A1diz\" target=\"_blank\" rel=\"noopener noreferrer\">Cadix<\/a>.<\/p>\n<p>L&rsquo;Espagne a le plus grand r\u00e9seau ferroviaire \u00e0 grande vitesse (AVE) en Europe, \u00e9tant le deuxi\u00e8me pays au monde, apr\u00e8s la Chine, en termes d&rsquo;extension.<\/p>\n<p>Il y a un total de 47 a\u00e9roports publics en Espagne.<\/p>\n<h4><\/h4>\n<p>\n<\/div><div class=\"kc-elm kc-css-938735 kc_row kc_row_inner\"><div class=\"kc-elm kc-css-550745 small-12 columns small-12\"><div class=\"kc_wrapper kc-col-inner-container\"><div class=\"kc-elm kc-css-390768 kc_text_block\"><\/p>\n<h4><strong>Monuments et lieux Patrimoine mondial:<\/strong><\/h4>\n<p>L&rsquo;Espagne est le troisi\u00e8me pays au monde en nombre de lieux proclam\u00e9s patrimoine mondial, apr\u00e8s l&rsquo;Italie et la Chine. Dans la Communaut\u00e9 Valencienne est la Lonja de la Seda (Valence) \u00e0 la Palmeraie d&rsquo;Elche, (Alicante). L&rsquo;UNESCO a d\u00e9clar\u00e9 le Myst\u00e8re d&rsquo;Elche (drame liturgique m\u00e9di\u00e9val) et les Fallas de Valence comme chef-d&rsquo;\u0153uvres du patrimoine oral et immat\u00e9riel de l&rsquo;humanit\u00e9.<\/p>\n<p>\n<\/div><\/div><\/div><div class=\"kc-elm kc-css-34415 small-12 columns small-12\"><div class=\"kc_wrapper kc-col-inner-container\"><div class=\"kc-elm kc-css-885781 kc_shortcode kc_single_image\">\n\n        <img decoding=\"async\" src=\"https:\/\/www.colegiointernacionalalicante.com\/wp-content\/uploads\/2017\/06\/logo-unesco-266x200xc.png\" class=\"\" alt=\"\" \/>    <\/div>\n<\/div><\/div><\/div><\/div><\/div><\/div><\/div><\/div>\n","protected":false},"excerpt":{"rendered":"","protected":false},"author":1,"featured_media":0,"parent":0,"menu_order":0,"comment_status":"closed","ping_status":"closed","template":"","meta":{"footnotes":""},"class_list":["post-1859","page","type-page","status-publish","hentry"],"aioseo_notices":[],"_links":{"self":[{"href":"https:\/\/www.colegiointernacionalalicante.com\/fr\/wp-json\/wp\/v2\/pages\/1859","targetHints":{"allow":["GET"]}}],"collection":[{"href":"https:\/\/www.colegiointernacionalalicante.com\/fr\/wp-json\/wp\/v2\/pages"}],"about":[{"href":"https:\/\/www.colegiointernacionalalicante.com\/fr\/wp-json\/wp\/v2\/types\/page"}],"author":[{"embeddable":true,"href":"https:\/\/www.colegiointernacionalalicante.com\/fr\/wp-json\/wp\/v2\/users\/1"}],"replies":[{"embeddable":true,"href":"https:\/\/www.colegiointernacionalalicante.com\/fr\/wp-json\/wp\/v2\/comments?post=1859"}],"version-history":[{"count":8,"href":"https:\/\/www.colegiointernacionalalicante.com\/fr\/wp-json\/wp\/v2\/pages\/1859\/revisions"}],"predecessor-version":[{"id":3185,"href":"https:\/\/www.colegiointernacionalalicante.com\/fr\/wp-json\/wp\/v2\/pages\/1859\/revisions\/3185"}],"wp:attachment":[{"href":"https:\/\/www.colegiointernacionalalicante.com\/fr\/wp-json\/wp\/v2\/media?parent=1859"}],"curies":[{"name":"wp","href":"https:\/\/api.w.org\/{rel}","templated":true}]}}