{"id":2703,"date":"2017-12-21T12:28:44","date_gmt":"2017-12-21T12:28:44","guid":{"rendered":"http:\/\/www.colegiointernacionalalicante.com\/?page_id=2703"},"modified":"2025-12-12T10:00:57","modified_gmt":"2025-12-12T10:00:57","slug":"notre-ecole","status":"publish","type":"page","link":"https:\/\/www.colegiointernacionalalicante.com\/fr\/notre-ecole\/","title":{"rendered":"Notre ecole"},"content":{"rendered":"<p><div id=\"contenedor-global\" class=\"kc-elm kc-css-623784 kc-row-container module\"><div class=\"wc-row row\"><div class=\"kc-wrap-columns\"><div class=\"kc-elm kc-css-403786 small-12 columns small-12\"><div class=\"kc-col-container\"><div class=\"kc-elm kc-css-728850 kc_row kc_row_inner\"><div class=\"kc-elm kc-css-926478 small-12 columns small-12\"><div class=\"kc_wrapper kc-col-inner-container\">\n\n<div class=\"image_fadein_slider kc-elm kc-css-500014 \">\n\t\t<div data-delay=\"4500\" class=\"image_fadein\" data-images=\"778,779,780,781,782\">\n\t<img decoding=\"async\" src=\"https:\/\/www.colegiointernacionalalicante.com\/wp-content\/uploads\/2017\/05\/nuestra-escuela-1.jpg\" \/><img decoding=\"async\" src=\"https:\/\/www.colegiointernacionalalicante.com\/wp-content\/uploads\/2017\/05\/nuestra-escuela-2.jpg\" \/><img decoding=\"async\" src=\"https:\/\/www.colegiointernacionalalicante.com\/wp-content\/uploads\/2017\/05\/nuestra-escuela-3.jpg\" \/><img decoding=\"async\" src=\"https:\/\/www.colegiointernacionalalicante.com\/wp-content\/uploads\/2017\/05\/nuestra-escuela-4.jpg\" \/><img decoding=\"async\" src=\"https:\/\/www.colegiointernacionalalicante.com\/wp-content\/uploads\/2017\/05\/nuestra-escuela-5.jpg\" \/>\t<\/div>\n<\/div>\n<\/div><\/div><div class=\"kc-elm kc-css-729939 small-12 columns small-12\"><div class=\"kc_wrapper kc-col-inner-container\"><div class=\"kc-elm kc-css-971431 kc_text_block welcome-message\"><\/p>\n<h2>Bienvenue\u00a0aux\u00a0<span style=\"color: #e79800;\">Colegio Internacional Alicante<\/span><\/h2>\n<p>Nous sommes tous des professeurs dipl\u00f4m\u00e9s universitaires, b\u00e9n\u00e9ficiant d\u00b4une large exp\u00e9rience dans le domaine de l\u00b4enseignement de l\u00b4espagnol comme langue \u00e9trang\u00e8re.<\/p>\n<p>Dans nos cours nous essayons de cr\u00e9er une ambiance familiale, dynamique et active.<\/p>\n<p>L\u00b4\u00e9cole offre jusqu\u00b4\u00e0 six diff\u00e9rents niveaux d\u00b4espagnol: d\u00e9butant A1, \u00e9l\u00e9mentaire A2, moyen B1, moyen-haut B2, avanc\u00e9 C1 et sup\u00e9rieur C2.<\/p>\n<p>Nous garantissons toujours les quatre niveaux de base: A et B. Et cela m\u00eame avec un seul \u00e9tudiant.<\/p>\n<p>\n<\/div><div class=\"kc-elm kc-css-647933\" style=\"height: 20px; clear: both; width:100%;\"><\/div><div class=\"kc-elm kc-css-\u00bb208398&Prime; kc_row kc_row_inner\"><div class=\"kc-elm kc-css-\u00bb657499&Prime; small-12 columns small-12\"><div class=\"kc_wrapper kc-col-inner-container\">\n<div class=\"kc-elm kc-css-22681\">\n\t<a class=\"kc_button\" href=\"https:\/\/www.colegiointernacionalalicante.com\/wp-content\/uploads\/2025\/12\/Folleto-FRANCES.pdf\" target=\"_self\" title=\"\" onclick=\"\">\n\t\t<i class=\"fa-file-pdf-o\"><\/i>  BROCHURE GRATUITE!\t<\/a>\n<\/div>\n<\/div><\/div><div class=\"kc-elm kc-css-\u00bb506037&Prime; small-12 columns small-12\"><div class=\"kc_wrapper kc-col-inner-container\">\n<div class=\"kc-elm kc-css-648544\">\n\t<a class=\"kc_button\" href=\"https:\/\/www.colegiointernacionalalicante.com\/wp-content\/uploads\/2025\/12\/FICHE-DINSCRIPTION-2026.pdf\" target=\"_self\" title=\"\" onclick=\"\">\n\t\t<i class=\"fa-edit\"><\/i> FICHE D:apos:INSCRIPTION\t<\/a>\n<\/div>\n<\/div><\/div><\/div><\/div><\/div><\/div><div id=\"contenedor-actividades\" class=\"kc-elm kc-css-338448 kc_row kc_row_inner\"><div class=\"kc-elm kc-css-802546 small-12 columns small-12\"><div class=\"kc_wrapper kc-col-inner-container\"><div class=\"kc-elm kc-css-803009\" style=\"height: 50px; clear: both; width:100%;\"><\/div>\n<div class=\"kc-elm kc-css-290562 kc-title-wrap \">\n\n\t<h3 class=\"kc_title\">Nous disposons d\u00b4un programme vari\u00e9 d\u00b4activit\u00e9s extrascolaires:<\/h3>Notre m\u00e9thode est active et communicative. L\u00b4\u00e9tudiant <strong>parle d\u00e8s le premier jour de cours<\/strong>.\n<\/div>\n<div class=\"kc-elm kc-css-91211\" style=\"height: 30px; clear: both; width:100%;\"><\/div><div id=\"\u00bbcontenedor-actividades-iconos\" class=\"kc-elm kc-css-\u00bb227974&Prime; kc_row kc_row_inner \u00bbnuestra-escuela\"><div class=\"kc-elm kc-css-\u00bb382245&Prime; small-12 columns small-12\"><div class=\"kc_wrapper kc-col-inner-container\"><div id=\"221477\" class=\"icon-box\"><div class=\"icon-side float-left\"><i class=\"fa fa-building-o\" aria-hidden=\"true\"><\/i>\n\t\t\t\t\t<\/div>\n\t\t\t\t\t<div class=\"info-side float-left\"><p><strong>Visites de la ville<\/strong><br><\/p>\n\t\t\t\t\t<\/div>\n\t\t\t\t\t<div class=\"clearfix\"><\/div>\n\t\t\t\t<\/div><div class=\"kc-elm kc-css-303239\" style=\"height: 30px; clear: both; width:100%;\"><\/div><div id=\"585337\" class=\"icon-box\"><div class=\"icon-side float-left\"><i class=\"fa fa-ticket\" aria-hidden=\"true\"><\/i>\n\t\t\t\t\t<\/div>\n\t\t\t\t\t<div class=\"info-side float-left\"><p><strong>Pi\u00e8ces de th\u00e9\u00e2tre<\/strong><br><\/p>\n\t\t\t\t\t<\/div>\n\t\t\t\t\t<div class=\"clearfix\"><\/div>\n\t\t\t\t<\/div><\/div><\/div><div class=\"kc-elm kc-css-\u00bb290680&Prime; small-12 columns small-12\"><div class=\"kc_wrapper kc-col-inner-container\"><div id=\"511578\" class=\"icon-box\"><div class=\"icon-side float-left\"><i class=\"fa fa-beer\" aria-hidden=\"true\"><\/i>\n\t\t\t\t\t<\/div>\n\t\t\t\t\t<div class=\"info-side float-left\"><p><strong>F\u00eates<\/strong><br><\/p>\n\t\t\t\t\t<\/div>\n\t\t\t\t\t<div class=\"clearfix\"><\/div>\n\t\t\t\t<\/div><div class=\"kc-elm kc-css-975408\" style=\"height: 30px; clear: both; width:100%;\"><\/div><div id=\"310361\" class=\"icon-box\"><div class=\"icon-side float-left\"><i class=\"fa fa-futbol-o\" aria-hidden=\"true\"><\/i>\n\t\t\t\t\t<\/div>\n\t\t\t\t\t<div class=\"info-side float-left\"><p><strong>Sport<\/strong><br><\/p>\n\t\t\t\t\t<\/div>\n\t\t\t\t\t<div class=\"clearfix\"><\/div>\n\t\t\t\t<\/div><\/div><\/div><div class=\"kc-elm kc-css-\u00bb807482&Prime; small-12 columns small-12\"><div class=\"kc_wrapper kc-col-inner-container\"><div id=\"626753\" class=\"icon-box\"><div class=\"icon-side float-left\"><i class=\"fa fa-image\" aria-hidden=\"true\"><\/i>\n\t\t\t\t\t<\/div>\n\t\t\t\t\t<div class=\"info-side float-left\"><p><strong>Expositions d\u00b4art<\/strong><br><\/p>\n\t\t\t\t\t<\/div>\n\t\t\t\t\t<div class=\"clearfix\"><\/div>\n\t\t\t\t<\/div><div class=\"kc-elm kc-css-652026\" style=\"height: 30px; clear: both; width:100%;\"><\/div><div id=\"926427\" class=\"icon-box\"><div class=\"icon-side float-left\"><i class=\"fa et-video\" aria-hidden=\"true\"><\/i>\n\t\t\t\t\t<\/div>\n\t\t\t\t\t<div class=\"info-side float-left\"><p><strong>Cin\u00e9ma espagnol<\/strong><br><\/p>\n\t\t\t\t\t<\/div>\n\t\t\t\t\t<div class=\"clearfix\"><\/div>\n\t\t\t\t<\/div><\/div><\/div><div class=\"kc-elm kc-css-\u00bb620098&Prime; small-12 columns small-12\"><div class=\"kc_wrapper kc-col-inner-container\"><div id=\"586978\" class=\"icon-box\"><div class=\"icon-side float-left\"><i class=\"fa fa-bank\" aria-hidden=\"true\"><\/i>\n\t\t\t\t\t<\/div>\n\t\t\t\t\t<div class=\"info-side float-left\"><p><strong>Excursions<\/strong><br><\/p>\n\t\t\t\t\t<\/div>\n\t\t\t\t\t<div class=\"clearfix\"><\/div>\n\t\t\t\t<\/div><div class=\"kc-elm kc-css-283757\" style=\"height: 30px; clear: both; width:100%;\"><\/div><div id=\"713207\" class=\"icon-box\"><div class=\"icon-side float-left\"><i class=\"fa sl-playlist\" aria-hidden=\"true\"><\/i>\n\t\t\t\t\t<\/div>\n\t\t\t\t\t<div class=\"info-side float-left\"><p><strong>Salsa<\/strong><br><\/p>\n\t\t\t\t\t<\/div>\n\t\t\t\t\t<div class=\"clearfix\"><\/div>\n\t\t\t\t<\/div><\/div><\/div><\/div><div class=\"kc-elm kc-css-522372\" style=\"height: 30px; clear: both; width:100%;\"><\/div><div class=\"kc-elm kc-css-145573 kc_text_block\"><\/p>\n<p>Les groupes sont constitu\u00e9s de <strong>6 \u00e0 12 \u00e9tudiants<\/strong> en moyenne, pouvant aller exceptionnellement jusqu\u00b4\u00e0 14. Nos \u00e9tudiants viennent du monde entier: Allemands, N\u00e9erlandais, Nordiques\u2026 sont les nationalit\u00e9s que vous trouverez le plus souvent lors de votre s\u00e9jour parmi nous. Beaucoup sont dans la vingtaine, mais nous accueillons \u00e9galement des \u00e9tudiants plus \u00e2g\u00e9s. <strong>La dur\u00e9e des classes est de 50 minutes.<\/strong><\/p>\n<p>Si vous ne l\u00b4avez pas fait notre test de niveau \u00ab\u00a0en ligne\u00a0\u00bb, le premier jour de cours nous faisons un test \u00e9crit qui nous permet d\u00b4\u00e9valuer et de placer l\u00b4\u00e9tudiant dans son niveau r\u00e9el de connaissance de l\u00b4espagnol. Nous insistons pour que tous les \u00e9l\u00e8ves compl\u00e8tent leur formation avec des<strong> exercices \u00e0 la maison<\/strong> et assistent \u00e0 toutes les classes. Ceci est absolument indispensable pour que la classe progresse rapidement et au m\u00eame rythme.<\/p>\n<p>\u00c0 la fin de chaque cours, l\u2019\u00e9cole\u00a0remet un Certificat de participation \u00e0 chaque \u00e9tudiant, pourvu que celui-ci ait assist\u00e9 \u00e0 au moins <strong>80%<\/strong>\u00a0des classes, ou un <strong>Certificat de r\u00e9ussite scolaire<\/strong>. Pour cela, en plus de l&#039;assistance, une moyenne de 70% doit \u00eatre obtenue pour:<\/p>\n<ul>\n<li>L&#039;examen \u00e9crit (70%)<\/li>\n<li>Participation et activit\u00e9s en classe (30%)<\/li>\n<\/ul>\n<p>\n<\/div><\/div><\/div><\/div><div class=\"kc-elm kc-css-204234\" style=\"height: 50px; clear: both; width:100%;\"><\/div>\n<div class=\"kc-elm kc-css-378512 kc-title-wrap \">\n\n\t<h3 class=\"kc_title\">Notre Essence: Plus qu\u2019Apprendre l\u2019Espagnol<\/h3>\n<\/div>\n<div class=\"kc-elm kc-css-701237\" style=\"height: 30px; clear: both; width:100%;\"><\/div><div class=\"kc-elm kc-css-170106 kc_text_block\"><\/p>\n<p>Dans notre \u00e9cole, nous croyons qu&#039;apprendre une langue, c&#039;est se connecter \u00e0 un nouveau monde. C&#039;est pourquoi notre enseignement va au-del\u00e0 de la salle de classe : c&#039;est une exp\u00e9rience \u00e9thique et enrichissante qui prend soin des personnes et de l&#039;environnement qui nous accueille.<\/p>\n<p><strong>Engagement Durable et Social:<\/strong><br \/>Nous n&#039;enseignons pas seulement l&#039;espagnol ; nous vivons et promouvons un mod\u00e8le responsable. Votre apprentissage a un impact positif sur Alicante.<\/p>\n<ul>\n<li><strong>Empreinte \u00c9cologique Minimale :<\/strong> Nous mettons en \u0153uvre des mesures d&#039;\u00e9conomie d&#039;eau et d&#039;\u00e9nergie, de r\u00e9duction des d\u00e9chets et utilisons des mat\u00e9riaux recycl\u00e9s et r\u00e9utilisables.<\/li>\n<li><strong>Protection et Valorisation :<\/strong> Nous vous invitons \u00e0 d\u00e9couvrir, appr\u00e9cier et prot\u00e9ger la richesse naturelle d&#039;Alicante (sa flore, sa faune et son littoral) ainsi que son exceptionnel patrimoine artistique, culturel et arch\u00e9ologique.<\/li>\n<li><strong>Soutien \u00e0 l\u2019Environnement Local :<\/strong> Nous encourageons l&#039;\u00e9conomie locale et l&#039;authenticit\u00e9 \u00e0 travers les produits de proximit\u00e9, kilom\u00e8tre z\u00e9ro et l&#039;artisanat traditionnel.<\/li>\n<li><strong>Culture Vivante :<\/strong> Nous vivons les f\u00eates, traditions et coutumes non pas en spectateurs mais en participants, les int\u00e9grant dans une exp\u00e9rience culturelle authentique.<\/li>\n<\/ul>\n<p><strong>Notre Boussole : Mission, Vision &#038; Valeurs<\/strong><\/p>\n<p><strong>MISSION<\/strong><br \/>\u00catre le pont \u00e9motionnel et culturel qui relie les personnes du monde entier \u00e0 la langue et \u00e0 l&#039;essence hispaniques. Gr\u00e2ce \u00e0 un enseignement humain et proche, nous brisons les st\u00e9r\u00e9otypes, favorisons le respect de la diversit\u00e9 et cr\u00e9ons une communaut\u00e9 mondiale d&#039;apprenants qui ne parlent pas seulement espagnol, mais qui le ressentent et le vivent.<\/p>\n<p><strong>VISION<\/strong><br \/>Nous aspirons \u00e0 \u00eatre la r\u00e9f\u00e9rence socioculturelle pour l&#039;enseignement de l&#039;espagnol \u00e0 Alicante, reconnus pour notre excellence p\u00e9dagogique et notre impact positif. Nous voulons que nous choisir soit une d\u00e9cision dont nos \u00e9tudiants et collaborateurs soient profond\u00e9ment fiers.<\/p>\n<p><strong>VALEURS<\/strong><br \/>Ces principes guident chaque activit\u00e9, chaque cours et chaque d\u00e9cision :<\/p>\n<ul>\n<li><strong>L\u2019\u00c9tudiant au C\u0153ur :<\/strong> Votre exp\u00e9rience, vos objectifs et votre bien-\u00eatre sont notre priorit\u00e9 absolue.<\/li>\n<li><strong>Excellence &#038; Professionnalisme :<\/strong> \u00c9quipe enseignante qualifi\u00e9e, m\u00e9thodologies innovantes et service impeccable.<\/li>\n<li><strong>Communaut\u00e9 &#038; Travail d\u2019\u00c9quipe :<\/strong> Nous croyons en la force du collectif, au sein de notre \u00e9cole comme dans notre relation avec vous.<\/li>\n<li><strong>Ouverture Globale (Internationalisation) :<\/strong> Nous cr\u00e9ons un environnement multiculturel o\u00f9 chaque perspective enrichit l&#039;apprentissage.<\/li>\n<li><strong>Respect Int\u00e9gral :<\/strong> Pour la personne, pour la culture, pour l&#039;environnement et pour le parcours d&#039;apprentissage de chacun.<\/li>\n<\/ul>\n<p>\n<\/div><\/div><\/div><\/div><\/div><\/div><div class=\"kc-elm kc-css-66668 kc-row-container module\"><div class=\"wc-row\"><div class=\"kc-wrap-columns\"><div class=\"kc-elm kc-css-76360 small-12 columns small-12\"><div class=\"kc-col-container\"><div class=\"kc-elm kc-css-111418 kc_row kc_row_inner\"><div class=\"kc-elm kc-css-66872 small-12 columns small-12\"><div class=\"kc_wrapper kc-col-inner-container\">\n<div class=\"kc-elm kc-css-96332 kc-title-wrap \">\n\n\t<h3 class=\"kc_title\">Agr\u00e9ment <\/h3>\n<\/div>\n<div class=\"kc-elm kc-css-514659 kc_text_block\"><\/p>\n<p>\n<strong>Colegio Internacional Alicante<\/strong> a obenu l\u2019agr\u00e9ment de l\u2019Instituto Cervantes, ce quei signifie qu\u2019il satisfait aux exigences du <strong>Syst\u00e8me d\u2019agr\u00e9ment de centres Instituto Cervantes<\/strong>. Cet agr\u00e9ment est le seul \u00e0 l\u2019\u00e9chelle internationale visant exclusivement l\u2019enseignement de l\u2019espagnol comme langue \u00e9trang\u00e8re.<\/p>\n<p>\n<\/div><\/div><\/div><div class=\"kc-elm kc-css-503226 small-12 columns small-12\"><div class=\"kc_wrapper kc-col-inner-container\"><div class=\"kc-elm kc-css-\u00bb115251&Prime; kc_row kc_row_inner\"><div class=\"kc-elm kc-css-\u00bb214356&Prime; small-12 columns small-12\"><div class=\"kc_wrapper kc-col-inner-container\"><div class=\"kc-elm kc-css-448220 kc_shortcode kc_single_image\">\n\n        <a  href=\"https:\/\/acreditacion.cervantes.es\/\" title=\"\" target=\"_self\">\n        <img decoding=\"async\" src=\"https:\/\/www.colegiointernacionalalicante.com\/wp-content\/uploads\/2017\/12\/logo-colegio-internacional-alicante.png\" class=\"\" alt=\"\" \/>    <\/a>\n    <\/div>\n<\/div><\/div><\/div><\/div><\/div><\/div><div class=\"kc-elm kc-css-524044\" style=\"height: 50px; clear: both; width:100%;\"><\/div><div class=\"kc-elm kc-css-967717 kc_row kc_row_inner\"><div class=\"kc-elm kc-css-449276 small-12 columns small-12\"><div class=\"kc_wrapper kc-col-inner-container\"><div class=\"kc-elm kc-css-\u00bb315238&Prime; kc_row kc_row_inner\"><div class=\"kc-elm kc-css-\u00bb930686&Prime; small-12 columns small-12\"><div class=\"kc_wrapper kc-col-inner-container\"><div class=\"kc-elm kc-css-595334 kc_shortcode kc_single_image\">\n\n        <a  href=\"https:\/\/www.calidadendestino.es\/Contenidos\/InformacionGeneral.aspx\" title=\"\" target=\"_self\">\n        <img decoding=\"async\" src=\"https:\/\/www.colegiointernacionalalicante.com\/wp-content\/uploads\/2017\/05\/compromiso-calidad.png\" class=\"\" alt=\"\" \/>    <\/a>\n    <\/div>\n<\/div><\/div><\/div><\/div><\/div><div class=\"kc-elm kc-css-662130 small-12 columns small-12\"><div class=\"kc_wrapper kc-col-inner-container\"><div class=\"kc-elm kc-css-916388 kc_text_block\"><\/p>\n<p>\n<strong>Colegio Internacional Alicante<\/strong> est un <strong>centre<\/strong> engag\u00e9 pour la <strong>QUALIT\u00c9<\/strong> et, par cons\u00e9quent, il fait partie <strong>Sistema Integral de Calidad Tur\u00edstica En Destinos.<\/strong> SICTED s&#039;agit d&#039;un <strong>projet d&#039;am\u00e9lioration de la qualit\u00e9 des destinations touristiques<\/strong> insuffl\u00e9 par le Secr\u00e9tariat d&#039;\u00c9tat au Tourisme, avec le soutien de la F\u00e9d\u00e9ration espagnole des municipalit\u00e9s et des provinces (FEMP), travaillant avec les entreprises\/services touristiques de diff\u00e9rents secteurs en <strong>vue d&#039;am\u00e9liorer l&#039;exp\u00e9rience et la satisfaction du touriste.<\/strong><\/p>\n<p>\n<\/div><\/div><\/div><\/div><div class=\"kc-elm kc-css-140970\" style=\"height: 50px; clear: both; width:100%;\"><\/div><div class=\"kc-elm kc-css-216778 kc_row kc_row_inner\"><div class=\"kc-elm kc-css-403005 small-12 columns small-12\"><div class=\"kc_wrapper kc-col-inner-container\">\n<div class=\"kc-elm kc-css-411072 kc-title-wrap \">\n\n\t<h3 class=\"kc_title\">Membre de<\/h3>\n<\/div>\n<div class=\"kc-elm kc-css-748140\" style=\"height: 10px; clear: both; width:100%;\"><\/div><div class=\"kc-elm kc-css-614132 kc_shortcode kc_single_image\">\n\n        <img decoding=\"async\" src=\"https:\/\/www.colegiointernacionalalicante.com\/wp-content\/uploads\/2017\/04\/prov-fedele.jpg\" class=\"\" alt=\"FEDELE\" \/>    <\/div>\n<\/div><\/div><div class=\"kc-elm kc-css-762093 small-12 columns small-12\"><div class=\"kc_wrapper kc-col-inner-container\"><div class=\"kc-elm kc-css-\u00bb178901&Prime; kc_row kc_row_inner\"><div class=\"kc-elm kc-css-\u00bb140516&Prime; small-12 columns small-12\"><div class=\"kc_wrapper kc-col-inner-container\"><div class=\"kc-elm kc-css-921421\" style=\"height: 63px; clear: both; width:100%;\"><\/div><div class=\"kc-elm kc-css-953093 kc_shortcode kc_single_image\">\n\n        <img decoding=\"async\" src=\"https:\/\/www.colegiointernacionalalicante.com\/wp-content\/uploads\/2017\/05\/logo-fedele.jpg\" class=\"\" alt=\"FEDELE COMUNIDAD VALENCIANA\" \/>    <\/div>\n<\/div><\/div><\/div><\/div><\/div><\/div><div id=\" \" class=\"kc-elm kc-css-31599 kc_row kc_row_inner\"><div class=\"kc-elm kc-css-479844 small-12 columns small-12\"><div class=\"kc_wrapper kc-col-inner-container\">\n<div class=\"kc-elm kc-css-483391 kc-title-wrap \">\n\n\t<h3 class=\"kc_title\">Centre d'examinateur<\/h3>\n<\/div>\n<div class=\"kc-elm kc-css-502145\" style=\"height: 10px; clear: both; width:100%;\"><\/div><div class=\"kc-elm kc-css-539475 kc_shortcode kc_single_image\">\n\n        <img decoding=\"async\" src=\"https:\/\/www.colegiointernacionalalicante.com\/wp-content\/uploads\/2017\/05\/prov-idele.jpg\" class=\"\" alt=\"DELE\" \/>    <\/div>\n<\/div><\/div><div class=\"kc-elm kc-css-42594 small-12 columns small-12\"><div class=\"kc_wrapper kc-col-inner-container\"><div class=\"kc-elm kc-css-\u00bb38902&Prime; kc_row kc_row_inner\"><div class=\"kc-elm kc-css-\u00bb808571&Prime; small-12 columns small-12\"><div class=\"kc_wrapper kc-col-inner-container\"><div class=\"kc-elm kc-css-287178\" style=\"height: 63px; clear: both; width:100%;\"><\/div><div class=\"kc-elm kc-css-648952 kc_shortcode kc_single_image\">\n\n        <img decoding=\"async\" src=\"https:\/\/www.colegiointernacionalalicante.com\/wp-content\/uploads\/2017\/12\/ccse-logo.png\" class=\"\" alt=\"CCSE\" \/>    <\/div>\n<\/div><\/div><\/div><\/div><\/div><div class=\"kc-elm kc-css-175913 small-12 columns small-12\"><div class=\"kc_wrapper kc-col-inner-container\"><div class=\"kc-elm kc-css-\u00bb414606&Prime; kc_row kc_row_inner\"><div class=\"kc-elm kc-css-\u00bb269799&Prime; small-12 columns small-12\"><div class=\"kc_wrapper kc-col-inner-container\"><div class=\"kc-elm kc-css-502445\" style=\"height: 63px; clear: both; width:100%;\"><\/div><div class=\"kc-elm kc-css-669622 kc_shortcode kc_single_image\">\n\n        <img decoding=\"async\" src=\"https:\/\/www.colegiointernacionalalicante.com\/wp-content\/uploads\/2017\/12\/siele-logo-1.png\" class=\"\" alt=\"SICIC\" \/>    <\/div>\n<\/div><\/div><\/div><\/div><\/div><\/div><div id=\" \" class=\"kc-elm kc-css-967932 kc_row kc_row_inner\"><div class=\"kc-elm kc-css-793235 small-12 columns small-12\"><div class=\"kc_wrapper kc-col-inner-container\">\n<div class=\"kc-elm kc-css-978157 kc-title-wrap \">\n\n\t<h3 class=\"kc_title\">Remerciements<\/h3>\n<\/div>\n<div class=\"kc-elm kc-css-471677\" style=\"height: 10px; clear: both; width:100%;\"><\/div><div class=\"kc-elm kc-css-736950 kc_shortcode kc_single_image\">\n\n        <img decoding=\"async\" src=\"https:\/\/www.colegiointernacionalalicante.com\/wp-content\/uploads\/2017\/05\/prov-lanekassen.jpg\" class=\"\" alt=\"DELE\" \/>    <\/div>\n<\/div><\/div><div class=\"kc-elm kc-css-77724 small-12 columns small-12\"><div class=\"kc_wrapper kc-col-inner-container\"><div class=\"kc-elm kc-css-\u00bb395182&Prime; kc_row kc_row_inner\"><div class=\"kc-elm kc-css-\u00bb662020&Prime; small-12 columns small-12\"><div class=\"kc_wrapper kc-col-inner-container\"><div class=\"kc-elm kc-css-706375\" style=\"height: 63px; clear: both; width:100%;\"><\/div><div class=\"kc-elm kc-css-597427 kc_shortcode kc_single_image\">\n\n        <img decoding=\"async\" src=\"https:\/\/www.colegiointernacionalalicante.com\/wp-content\/uploads\/2017\/05\/prov-csn.jpg\" class=\"\" alt=\"CCSE\" \/>    <\/div>\n<\/div><\/div><\/div><\/div><\/div><div class=\"kc-elm kc-css-900656 small-12 columns small-12\"><div class=\"kc_wrapper kc-col-inner-container\"><div class=\"kc-elm kc-css-\u00bb100211&Prime; kc_row kc_row_inner\"><div class=\"kc-elm kc-css-\u00bb749779&Prime; small-12 columns small-12\"><div class=\"kc_wrapper kc-col-inner-container\"><div class=\"kc-elm kc-css-530561\" style=\"height: 63px; clear: both; width:100%;\"><\/div><div class=\"kc-elm kc-css-481874 kc_shortcode kc_single_image\">\n\n        <img decoding=\"async\" src=\"https:\/\/www.colegiointernacionalalicante.com\/wp-content\/uploads\/2017\/05\/prov-bildungsurlaub.jpg\" class=\"\" alt=\"SICIC\" \/>    <\/div>\n<\/div><\/div><\/div><\/div><\/div><\/div><\/div><\/div><\/div><\/div><\/div><div class=\"kc-elm kc-css-132442 kc-row-container module\"><div class=\"wc-row row\"><div class=\"kc-wrap-columns\"><div class=\"kc-elm kc-css-534793 small-12 columns small-12\"><div class=\"kc-col-container\"><div class=\"kc-elm kc-css-839116\" style=\"height: 30px; clear: both; width:100%;\"><\/div>\n<div class=\"kc-elm kc-css-821371 kc-title-wrap \">\n\n\t<h3 class=\"kc_title\">Credits<\/h3>\n<\/div>\n<div class=\"kc-elm kc-css-259473\" style=\"height: 5px; clear: both; width:100%;\"><\/div><div class=\"kc-elm kc-css-70345 kc_row kc_row_inner\"><div class=\"kc-elm kc-css-981573 small-12 columns small-12\"><div class=\"kc_wrapper kc-col-inner-container\"><div class=\"kc-elm kc-css-650425 kc_text_block\"><\/p>\n<p>\nLe Colegio Internacional Alicante d\u00e9cerne des cr\u00e9dits d\u00b4\u00e9tudes pour:<\/p>\n<ul>\n<li>Eastern Connecticut State University (USA)<\/li>\n<li>Coll\u00e8ge du Maisonneuve (Canad\u00e1)<\/li>\n<\/ul>\n<p>Nous pouvons \u00e9galement les d\u00e9cerner \u00e0 des \u00e9tudiants issus d\u00b4autres Universit\u00e9s ou Coll\u00e8ges pour un co\u00fbt suppl\u00e9mentaire.<\/p>\n<p>\n<\/div><\/div><\/div><div class=\"kc-elm kc-css-4780 small-12 columns small-12\"><div class=\"kc_wrapper kc-col-inner-container\"><div class=\"kc-elm kc-css-\u00bb401041&Prime; kc_row kc_row_inner\"><div class=\"kc-elm kc-css-\u00bb115425&Prime; small-12 columns small-12\"><div class=\"kc_wrapper kc-col-inner-container\"><div class=\"kc-elm kc-css-261126 kc_shortcode kc_single_image\">\n\n        <img decoding=\"async\" src=\"https:\/\/www.colegiointernacionalalicante.com\/wp-content\/uploads\/2017\/05\/logo-eastern.jpg\" class=\"\" alt=\"Eastern\" \/>    <\/div>\n<\/div><\/div><div class=\"kc-elm kc-css-\u00bb785386&Prime; small-12 columns small-12\"><div class=\"kc_wrapper kc-col-inner-container\"><div class=\"kc-elm kc-css-966885 kc_shortcode kc_single_image\">\n\n        <img decoding=\"async\" src=\"https:\/\/www.colegiointernacionalalicante.com\/wp-content\/uploads\/2017\/05\/logo-college-de-maisonneuve.jpg\" class=\"\" alt=\"College de maisonneuve\" \/>    <\/div>\n<\/div><\/div><\/div><\/div><\/div><\/div><\/div><\/div><\/div><\/div><\/div><\/p>\n","protected":false},"excerpt":{"rendered":"","protected":false},"author":1,"featured_media":0,"parent":0,"menu_order":0,"comment_status":"closed","ping_status":"closed","template":"","meta":{"footnotes":""},"class_list":["post-2703","page","type-page","status-publish","hentry"],"aioseo_notices":[],"_links":{"self":[{"href":"https:\/\/www.colegiointernacionalalicante.com\/fr\/wp-json\/wp\/v2\/pages\/2703","targetHints":{"allow":["GET"]}}],"collection":[{"href":"https:\/\/www.colegiointernacionalalicante.com\/fr\/wp-json\/wp\/v2\/pages"}],"about":[{"href":"https:\/\/www.colegiointernacionalalicante.com\/fr\/wp-json\/wp\/v2\/types\/page"}],"author":[{"embeddable":true,"href":"https:\/\/www.colegiointernacionalalicante.com\/fr\/wp-json\/wp\/v2\/users\/1"}],"replies":[{"embeddable":true,"href":"https:\/\/www.colegiointernacionalalicante.com\/fr\/wp-json\/wp\/v2\/comments?post=2703"}],"version-history":[{"count":53,"href":"https:\/\/www.colegiointernacionalalicante.com\/fr\/wp-json\/wp\/v2\/pages\/2703\/revisions"}],"predecessor-version":[{"id":5754,"href":"https:\/\/www.colegiointernacionalalicante.com\/fr\/wp-json\/wp\/v2\/pages\/2703\/revisions\/5754"}],"wp:attachment":[{"href":"https:\/\/www.colegiointernacionalalicante.com\/fr\/wp-json\/wp\/v2\/media?parent=2703"}],"curies":[{"name":"wp","href":"https:\/\/api.w.org\/{rel}","templated":true}]}}