{"id":1628,"date":"2017-12-01T14:53:51","date_gmt":"2017-12-01T14:53:51","guid":{"rendered":"http:\/\/www.colegiointernacionalalicante.com\/?page_id=1628"},"modified":"2018-11-27T08:38:35","modified_gmt":"2018-11-27T08:38:35","slug":"le-attivita","status":"publish","type":"page","link":"https:\/\/www.colegiointernacionalalicante.com\/it\/le-attivita\/","title":{"rendered":"Le attivit\u00e0"},"content":{"rendered":"<div class=\"kc-elm kc-css-682999 kc-row-container module\"><div class=\"wc-row row\"><div class=\"kc-wrap-columns\"><div class=\"kc-elm kc-css-475621 small-12 columns small-12\"><div class=\"kc-col-container\"><div id=\" \" class=\"kc-elm kc-css-416737 kc_row kc_row_inner\"><div class=\"kc-elm kc-css-10456 small-12 columns small-12\"><div class=\"kc_wrapper kc-col-inner-container\">\n\n<div class=\"image_fadein_slider kc-elm kc-css-921303 \">\n\t\t<div data-delay=\"4000\" class=\"image_fadein\" data-images=\"1049,1048,1046,1047,1045,1044,1043,1042,1041\">\n\t<img decoding=\"async\" src=\"https:\/\/www.colegiointernacionalalicante.com\/wp-content\/uploads\/2017\/05\/actividad-8.jpg\" \/><img decoding=\"async\" src=\"https:\/\/www.colegiointernacionalalicante.com\/wp-content\/uploads\/2017\/05\/actividad-7.jpg\" \/><img decoding=\"async\" src=\"https:\/\/www.colegiointernacionalalicante.com\/wp-content\/uploads\/2017\/05\/actividad-5.jpg\" \/><img decoding=\"async\" src=\"https:\/\/www.colegiointernacionalalicante.com\/wp-content\/uploads\/2017\/05\/actividad-6.jpg\" \/><img decoding=\"async\" src=\"https:\/\/www.colegiointernacionalalicante.com\/wp-content\/uploads\/2017\/05\/actividad-4.jpg\" \/><img decoding=\"async\" src=\"https:\/\/www.colegiointernacionalalicante.com\/wp-content\/uploads\/2017\/05\/actividad-3.jpg\" \/><img decoding=\"async\" src=\"https:\/\/www.colegiointernacionalalicante.com\/wp-content\/uploads\/2017\/05\/actividad-2.jpg\" \/><img decoding=\"async\" src=\"https:\/\/www.colegiointernacionalalicante.com\/wp-content\/uploads\/2017\/05\/actividad-1.jpg\" \/><img decoding=\"async\" src=\"https:\/\/www.colegiointernacionalalicante.com\/wp-content\/uploads\/2017\/05\/actividad-0.jpg\" \/>\t<\/div>\n<\/div>\n<\/div><\/div><div class=\"kc-elm kc-css-223760 small-12 columns small-12\"><div class=\"kc_wrapper kc-col-inner-container\"><div class=\"kc-elm kc-css-336615 kc_text_block\"><\/p>\n<p class=\"moz-quote-pre\">Per completare la nostra offerta e aiutare i nostri studenti, offriamo un ampio programma di attivit\u00e0: visite guidate gratuite ai musei e monumenti della citt\u00e0, opere teatrali, mostre d\u2019arte, cos\u00ec come altri sport o attivit\u00e0 culturali. Alcune di queste attivit\u00e0 sono a pagamento. Sei sempre il benvenuto! Anche i livelli iniziali potranno seguire le semplici spiegazioni dei nostri insegnanti.<\/p>\n<p>Alicante, con una popolazione di 330.000 abitanti, offre una <strong>varia offerta culturale<\/strong>: biblioteche, musei, sale d\u00b4arte, concerti all\u00b4aria aperta, teatro&#8230;<\/p>\n<p>Sono molto famosi il\u00a0<b>Festival de Teatro al Aire Libre<\/b>, il\u00a0<b>Festival Internacional de M\u00fasica Contempor\u00e1nea<\/b>, il\u00a0<b>Festival de Teatro de Autor Espa\u00f1ol Contempor\u00e1neo<\/b>\u00a0e il\u00a0<b>Festival Internacional de Marionetas<\/b>. Tutte queste attivit\u00e0 sono disponibili per i nostri studenti, che riceveranno informazioni per ognuna di queste.<\/p>\n<p>Insieme scopriremo anche la gastronomia locale (&#8220;<b><a class=\"img_activ\" href=\"http:\/\/www.colegiointernacionalalicante.com\/imagenes\/actividades\/activ16.jpg\">paella<\/a><\/b>&#8220;) e la vita notturna di Alicante.<\/p>\n<p>\n<\/div><\/div><\/div><\/div><div class=\"kc-elm kc-css-195225\" style=\"height: 30px; clear: both; width:100%;\"><\/div><div class=\"kc-elm kc-css-859614 kc_text_block\"><\/p>\n<p>Un paesaggio sempre diverso, un\u00a0<b>clima meraviglioso<\/b>\u00a0e la comodit\u00e0 della citt\u00e0, fanno di Alicante un luogo\u00a0<b>invidiabile e indimenticabile<\/b>. Il porto offre la possibilit\u00e0 di praticare tutti i tipi di\u00a0<b>sport nautico<\/b>: pesca, sci acquatico, snorkelling&#8230;<\/p>\n<p>Dall\u00b4altro lato invece si pu\u00f2 praticare golf o sport d\u00b4avventura: scalata, ciclismo, volo, etc.<\/p>\n<p>\n<\/div><div class=\"kc-elm kc-css-272230\" style=\"height: 30px; clear: both; width:100%;\"><\/div>\n<div class=\"kc-elm kc-css-150349 kc-title-wrap \">\n\n\t<h2 class=\"kc_title\"><u>Ogni sabato il Colegio<\/u> organizza<br> un\u00b4escursione a diverse citt\u00e0 vicine ad Alicante:\r\n<\/h2>\n<\/div>\n<div class=\"kc-elm kc-css-320577\" style=\"height: 20px; clear: both; width:100%;\"><\/div><div id=\" \" class=\"kc-elm kc-css-499779 kc_row kc_row_inner\"><div class=\"kc-elm kc-css-737723 small-12 columns small-12\"><div class=\"kc_wrapper kc-col-inner-container\"><div class=\"kc-elm kc-css-467989 kc-feature-boxes kc-fb-layout-2\">\n\n\t<figure class=\"content-image\"><img decoding=\"async\" src=\"https:\/\/www.colegiointernacionalalicante.com\/wp-content\/uploads\/2017\/05\/actividades-palmeras.jpg\" alt=\"\"><\/figure><div class=\"content-title\">Percorso delle Palme:<\/div><div class=\"content-desc\">Elche (Bas\u00edlica di Santa Mar\u00eda, Huerto del Cura, Bagni Arabi e Museo de La Festa) e Orihuela (Cattedrale del Salvador, Colegio di Santo Domingo, chiese di Santa Giustina e di Santiago).<\/div>\n<\/div>\n<\/div><\/div><div class=\"kc-elm kc-css-132878 small-12 columns small-12\"><div class=\"kc_wrapper kc-col-inner-container\"><div class=\"kc-elm kc-css-951415 kc-feature-boxes kc-fb-layout-2\">\n\n\t<figure class=\"content-image\"><img decoding=\"async\" src=\"https:\/\/www.colegiointernacionalalicante.com\/wp-content\/uploads\/2017\/05\/actividades-castillos.jpg\" alt=\"\"><\/figure><div class=\"content-title\">Percorso dei Castelli:<\/div><div class=\"content-desc\">Novelda(Santuario della Maddalena, Castello de la Mola), Sax (Castello) e Villena (Castello de La Atalaya, Torre dell\u00b4Omaggio, Barrio del Rabal e chiese di Santa Maria e di Santiago).<\/div>\n<\/div>\n<\/div><\/div><div class=\"kc-elm kc-css-294658 small-12 columns small-12\"><div class=\"kc_wrapper kc-col-inner-container\"><div class=\"kc-elm kc-css-944505 kc-feature-boxes kc-fb-layout-2\">\n\n\t<figure class=\"content-image\"><img decoding=\"async\" src=\"https:\/\/www.colegiointernacionalalicante.com\/wp-content\/uploads\/2017\/05\/actividades-costas.jpg\" alt=\"\"><\/figure><div class=\"content-title\">Percorso della Costa:<\/div><div class=\"content-desc\">Calpe (Pe\u00f1\u00f3n de Ifach), Altea (centro storico e chiesa) e Benidorm (Mirador del Mediterr\u00e1neo, spiaggia).\r\n<br><br><br><\/div>\n<\/div>\n<\/div><\/div><div class=\"kc-elm kc-css-127607 small-12 columns small-12\"><div class=\"kc_wrapper kc-col-inner-container\"><div class=\"kc-elm kc-css-442007 kc-feature-boxes kc-fb-layout-2\">\n\n\t<figure class=\"content-image\"><img decoding=\"async\" src=\"https:\/\/www.colegiointernacionalalicante.com\/wp-content\/uploads\/2017\/05\/actividades-monta\u00f1a.jpg\" alt=\"\"><\/figure><div class=\"content-title\">Percorso della Montagna:<\/div><div class=\"content-desc\">Guadalest (Castello), Fuentes del Algar e Cuevas de Canalobre.\r\n<br><br><br><\/div>\n<\/div>\n<\/div><\/div><\/div><div class=\"kc-elm kc-css-955149\" style=\"height: 30px; clear: both; width:100%;\"><\/div><div class=\"kc-elm kc-css-276193 kc_text_block\"><\/p>\n<p>Inoltre altre scuole lavorano con noi. I nostri studenti possono frequentare corsi di\u00a0<b><a class=\"img_activ\" href=\"http:\/\/www.colegiointernacionalalicante.com\/imagenes\/actividades\/activ11.jpg\">flamenco<\/a><\/b>, disegno, fotografia e altre attivit\u00e0. Il nostro centro offre scambi linguistici con ragazzi spagnoli. L\u00b4uso di WI-FI, fax, biblioteca, videoteca e internet&#8230;<\/p>\n<p>\n<\/div><div class=\"kc-elm kc-css-529695\" style=\"height: 30px; clear: both; width:100%;\"><\/div>\n<div class=\"kc-elm kc-css-946421\">\n\t<a class=\"kc_button\" href=\"http:\/\/www.colegiointernacionalalicante.com\/it\/contatto\/\" target=\"_blank\" title=\"\" onclick=\"\">\n\t\t<i class=\"fa-envelope-o\"><\/i> CONTATTO\t<\/a>\n<\/div>\n<\/div><\/div><\/div><\/div><\/div>\n","protected":false},"excerpt":{"rendered":"","protected":false},"author":1,"featured_media":0,"parent":0,"menu_order":0,"comment_status":"closed","ping_status":"closed","template":"","meta":{"footnotes":""},"class_list":["post-1628","page","type-page","status-publish","hentry"],"aioseo_notices":[],"_links":{"self":[{"href":"https:\/\/www.colegiointernacionalalicante.com\/it\/wp-json\/wp\/v2\/pages\/1628","targetHints":{"allow":["GET"]}}],"collection":[{"href":"https:\/\/www.colegiointernacionalalicante.com\/it\/wp-json\/wp\/v2\/pages"}],"about":[{"href":"https:\/\/www.colegiointernacionalalicante.com\/it\/wp-json\/wp\/v2\/types\/page"}],"author":[{"embeddable":true,"href":"https:\/\/www.colegiointernacionalalicante.com\/it\/wp-json\/wp\/v2\/users\/1"}],"replies":[{"embeddable":true,"href":"https:\/\/www.colegiointernacionalalicante.com\/it\/wp-json\/wp\/v2\/comments?post=1628"}],"version-history":[{"count":10,"href":"https:\/\/www.colegiointernacionalalicante.com\/it\/wp-json\/wp\/v2\/pages\/1628\/revisions"}],"predecessor-version":[{"id":4254,"href":"https:\/\/www.colegiointernacionalalicante.com\/it\/wp-json\/wp\/v2\/pages\/1628\/revisions\/4254"}],"wp:attachment":[{"href":"https:\/\/www.colegiointernacionalalicante.com\/it\/wp-json\/wp\/v2\/media?parent=1628"}],"curies":[{"name":"wp","href":"https:\/\/api.w.org\/{rel}","templated":true}]}}