{"id":1653,"date":"2017-12-01T14:56:54","date_gmt":"2017-12-01T14:56:54","guid":{"rendered":"http:\/\/www.colegiointernacionalalicante.com\/?page_id=1653"},"modified":"2017-12-29T09:14:05","modified_gmt":"2017-12-29T09:14:05","slug":"disclaimer","status":"publish","type":"page","link":"https:\/\/www.colegiointernacionalalicante.com\/it\/disclaimer\/","title":{"rendered":"Disclaimer"},"content":{"rendered":"<div class=\"kc-elm kc-css-829029 kc-row-container module\"><div class=\"wc-row row\"><div class=\"kc-wrap-columns\"><div class=\"kc-elm kc-css-922102 small-12 columns small-12\"><div class=\"kc-col-container\">\n<div class=\"kc-elm kc-css-455677 kc-animated kc-animate-eff-fadeInLeft kc-title-wrap \">\n\n\t<h2 class=\"kc_title\">Informaci\u00f3n legal<\/h2>\n<\/div>\n<div class=\"kc-elm kc-css-461481 kc-animated kc-animate-eff-fadeInLeft kc_text_block\"><\/p>\n<p>Informaci\u00f3n general para dar cumplimiento a la Ley 34\/2002, de 11 de Julio, de Servicios de la Sociedad de la Informaci\u00f3n:<\/p>\n<p><strong>Titular<\/strong>: COLEGIO INTERNACIONAL ALICANTE<br \/>\n<strong>C.I.F.<\/strong>: F-53229464<br \/>\n<strong>Direcci\u00f3n<\/strong>: C\/ Pintor Aparicio n\u00ba18 03003<br \/>\n<strong>Tel\u00e9fono<\/strong>: 965 92 90 10<br \/>\n<strong>E-Mail<\/strong>: info@colegiointernacionalalicante.com<\/p>\n<p>Colegio Internacional Alicante Coop. V. (en adelante COLEGIO INTERNACIONAL ALICANTE) es propietaria del nombre de dominio y p\u00e1ginas en Internet a las que se accede a trav\u00e9s de la direcci\u00f3n <a href=\"http:\/\/www.colegiointernacionalalicante.com\">www.colegiointernacionalalicante.com<\/a>.<\/p>\n<p>Inscripci\u00f3n en el Registro de Cooperativas de Trabajo Asociado con el n\u00ba A-1044<\/p>\n<p>\n<\/div>\n<div class=\"kc-elm kc-css-844436 kc-animated kc-animate-eff-fadeInRight kc-title-wrap \">\n\n\t<h2 class=\"kc_title\">Condiciones de uso<\/h2>\n<\/div>\n<div class=\"kc-elm kc-css-295656 kc-animated kc-animate-eff-fadeInRight kc_text_block\"><\/p>\n<p>Estas condiciones regulan el uso de la web para el usuario de Internet, y expresan la aceptaci\u00f3n plena y sin reservas del mismo de todas y cada una de las condiciones y restricciones que est\u00c9n publicadas en la web en el momento en que acceda a la misma.<\/p>\n<p>El usuario debe utilizar la web de conformidad con los usos autorizados. Queda expresamente prohibida la utilizaci\u00f3n de la web o de cualquiera de sus servicios con fines o efectos il\u00edcitos, contrarios a la buena fe, al orden p\u00fablico o a lo establecido en las condiciones de uso. Queda igualmente prohibido cualquier uso lesivo de derechos o intereses de terceros o que, de cualquier forma, dificulten la utilizaci\u00f3n por parte de otros usuarios la normal utilizaci\u00f3n de la web y\/o sus servicios. La utilizaci\u00f3n de la web es gratuita para el usuario.<\/p>\n<p>La direcci\u00f3n de correo electr\u00f3nico que se muestra en la P\u00e1gina Web no puede ser utilizada para el env\u00edo de informaci\u00f3n publicitaria no solicitada por la empresa.<\/p>\n<p>La empresa no garantiza y no asume ninguna responsabilidad por el funcionamiento de la web y\/o sus servicios. En caso de producirse interrupciones en su funcionamiento tratar\u00e1, si esto fuera posible, de advertirlo al usuario. La empresa est\u00e1 autorizada a efectuar cuantas modificaciones t\u00e9cnicas sean precisas para mejorar la calidad, rendimiento, eficacia del sistema y de su conexi\u00f3n. Salvo que se indique expresamente un plazo, la prestaci\u00f3n de los servicios tiene en principio una duraci\u00f3n indefinida, no obstante, la empresa est\u00e1 autorizada a dar por terminados alguno de los servicios o el acceso a la web en cualquier momento. Siempre que esto fuera posible, tratar\u00e1 de comunicarlo con antelaci\u00f3n al usuario.<\/p>\n<p>La empresa se compromete a trav\u00e9s de este medio a no realizar publicidad enga\u00f1osa. A estos efectos, por lo tanto, no ser\u00e1n considerados como publicidad enga\u00f1osa los errores formales o num\u00e9ricos que puedan encontrarse a lo largo del contenido de las distintas secciones de la web, producidos como consecuencia de un mantenimiento y\/o actualizaci\u00f3n incompleta o defectuosa de la informaci\u00f3n contenida es estas secciones. La empresa, como consecuencia de lo dispuesto en este apartado, se compromete a corregirlo tan pronto como tenga conocimiento de dichos errores.<\/p>\n<p>\n<\/div>\n<div class=\"kc-elm kc-css-865208 kc-animated kc-animate-eff-fadeInLeft kc-title-wrap \">\n\n\t<h2 class=\"kc_title\">Propiedad intelectual y uso de los contenidos<\/h2>\n<\/div>\n<div class=\"kc-elm kc-css-582416 kc-animated kc-animate-eff-fadeInLeft kc_text_block\"><\/p>\n<p>La empresa es titular de los derechos de propiedad industrial e intelectual de los contenidos de la presente P\u00e1gina Web.<\/p>\n<p>Acceder a la P\u00e1gina no concede ning\u00fan derecho de propiedad intelectual a los usuarios.<\/p>\n<p>Los usuarios no pueden utilizar, reproducir, distribuir, divulgar, comunicar p\u00fablicamente, copiar o transformar los contenidos publicados en la P\u00e1gina Web con fines comerciales, ni atribuirse la autor\u00eda, total o parcial, de los mismos. Cualquier uso que los usuarios realicen de los contenidos de la P\u00e1gina Web obliga a dejar constancia de la autor\u00eda de la empresa titular.<\/p>\n<p>\n<\/div><\/div><\/div><\/div><\/div><\/div>\n","protected":false},"excerpt":{"rendered":"","protected":false},"author":1,"featured_media":0,"parent":0,"menu_order":0,"comment_status":"closed","ping_status":"closed","template":"","meta":{"footnotes":""},"class_list":["post-1653","page","type-page","status-publish","hentry"],"aioseo_notices":[],"_links":{"self":[{"href":"https:\/\/www.colegiointernacionalalicante.com\/it\/wp-json\/wp\/v2\/pages\/1653","targetHints":{"allow":["GET"]}}],"collection":[{"href":"https:\/\/www.colegiointernacionalalicante.com\/it\/wp-json\/wp\/v2\/pages"}],"about":[{"href":"https:\/\/www.colegiointernacionalalicante.com\/it\/wp-json\/wp\/v2\/types\/page"}],"author":[{"embeddable":true,"href":"https:\/\/www.colegiointernacionalalicante.com\/it\/wp-json\/wp\/v2\/users\/1"}],"replies":[{"embeddable":true,"href":"https:\/\/www.colegiointernacionalalicante.com\/it\/wp-json\/wp\/v2\/comments?post=1653"}],"version-history":[{"count":3,"href":"https:\/\/www.colegiointernacionalalicante.com\/it\/wp-json\/wp\/v2\/pages\/1653\/revisions"}],"predecessor-version":[{"id":3239,"href":"https:\/\/www.colegiointernacionalalicante.com\/it\/wp-json\/wp\/v2\/pages\/1653\/revisions\/3239"}],"wp:attachment":[{"href":"https:\/\/www.colegiointernacionalalicante.com\/it\/wp-json\/wp\/v2\/media?parent=1653"}],"curies":[{"name":"wp","href":"https:\/\/api.w.org\/{rel}","templated":true}]}}