{"id":1662,"date":"2017-12-01T14:59:09","date_gmt":"2017-12-01T14:59:09","guid":{"rendered":"http:\/\/www.colegiointernacionalalicante.com\/?page_id=1662"},"modified":"2019-12-10T10:13:10","modified_gmt":"2019-12-10T10:13:10","slug":"contatto","status":"publish","type":"page","link":"https:\/\/www.colegiointernacionalalicante.com\/it\/contatto\/","title":{"rendered":"Contatto"},"content":{"rendered":"<p><div class=\"kc-elm kc-css-178319 kc-row-container module\"><div class=\"wc-row row\"><div class=\"kc-wrap-columns\"><div class=\"kc-elm kc-css-764044 small-12 columns small-12\"><div class=\"kc-col-container\"><div class=\"kc-elm kc-css-638862 kc_google_maps kc_shortcode\"><div style=\"height: 250px\" class=\"kc-google-maps\"><iframe src=\"https:\/\/www.google.com\/maps\/embed?pb=!1m18!1m12!1m3!1d1160.9593030344772!2d-0.49139692818844743!3d38.340384963881036!2m3!1f0!2f0!3f0!3m2!1i1024!2i768!4f13.1!3m3!1m2!1s0xd62364ba162507b%3A0xbd6d594a2f26cbb9!2sColegio+Internacional+Alicante%2C+Spanish+Language+School!5e0!3m2!1ses!2ses!4v1495548498962\" height=\"250\" frameborder=\"0\" style=\"border:0\" allowfullscreen><\/iframe><\/div><\/div><\/div><\/div><\/div><\/div><\/div><div class=\"kc-elm kc-css-252891 kc-row-container module\"><div class=\"wc-row row\"><div class=\"kc-wrap-columns\"><div class=\"kc-elm kc-css-787812 small-12 columns small-12\"><div class=\"kc-col-container\"><div class=\"kc-elm kc-css-797809 kc-raw-code\">  <div class=\"contact-info\">\r\n    <h4>Indirizzo:<\/h4>\r\n    <p>C\/.Pintor Aparicio,18C,1\u00ba.A 03003 - ALICANTE - Espa\u00f1a<\/p>\r\n  <\/div>\r\n  <div class=\"contact-info\">\r\n    <h4>Dati di contatto<\/h4>\r\n    <p><strong>Telefono: <\/strong> +34-965-929010<br>\r\n           <strong>Emergenza: <\/strong> +34-649-263183<br>\r\n           <strong>Email: <\/strong> <a href=\"mailto:info@colegiointernacionalalicante.com\">info@colegiointernacionalalicante.com<\/a>\r\n    <\/p>\r\n<p><br><strong>Orario d'ufficio:<\/strong><br>\r\n&nbsp;&nbsp;&nbsp;dalle 9:00 alle 18:00 dal luned\u00ec al gioved\u00ec<br>\r\n&nbsp;&nbsp;&nbsp;dalle 9:00 alle 16:00 il venerd\u00ec<br><br>\r\n<strong>Lingue:<\/strong> inglese e spagnolo\r\n<\/p>\r\n  <\/div>\r\n  <div class=\"contact-info\">\r\n    <h4>Seguici sul web<\/h4>\r\n    <div class=\"socialicons\">\r\n      <a href=\"https:\/\/www.facebook.com\/groups\/5124742217\/\"><i class=\"fa fa-facebook\"><\/i><\/a>\r\n      <a href=\"https:\/\/twitter.com\/#!\/in_Spanish\"><i class=\"fa fa-twitter\"><\/i><\/a>\r\n      <a href=\"https:\/\/www.youtube.com\/channel\/UCP5jvMnE2q5ZP5aEyyLtbxQ\"><i class=\"fa fa-youtube\"><\/i><\/a>\r\n      <a href=\"http:\/\/spanishschoolalicante.blogspot.com.es\/\"><i class=\"fa fa-rss-square\"><\/i><\/a>\r\n      <a href=\"https:\/\/plus.google.com\/116165413153238778843\"><i class=\"fa fa-google\"><\/i><\/a>\r\n      <a href=\"https:\/\/es.foursquare.com\/in_spanish\"><i class=\"fa fa-foursquare\"><\/i><\/a>\r\n      <a href=\"http:\/\/www.flickr.com\/spanishschoolalicante\"><i class=\"fa fa-flickr\"><\/i><\/a>\r\n      <a href=\"https:\/\/es.pinterest.com\/spanishcolegio\/\"><i class=\"fa fa-pinterest\"><\/i><\/a>\r\n    <\/div>\r\n  <\/div><\/div><\/div><\/div><div class=\"kc-elm kc-css-212221 small-12 columns small-12\"><div class=\"kc-col-container\"><div class=\"kc-contact-form7 kc-elm kc-css-254604\">\n<div class=\"wpcf7 no-js\" id=\"wpcf7-f3247-o1\" lang=\"es-ES\" dir=\"ltr\" data-wpcf7-id=\"3247\">\n<div class=\"screen-reader-response\"><p role=\"status\" aria-live=\"polite\" aria-atomic=\"true\"><\/p> <ul><\/ul><\/div>\n<form action=\"\/it\/wp-json\/wp\/v2\/pages\/1662#wpcf7-f3247-o1\" method=\"post\" class=\"wpcf7-form init\" aria-label=\"Formulario de contacto\" novalidate=\"novalidate\" data-status=\"init\">\n<fieldset class=\"hidden-fields-container\"><input type=\"hidden\" name=\"_wpcf7\" value=\"3247\" \/><input type=\"hidden\" name=\"_wpcf7_version\" value=\"6.1.4\" \/><input type=\"hidden\" name=\"_wpcf7_locale\" value=\"es_ES\" \/><input type=\"hidden\" name=\"_wpcf7_unit_tag\" value=\"wpcf7-f3247-o1\" \/><input type=\"hidden\" name=\"_wpcf7_container_post\" value=\"0\" \/><input type=\"hidden\" name=\"_wpcf7_posted_data_hash\" value=\"\" \/><input type=\"hidden\" name=\"_wpcf7_recaptcha_response\" value=\"\" \/>\n<\/fieldset>\n<h2>Modulo di contatto\n<\/h2>\n<div class=\"contact-form\">\n\t<div class=\"row\">\n\t\t<div class=\"medium-6 small-12 columns\">\n\t\t\t<p><label><span class=\"wpcf7-form-control-wrap\" data-name=\"nombre\"><input size=\"40\" maxlength=\"400\" class=\"wpcf7-form-control wpcf7-text wpcf7-validates-as-required\" aria-required=\"true\" aria-invalid=\"false\" placeholder=\"Nome e cognome\" value=\"\" type=\"text\" name=\"nombre\" \/><\/span><\/label>\n\t\t\t<\/p>\n\t\t<\/div>\n\t\t<div class=\"medium-6 small-12 columns\">\n\t\t\t<p><label><span class=\"wpcf7-form-control-wrap\" data-name=\"pais\"><input size=\"40\" maxlength=\"400\" class=\"wpcf7-form-control wpcf7-text wpcf7-validates-as-required\" aria-required=\"true\" aria-invalid=\"false\" placeholder=\"Paese\" value=\"\" type=\"text\" name=\"pais\" \/><\/span><\/label>\n\t\t\t<\/p>\n\t\t<\/div>\n\t<\/div>\n\t<div class=\"row\">\n\t\t<div class=\"medium-6 small-12 columns\">\n\t\t\t<p><label><span class=\"wpcf7-form-control-wrap\" data-name=\"telefono\"><input size=\"40\" maxlength=\"400\" class=\"wpcf7-form-control wpcf7-text wpcf7-validates-as-required\" aria-required=\"true\" aria-invalid=\"false\" placeholder=\"Telefono\" value=\"\" type=\"text\" name=\"telefono\" \/><\/span><\/label>\n\t\t\t<\/p>\n\t\t<\/div>\n\t\t<div class=\"medium-6 small-12 columns\">\n\t\t\t<p><label><span class=\"wpcf7-form-control-wrap\" data-name=\"email\"><input size=\"40\" maxlength=\"400\" class=\"wpcf7-form-control wpcf7-email wpcf7-validates-as-required wpcf7-text wpcf7-validates-as-email\" aria-required=\"true\" aria-invalid=\"false\" placeholder=\"E-mail\" value=\"\" type=\"email\" name=\"email\" \/><\/span><\/label>\n\t\t\t<\/p>\n\t\t<\/div>\n\t<\/div>\n\t<div class=\"row\">\n\t\t<div class=\"medium-12 small-12 columns\">\n\t\t\t<p><label><span class=\"wpcf7-form-control-wrap\" data-name=\"comentario\"><textarea cols=\"40\" rows=\"5\" maxlength=\"2000\" class=\"wpcf7-form-control wpcf7-textarea wpcf7-validates-as-required\" aria-required=\"true\" aria-invalid=\"false\" placeholder=\"Messagio\" name=\"comentario\"><\/textarea><\/span><\/label>\n\t\t\t<\/p>\n\t\t\t<div class=\"row\">\n\t\t\t\t<div class=\"medium-12 small-12 columns\">\n\t\t\t\t<\/div>\n\t\t\t<\/div>\n\t\t\t<div class=\"cont-resumen\">\n\t\t\t\t<div class=\"tit-resumen\">\n\t\t\t\t\t<p>Informaci\u00f3n b\u00e1sica sobre Protecci\u00f3n de Datos\n\t\t\t\t\t<\/p>\n\t\t\t\t<\/div>\n\t\t\t\t<ul class=\"resumen\">\n\t\t\t\t\t<li>\n\t\t\t\t\t\t<p><span class=\"apartado\">Responsable:<\/span><span class=\"contenido\">COLEGIO INTERNACIONAL ALICANTE<span><\/span><\/span>\n\t\t\t\t\t\t<\/p>\n\t\t\t\t\t<\/li>\n\t\t\t\t\t<li>\n\t\t\t\t\t\t<p><span class=\"apartado\">Finalidad:<\/span><span class=\"contenido\">Gestionar los datos de los asociados para conseguir condiciones favorables de los mismos<span><\/span><\/span>\n\t\t\t\t\t\t<\/p>\n\t\t\t\t\t<\/li>\n\t\t\t\t\t<li>\n\t\t\t\t\t\t<p><span class=\"apartado\">Legitimaci\u00f3n:<\/span><span class=\"contenido\">Prestaci\u00f3n del consentimiento<span><\/span><\/span>\n\t\t\t\t\t\t<\/p>\n\t\t\t\t\t<\/li>\n\t\t\t\t\t<li>\n\t\t\t\t\t\t<p><span class=\"apartado\">Destinatarios:<\/span><span class=\"contenido\">No se ceder\u00e1n datos a terceros, salvo obligaci\u00f3n legal<span><\/span><\/span>\n\t\t\t\t\t\t<\/p>\n\t\t\t\t\t<\/li>\n\t\t\t\t\t<li>\n\t\t\t\t\t\t<p><span class=\"apartado\">Derechos: <\/span><span class=\"contenido\">Acceder, rectificar y suprimir los datos, as\u00ed como otros derechos, como se explica en la informaci\u00f3n adicional<span><\/span><\/span>\n\t\t\t\t\t\t<\/p>\n\t\t\t\t\t<\/li>\n\t\t\t\t\t<li>\n\t\t\t\t\t\t<p><span class=\"apartado\">Informaci\u00f3n adicional:<\/span><span class=\"contenido\">Puede consultar la informaci\u00f3n adicional y detallada sobre Protecci\u00f3n de Datos en el <a href=\"http:\/\/www.colegiointernacionalalicante.com\/es\/politica-de-privacidad\/\" rel=\"nofolow\" class=\"enl-gris\">siguiente enlace<\/a><span><\/span><\/span>\n\t\t\t\t\t\t<\/p>\n\t\t\t\t\t<\/li>\n\t\t\t\t<\/ul>\n\t\t\t<\/div>\n\t\t\t<p><span class=\"wpcf7-form-control-wrap\" data-name=\"acceptance-834\"><span class=\"wpcf7-form-control wpcf7-acceptance\"><span class=\"wpcf7-list-item\"><input type=\"checkbox\" name=\"acceptance-834\" value=\"1\" aria-invalid=\"false\" \/><\/span><\/span><\/span> He le\u00eddo y acepto el tratamiento de mis datos en las condiciones <a href=\"http:\/\/www.colegiointernacionalalicante.com\/es\/condiciones-de-tratamiento-de-datos-personales\/\" rel=\"nofolow\">mencionadas<\/a>\n\t\t\t<\/p>\n\t\t\t<p><input style=\"margin-top:14px\" type=\"submit\" class=\"button primary\" value=\"Inviare\" \/>\n\t\t\t<\/p>\n\t\t<\/div>\n\t<\/div>\n<\/div><div class=\"wpcf7-response-output\" aria-hidden=\"true\"><\/div>\n<\/form>\n<\/div>\n<\/div><\/div><\/div><\/div><\/div><\/div><\/p>\n","protected":false},"excerpt":{"rendered":"","protected":false},"author":1,"featured_media":0,"parent":0,"menu_order":0,"comment_status":"closed","ping_status":"closed","template":"template-modules.php","meta":{"footnotes":""},"class_list":["post-1662","page","type-page","status-publish","hentry"],"aioseo_notices":[],"_links":{"self":[{"href":"https:\/\/www.colegiointernacionalalicante.com\/it\/wp-json\/wp\/v2\/pages\/1662","targetHints":{"allow":["GET"]}}],"collection":[{"href":"https:\/\/www.colegiointernacionalalicante.com\/it\/wp-json\/wp\/v2\/pages"}],"about":[{"href":"https:\/\/www.colegiointernacionalalicante.com\/it\/wp-json\/wp\/v2\/types\/page"}],"author":[{"embeddable":true,"href":"https:\/\/www.colegiointernacionalalicante.com\/it\/wp-json\/wp\/v2\/users\/1"}],"replies":[{"embeddable":true,"href":"https:\/\/www.colegiointernacionalalicante.com\/it\/wp-json\/wp\/v2\/comments?post=1662"}],"version-history":[{"count":8,"href":"https:\/\/www.colegiointernacionalalicante.com\/it\/wp-json\/wp\/v2\/pages\/1662\/revisions"}],"predecessor-version":[{"id":4426,"href":"https:\/\/www.colegiointernacionalalicante.com\/it\/wp-json\/wp\/v2\/pages\/1662\/revisions\/4426"}],"wp:attachment":[{"href":"https:\/\/www.colegiointernacionalalicante.com\/it\/wp-json\/wp\/v2\/media?parent=1662"}],"curies":[{"name":"wp","href":"https:\/\/api.w.org\/{rel}","templated":true}]}}