{"id":1666,"date":"2017-12-01T15:00:28","date_gmt":"2017-12-01T15:00:28","guid":{"rendered":"http:\/\/www.colegiointernacionalalicante.com\/?page_id=1666"},"modified":"2025-12-10T10:46:11","modified_gmt":"2025-12-10T10:46:11","slug":"corsi-2-2","status":"publish","type":"page","link":"https:\/\/www.colegiointernacionalalicante.com\/it\/corsi-2-2\/","title":{"rendered":"Corsi"},"content":{"rendered":"<div class=\"kc-elm kc-css-695540 kc-row-container module\"><div class=\"wc-row row\"><div class=\"kc-wrap-columns\"><div class=\"kc-elm kc-css-456940 small-12 columns small-12\"><div class=\"kc-col-container\">\n<div class=\"kc-elm kc-css-712963 kc-title-wrap \">\n\n\t<h2 class=\"kc_title\">DATE DI INIZIO DEI CORSI PER IL 2026<\/h2>\n<\/div>\n<div class=\"kc-elm kc-css-244235 kc_text_block\"><\/p>\n<ul>\n<li>Per studenti A0 o A1.1.: 12\/01; 02\/03; 04\/05; 06\/07; 03\/08; 07\/09; 02\/11.<\/li>\n<\/ul>\n<p>Gli studenti del resto dei livelli possono iniziare qualsiasi luned\u00ec del mese, tranne se il luned\u00ec \u00e8 festivo<\/p>\n<ul>\n<li><strong>DELE<\/strong>: 12\/01; 02\/03; 07\/04; 07\/09; 05\/10.<\/li>\n<li><strong>Spagnolo per maggiori di 50 anni:\u00a0 <\/strong>02\/03; 02\/11.<\/li>\n<li><strong>Spagnolo + golf:\u00a0<\/strong>06\/07.<\/li>\n<li><strong>Spagnolo + balli latini:\u00a0<\/strong>01\/06; 06\/07; 03\/08; 07\/09.<\/li>\n<li><strong>I giorni festivi non sono recuperabili e non implicano una compensazione economica:<\/strong> 19\/03, 3\/04, 06\/04, 01\/05, 24\/06, 09\/10, 12\/10; 08\/12.<\/li>\n<\/ul>\n<p>\n<\/div>\n<div class=\"kc-elm kc-css-630095 kc-title-wrap \">\n\n\t<h2 class=\"kc_title\">I MIGLIORI RESULTARI NEL MINOR TIEMPO\r\n<\/h2>\n<\/div>\n<div data-open-on-mouseover=\"\" data-tab-active=\"1\" data-effect-option=\"\" class=\"kc-elm kc-css-689713 kc_tabs group\">\n\t<div class=\"kc_wrapper ui-tabs kc_clearfix\">\n\t\t<ul class=\"kc_tabs_nav ui-tabs-nav kc_clearfix\">\n\t\t\t<li><a href=\"#\" data-prevent=\"scroll\"><i class=\"fa-clock-o\"><\/i> CORSI GENERALI DI SPAGNOLO<\/a><\/li><li><a href=\"#\" data-prevent=\"scroll\"><i class=\"fa-magic\"><\/i> PROGRAMMI PERSONALIZZATI.<\/a><\/li><li><a href=\"#\" data-prevent=\"scroll\"><i class=\"fa-graduation-cap\"><\/i> PROGRAMMI RICONOSCIUTI CON CERTIFICAZIONI INTERNAZIONALI <\/a><\/li>\t\t<\/ul>\n\t\t<div id=\"corsi-generali-di-spagnolo\" class=\"kc-elm kc-css-309478 kc_tab ui-tabs-panel kc_ui-tabs-hide kc_clearfix \"><div class=\"kc_tab_content\"><div class=\"kc-elm kc-css-389099 kc_text_block\"><\/p>\n<p>\n<strong>I migliori resultati nel minor tempo.<\/strong><br \/>Questi corsi vi permetteranno un apprendimento completo dello spagnolo in tutte le sue sfaccettature: grammatica, vocabolario, pronuncia, comprensione ed interazione orale e scritta.<br \/>Il nostro metodo di insegnamento \u00e8 riconosciuto per la sua massima qualit\u00e0 dalle istituzioni educative piu&#039; prestigiose. Caratterizzato dalla flessibilit\u00e0 nell\u2019adattarsi allo studente e al gruppo,\u00a0la metodologia da noi utilizzata si distingue per essere attiva e aperta alla comunicazione. Lo studente parla\u00a0<strong>dal primo giorno di lezione!<\/strong><\/p>\n<p>\n<\/div><div class=\"kc-elm kc-css-619077\" style=\"height: 20px; clear: both; width:100%;\"><\/div><div class=\"kc-elm kc-css-888870 kc_text_block\"><\/p>\n<p>\n<strong>Nostre garanzie:<\/strong><\/p>\n<ul>\n<li>\u201cCentro Acreditado\u201d dall\u2019Instituto Cervantes<\/li>\n<li>Pi\u00f9 del 90% di studenti promossi all&#039;esame DELE.<\/li>\n<li>Raccomandata da migliaia di studenti soddisfatti.<\/li>\n<li>4 livelli aperti anche con 1 solo studente.<\/li>\n<li>Tutte le lezioni durano 50 minuti.<\/li>\n<\/ul>\n<p>\n<\/div><div class=\"kc-elm kc-css-955500\" style=\"height: 20px; clear: both; width:100%;\"><\/div><div class=\"kc-elm kc-css-202495 kc_accordion_wrapper\">\n<div class=\"kc-elm kc-css-661187 kc_accordion_section group \"><h3 class=\"kc_accordion_header ui-accordion-header\"><span class=\"ui-accordion-header-icon ui-icon\"><\/span><a href=\"#corso-standard-di-spagnolo\" data-prevent=\"scroll\"><i class=\"\"><\/i> CORSO STANDARD DI SPAGNOLO<\/a><\/h3><div class=\"kc_accordion_content ui-accordion-content kc_clearfix\"><div class=\"kc-panel-body\"><div class=\"kc-elm kc-css-632684 kc_text_block\"><\/p>\n<ul>\n<li>15 ore di lezione a settimana di 50 minuti ciascuna sessione.<\/li>\n<li>Minimo 2 settimane.<\/li>\n<li>Durante tutto l\u2019anno.<\/li>\n<li>\u00c8 suddiviso in sei livelli secondo il Quadro Comune Europeo di Riferimento per le lingue.<\/li>\n<li>Questo corso mira ad esercitarsi sui contenuti grammaticali di ogni livello. Si migliora anche l&#039;abilit\u00e0 di scrittura e la comprensione ed espressione orale.<\/li>\n<\/ul>\n<p>\n<\/div><\/div><\/div><\/div><div class=\"kc-elm kc-css-122367 kc_accordion_section group \"><h3 class=\"kc_accordion_header ui-accordion-header\"><span class=\"ui-accordion-header-icon ui-icon\"><\/span><a href=\"#corso-intensivo-di-spagnolo\" data-prevent=\"scroll\"><i class=\"\"><\/i> CORSO INTENSIVO DI SPAGNOLO<\/a><\/h3><div class=\"kc_accordion_content ui-accordion-content kc_clearfix\"><div class=\"kc-panel-body\"><div class=\"kc-elm kc-css-983192 kc_text_block\"><\/p>\n<ul>\n<li>20 ore a settimana; le lezioni sono di 50 minuti.<\/li>\n<li>Minimo 2 settimane.<\/li>\n<li>Durante tutto l\u00b4anno.<\/li>\n<li>\u00c8 suddiviso in sei livelli secondo il Quadro Comune Europeo di Riferimento per le lingue.<\/li>\n<li>L&#039;obiettivo di questo corso \u00e8 quello di esercitarsi sui contenuti grammaticali di ogni livello e sviluppare competenze e strategie nella comunicazione orale. Per far questo, il livello di conoscenza sar\u00e0 consolidato in un&#039;atmosfera rilassata e amichevole.<\/li>\n<\/ul>\n<p>\n<\/div><\/div><\/div><\/div><div class=\"kc-elm kc-css-362559 kc_accordion_section group \"><h3 class=\"kc_accordion_header ui-accordion-header\"><span class=\"ui-accordion-header-icon ui-icon\"><\/span><a href=\"#corso-intensivo-1-ora-individuale-di-conversazione-o-cultura-spagnola\" data-prevent=\"scroll\"><i class=\"\"><\/i> CORSO INTENSIVO + 1 ORA INDIVIDUALE DI CONVERSAZIONE O CULTURA SPAGNOLA.<\/a><\/h3><div class=\"kc_accordion_content ui-accordion-content kc_clearfix\"><div class=\"kc-panel-body\"><div class=\"kc-elm kc-css-159136 kc_text_block\"><\/p>\n<ul>\n<li>25 ore a settimana con 50 minuti a lezione.<\/li>\n<li>Minimo 2 settimane.<\/li>\n<li>Durante tutto l\u00b4anno.<\/li>\n<li>\u00c8 suddiviso in sei livelli secondo il Quadro Comune Europeo di Riferimento per le lingue.<\/li>\n<li>Questo tipo di corso \u00e8 composto da un CORSO INTENSIVO (20 ore settimanali) al quale si aggiunge un\u2019ora extra al giorno dedicata alla CONVERSAZIONE; comprende un approfondimento del lessico e situazioni orali dei diversi livelli. Inoltre abbiamo perfezionato la comprensione orale.<\/li>\n<li>O da un\u2019ora al giorno di CULTURA che comprende un\u2019introduzione alla cultura spagnola e ispano-americana: arte, storia, letteratura, economia, tradizioni, etc&#8230; \u00a0che vi apriranno le porte alla cultura, al sapere ed ai comportamenti socioculturali della Spagna e della America latina.<\/li>\n<\/ul>\n<p>\n<\/div><\/div><\/div><\/div><\/div>\n<\/div><\/div><div id=\"programmi-personalizzati\" class=\"kc-elm kc-css-614528 kc_tab ui-tabs-panel kc_ui-tabs-hide kc_clearfix \"><div class=\"kc_tab_content\"><div class=\"kc-elm kc-css-141123 kc_text_block\"><\/p>\n<p>\nImpara lo spagnolo e adattalo ai tuoi gusti e alle tue necessit\u00e0.<\/p>\n<p>Questi corsi vi permetter\u00e0 un apprendimento completo dello spagnolo in tutte le abilit\u00e0: grammatica, vocabolario, pronuncia, comprensione, espressione ed interazione orale e scritta.<\/p>\n<p>Questi corsi vi assicureranno un apprendimento completo dello spagnolo in tutte le abilit\u00e0: grammatica, vocabolario, pronuncia, comprensione, espressione ed interazione orale e scritta. Inoltre vi consentiranno anche di soddisfare le vostre esigenze o di combinarle con i vostri hobby preferiti.<\/p>\n<p>Il nostro metodo di insegnamento \u00e8 riconosciuto dalle istituzioni educative pi\u00f9 prestigiose per la sua massima qualit\u00e0. Caratterizzato da una grande flessibilit\u00e0 nell\u2019adattarsi allo studente e al gruppo,\u00a0il nostro metodo educativo \u00e8 molto attivo e spinge gli alunni ad interagire. Lo studente parla\u00a0<strong>fin dal primo giorno di lezione<\/strong>.<\/p>\n<p><strong>Nostre garanzie:<\/strong><\/p>\n<ul>\n<li>\u201cCentro Acreditado\u201d dall\u2019Instituto Cervantes<\/li>\n<li>Piu&#039; del 90% di promossi all&#039;esame DELE<\/li>\n<li>Raccomandata da migliaia di studenti soddisfatti<\/li>\n<li>4 livelli aperti anche a 1 solo studente<\/li>\n<li>Le lezioni sono di 50 minuti<\/li>\n<\/ul>\n<p>\n<\/div><div class=\"kc-elm kc-css-161073\" style=\"height: 20px; clear: both; width:100%;\"><\/div><div class=\"kc-elm kc-css-250512 kc_accordion_wrapper\">\n<div class=\"kc-elm kc-css-717199 kc_accordion_section group \"><h3 class=\"kc_accordion_header ui-accordion-header\"><span class=\"ui-accordion-header-icon ui-icon\"><\/span><a href=\"#corso-individuale\" data-prevent=\"scroll\"><i class=\"\"><\/i> CORSO INDIVIDUALE<\/a><\/h3><div class=\"kc_accordion_content ui-accordion-content kc_clearfix\"><div class=\"kc-panel-body\"><div class=\"kc-elm kc-css-297038 kc_text_block\"><\/p>\n<ul>\n<li>Da 1 a 30 ore settimanali di lezione individuale; le lezioni sono di 50 minuti.<\/li>\n<li>Durante tutto l\u00b4anno.<\/li>\n<li>\u00c8 suddiviso in sei livelli secondo il Quadro Comune Europeo di Riferimento per le lingue.<\/li>\n<li>Si trata di un corso adattato alle necessit\u00e0 professionali o personali specifiche dello studente di qualsiasi livello di spagnolo. I corsi possono iniziare in qualunque momento dell&#039;anno con orari flessibili.<\/li>\n<\/ul>\n<p>\n<\/div><\/div><\/div><\/div><div class=\"kc-elm kc-css-112742 kc_accordion_section group \"><h3 class=\"kc_accordion_header ui-accordion-header\"><span class=\"ui-accordion-header-icon ui-icon\"><\/span><a href=\"#corso-combinato\" data-prevent=\"scroll\"><i class=\"\"><\/i> CORSO COMBINATO<\/a><\/h3><div class=\"kc_accordion_content ui-accordion-content kc_clearfix\"><div class=\"kc-panel-body\"><div class=\"kc-elm kc-css-268641 kc_text_block\"><\/p>\n<ul>\n<li>25 o 30 ore settimanali; le lezioni sono di 50 minuti.<\/li>\n<li>Minimo 2 settimane.<\/li>\n<li>Durante tutto l\u00b4anno.<\/li>\n<li>\u00c8 suddiviso in sei livelli secondo il Quadro Comune Europeo di Riferimento per le lingue.<\/li>\n<li>Lo studente pu\u00f2 combinare un CORSO INTENSIVO e aggiungere 1 o 2 ore giornaliere di LEZIONI INDIVIDUALI che soddisfano le loro esigenze specifiche.<\/li>\n<\/ul>\n<p>\n<\/div><\/div><\/div><\/div><div class=\"kc-elm kc-css-784612 kc_accordion_section group \"><h3 class=\"kc_accordion_header ui-accordion-header\"><span class=\"ui-accordion-header-icon ui-icon\"><\/span><a href=\"#spagnolo-commerciale\" data-prevent=\"scroll\"><i class=\"\"><\/i> SPAGNOLO COMMERCIALE<\/a><\/h3><div class=\"kc_accordion_content ui-accordion-content kc_clearfix\"><div class=\"kc-panel-body\"><div class=\"kc-elm kc-css-327020 kc_text_block\"><\/p>\n<ul>\n<li>3 ore settimanali; le lezioni sono di 50 minuti ciascuna.<\/li>\n<li>Minimo 4 settimane.<\/li>\n<li>Durante tutto l\u00b4anno.<\/li>\n<li>Il corso \u00e8 strutturato con livelli B e C secondo il Quadro Comune Europeo di Riferimento per le lingue.<\/li>\n<li>Si tratta di un\u2019 INTRODUZIONE ALLO SPAGNOLO COMMERCIALE che consiste in un corso rivolto a coloro che intrattengono rapporti commerciali con aziende spagnole o latino-americane. \u00c8 perfetto da abbinare ad un CORSO INTENSIVO.<\/li>\n<\/ul>\n<p>\n<\/div><\/div><\/div><\/div><div class=\"kc-elm kc-css-889878 kc_accordion_section group \"><h3 class=\"kc_accordion_header ui-accordion-header\"><span class=\"ui-accordion-header-icon ui-icon\"><\/span><a href=\"#spagnolo-per-maggiori-di-50-anni\" data-prevent=\"scroll\"><i class=\"\"><\/i> SPAGNOLO PER MAGGIORI DI 50 ANNI<\/a><\/h3><div class=\"kc_accordion_content ui-accordion-content kc_clearfix\"><div class=\"kc-panel-body\"><div class=\"kc-elm kc-css-155839 kc_text_block\"><\/p>\n<ul>\n<li>15 ore alla settimana con 50 minuti per ciascuna lezione.<\/li>\n<li>2 settimane.<\/li>\n<li>Consulta le date dell\u2019inizio dei corsi sul <a href=\"http:\/\/www.colegiointernacionalalicante.com\/wp-content\/uploads\/2017\/12\/CALENDARIO-2018.pdf\" target=\"_blank\" rel=\"noopener noreferrer\">calendario<\/a>.<\/li>\n<li>Il corso \u00e8 strutturato nei livelli A2 e B1 secondo il Quadro Comune Europeo di Riferimento per le lingue.<\/li>\n<li>Questo corso \u00e8 stato progettato appositamente per la gente anziana che desidera imparare lo Spagnolo pi\u00f9 tranquillamente. Minimo 3 studenti. Le lezioni si articolano di un corso di conversazione su argomenti della vita quotidiana:<\/li>\n<li>\n<ul>\n<li>chiedere indicazioni<\/li>\n<li>parlare di s\u00e8<\/li>\n<li>ordinare in un bar o in un ristorante<\/li>\n<li>noleggiare un\u00b4auto<\/li>\n<li>prenotare un hotel<\/li>\n<li>fare compere ecc<\/li>\n<\/ul>\n<\/li>\n<li>Esempio del programma delle attivit\u00e0:\n<ul>\n<li>\u00a0luned\u00ec: giro a piedi della citt\u00e0<\/li>\n<li>marted\u00ec: film in lingua spagnola<\/li>\n<li>mercoled\u00ec: visita al Castello di Santa Barbara<\/li>\n<li>gioved\u00ec: lezione di salsa<\/li>\n<li>venerd\u00ec: pomeriggio libero<\/li>\n<li>sabato: escursione di mezza giornata<\/li>\n<li>\u00a0luned\u00ec: pomeriggio libero<\/li>\n<li>marted\u00ec: visita ai musei<\/li>\n<li>mercoled\u00ec: &#8220;Chocolate con Churros\" o &#8220;Horchata con fartons\"<\/li>\n<li>gioved\u00ec: visita ai resti romani di Lucentum<\/li>\n<li>venerd\u00ec: pomeriggio libero<\/li>\n<\/ul>\n<\/li>\n<\/ul>\n<p>Se non si dovesse raggiungere il numero minimo di studenti per realizzare questo corso, i suddetti verranno inclusi nel Corso Standard.<br \/>Anche gli studenti con meno di 50 anni possono partecipare a questo corso, purch\u00e8 si adatti ai loro obiettivi.<\/p>\n<p>\n<\/div>\n<div class=\"kc-elm kc-css-109111\">\n\t<a class=\"kc_button\" href=\"https:\/\/www.colegiointernacionalalicante.com\/wp-content\/uploads\/2022\/11\/OVER-50s.pdf\" target=\"_self\" title=\"\" onclick=\"\">\n\t\t<i class=\"fa-newspaper-o\"><\/i> OVER 50:apos:S\t<\/a>\n<\/div>\n<\/div><\/div><\/div><div class=\"kc-elm kc-css-778706 kc_accordion_section group \"><h3 class=\"kc_accordion_header ui-accordion-header\"><span class=\"ui-accordion-header-icon ui-icon\"><\/span><a href=\"#spagnolo-e-golf\" data-prevent=\"scroll\"><i class=\"\"><\/i> SPAGNOLO E GOLF<\/a><\/h3><div class=\"kc_accordion_content ui-accordion-content kc_clearfix\"><div class=\"kc-panel-body\"><div class=\"kc-elm kc-css-833268 kc_text_block\"><\/p>\n<ul>\n<li>26 ore settimanali; le lezioni sono di 50 minuti.<\/li>\n<li>2 settimane.<\/li>\n<li>Vedi date di inizio sul\u00a0<a href=\"http:\/\/www.colegiointernacionalalicante.com\/wp-content\/uploads\/2017\/12\/CALENDARIO-2018.pdf\" target=\"_blank\" rel=\"noopener noreferrer\">calendario<\/a>\u00a0dei corsi<\/li>\n<li>\u00c8 suddiviso in sei livelli secondo il Quadro Comune Europeo di Riferimento per le lingue.<\/li>\n<li>Lo studente combina un <strong>CORSO<\/strong> <strong>INTENSIVO<\/strong> (20 ore settimanali) con 6 ore alla settimana di LEZIONI di GOLF. Minimo 4 studenti. Se non si dovesse raggiungere il numero minimo di studenti, si effettuer\u00e0 una riduzione al numero di ore delle lezioni di golf:\n<ul>\n<li>2 o 3 studenti: 4 ore settimanali<\/li>\n<li>1 studente: 3 ore settimanali<\/li>\n<\/ul>\n<\/li>\n<\/ul>\n<ul>\n<li>Le lezioni si svolgeranno presso\u00a0 <a href=\"http:\/\/www.alendagolf.com\/\" target=\"_blank\" rel=\"noopener noreferrer\">Alenda Golf<\/a>. Il transfer da Alicante al campo di golf e ritorno non \u00e8 incluso nel prezzo. Organizzeremo questo transfer per gli studenti durante la loro permanenza ad Alicante. Il costo sar\u00e0 diviso tra gli studenti iscritti a questo corso.<\/li>\n<li>Alloggio in famiglia o in hotel. I nostri appartamenti in condivisione non sono disponibili per questo tipo di corso.<\/li>\n<li>Le lezioni di golf saranno suddivise cos\u00ec:\n<ul>\n<li>2 ore al marted\u00ec, 2 ore gioved\u00ec, 2 ore venerd\u00ec.<\/li>\n<\/ul>\n<\/li>\n<li>Gli studenti con meno di 21 anni otterranno uno sconto del 50% nel &#8220;green fees\".<\/li>\n<\/ul>\n<p>\n<\/div><\/div><\/div><\/div><div class=\"kc-elm kc-css-757802 kc_accordion_section group \"><h3 class=\"kc_accordion_header ui-accordion-header\"><span class=\"ui-accordion-header-icon ui-icon\"><\/span><a href=\"#spagnolo-e-balli-latini\" data-prevent=\"scroll\"><i class=\"\"><\/i> SPAGNOLO E BALLI LATINI<\/a><\/h3><div class=\"kc_accordion_content ui-accordion-content kc_clearfix\"><div class=\"kc-panel-body\"><div class=\"kc-elm kc-css-655312 kc_text_block\"><\/p>\n<ul>\n<li>25 ore settimanali; le lezioni durano 50 minuti.<\/li>\n<li>Minimo 2 settimane.<\/li>\n<li>Vedi date di inizio del\u00a0<a href=\"http:\/\/www.colegiointernacionalalicante.com\/wp-content\/uploads\/2017\/12\/CALENDARIO-2018.pdf\" target=\"_blank\" rel=\"noopener noreferrer\">calendario.<\/a><\/li>\n<li>\u00c8 suddiviso in sei livelli secondo il Quadro Comune Europeo di Riferimento per le lingue.<\/li>\n<li>Lo studente frequenta un CORSO INTENSIVO (20 ore settimanali) in aggiunta di 5 ore alla settimana di LEZIONI di BALLO. Minimo 3 studenti. Se non si dovesse raggiungere il numero minimo di aderenti, verr\u00e0 ridotto il numero di ore delle lezioni di ballo.\n<ul>\n<li>2 studenti: 3 ore settimanali<\/li>\n<li>\u00a01 studente: 2 ore settimanali<\/li>\n<\/ul>\n<\/li>\n<\/ul>\n<p>\n<\/div><\/div><\/div><\/div><div class=\"kc-elm kc-css-669975 kc_accordion_section group \"><h3 class=\"kc_accordion_header ui-accordion-header\"><span class=\"ui-accordion-header-icon ui-icon\"><\/span><a href=\"#permanenza-mista-alicante-salamanca\" data-prevent=\"scroll\"><i class=\"\"><\/i> PERMANENZA MISTA: Alicante \u2013 Salamanca<\/a><\/h3><div class=\"kc_accordion_content ui-accordion-content kc_clearfix\"><div class=\"kc-panel-body\"><div class=\"kc-elm kc-css-918300 kc_text_block\"><\/p>\n<p>\nSe vuoi venire in Spagna per studiare spagnolo ma non sai quale citt\u00e0 scegliere, qui trovi un\u00b4ottima soluzione:<strong>\u00a0trascorri parte della tua permanenza a Alicante e parte a Salamanca!<\/strong><\/p>\n<p>Potrai divertirti in una citt\u00e0 della costa mediterranea come Alicante, con il miglior clima e le migliori spiagge, oppure avrai la possibilit\u00e0 di conoscere una citt\u00e0 storica del centro della Spagna, ricca di cultura e con una grande tradizione universitaria, come Salamanca.<\/p>\n<p>I professori dei centri di Alicante e Salamanca sono\u00a0<strong>coordinati<\/strong> <strong>affinch\u00e8<\/strong> <strong>il tuo corso sia veramente unico<\/strong>: cambiando citt\u00e0 potrai continuare con lo stesso corso, nel punto in cui lo hai lasciato e con lo stesso materiale scolastico.<br \/>E\u00b4 una magnifica opportunit\u00e0 per studiare spagnolo e conoscere le due facce del Paese: la costa e l\u00b4interno, la Spagna mediterranea e la Spagna tradizionale.<\/p>\n<p>\n<\/div><\/div><\/div><\/div><\/div>\n<\/div><\/div><div id=\"programmi-riconosciuti-con-certificazioni-internazionali\" class=\"kc-elm kc-css-993350 kc_tab ui-tabs-panel kc_ui-tabs-hide kc_clearfix \"><div class=\"kc_tab_content\"><div class=\"kc-elm kc-css-770332 kc_text_block\"><\/p>\n<p>\nPrendi un riconoscimento ufficiale riconosciuto internazionalmente.<\/p>\n<p>Questi corsi ti permetteranno di prepararti per passare gli esami riconosciuti internazionalmente con certificazione ufficiale, come i diplomi DELE e SIELE.<\/p>\n<p>Il nostro metodo di insegnamento \u00e8 riconosciuto da prestigiose istituzioni educative in quanto \u00e8 di ottima qualit\u00e0. Si tratta di una metodologia caratterizzata da una grande flessibilit\u00e0 nell\u2019adattarsi allo studente e al gruppo che si distingue per essere molto attiva, infatti lo studente \u00e8 stimolato a parlare sin dal<strong> primo giorno<\/strong>.<\/p>\n<p><strong>Our guarantees:<\/strong><\/p>\n<ul>\n<li>\u201cCentro Acreditado\u201d dall\u2019Instituto Cervantes<\/li>\n<li>Pi\u00f9 del 90% di studenti promossi all\u2019esame DELE<\/li>\n<li>Raccomandata da migliaia di studenti soddisfatti.<\/li>\n<li>4 livelli aperti anche ad 1 solo alunno<\/li>\n<li>Ogni lezione dura 50 minuti<\/li>\n<\/ul>\n<p>\n<\/div><div class=\"kc-elm kc-css-241474 kc_accordion_wrapper\">\n<div class=\"kc-elm kc-css-812079 kc_accordion_section group \"><h3 class=\"kc_accordion_header ui-accordion-header\"><span class=\"ui-accordion-header-icon ui-icon\"><\/span><a href=\"#corso-di-preparazione-dele\" data-prevent=\"scroll\"><i class=\"\"><\/i> CORSO DI PREPARAZIONE DELE<\/a><\/h3><div class=\"kc_accordion_content ui-accordion-content kc_clearfix\"><div class=\"kc-panel-body\"><div class=\"kc-elm kc-css-888475 kc_text_block\"><\/p>\n<ul>\n<li>Un totale di 20 ore di preparazione all\u00b4esame DELE.<\/li>\n<li>Pu\u00f2 essere combinato ad un CORSO INTENSIVO di spagnolo.<\/li>\n<li>Vedi date di inizio dei corsi sul\u00a0<a href=\"https:\/\/www.colegiointernacionalalicante.com\/wp-content\/uploads\/2024\/11\/CALENDARIO-2025.pdf\" target=\"_blank\" rel=\"noopener noreferrer\">calendario<\/a>.<\/li>\n<li>Il corso \u00e8 strutturato per tutti i livelli secondo il Quadro Comune Europeo di Riferimento per le lingue.<br \/>Il Colegio Internacional Alicante \u00e8 il centro esaminatore DELE A2.<\/li>\n<li>Questo corso ha l\u2019obiettivo di preparare gli studenti che desiderano conseguire il Diploma DELE, offerto<br \/>dal Ministero Spagnolo d\u2019Istruzione e dall\u2019Istituto Cervantes.<br \/>Il suo obiettivo sar\u00e0:\n<ul>\n<li>Conoscere la struttura degli esami e la tipologia di attivit\u00e0 che la compongono.<\/li>\n<li>Ripassare e perfezionare i contenuti linguistici e grammaticali del proprio livello.<\/li>\n<li>Prepararsi all\u2019esame orale.<\/li>\n<li>Colmare possibili lacune ed esercitarsi dove si trovano difficolt\u00e0.<\/li>\n<li>Sviluppare strategie e abilit\u00e0 che possano essere d\u2019aiuto allo studente per superare l\u2019esame.<\/li>\n<\/ul>\n<\/li>\n<\/ul>\n<p>\n<\/div>\n<div class=\"kc-elm kc-css-741385\">\n\t<a class=\"kc_button\" href=\"https:\/\/www.colegiointernacionalalicante.com\/wp-content\/uploads\/2024\/11\/DELE-2025.pdf\" target=\"_self\" title=\"\" onclick=\"\">\n\t\t<i class=\"fa-newspaper-o\"><\/i> DELE 2025\t<\/a>\n<\/div>\n<\/div><\/div><\/div><div class=\"kc-elm kc-css-117035 kc_accordion_section group \"><h3 class=\"kc_accordion_header ui-accordion-header\"><span class=\"ui-accordion-header-icon ui-icon\"><\/span><a href=\"#esame-siele\" data-prevent=\"scroll\"><i class=\"\"><\/i> Esame SIELE<\/a><\/h3><div class=\"kc_accordion_content ui-accordion-content kc_clearfix\"><div class=\"kc-panel-body\"><div class=\"kc-elm kc-css-166903 kc_text_block\"><\/p>\n<p>\nAl termine dei nostri corsi gli studenti potranno iscriversi a qualsiasi delle moltetudini prove SIELE.<\/p>\n<p><strong>SIELE<\/strong> \u00e8 il Servizio Internazionale di Valutazione della Lingua Spagnola. \u00c8 promosso dall\u2019Istituto Cervantes, dall\u2019Universit\u00e0 Nazionale Autonoma del Messico, dall\u2019Universit\u00e0 di Salamanca e dall\u2019Universit\u00e0 di Buenos Aires<br \/><strong>SIELE<\/strong> certifica il grado di competenza nella lingua spagnola per mezzo di quattro prove: Comprensione di lettura, Comprensione uditiva, Espressione e interazione scritte e infine Espressione e interazione orali. Questo esame si basa sui livelli del Contesto Comune Europeo di Riferimento per le Lingue (MCER) del Consiglio d\u2019Europa (A1, A2, B1, B2 e C1).<\/p>\n<p>\n<\/div><\/div><\/div><\/div><\/div>\n<\/div><\/div>\t<\/div>\n<\/div>\n\n\n<div class=\"kc-elm kc-css-122742 kc_row kc_row_inner\"><div class=\"kc-elm kc-css-294325 small-12 columns small-12\"><div class=\"kc_wrapper kc-col-inner-container\">\n<div class=\"kc-elm kc-css-109553\">\n\t<a class=\"kc_button\" href=\"https:\/\/www.colegiointernacionalalicante.com\/wp-content\/uploads\/2025\/12\/CALENDARIO-2026.pdf\" target=\"_self\" title=\"\" onclick=\"\">\n\t\t<i class=\"fa-file-pdf-o\"><\/i> CALENDARIO DEI CORSI 2026\t<\/a>\n<\/div>\n<\/div><\/div><div class=\"kc-elm kc-css-501240 small-12 columns small-12\"><div class=\"kc_wrapper kc-col-inner-container\">\n<div class=\"kc-elm kc-css-895237\">\n\t<a class=\"kc_button\" href=\"http:\/\/www.colegiointernacionalalicante.com\/it\/contatto\/\" target=\"_self\" title=\"\" onclick=\"\">\n\t\t<i class=\"fa-newspaper-o\"><\/i> RICHIESTA PROGRAMMA DEI CORSI\t<\/a>\n<\/div>\n<\/div><\/div><\/div><\/div><\/div><\/div><\/div><\/div>\n","protected":false},"excerpt":{"rendered":"","protected":false},"author":1,"featured_media":0,"parent":0,"menu_order":0,"comment_status":"closed","ping_status":"closed","template":"","meta":{"footnotes":""},"class_list":["post-1666","page","type-page","status-publish","hentry"],"aioseo_notices":[],"_links":{"self":[{"href":"https:\/\/www.colegiointernacionalalicante.com\/it\/wp-json\/wp\/v2\/pages\/1666","targetHints":{"allow":["GET"]}}],"collection":[{"href":"https:\/\/www.colegiointernacionalalicante.com\/it\/wp-json\/wp\/v2\/pages"}],"about":[{"href":"https:\/\/www.colegiointernacionalalicante.com\/it\/wp-json\/wp\/v2\/types\/page"}],"author":[{"embeddable":true,"href":"https:\/\/www.colegiointernacionalalicante.com\/it\/wp-json\/wp\/v2\/users\/1"}],"replies":[{"embeddable":true,"href":"https:\/\/www.colegiointernacionalalicante.com\/it\/wp-json\/wp\/v2\/comments?post=1666"}],"version-history":[{"count":47,"href":"https:\/\/www.colegiointernacionalalicante.com\/it\/wp-json\/wp\/v2\/pages\/1666\/revisions"}],"predecessor-version":[{"id":5700,"href":"https:\/\/www.colegiointernacionalalicante.com\/it\/wp-json\/wp\/v2\/pages\/1666\/revisions\/5700"}],"wp:attachment":[{"href":"https:\/\/www.colegiointernacionalalicante.com\/it\/wp-json\/wp\/v2\/media?parent=1666"}],"curies":[{"name":"wp","href":"https:\/\/api.w.org\/{rel}","templated":true}]}}