{"id":1672,"date":"2017-12-01T15:03:56","date_gmt":"2017-12-01T15:03:56","guid":{"rendered":"http:\/\/www.colegiointernacionalalicante.com\/?page_id=1672"},"modified":"2025-12-10T10:54:00","modified_gmt":"2025-12-10T10:54:00","slug":"inscriviti","status":"publish","type":"page","link":"https:\/\/www.colegiointernacionalalicante.com\/it\/inscriviti\/","title":{"rendered":"Inscriviti!"},"content":{"rendered":"<div class=\"kc-elm kc-css-424134 kc-row-container module\"><div class=\"wc-row row\"><div class=\"kc-wrap-columns\"><div class=\"kc-elm kc-css-943119 small-12 columns small-12\"><div class=\"kc-col-container\"><div id=\" \" class=\"kc-elm kc-css-316079 kc_row kc_row_inner\"><div class=\"kc-elm kc-css-624256 small-12 columns small-12\"><div class=\"kc_wrapper kc-col-inner-container\"><div class=\"kc-elm kc-css-777021 kc_text_block welcome-message\"><\/p>\n<h2>Registrazione in\u00a0<span style=\"color: #e79800;\">Colegio Internacional Alicante<\/span><\/h2>\n<p>Mettiamo a disposizione sia il manuale dello studente che il modulo di registrazione. Se avete domande, siamo a vostra completa disposizione.<\/p>\n<p>\n<\/div><\/div><\/div><div class=\"kc-elm kc-css-202640 small-12 columns small-12\"><div class=\"kc_wrapper kc-col-inner-container\"><div class=\"kc-elm kc-css-17398\" style=\"height: 20px; clear: both; width:100%;\"><\/div>\n<div class=\"kc-elm kc-css-569395\">\n\t<a class=\"kc_button\" href=\"https:\/\/www.colegiointernacionalalicante.com\/wp-content\/uploads\/2025\/12\/STUDENTS-MANUAL-2026.pdf\" target=\"_self\" title=\"\" onclick=\"\">\n\t\t<i class=\"fa-file-pdf-o\"><\/i> MANUALE DELLO STUDENTE\t<\/a>\n<\/div>\n<\/div><\/div><\/div><div id=\" \" class=\"kc-elm kc-css-634754 kc_row kc_row_inner\"><div class=\"kc-elm kc-css-871609 small-12 columns small-12\"><div class=\"kc_wrapper kc-col-inner-container\"><div class=\"kc-elm kc-css-298653\" style=\"height: 20px; clear: both; width:100%;\"><\/div><div class=\"kc-contact-form7 kc-elm kc-css-89040\">\n<div class=\"wpcf7 no-js\" id=\"wpcf7-f1924-o1\" lang=\"es-ES\" dir=\"ltr\" data-wpcf7-id=\"1924\">\n<div class=\"screen-reader-response\"><p role=\"status\" aria-live=\"polite\" aria-atomic=\"true\"><\/p> <ul><\/ul><\/div>\n<form action=\"\/it\/wp-json\/wp\/v2\/pages\/1672#wpcf7-f1924-o1\" method=\"post\" class=\"wpcf7-form init\" aria-label=\"Formulario de contacto\" novalidate=\"novalidate\" data-status=\"init\">\n<fieldset class=\"hidden-fields-container\"><input type=\"hidden\" name=\"_wpcf7\" value=\"1924\" \/><input type=\"hidden\" name=\"_wpcf7_version\" value=\"6.1.4\" \/><input type=\"hidden\" name=\"_wpcf7_locale\" value=\"es_ES\" \/><input type=\"hidden\" name=\"_wpcf7_unit_tag\" value=\"wpcf7-f1924-o1\" \/><input type=\"hidden\" name=\"_wpcf7_container_post\" value=\"0\" \/><input type=\"hidden\" name=\"_wpcf7_posted_data_hash\" value=\"\" \/><input type=\"hidden\" name=\"_wpcf7_recaptcha_response\" value=\"\" \/>\n<\/fieldset>\n<div class=\"contact-form\">\n \n <!-- DATOS DEL ALUMNO -->\n\t<div class=\"row\">\n\t\t<div class=\"medium-12 small-12 columns\">\n\t\t\t<h4 class=\"titleDestacado\">Student informazioni\n\t\t\t<\/h4>\n\t\t<\/div>\n\t\t<div class=\"medium-6 small-12 columns\">\n\t\t\t<p><label><span class=\"wpcf7-form-control-wrap\" data-name=\"nombre-completo\"><input size=\"40\" maxlength=\"400\" class=\"wpcf7-form-control wpcf7-text wpcf7-validates-as-required\" aria-required=\"true\" aria-invalid=\"false\" placeholder=\"Nome e cognome\" value=\"\" type=\"text\" name=\"nombre-completo\" \/><\/span><\/label>\n\t\t\t<\/p>\n\t\t<\/div>\n\t\t<div class=\"medium-6 small-12 columns\">\n\t\t\t<p><label><span class=\"wpcf7-form-control-wrap\" data-name=\"direccion\"><input size=\"40\" maxlength=\"400\" class=\"wpcf7-form-control wpcf7-text wpcf7-validates-as-required\" aria-required=\"true\" aria-invalid=\"false\" placeholder=\"Indirizzo\" value=\"\" type=\"text\" name=\"direccion\" \/><\/span><\/label>\n\t\t\t<\/p>\n\t\t<\/div>\n\t\t<div class=\"medium-6 small-12 columns\">\n\t\t\t<p><label><span class=\"wpcf7-form-control-wrap\" data-name=\"cp\"><input size=\"40\" maxlength=\"400\" class=\"wpcf7-form-control wpcf7-text wpcf7-validates-as-required\" aria-required=\"true\" aria-invalid=\"false\" placeholder=\"Codice postale e citt\u00e0\" value=\"\" type=\"text\" name=\"cp\" \/><\/span><\/label>\n\t\t\t<\/p>\n\t\t<\/div>\n\t\t<div class=\"medium-6 small-12 columns\">\n\t\t\t<p><label><span class=\"wpcf7-form-control-wrap\" data-name=\"pais\"><input size=\"40\" maxlength=\"400\" class=\"wpcf7-form-control wpcf7-text wpcf7-validates-as-required\" aria-required=\"true\" aria-invalid=\"false\" placeholder=\"Paese\" value=\"\" type=\"text\" name=\"pais\" \/><\/span><\/label>\n\t\t\t<\/p>\n\t\t<\/div>\n\t\t<div class=\"medium-6 small-12 columns\">\n\t\t\t<p><label><span class=\"wpcf7-form-control-wrap\" data-name=\"telefono\"><input size=\"40\" maxlength=\"400\" class=\"wpcf7-form-control wpcf7-text wpcf7-validates-as-required\" aria-required=\"true\" aria-invalid=\"false\" placeholder=\"Telefono\" value=\"\" type=\"text\" name=\"telefono\" \/><\/span><\/label>\n\t\t\t<\/p>\n\t\t<\/div>\n\t\t<div class=\"medium-6 small-12 columns\">\n\t\t\t<p><label><span class=\"wpcf7-form-control-wrap\" data-name=\"email\"><input size=\"40\" maxlength=\"400\" class=\"wpcf7-form-control wpcf7-text wpcf7-validates-as-required\" aria-required=\"true\" aria-invalid=\"false\" placeholder=\"E-mail\" value=\"\" type=\"text\" name=\"email\" \/><\/span><\/label>\n\t\t\t<\/p>\n\t\t<\/div>\n\t\t<div class=\"medium-6 small-12 columns\">\n\t\t\t<p><label><span class=\"wpcf7-form-control-wrap\" data-name=\"edad\"><input size=\"40\" maxlength=\"400\" class=\"wpcf7-form-control wpcf7-text wpcf7-validates-as-required\" aria-required=\"true\" aria-invalid=\"false\" placeholder=\"Anno di nascita\" value=\"\" type=\"text\" name=\"edad\" \/><\/span><\/label>\n\t\t\t<\/p>\n\t\t<\/div>\n\t\t<div class=\"medium-6 small-12 columns\">\n\t\t\t<p><label><span class=\"wpcf7-form-control-wrap\" data-name=\"nacionalidad\"><input size=\"40\" maxlength=\"400\" class=\"wpcf7-form-control wpcf7-text wpcf7-validates-as-required\" aria-required=\"true\" aria-invalid=\"false\" placeholder=\"Nazionalit\u00e0\" value=\"\" type=\"text\" name=\"nacionalidad\" \/><\/span><\/label>\n\t\t\t<\/p>\n\t\t<\/div>\n\t\t<div class=\"medium-6 small-12 columns\">\n\t\t\t<p><label><span class=\"wpcf7-form-control-wrap\" data-name=\"num-pasaporte\"><input size=\"40\" maxlength=\"400\" class=\"wpcf7-form-control wpcf7-text wpcf7-validates-as-required\" aria-required=\"true\" aria-invalid=\"false\" placeholder=\"Numero di Passaporto\" value=\"\" type=\"text\" name=\"num-pasaporte\" \/><\/span><\/label>\n\t\t\t<\/p>\n\t\t<\/div>\n\t\t<div class=\"medium-6 small-12 columns\">\n\t\t\t<p><span class=\"wpcf7-form-control-wrap\" data-name=\"sexo\"><select class=\"wpcf7-form-control wpcf7-select wpcf7-validates-as-required\" aria-required=\"true\" aria-invalid=\"false\" name=\"sexo\"><option value=\"Uomo\">Uomo<\/option><option value=\"Donna\">Donna<\/option><\/select><\/span>\n\t\t\t<\/p>\n\t\t<\/div>\n\t\t<div class=\"medium-12 small-12 columns\">\n\t\t\t<p><label><span class=\"wpcf7-form-control-wrap\" data-name=\"telefono-emergencia\"><input size=\"40\" maxlength=\"400\" class=\"wpcf7-form-control wpcf7-text wpcf7-validates-as-required\" aria-required=\"true\" aria-invalid=\"false\" placeholder=\"N\u00ba di telefono in caso di emergenze\" value=\"\" type=\"text\" name=\"telefono-emergencia\" \/><\/span><\/label>\n\t\t\t<\/p>\n\t\t<\/div>\n\t<\/div>\n\n <!-- CURSO SELECCIONADO -->\n\t<div class=\"row\">\n\t\t<div class=\"medium-12 small-12 columns\">\n\t\t\t<h4 class=\"titleDestacado\">Corso scelto\n\t\t\t<\/h4>\n\t\t<\/div>\n\t\t<div class=\"medium-12 small-12 columns\">\n\t\t\t<p><select name=\"curso-seleccionado\" class=\"wpcf7-form-control wpcf7-select wpcf7-validates-as-required\" aria-required=\"true\" aria-invalid=\"false\">\n <option value=\"Standard, 15 ore\/settimana\">Standard, 15 ore\/settimana<\/option>\n <option value=\"Intensivo, 20 ore\/settimana\">Intensivo, 20 ore\/settimana<\/option>\n <option value=\"Corso Intensivo + 1 ora individuale di conversazione o cultura spagnola, 25 ore\/settimana\">Corso Intensivo + 1 ora individuale di conversazione o cultura spagnola, 25 ore\/settimana<\/option>\n <optgroup label=\"Corso DELE 40 ore\">\n <option value=\"DELE + Corso Standard\">DELE + Corso Standard<\/option>\n <option value=\"DELE + Corso Intensivo\">DELE + Corso Intensivo<\/option>\n <option value=\"DELE + Corso conversazione o cultura\">DELE + Corso conversazione o cultura<\/option>\n <\/optgroup>\n <option value=\"Individuale, 1-30 ore\/settimana\">Individuale, 1-30 ore\/settimana (specificare le ore nel commento)<\/option>\n <optgroup label=\"Corso combinato 20ore-25ore-30ore\/settimana\">\n <option value=\"Corso Standard + Corso Individuale\">Corso Standard + Corso individuale (specificare le ore nel commento)<\/option>\n <option value=\"Corso Intensivo + Corso Individuale\">Corso Intensivo + Corso Individuale (specificare le ore nel commento)<\/option>\n <option value=\"Corso Conversazione o Cultura + Corso Individuale\">Corso Conversazione o Cultura + Corso Individuale (specificare le ore nel commento <\/option>\n <\/optgroup>\n <option value=\"Intensivo + Spagnolo commerciale, 23 ora\/settimana\">Intensivo + Spagnolo commerciale, 23h\/settimana<\/option>\n <option value=\"Spagnolo per maggiori di 50 anni, 15 ora\/settimana\">Spagnolo per maggiori di 50 anni, 15 ora\/settimana<\/option>\n <option value=\"Spagnolo + Lezione di Golf, 26 ore\/settimana\">Spagnolo + Lezione di Golf, 26 ore\/settimana<\/option>\n <option value=\"Spagnolo + Lezione di balli  latinoamericani, 25 ore\/settimana\">Spagnolo + Lezione di balli latinoamericani, 25 ore\/settimana<\/option>\n <\/select>\n\t\t\t<\/p>\n\t\t<\/div>\n\t\t<div class=\"medium-4 small-12 columns\">\n\t\t\t<p><label><span class=\"wpcf7-form-control-wrap\" data-name=\"semanas\"><input class=\"wpcf7-form-control wpcf7-number wpcf7-validates-as-number\" aria-invalid=\"false\" placeholder=\"Settimane\" value=\"\" type=\"number\" name=\"semanas\" \/><\/span><\/label>\n\t\t\t<\/p>\n\t\t<\/div>\n\t\t<div class=\"medium-4 small-12 columns\">\n\t\t\t<p><label><span class=\"wpcf7-form-control-wrap\" data-name=\"desde-curso\"><input class=\"wpcf7-form-control wpcf7-date wpcf7-validates-as-date\" aria-invalid=\"false\" placeholder=\"Da\" value=\"\" type=\"date\" name=\"desde-curso\" \/><\/span><\/label>\n\t\t\t<\/p>\n\t\t<\/div>\n\t\t<div class=\"medium-4 small-12 columns\">\n\t\t\t<p><label><span class=\"wpcf7-form-control-wrap\" data-name=\"hasta-curso\"><input class=\"wpcf7-form-control wpcf7-date wpcf7-validates-as-date\" aria-invalid=\"false\" placeholder=\"Da\" value=\"\" type=\"date\" name=\"hasta-curso\" \/><\/span><\/label>\n\t\t\t<\/p>\n\t\t<\/div>\n\t<\/div>\n\n <!-- ALOJAMIENTO -->\n\t<div class=\"row\">\n\t\t<div class=\"medium-12 small-12 columns\">\n\t\t\t<h4 class=\"titleDestacado\">L\u00b4Allogio\n\t\t\t<\/h4>\n\t\t<\/div>\n\t\t<div class=\"medium-4 small-12 columns\">\n\t\t\t<p><select name=\"alojamiento\" class=\"wpcf7-form-control wpcf7-select wpcf7-validates-as-required\" aria-required=\"true\" aria-invalid=\"false\">\n <optgroup label=\"Famiglia\">\n <option value=\"Famiglia - Stanza singola, mezza pensione\">Famiglia - Stanza singola, mezza pensione<\/option>\n <option value=\"Famiglia - Stanza singola, pensione completa\">Famiglia - Stanza singola, pensione completa<\/option>\n <option value=\"Famiglia - Stanza doppia, mezza pensione\">Famiglia - Stanza doppia, mezza pensione (per favore, indica il nome del tuo compagno nei commenti)<\/option>\n <option value=\"Famiglia - Stanza doppia, pensione completa\">Famiglia - Stanza doppia, pensione completa (per favore, indica il nome del tuo compagno nei commenti)<\/option>\n <\/optgroup>\n <optgroup label=\"Appartamento\">\n <option value=\"Appartamento- Stanza singola\">Stanza singola<\/option>\n <option value=\"Appartamento- Stanza doppia\">Stanza doppia (per favore, indica il nome del tuo compagno nei commenti)<\/option>\n <\/optgroup>\n <option value=\"No\">Non<\/option>\n <\/select>\n\t\t\t<\/p>\n\t\t<\/div>\n\t\t<div class=\"medium-4 small-12 columns\">\n\t\t\t<p><label><span class=\"wpcf7-form-control-wrap\" data-name=\"desde-alojamiento\"><input class=\"wpcf7-form-control wpcf7-date wpcf7-validates-as-date\" aria-invalid=\"false\" placeholder=\"Da\" value=\"\" type=\"date\" name=\"desde-alojamiento\" \/><\/span><\/label>\n\t\t\t<\/p>\n\t\t<\/div>\n\t\t<div class=\"medium-4 small-12 columns\">\n\t\t\t<p><label><span class=\"wpcf7-form-control-wrap\" data-name=\"hasta-alojamiento\"><input class=\"wpcf7-form-control wpcf7-date wpcf7-validates-as-date\" aria-invalid=\"false\" placeholder=\"Da\" value=\"\" type=\"date\" name=\"hasta-alojamiento\" \/><\/span><\/label>\n\t\t\t<\/p>\n\t\t<\/div>\n\t\t<div class=\"medium-12 small-12 columns\">\n\t\t\t<p><span class=\"wpcf7-form-control-wrap\" data-name=\"recogida-aeropuerto\"><span class=\"wpcf7-form-control wpcf7-checkbox\"><span class=\"wpcf7-list-item first last\"><input type=\"checkbox\" name=\"recogida-aeropuerto[]\" value=\"Servizio di raccolta presso l\u00b4aeroporto\" \/><span class=\"wpcf7-list-item-label\">Servizio di raccolta presso l\u00b4aeroporto<\/span><\/span><\/span><\/span>\n\t\t\t<\/p>\n\t\t<\/div>\n\t\t<div class=\"medium-4 small-12 columns\">\n\t\t\t<p><label><span class=\"wpcf7-form-control-wrap\" data-name=\"aeropuerto-dia\"><input size=\"40\" maxlength=\"400\" class=\"wpcf7-form-control wpcf7-text\" aria-invalid=\"false\" placeholder=\"Giorno di arrivo\" value=\"\" type=\"text\" name=\"aeropuerto-dia\" \/><\/span><\/label>\n\t\t\t<\/p>\n\t\t<\/div>\n\t\t<div class=\"medium-4 small-12 columns\">\n\t\t\t<p><label><span class=\"wpcf7-form-control-wrap\" data-name=\"aeropuerto-hora\"><input size=\"40\" maxlength=\"400\" class=\"wpcf7-form-control wpcf7-text\" aria-invalid=\"false\" placeholder=\"Ora di arrivo\" value=\"\" type=\"text\" name=\"aeropuerto-hora\" \/><\/span><\/label>\n\t\t\t<\/p>\n\t\t<\/div>\n\t\t<div class=\"medium-4 small-12 columns\">\n\t\t\t<p><label><span class=\"wpcf7-form-control-wrap\" data-name=\"aeropuerto-num-vuelo\"><input size=\"40\" maxlength=\"400\" class=\"wpcf7-form-control wpcf7-text\" aria-invalid=\"false\" placeholder=\"Numero del volo\" value=\"\" type=\"text\" name=\"aeropuerto-num-vuelo\" \/><\/span><\/label>\n\t\t\t<\/p>\n\t\t<\/div>\n\t<\/div>\n\n <!-- COMENTARIO -->\n\t<div class=\"row\">\n\t\t<div class=\"medium-12 small-12 columns\">\n\t\t\t<h4 class=\"titleDestacado\">Commento\n\t\t\t<\/h4>\n\t\t<\/div>\n\t\t<div class=\"medium-12 small-12 columns\">\n\t\t\t<p><label><span class=\"wpcf7-form-control-wrap\" data-name=\"comentarios\"><textarea cols=\"40\" rows=\"10\" maxlength=\"2000\" class=\"wpcf7-form-control wpcf7-textarea\" aria-invalid=\"false\" placeholder=\"(Allergie, malattie, malattie, malattie...)\" name=\"comentarios\"><\/textarea><\/span><\/label>\n\t\t\t<\/p>\n\t\t<\/div>\n<!-- PRIMERA CAPA -->\n\t\t<p><label><\/label>\n\t\t<\/p>\n\t\t<div class=\"cont-resumen\">\n\t\t\t<div class=\"tit-resumen\">\n\t\t\t\t<p>Informaci\u00f3n b\u00e1sica sobre Protecci\u00f3n de Datos\n\t\t\t\t<\/p>\n\t\t\t<\/div>\n\t\t\t<ul class=\"resumen\">\n\t\t\t\t<li>\n\t\t\t\t\t<p><span class=\"apartado\">Responsable:<\/span><span class=\"contenido\">COLEGIO INTERNACIONAL ALICANTE<span><\/span><\/span>\n\t\t\t\t\t<\/p>\n\t\t\t\t<\/li>\n\t\t\t\t<li>\n\t\t\t\t\t<p><span class=\"apartado\">Finalidad:<\/span><span class=\"contenido\">Gestionar los datos de los asociados para conseguir condiciones favorables de los mismos<span><\/span><\/span>\n\t\t\t\t\t<\/p>\n\t\t\t\t<\/li>\n\t\t\t\t<li>\n\t\t\t\t\t<p><span class=\"apartado\">Legitimaci\u00f3n:<\/span><span class=\"contenido\">Prestaci\u00f3n del consentimiento<span><\/span><\/span>\n\t\t\t\t\t<\/p>\n\t\t\t\t<\/li>\n\t\t\t\t<li>\n\t\t\t\t\t<p><span class=\"apartado\">Destinatarios:<\/span><span class=\"contenido\">No se ceder\u00e1n datos a terceros, salvo obligaci\u00f3n legal<span><\/span><\/span>\n\t\t\t\t\t<\/p>\n\t\t\t\t<\/li>\n\t\t\t\t<li>\n\t\t\t\t\t<p><span class=\"apartado\">Derechos: <\/span><span class=\"contenido\">Acceder, rectificar y suprimir los datos, as\u00ed como otros derechos, como se explica en la informaci\u00f3n adicional<span><\/span><\/span>\n\t\t\t\t\t<\/p>\n\t\t\t\t<\/li>\n\t\t\t\t<li>\n\t\t\t\t\t<p><span class=\"apartado\">Informaci\u00f3n adicional:<\/span><span class=\"contenido\">Puede consultar la informaci\u00f3n adicional y detallada sobre Protecci\u00f3n de Datos en el <a href=\"http:\/\/www.colegiointernacionalalicante.com\/es\/politica-de-privacidad\/\" rel=\"nofolow\" class=\"enl-gris\">siguiente enlace<\/a><span><\/span><\/span>\n\t\t\t\t\t<\/p>\n\t\t\t\t<\/li>\n\t\t\t<\/ul>\n\t\t<\/div>\n\t\t<div class=\"medium-6 small-12 columns\">\n\t\t\t<p><span class=\"wpcf7-form-control-wrap\" data-name=\"acceptance-834\"><span class=\"wpcf7-form-control wpcf7-acceptance\"><span class=\"wpcf7-list-item\"><input type=\"checkbox\" name=\"acceptance-834\" value=\"1\" aria-invalid=\"false\" \/><\/span><\/span><\/span> He le\u00eddo y acepto el tratamiento de mis datos en las condiciones <a href=\"http:\/\/www.colegiointernacionalalicante.com\/es\/condiciones-de-tratamiento-de-datos-personales\/\" rel=\"nofolow\">mencionadas<\/a><br \/>\n<span class=\"wpcf7-form-control-wrap\" data-name=\"acceptance-835\"><span class=\"wpcf7-form-control wpcf7-acceptance\"><span class=\"wpcf7-list-item\"><input type=\"checkbox\" name=\"acceptance-835\" value=\"1\" aria-invalid=\"false\" \/><\/span><\/span><\/span> He le\u00eddo y acepto la <a href=\"http:\/\/www.colegiointernacionalalicante.com\/es\/politica-de-privacidad\/\" rel=\"nofolow\" class=\"enl-gris\">pol\u00edtica de privacidad<\/a> y los <a href=\"https:\/\/www.colegiointernacionalalicante.com\/wp-content\/uploads\/2025\/12\/2026-TERMS-CONDITIONS.pdf\" rel=\"nofolow\" target=\"_blank\">T\u00e9rminos y Condiciones<\/a>\n\t\t\t<\/p>\n\t\t<\/div>\n\t\t<div class=\"medium-6 small-12 columns\">\n\t\t\t<p><label style=\"float: right;\">\n\t\t\t\t<\/label>\n\t\t\t<\/p>\n\t\t<\/div>\n\t<\/div>\n\n <!-- BOTON ENVIAR-->\n\t<div class=\"row\">\n\t\t<div class=\"medium-12 small-12 columns\">\n\t\t\t<p><label class=\"text-center\"><input class=\"wpcf7-form-control wpcf7-submit has-spinner button primary\" type=\"submit\" value=\"Inviare\" \/><\/label>\n\t\t\t<\/p>\n\t\t<\/div>\n\t<\/div>\n<\/div><div class=\"wpcf7-response-output\" aria-hidden=\"true\"><\/div>\n<\/form>\n<\/div>\n<\/div><\/div><\/div><\/div><\/div><\/div><\/div><\/div><\/div>\n","protected":false},"excerpt":{"rendered":"","protected":false},"author":1,"featured_media":0,"parent":0,"menu_order":0,"comment_status":"closed","ping_status":"closed","template":"","meta":{"footnotes":""},"class_list":["post-1672","page","type-page","status-publish","hentry"],"aioseo_notices":[],"_links":{"self":[{"href":"https:\/\/www.colegiointernacionalalicante.com\/it\/wp-json\/wp\/v2\/pages\/1672","targetHints":{"allow":["GET"]}}],"collection":[{"href":"https:\/\/www.colegiointernacionalalicante.com\/it\/wp-json\/wp\/v2\/pages"}],"about":[{"href":"https:\/\/www.colegiointernacionalalicante.com\/it\/wp-json\/wp\/v2\/types\/page"}],"author":[{"embeddable":true,"href":"https:\/\/www.colegiointernacionalalicante.com\/it\/wp-json\/wp\/v2\/users\/1"}],"replies":[{"embeddable":true,"href":"https:\/\/www.colegiointernacionalalicante.com\/it\/wp-json\/wp\/v2\/comments?post=1672"}],"version-history":[{"count":16,"href":"https:\/\/www.colegiointernacionalalicante.com\/it\/wp-json\/wp\/v2\/pages\/1672\/revisions"}],"predecessor-version":[{"id":5702,"href":"https:\/\/www.colegiointernacionalalicante.com\/it\/wp-json\/wp\/v2\/pages\/1672\/revisions\/5702"}],"wp:attachment":[{"href":"https:\/\/www.colegiointernacionalalicante.com\/it\/wp-json\/wp\/v2\/media?parent=1672"}],"curies":[{"name":"wp","href":"https:\/\/api.w.org\/{rel}","templated":true}]}}