{"id":1729,"date":"2017-12-01T15:22:41","date_gmt":"2017-12-01T15:22:41","guid":{"rendered":"http:\/\/www.colegiointernacionalalicante.com\/?page_id=1729"},"modified":"2021-04-23T13:03:05","modified_gmt":"2021-04-23T13:03:05","slug":"cookies-policy","status":"publish","type":"page","link":"https:\/\/www.colegiointernacionalalicante.com\/it\/cookies-policy\/","title":{"rendered":"Cookies Policy"},"content":{"rendered":"<div class=\"kc-elm kc-css-694536 kc-row-container module\"><div class=\"wc-row row\"><div class=\"kc-wrap-columns\"><div class=\"kc-elm kc-css-957620 small-12 columns small-12\"><div class=\"kc-col-container\"><div class=\"kc-elm kc-css-229422 kc_text_block\"><\/p>\n<h3 class=\"p1\"><b>Qu\u00e9 son las Cookies?<\/b><\/h3>\n<p class=\"p2\">Las Cookies son peque\u00f1os dispositivos que se almacenan en los terminales de los Usuarios y permiten recordar datos de navegaci\u00f3n de \u00e9stos.<\/p>\n<h3 class=\"p1\"><b>Cookies en nuestras p\u00e1ginas web<\/b><\/h3>\n<p class=\"p2\"><span class=\"s1\"><b>COLEGIO INTERNACIONAL ALICANTE\u00a0<\/b><\/span>utiliza Cookies, (<span class=\"s2\"><b>propias y\/o de terceros<\/b><\/span>), para el correcto funcionamiento de la p\u00e1gina Web, para recordar las preferencias de los usuarios, as\u00ed como Cookies destinadas al an\u00e1lisis de las visitas a la p\u00e1gina web y para mostrarle informaci\u00f3n relacionada con sus preferencias de navegaci\u00f3n.<\/p>\n<p class=\"p2\">&#8211;\u00a0<b>Cookies t\u00e9cnicas obligatorias<\/b>: Son aqu\u00e9llas que permiten al usuario la navegaci\u00f3n a trav\u00e9s de la p\u00e1gina web, y la utilizaci\u00f3n de las diferentes opciones o servicios que en ella existan como, por ejemplo, identificar la sesi\u00f3n, acceder a partes de acceso restringido, realizar el proceso de compra de un pedido o utilizar elementos de seguridad durante la navegaci\u00f3n.<\/p>\n<p class=\"p2\">&#8211;\u00a0<b>Cookies de personalizaci\u00f3n, an\u00e1lisis o funcionales<\/b>: Son aqu\u00e9llas que permiten al usuario acceder al servicio con algunas caracter\u00edsticas de car\u00e1cter general predefinidas en funci\u00f3n de una serie de criterios en el terminal del usuario como por ejemplo serian el idioma, el tipo de navegador a trav\u00e9s del cual accede al servicio, la configuraci\u00f3n regional desde donde accede al servicio, cuantificar el n\u00famero de usuarios y as\u00ed realizar la medici\u00f3n y an\u00e1lisis estad\u00edstico de la utilizaci\u00f3n que hacen los usuarios del servicio ofertado. Para ello se analiza su navegaci\u00f3n en nuestra p\u00e1gina web con el fin de mejorar la oferta de productos o servicios que le ofrecemos.<\/p>\n<p class=\"p5\">&#8211;\u00a0<b>Cookies publicitarias o informativas<\/b>: Son aqu\u00e9llas que nos permiten la gesti\u00f3n de la forma m\u00e1s eficaz posible de nuestra informaci\u00f3n, adecuando su contenido a las preferencias del usuario, al tipo de terminal desde el que accede al servicio, a las caracter\u00edsticas del uso que realiza el usuario de los servicios, ofrecerle publicidad propia o de terceros, etc. Para ello analizamos sus h\u00e1bitos de navegaci\u00f3n en Internet para ofrecerle publicidad relacionada con los intereses de sus perfiles de navegaci\u00f3n.<\/p>\n<p class=\"p1\"><b>COLEGIO INTERNACIONAL ALICANTE utiliza las siguientes herramientas para la gesti\u00f3n de Cookies:<\/b><\/p>\n<h3>Necesarias<\/h3>\n<table class=\"cookielawinfo-row-cat-table cookielawinfo-winter\">\n<thead>\n<tr>\n<th class=\"cookielawinfo-column-1\">Cookie<\/th>\n<th class=\"cookielawinfo-column-3\">Durata<\/th>\n<th class=\"cookielawinfo-column-4\">Descrizione<\/th>\n<\/tr>\n<\/thead>\n<tbody>\n<tr class=\"cookielawinfo-row\">\n<td class=\"cookielawinfo-column-1\">cookielawinfo-checbox-analytics<\/td>\n<td class=\"cookielawinfo-column-3\">11 months<\/td>\n<td class=\"cookielawinfo-column-4\">This cookie is set by GDPR Cookie Consent plugin. The cookie is used to store the user consent for the cookies in the category \"Analytics\".<\/td>\n<\/tr>\n<tr class=\"cookielawinfo-row\">\n<td class=\"cookielawinfo-column-1\">cookielawinfo-checbox-functional<\/td>\n<td class=\"cookielawinfo-column-3\">11 months<\/td>\n<td class=\"cookielawinfo-column-4\">The cookie is set by GDPR cookie consent to record the user consent for the cookies in the category \"Functional\".<\/td>\n<\/tr>\n<tr class=\"cookielawinfo-row\">\n<td class=\"cookielawinfo-column-1\">cookielawinfo-checbox-others<\/td>\n<td class=\"cookielawinfo-column-3\">11 months<\/td>\n<td class=\"cookielawinfo-column-4\">This cookie is set by GDPR Cookie Consent plugin. The cookie is used to store the user consent for the cookies in the category \"Other.<\/td>\n<\/tr>\n<tr class=\"cookielawinfo-row\">\n<td class=\"cookielawinfo-column-1\">cookielawinfo-checkbox-necessary<\/td>\n<td class=\"cookielawinfo-column-3\">11 months<\/td>\n<td class=\"cookielawinfo-column-4\">This cookie is set by GDPR Cookie Consent plugin. The cookies is used to store the user consent for the cookies in the category \"Necessary\".<\/td>\n<\/tr>\n<tr class=\"cookielawinfo-row\">\n<td class=\"cookielawinfo-column-1\">cookielawinfo-checkbox-performance<\/td>\n<td class=\"cookielawinfo-column-3\">11 months<\/td>\n<td class=\"cookielawinfo-column-4\">This cookie is set by GDPR Cookie Consent plugin. The cookie is used to store the user consent for the cookies in the category \"Performance\".<\/td>\n<\/tr>\n<tr class=\"cookielawinfo-row\">\n<td class=\"cookielawinfo-column-1\">viewed_cookie_policy<\/td>\n<td class=\"cookielawinfo-column-3\">11 months<\/td>\n<td class=\"cookielawinfo-column-4\">The cookie is set by the GDPR Cookie Consent plugin and is used to store whether or not user has consented to the use of cookies. It does not store any personal data.<\/td>\n<\/tr>\n<\/tbody>\n<\/table>\n<h3>Anal\u00edtica<\/h3>\n<table class=\"cookielawinfo-row-cat-table cookielawinfo-winter\">\n<thead>\n<tr>\n<th class=\"cookielawinfo-column-1\">Cookie<\/th>\n<th class=\"cookielawinfo-column-3\">Durata<\/th>\n<th class=\"cookielawinfo-column-4\">Descrizione<\/th>\n<\/tr>\n<\/thead>\n<tbody>\n<tr class=\"cookielawinfo-row\">\n<td class=\"cookielawinfo-column-1\">___UTMA<\/td>\n<td class=\"cookielawinfo-column-3\"><\/td>\n<td class=\"cookielawinfo-column-4\">genera un id de usuario \u00fanico, que es el que se utiliza para hacer recuento de cuantas veces visita el sitio un determinado usuario.<\/td>\n<\/tr>\n<tr class=\"cookielawinfo-row\">\n<td class=\"cookielawinfo-column-1\">__Secure-3PAPISID<\/td>\n<td class=\"cookielawinfo-column-3\">2 a\u00f1os<\/td>\n<td class=\"cookielawinfo-column-4\">Se utiliza con fines de segmentaci\u00f3n para crear un perfil de los intereses del visitante del sitio web con el fin de mostrar publicidad relevante y personalizada de Google.<\/td>\n<\/tr>\n<tr class=\"cookielawinfo-row\">\n<td class=\"cookielawinfo-column-1\">__Secure-3PSID<\/td>\n<td class=\"cookielawinfo-column-3\">2 a\u00f1os<\/td>\n<td class=\"cookielawinfo-column-4\">Se utiliza con fines de segmentaci\u00f3n para crear un perfil de los intereses del visitante del sitio web con el fin de mostrar publicidad relevante y personalizada de Google.<\/td>\n<\/tr>\n<tr class=\"cookielawinfo-row\">\n<td class=\"cookielawinfo-column-1\">__Secure-3PSIDCC<\/td>\n<td class=\"cookielawinfo-column-3\">2 a\u00f1os<\/td>\n<td class=\"cookielawinfo-column-4\">Se utiliza con fines de segmentaci\u00f3n para crear un perfil de los intereses del visitante del sitio web con el fin de mostrar publicidad relevante y personalizada de Google.<\/td>\n<\/tr>\n<tr class=\"cookielawinfo-row\">\n<td class=\"cookielawinfo-column-1\">__utmb<\/td>\n<td class=\"cookielawinfo-column-3\">30 min.<\/td>\n<td class=\"cookielawinfo-column-4\">calcula cuando se ha terminado una sesi\u00f3n, registrando la hora de llegada a la p\u00e1gina.<\/td>\n<\/tr>\n<tr class=\"cookielawinfo-row\">\n<td class=\"cookielawinfo-column-1\">__utmc<\/td>\n<td class=\"cookielawinfo-column-3\"><\/td>\n<td class=\"cookielawinfo-column-4\">comprueba si se debe mantener la sesi\u00f3n abierta o se debe crear una sesi\u00f3n nueva.<\/td>\n<\/tr>\n<tr class=\"cookielawinfo-row\">\n<td class=\"cookielawinfo-column-1\">__utmt<\/td>\n<td class=\"cookielawinfo-column-3\">10 minutos<\/td>\n<td class=\"cookielawinfo-column-4\">se utiliza para limitar la velocidad de solicitud del servicio y limitar la recogida de datos en los sitios de alto tr\u00e1fico.<\/td>\n<\/tr>\n<tr class=\"cookielawinfo-row\">\n<td class=\"cookielawinfo-column-1\">__utmz<\/td>\n<td class=\"cookielawinfo-column-3\">6 meses<\/td>\n<td class=\"cookielawinfo-column-4\">registra el origen del usuario, as\u00ed como las palabras clave.<\/td>\n<\/tr>\n<tr class=\"cookielawinfo-row\">\n<td class=\"cookielawinfo-column-1\">HSID<\/td>\n<td class=\"cookielawinfo-column-3\">2 a\u00f1os<\/td>\n<td class=\"cookielawinfo-column-4\">Cookies t\u00e9cnicas, utilizadas por Google para autenticar a usuarios, evitar el uso fraudulento de credenciales de inicio de sesi\u00f3n y proteger los datos de usuarios frente a terceros no autorizados.<\/td>\n<\/tr>\n<tr class=\"cookielawinfo-row\">\n<td class=\"cookielawinfo-column-1\">PREF<\/td>\n<td class=\"cookielawinfo-column-3\">2 a\u00f1os<\/td>\n<td class=\"cookielawinfo-column-4\">Servicio de anal\u00edtica web de Google\t<\/td>\n<\/tr>\n<tr class=\"cookielawinfo-row\">\n<td class=\"cookielawinfo-column-1\">PREF<\/td>\n<td class=\"cookielawinfo-column-3\"><\/td>\n<td class=\"cookielawinfo-column-4\">servicio de anal\u00edtica y publicidad. Youtube.com<\/td>\n<\/tr>\n<tr class=\"cookielawinfo-row\">\n<td class=\"cookielawinfo-column-1\">SAPISID<\/td>\n<td class=\"cookielawinfo-column-3\">2 a\u00f1os<\/td>\n<td class=\"cookielawinfo-column-4\">Recoge informaci\u00f3n sobre el uso de nuestro sitio web por parte de los visitantes.<\/td>\n<\/tr>\n<tr class=\"cookielawinfo-row\">\n<td class=\"cookielawinfo-column-1\">SID<\/td>\n<td class=\"cookielawinfo-column-3\">1 a\u00f1o<\/td>\n<td class=\"cookielawinfo-column-4\">Cookies de an\u00e1lisis, utilizadas por Google para hacer que la publicidad sea m\u00e1s atractiva para los usuarios y m\u00e1s valiosa para los editores y anunciantes.<\/td>\n<\/tr>\n<tr class=\"cookielawinfo-row\">\n<td class=\"cookielawinfo-column-1\">SIDCC<\/td>\n<td class=\"cookielawinfo-column-3\">1 mes<\/td>\n<td class=\"cookielawinfo-column-4\">Cookies de an\u00e1lisis, utilizada por Google para recopilar estad\u00edsticas del sitio web y rastrear tasas de conversi\u00f3n<\/td>\n<\/tr>\n<tr class=\"cookielawinfo-row\">\n<td class=\"cookielawinfo-column-1\">SSID<\/td>\n<td class=\"cookielawinfo-column-3\">2 a\u00f1os<\/td>\n<td class=\"cookielawinfo-column-4\">Cookies t\u00e9cnicas, utilizadas por Google para permanecer conectado a su cuenta de Google al visitar sus servicios.<\/td>\n<\/tr>\n<tr class=\"cookielawinfo-row\">\n<td class=\"cookielawinfo-column-1\">VISITOR_INFO1_LIVE<\/td>\n<td class=\"cookielawinfo-column-3\">240 d\u00edas<\/td>\n<td class=\"cookielawinfo-column-4\">Se trata de una cookie que permite realizar el seguimiento de los videos visitados incrustados en esta web. (youtube.com)<\/td>\n<\/tr>\n<\/tbody>\n<\/table>\n<h3>Funcionales<\/h3>\n<table class=\"cookielawinfo-row-cat-table cookielawinfo-winter\">\n<thead>\n<tr>\n<th class=\"cookielawinfo-column-1\">Cookie<\/th>\n<th class=\"cookielawinfo-column-3\">Durata<\/th>\n<th class=\"cookielawinfo-column-4\">Descrizione<\/th>\n<\/tr>\n<\/thead>\n<tbody>\n<tr class=\"cookielawinfo-row\">\n<td class=\"cookielawinfo-column-1\">_icl_current_admin_language_<\/td>\n<td class=\"cookielawinfo-column-3\">mensual<\/td>\n<td class=\"cookielawinfo-column-4\">Recuerda el idioma del usuario y admin que visit\u00f3 la p\u00e1gina anteriormente.<\/td>\n<\/tr>\n<tr class=\"cookielawinfo-row\">\n<td class=\"cookielawinfo-column-1\">_icl_current_language<\/td>\n<td class=\"cookielawinfo-column-3\">mensual<\/td>\n<td class=\"cookielawinfo-column-4\">Mantiene la configuraci\u00f3n del lenguaje de la p\u00e1gina.<\/td>\n<\/tr>\n<tr class=\"cookielawinfo-row\">\n<td class=\"cookielawinfo-column-1\">CONSENT<\/td>\n<td class=\"cookielawinfo-column-3\">persistente<\/td>\n<td class=\"cookielawinfo-column-4\">cookie t\u00e9cnica de reproducci\u00f3n de contenido (youtube.com)<\/td>\n<\/tr>\n<tr class=\"cookielawinfo-row\">\n<td class=\"cookielawinfo-column-1\">LOGIN_INFO<\/td>\n<td class=\"cookielawinfo-column-3\">2 a\u00f1os<\/td>\n<td class=\"cookielawinfo-column-4\">Perteneciente a Youtube.com se carga en los v\u00eddeos de las webs.<\/td>\n<\/tr>\n<tr class=\"cookielawinfo-row\">\n<td class=\"cookielawinfo-column-1\">VISITOR_INFO1_LIVE<\/td>\n<td class=\"cookielawinfo-column-3\">2 a\u00f1os<\/td>\n<td class=\"cookielawinfo-column-4\">Cookie t\u00e9cnica de reproducci\u00f3n de contenido (youtube.com)<\/td>\n<\/tr>\n<tr class=\"cookielawinfo-row\">\n<td class=\"cookielawinfo-column-1\">VISITOR_INFO1_LIVE<\/td>\n<td class=\"cookielawinfo-column-3\">240 d\u00edas<\/td>\n<td class=\"cookielawinfo-column-4\">Se trata de una cookie que permite realizar el seguimiento de los videos visitados incrustados en esta web. (youtube.com)<\/td>\n<\/tr>\n<tr class=\"cookielawinfo-row\">\n<td class=\"cookielawinfo-column-1\">wp-settings-time-1<\/td>\n<td class=\"cookielawinfo-column-3\">Un A\u00f1o<\/td>\n<td class=\"cookielawinfo-column-4\">utilizada por WordPress para personalizar la Interfaz de Usuario.<\/td>\n<\/tr>\n<tr class=\"cookielawinfo-row\">\n<td class=\"cookielawinfo-column-1\">YSC<\/td>\n<td class=\"cookielawinfo-column-3\">Sesi\u00f3n<\/td>\n<td class=\"cookielawinfo-column-4\">cookie que mide las reproducciones de videos realizadas por el usuario y registra los eventos de \u201cMe gusta\u201d o \u201cCompartir video\u201d.<\/td>\n<\/tr>\n<tr class=\"cookielawinfo-row\">\n<td class=\"cookielawinfo-column-1\">YSC<\/td>\n<td class=\"cookielawinfo-column-3\">sesi\u00f3n de navegador<\/td>\n<td class=\"cookielawinfo-column-4\">cookie de youtube utilizdada para la reproducci\u00f3n de contenido multimedia<\/td>\n<\/tr>\n<\/tbody>\n<\/table>\n<h3>Publicitarias<\/h3>\n<h3><\/h3>\n<table class=\"cookielawinfo-row-cat-table cookielawinfo-winter\">\n<thead>\n<tr>\n<th class=\"cookielawinfo-column-1\">Cookie<\/th>\n<th class=\"cookielawinfo-column-3\">Durata<\/th>\n<th class=\"cookielawinfo-column-4\">Descrizione<\/th>\n<\/tr>\n<\/thead>\n<tbody>\n<tr class=\"cookielawinfo-row\">\n<td class=\"cookielawinfo-column-1\">__Secure-3PAPISID<\/td>\n<td class=\"cookielawinfo-column-3\">2 a\u00f1os<\/td>\n<td class=\"cookielawinfo-column-4\">Se utiliza con fines de segmentaci\u00f3n para crear un perfil de los intereses del visitante del sitio web con el fin de mostrar publicidad relevante y personalizada de Google.<\/td>\n<\/tr>\n<tr class=\"cookielawinfo-row\">\n<td class=\"cookielawinfo-column-1\">__Secure-3PSID<\/td>\n<td class=\"cookielawinfo-column-3\">2 a\u00f1os<\/td>\n<td class=\"cookielawinfo-column-4\">Se utiliza con fines de segmentaci\u00f3n para crear un perfil de los intereses del visitante del sitio web con el fin de mostrar publicidad relevante y personalizada de Google.<\/td>\n<\/tr>\n<tr class=\"cookielawinfo-row\">\n<td class=\"cookielawinfo-column-1\">__Secure-3PSIDCC<\/td>\n<td class=\"cookielawinfo-column-3\">2 a\u00f1os<\/td>\n<td class=\"cookielawinfo-column-4\">Se utiliza con fines de segmentaci\u00f3n para crear un perfil de los intereses del visitante del sitio web con el fin de mostrar publicidad relevante y personalizada de Google.<\/td>\n<\/tr>\n<tr class=\"cookielawinfo-row\">\n<td class=\"cookielawinfo-column-1\">IDE<\/td>\n<td class=\"cookielawinfo-column-3\"><\/td>\n<td class=\"cookielawinfo-column-4\">Cookie publicitaria. youtube.com<\/td>\n<\/tr>\n<tr class=\"cookielawinfo-row\">\n<td class=\"cookielawinfo-column-1\">PREF<\/td>\n<td class=\"cookielawinfo-column-3\">2 a\u00f1os<\/td>\n<td class=\"cookielawinfo-column-4\">Servicio de anal\u00edtica web de Google\t<\/td>\n<\/tr>\n<tr class=\"cookielawinfo-row\">\n<td class=\"cookielawinfo-column-1\">PREF<\/td>\n<td class=\"cookielawinfo-column-3\"><\/td>\n<td class=\"cookielawinfo-column-4\">servicio de anal\u00edtica y publicidad. Youtube.com<\/td>\n<\/tr>\n<tr class=\"cookielawinfo-row\">\n<td class=\"cookielawinfo-column-1\">SID<\/td>\n<td class=\"cookielawinfo-column-3\">1 a\u00f1o<\/td>\n<td class=\"cookielawinfo-column-4\">Cookies de an\u00e1lisis, utilizadas por Google para hacer que la publicidad sea m\u00e1s atractiva para los usuarios y m\u00e1s valiosa para los editores y anunciantes.<\/td>\n<\/tr>\n<\/tbody>\n<\/table>\n<p>\n<\/div><\/div><\/div><\/div><\/div><\/div>\n","protected":false},"excerpt":{"rendered":"","protected":false},"author":1,"featured_media":0,"parent":0,"menu_order":0,"comment_status":"closed","ping_status":"closed","template":"","meta":{"footnotes":""},"class_list":["post-1729","page","type-page","status-publish","hentry"],"aioseo_notices":[],"_links":{"self":[{"href":"https:\/\/www.colegiointernacionalalicante.com\/it\/wp-json\/wp\/v2\/pages\/1729","targetHints":{"allow":["GET"]}}],"collection":[{"href":"https:\/\/www.colegiointernacionalalicante.com\/it\/wp-json\/wp\/v2\/pages"}],"about":[{"href":"https:\/\/www.colegiointernacionalalicante.com\/it\/wp-json\/wp\/v2\/types\/page"}],"author":[{"embeddable":true,"href":"https:\/\/www.colegiointernacionalalicante.com\/it\/wp-json\/wp\/v2\/users\/1"}],"replies":[{"embeddable":true,"href":"https:\/\/www.colegiointernacionalalicante.com\/it\/wp-json\/wp\/v2\/comments?post=1729"}],"version-history":[{"count":3,"href":"https:\/\/www.colegiointernacionalalicante.com\/it\/wp-json\/wp\/v2\/pages\/1729\/revisions"}],"predecessor-version":[{"id":4677,"href":"https:\/\/www.colegiointernacionalalicante.com\/it\/wp-json\/wp\/v2\/pages\/1729\/revisions\/4677"}],"wp:attachment":[{"href":"https:\/\/www.colegiointernacionalalicante.com\/it\/wp-json\/wp\/v2\/media?parent=1729"}],"curies":[{"name":"wp","href":"https:\/\/api.w.org\/{rel}","templated":true}]}}