{"id":1738,"date":"2017-12-01T15:27:42","date_gmt":"2017-12-01T15:27:42","guid":{"rendered":"http:\/\/www.colegiointernacionalalicante.com\/?page_id=1738"},"modified":"2018-11-23T10:26:06","modified_gmt":"2018-11-23T10:26:06","slug":"gli-insegnanti","status":"publish","type":"page","link":"https:\/\/www.colegiointernacionalalicante.com\/it\/gli-insegnanti\/","title":{"rendered":"Gli Insegnanti"},"content":{"rendered":"<p><div class=\"kc-elm kc-css-364686 kc-row-container module\"><div class=\"wc-row row\"><div class=\"kc-wrap-columns\"><div class=\"kc-elm kc-css-233055 small-12 columns small-12\"><div class=\"kc-col-container\"><div class=\"kc-elm kc-css-112360 kc_shortcode kc_single_image\">\n\n        <img decoding=\"async\" src=\"https:\/\/www.colegiointernacionalalicante.com\/wp-content\/uploads\/2017\/05\/profesores.jpg\" class=\"thumbnail\" alt=\"\" \/>    <\/div>\n<\/div><\/div><div class=\"kc-elm kc-css-692907 small-12 columns small-12\"><div class=\"kc-col-container\"><div class=\"kc-elm kc-css-834054 kc_text_block staff-introduction\"><\/p>\n<h2>GLI INSEGNANTI<\/h2>\n<p><strong>BIENVENIDOS<\/strong><\/p>\n<p>&#8220;Al tuo servizio ci sar\u00e0 un team di insegnanti di Spagnolo con pi\u00f9 di 20 anni di esperienza alle spalle che ha sviluppato un metodo di apprendimento proprio.<\/p>\n<p>Grazie al Colegio Internacional Alicante scoprirai un altro modo per imparare lo spagnolo, un metodo che converte qualcosa che richiede dedizione e costanza in qualcosa di divertente, in un gioco interessante e coinvolgente. Tutti sappiamo che impariamo meglio e pi\u00f9 velocemente ci\u00f2 che ci piace. E\u2019 chiaro che la motivazione \u00e8 fondamentale al fine di portare a termine qualsiasi attivit\u00e0 che ci risulta impegnativa. Una mentalit\u00e0 positiva che ci spinge a proseguire \u00e8 proprio quello che sta alla base della metodologia propria del Colegio Internacional Alicante.<\/p>\n<p>Se a quanto appena detto si aggiunge un ampio dominio dei metodi di comunicazione, con compiti e cooperative, e anche una profonda conoscenza della grammatica spagnola, scoprirai perch\u00e9 i nostri studenti partecipano con interesse alle lezioni, rese piacevoli e divertenti dagli insegnanti. Ma ci assicuriamo anche che non si perda mai di vista il nostro obiettivo: farti sentire, vivere e parlare Spagnolo fin dal primo giorno!<\/p>\n<p>Esaminatore acreditato DELE \"<\/p>\n<p><strong>Inmaculada Fern\u00e1ndez<\/strong><br \/>\n<strong>Directora<\/strong><\/p>\n<p>\n<\/div><\/div><\/div><\/div><\/div><\/div><div class=\"kc-elm kc-css-247987 kc-row-container module\"><div class=\"wc-row row\"><div class=\"kc-wrap-columns\"><div class=\"kc-elm kc-css-870551 small-12 columns small-12\"><div class=\"kc-col-container\">\n<div class=\"kc-elm kc-css-6919 kc-title-wrap \">\n\n\t<h2 class=\"kc_title section-title\">Professore<\/h2>\n<\/div>\n<div id=\"103066\" class=\"grid-teachers row\"><div class=\"small-12 medium-4 columns staff-box\"><div class=\"shadow\"><div class=\"staff-box\"><a href=\"https:\/\/www.colegiointernacionalalicante.com\/it\/teachers\/isabel-it\/\"><img loading=\"lazy\" decoding=\"async\" width=\"350\" height=\"350\" src=\"https:\/\/www.colegiointernacionalalicante.com\/wp-content\/uploads\/2016\/11\/profesor-isabel.jpg\" class=\"attachment-wc-teacher-thumbnail size-wc-teacher-thumbnail wp-post-image\" alt=\"\" srcset=\"https:\/\/www.colegiointernacionalalicante.com\/wp-content\/uploads\/2016\/11\/profesor-isabel.jpg 350w, https:\/\/www.colegiointernacionalalicante.com\/wp-content\/uploads\/2016\/11\/profesor-isabel-150x150.jpg 150w, https:\/\/www.colegiointernacionalalicante.com\/wp-content\/uploads\/2016\/11\/profesor-isabel-300x300.jpg 300w, https:\/\/www.colegiointernacionalalicante.com\/wp-content\/uploads\/2016\/11\/profesor-isabel-175x175.jpg 175w, https:\/\/www.colegiointernacionalalicante.com\/wp-content\/uploads\/2016\/11\/profesor-isabel-165x165.jpg 165w\" sizes=\"auto, (max-width: 350px) 100vw, 350px\" \/><\/a><div class=\"staff-links\"><\/div><!-- staff links \/--><\/div><!-- Thumbnail class \/--><div class=\"staff-detail\"><h4><a href=\"https:\/\/www.colegiointernacionalalicante.com\/it\/teachers\/isabel-it\/\">Isabel<\/a><br><span>Laureata in &quot;Filosof\u00eda y Letras&quot; specializzata in Filolog\u00eda Hisp\u00e1nica.<\/span><\/h4><a href=\"https:\/\/www.colegiointernacionalalicante.com\/it\/teachers\/isabel-it\/\" class=\"small-button\">Read More &raquo;<\/a><\/div> <!-- Meta Info \/--><\/div><!-- Iner Div \/--><\/div><!-- teacher Ends --><div class=\"small-12 medium-4 columns staff-box\"><div class=\"shadow\"><div class=\"staff-box\"><a href=\"https:\/\/www.colegiointernacionalalicante.com\/it\/teachers\/manuel-it\/\"><img loading=\"lazy\" decoding=\"async\" width=\"350\" height=\"350\" src=\"https:\/\/www.colegiointernacionalalicante.com\/wp-content\/uploads\/2016\/11\/profesor-manolo.jpg\" class=\"attachment-wc-teacher-thumbnail size-wc-teacher-thumbnail wp-post-image\" alt=\"\" srcset=\"https:\/\/www.colegiointernacionalalicante.com\/wp-content\/uploads\/2016\/11\/profesor-manolo.jpg 350w, https:\/\/www.colegiointernacionalalicante.com\/wp-content\/uploads\/2016\/11\/profesor-manolo-150x150.jpg 150w, https:\/\/www.colegiointernacionalalicante.com\/wp-content\/uploads\/2016\/11\/profesor-manolo-300x300.jpg 300w, https:\/\/www.colegiointernacionalalicante.com\/wp-content\/uploads\/2016\/11\/profesor-manolo-175x175.jpg 175w, https:\/\/www.colegiointernacionalalicante.com\/wp-content\/uploads\/2016\/11\/profesor-manolo-165x165.jpg 165w\" sizes=\"auto, (max-width: 350px) 100vw, 350px\" \/><\/a><div class=\"staff-links\"><\/div><!-- staff links \/--><\/div><!-- Thumbnail class \/--><div class=\"staff-detail\"><h4><a href=\"https:\/\/www.colegiointernacionalalicante.com\/it\/teachers\/manuel-it\/\">Manuel<\/a><br><span>Laureato in &quot;Filosof\u00eda y Letras&quot; specializzato in Filolog\u00eda Hisp\u00e1nica.<\/span><\/h4><a href=\"https:\/\/www.colegiointernacionalalicante.com\/it\/teachers\/manuel-it\/\" class=\"small-button\">Read More &raquo;<\/a><\/div> <!-- Meta Info \/--><\/div><!-- Iner Div \/--><\/div><!-- teacher Ends --><div class=\"small-12 medium-4 columns staff-box\"><div class=\"shadow\"><div class=\"staff-box\"><a href=\"https:\/\/www.colegiointernacionalalicante.com\/it\/teachers\/inma-it\/\"><img loading=\"lazy\" decoding=\"async\" width=\"350\" height=\"350\" src=\"https:\/\/www.colegiointernacionalalicante.com\/wp-content\/uploads\/2016\/11\/profesor-inma.jpg\" class=\"attachment-wc-teacher-thumbnail size-wc-teacher-thumbnail wp-post-image\" alt=\"\" srcset=\"https:\/\/www.colegiointernacionalalicante.com\/wp-content\/uploads\/2016\/11\/profesor-inma.jpg 350w, https:\/\/www.colegiointernacionalalicante.com\/wp-content\/uploads\/2016\/11\/profesor-inma-150x150.jpg 150w, https:\/\/www.colegiointernacionalalicante.com\/wp-content\/uploads\/2016\/11\/profesor-inma-300x300.jpg 300w, https:\/\/www.colegiointernacionalalicante.com\/wp-content\/uploads\/2016\/11\/profesor-inma-175x175.jpg 175w, https:\/\/www.colegiointernacionalalicante.com\/wp-content\/uploads\/2016\/11\/profesor-inma-165x165.jpg 165w\" sizes=\"auto, (max-width: 350px) 100vw, 350px\" \/><\/a><div class=\"staff-links\"><\/div><!-- staff links \/--><\/div><!-- Thumbnail class \/--><div class=\"staff-detail\"><h4><a href=\"https:\/\/www.colegiointernacionalalicante.com\/it\/teachers\/inma-it\/\">Inma<\/a><br><span>Laureato in &quot;Filosof\u00eda y Letras&quot; specializzato in Filolog\u00eda Hisp\u00e1nica.<\/span><\/h4><a href=\"https:\/\/www.colegiointernacionalalicante.com\/it\/teachers\/inma-it\/\" class=\"small-button\">Read More &raquo;<\/a><\/div> <!-- Meta Info \/--><\/div><!-- Iner Div \/--><\/div><!-- teacher Ends --><div class=\"small-12 medium-4 columns staff-box end\"><div class=\"shadow\"><div class=\"staff-box\"><a href=\"https:\/\/www.colegiointernacionalalicante.com\/it\/teachers\/gregorio-it\/\"><img loading=\"lazy\" decoding=\"async\" width=\"350\" height=\"350\" src=\"https:\/\/www.colegiointernacionalalicante.com\/wp-content\/uploads\/2016\/11\/profesor-gregorio-2.jpg\" class=\"attachment-wc-teacher-thumbnail size-wc-teacher-thumbnail wp-post-image\" alt=\"\" srcset=\"https:\/\/www.colegiointernacionalalicante.com\/wp-content\/uploads\/2016\/11\/profesor-gregorio-2.jpg 350w, https:\/\/www.colegiointernacionalalicante.com\/wp-content\/uploads\/2016\/11\/profesor-gregorio-2-150x150.jpg 150w, https:\/\/www.colegiointernacionalalicante.com\/wp-content\/uploads\/2016\/11\/profesor-gregorio-2-300x300.jpg 300w, https:\/\/www.colegiointernacionalalicante.com\/wp-content\/uploads\/2016\/11\/profesor-gregorio-2-175x175.jpg 175w, https:\/\/www.colegiointernacionalalicante.com\/wp-content\/uploads\/2016\/11\/profesor-gregorio-2-165x165.jpg 165w\" sizes=\"auto, (max-width: 350px) 100vw, 350px\" \/><\/a><div class=\"staff-links\"><\/div><!-- staff links \/--><\/div><!-- Thumbnail class \/--><div class=\"staff-detail\"><h4><a href=\"https:\/\/www.colegiointernacionalalicante.com\/it\/teachers\/gregorio-it\/\">Gregorio<\/a><br><span>Laureato in &quot;Filosof\u00eda y Letras&quot; specializzato in Filolog\u00eda Hisp\u00e1nica<\/span><\/h4><a href=\"https:\/\/www.colegiointernacionalalicante.com\/it\/teachers\/gregorio-it\/\" class=\"small-button\">Read More &raquo;<\/a><\/div> <!-- Meta Info \/--><\/div><!-- Iner Div \/--><\/div><!-- teacher Ends --><\/div><!-- teachers --><\/div><\/div><\/div><\/div><\/div><\/p>\n","protected":false},"excerpt":{"rendered":"","protected":false},"author":1,"featured_media":0,"parent":0,"menu_order":0,"comment_status":"closed","ping_status":"closed","template":"","meta":{"footnotes":""},"class_list":["post-1738","page","type-page","status-publish","hentry"],"aioseo_notices":[],"_links":{"self":[{"href":"https:\/\/www.colegiointernacionalalicante.com\/it\/wp-json\/wp\/v2\/pages\/1738","targetHints":{"allow":["GET"]}}],"collection":[{"href":"https:\/\/www.colegiointernacionalalicante.com\/it\/wp-json\/wp\/v2\/pages"}],"about":[{"href":"https:\/\/www.colegiointernacionalalicante.com\/it\/wp-json\/wp\/v2\/types\/page"}],"author":[{"embeddable":true,"href":"https:\/\/www.colegiointernacionalalicante.com\/it\/wp-json\/wp\/v2\/users\/1"}],"replies":[{"embeddable":true,"href":"https:\/\/www.colegiointernacionalalicante.com\/it\/wp-json\/wp\/v2\/comments?post=1738"}],"version-history":[{"count":8,"href":"https:\/\/www.colegiointernacionalalicante.com\/it\/wp-json\/wp\/v2\/pages\/1738\/revisions"}],"predecessor-version":[{"id":4132,"href":"https:\/\/www.colegiointernacionalalicante.com\/it\/wp-json\/wp\/v2\/pages\/1738\/revisions\/4132"}],"wp:attachment":[{"href":"https:\/\/www.colegiointernacionalalicante.com\/it\/wp-json\/wp\/v2\/media?parent=1738"}],"curies":[{"name":"wp","href":"https:\/\/api.w.org\/{rel}","templated":true}]}}