{"id":1741,"date":"2017-12-01T15:28:44","date_gmt":"2017-12-01T15:28:44","guid":{"rendered":"http:\/\/www.colegiointernacionalalicante.com\/?page_id=1741"},"modified":"2017-12-29T09:15:09","modified_gmt":"2017-12-29T09:15:09","slug":"benvenuto-ad-alicante","status":"publish","type":"page","link":"https:\/\/www.colegiointernacionalalicante.com\/it\/benvenuto-ad-alicante\/","title":{"rendered":"Benvenuto ad Alicante"},"content":{"rendered":"<div class=\"kc-elm kc-css-370930 kc-row-container module\"><div class=\"wc-row row\"><div class=\"kc-wrap-columns\"><div class=\"kc-elm kc-css-135476 small-12 columns small-12\"><div class=\"kc-col-container\"><div class=\"kc-elm kc-css-237223 kc_text_block\"><\/p>\n<p><img loading=\"lazy\" decoding=\"async\" class=\"alignright size-medium\" src=\"http:\/\/www.colegiointernacionalalicante.com\/wp-content\/uploads\/2017\/06\/HOGUERA-2-1.jpg\" alt=\"\" width=\"467\" height=\"350\" \/><\/p>\n<p><strong>Alicante<\/strong> \u00e8 una citt\u00e0 con <strong>3.000 anni di storia<\/strong>. Le origini della citt\u00e0 arrivano fino al IV secolo aC, con gli Iberici. \u00c8 un luogo che \u00e8 sempre stato abitato dai diversi popoli del Mediterraneo. Akra-Leuka (greci), Lucentum (romani), Ali-qant (arabi)&#8230; questi sono solo alcuni nomi che sono stati dati ad Alicante nel corso della storia. Alfonso X, conosciuto come Il Saggio, conquist\u00f2 la citt\u00e0 nel 1246 per la Corona di Castilla e nel 1296 Jaime II incorpor\u00f2 Alicante al regno di Aragona.<\/p>\n<p>Nel 1490 Ferdinando il Cattolico nomina Alicante come sua &#8220;Citt\u00e0\"&#8230;<\/p>\n<p><strong>Alicante<\/strong> conserva i resti di ogni periodo storico. Nel XIX sec. con l\u00b4arrivo della ferrovia, il collegamento con il centro della penisola ha conferito a Alicante un <strong>ruolo importante come porto<\/strong>, dandole un\u00b4aria cosmopolita di citt\u00e0 che ancora conserva grazie al suo porto internazionale. Ad oggi ci sono connessioni dall\u00b4<strong>Aeroporto di Alicante<\/strong> ad ogni destinazione nazionale o internazionale.<\/p>\n<p>La sua posizione eccezionale tra la montagna e il mare d\u00e0 a Alicante una particolare bellezza e un clima privilegiato.<\/p>\n<p>\n<\/div><div class=\"kc-elm kc-css-757290\" style=\"height: 20px; clear: both; width:100%;\"><\/div><div class=\"kc-elm kc-css-352594 kc_text_block\"><\/p>\n<p>Come dice il poeta Juan Gil-Albert &#8220;<strong>Alicante guarda continuamente verso il Mediterraneo<\/strong>&#8220;.<\/p>\n<p>Le sue palme maestose, il suo mare azzurro, le sue spiagge di sabbia bianca, i suoi castelli, le sue chiese, i suoi giardini, il porto moderno, le zone commerciali, la simpatia della gente, le sue 2730 ore di sole all\u00b4anno e una <strong>temperatura media di 18\u00baC<\/strong> fanno di Alicante l\u00b4eterna casa della primavera.<\/p>\n<p>Uno dei maggiori punti di forza di Alicante sono le sue famose spiagge, con un prestigio riconosciuto a livello internazionale, enfatizzato ogni anno dall\u00b4Unione Europea con la consegna della Bandiera Azzurra per la qualit\u00e0 e la pulizia.<\/p>\n<p>Ti innamorerai di Alicante e delle sue feste.<br \/>\ndall\u00b41 gennaio al 31 dicembre sono diverse le proposte che offre il calendario; tra tutte le feste, quella che va dal 20 al 24 giugno \u00e8 la pi\u00f9 impoartante, quando Alicante si riempie di colori, musica, allegria e fuochi. Sono &#8220;<b>las Hogueras de San Juan<\/b>&#8220;, dichiarata festa di interesse turistico internazionale.<\/p>\n<blockquote>\n<p>La FIESTA fa parte del modo di essere della gente di questo angolo paradisiaco del Mediterraneo.<\/p>\n<\/blockquote>\n<p>Non solo Alicante, ma anche tutta la Costa Blanca, offrono una grande variet\u00e0 di opportunit\u00e0.<br \/>\nScopri la <strong>bellezza di Benidorm<\/strong> e la sua movimentata vita notturna; divertiti <strong>nelle magnifiche spiagge<\/strong> e grotte da Denia fino a Pilar de la Horadada. <strong>Visita Orihuela ed Elche<\/strong> per vedere gli spettacolari monumenti gotici, rinascimentali e barocchi della nostra zona. Passeggia per l\u00b4unico bosco europeo di palme a Elche o attraverso il bellissimo parco naturale della <strong>Font Roja<\/strong> ad Alcoy o per il <strong>Pe\u00f1\u00f3n de Ifach<\/strong> a Calpe. Fai trekking nella Sierra de Bernia.<\/p>\n<p>Scopri i castelli medievali, il buon vino della nostra terra e ascolta le nostalgiche &#8220;habaneras\".<\/p>\n<p>\n<\/div><\/div><\/div><\/div><\/div><\/div>\n","protected":false},"excerpt":{"rendered":"","protected":false},"author":1,"featured_media":0,"parent":0,"menu_order":0,"comment_status":"closed","ping_status":"closed","template":"","meta":{"footnotes":""},"class_list":["post-1741","page","type-page","status-publish","hentry"],"aioseo_notices":[],"_links":{"self":[{"href":"https:\/\/www.colegiointernacionalalicante.com\/it\/wp-json\/wp\/v2\/pages\/1741","targetHints":{"allow":["GET"]}}],"collection":[{"href":"https:\/\/www.colegiointernacionalalicante.com\/it\/wp-json\/wp\/v2\/pages"}],"about":[{"href":"https:\/\/www.colegiointernacionalalicante.com\/it\/wp-json\/wp\/v2\/types\/page"}],"author":[{"embeddable":true,"href":"https:\/\/www.colegiointernacionalalicante.com\/it\/wp-json\/wp\/v2\/users\/1"}],"replies":[{"embeddable":true,"href":"https:\/\/www.colegiointernacionalalicante.com\/it\/wp-json\/wp\/v2\/comments?post=1741"}],"version-history":[{"count":8,"href":"https:\/\/www.colegiointernacionalalicante.com\/it\/wp-json\/wp\/v2\/pages\/1741\/revisions"}],"predecessor-version":[{"id":3240,"href":"https:\/\/www.colegiointernacionalalicante.com\/it\/wp-json\/wp\/v2\/pages\/1741\/revisions\/3240"}],"wp:attachment":[{"href":"https:\/\/www.colegiointernacionalalicante.com\/it\/wp-json\/wp\/v2\/media?parent=1741"}],"curies":[{"name":"wp","href":"https:\/\/api.w.org\/{rel}","templated":true}]}}