{"id":1745,"date":"2017-12-01T15:30:55","date_gmt":"2017-12-01T15:30:55","guid":{"rendered":"http:\/\/www.colegiointernacionalalicante.com\/?page_id=1745"},"modified":"2017-12-29T09:15:41","modified_gmt":"2017-12-29T09:15:41","slug":"benvenuto-in-spagna","status":"publish","type":"page","link":"https:\/\/www.colegiointernacionalalicante.com\/it\/benvenuto-in-spagna\/","title":{"rendered":"Benvenuto in Spagna"},"content":{"rendered":"<div class=\"kc-elm kc-css-331199 kc-row-container module\"><div class=\"wc-row row\"><div class=\"kc-wrap-columns\"><div class=\"kc-elm kc-css-827216 small-12 columns small-12\"><div class=\"kc-col-container\"><div class=\"kc-elm kc-css-293698 kc_row kc_row_inner\"><div class=\"kc-elm kc-css-686746 small-12 columns small-12\"><div class=\"kc_wrapper kc-col-inner-container\"><div class=\"kc-elm kc-css-302225 kc-raw-code\"><h4><strong>Localizzazione<\/strong><\/h4><\/div><div class=\"kc-elm kc-css-668348 kc_text_block\"><\/p>\n<p>La Spagna ocupa la maggior parte della Penisola Iberica ed \u00e8 il quarto paese pi\u00f9 grande in Europa.<\/p>\n<p>\n<\/div><div class=\"kc-elm kc-css-646491\" style=\"height: 20px; clear: both; width:100%;\"><\/div><div class=\"kc-elm kc-css-906577 kc-raw-code\"><h4><strong>Clima<\/strong><\/h4><\/div><div class=\"kc-elm kc-css-769818 kc_text_block\"><\/p>\n<p>Il clima in Spagna \u00e8 molto variegato e proprio per questo il territorio spagnolo \u00e8 ricco di molti tipi di flora, con pi\u00f9 di 8,000 specie catalogate.<\/p>\n<p>\n<\/div><div class=\"kc-elm kc-css-98724\" style=\"height: 20px; clear: both; width:100%;\"><\/div><div class=\"kc-elm kc-css-291040 kc-raw-code\"><h4><strong>Popolazione<\/strong><\/h4><\/div><div class=\"kc-elm kc-css-605512 kc_text_block\"><\/p>\n<p>Nel 2015 la popolazione spagnola contava 46,500,000 persone secondo le stime dell\u2019ONU, occupando il 29\u00ba posto nella classifica dei 193 Stati mondiali in base al numero di abitanti.<\/p>\n<p>\n<\/div><\/div><\/div><div class=\"kc-elm kc-css-736920 small-12 columns small-12\"><div class=\"kc_wrapper kc-col-inner-container\"><div class=\"kc-elm kc-css-696409 kc_google_maps kc_shortcode\"><div style=\"height: 370px\" class=\"kc-google-maps\"><iframe loading=\"lazy\" src=\"https:\/\/www.google.com\/maps\/embed?pb=!1m18!1m12!1m3!1d6273816.993910321!2d-7.638593156276338!3d39.84315780906136!2m3!1f0!2f0!3f0!3m2!1i1024!2i768!4f13.1!3m3!1m2!1s0xc42e3783261bc8b%3A0xa6ec2c940768a3ec!2zRXNwYcOxYQ!5e0!3m2!1ses!2ses!4v1498052988109\" width=\"100%\" height=\"370\" frameborder=\"0\" style=\"border:0\" allowfullscreen><\/iframe><\/div><\/div><\/div><\/div><\/div><div class=\"kc-elm kc-css-391830\" style=\"height: 20px; clear: both; width:100%;\"><\/div><div class=\"kc-elm kc-css-264426 kc_text_block\"><\/p>\n<h4><strong>Lingue<\/strong><\/h4>\n<p>In base alla Costituzione spagnola del 1978, lo Spagnolo \u00e8 riconosciuto come lingua nazionale mentre le altre lingue minori sono considerate ufficiali nelle loro rispettive comunit\u00e0 autonome: catalano, galiziano, vasco.<\/p>\n<h4><strong>Divisione amministrativa<\/strong><\/h4>\n<p>Lo stato spagnolo \u00e8 costituito da 17 Comunit\u00e0 Autonome e da 2 Citt\u00e0 Autonome, essendo entrambi i gruppi pi\u00f9 grandi e importanti nell\u2019organizzazione amministrativa dello Stato. Le Comunit\u00e0 Autonome sono integrate con un totale di 50 province che a loro volta si dividono per municipi.<\/p>\n<h4><strong>Commercio<\/strong><\/h4>\n<p>la Spagna vanta di tantissimi negozi, che variano dai piccoli negozietti e boutique specializzate ai grandi magazzini, centri commerciali e outlet. Di norma l\u2019orario di apertura degli uffici inizia alle 10 del mattino fino alle 6 del pomeriggio. Le banche aprono alle 10:30 di mattina e chiudono alle 14:30, dal luned\u00ec al venerd\u00ec, e fino alle 13:00 il sabato. Le grandi superfici sono aperte dalle 10 alle 22, dal luned\u00ec al sabato. I vari negozi chiudono generalmente a mezzogiorno entro le 2 e le 4 o 5 del pomeriggio. I ristoranti sono aperti dalle 13:30 alle 16 e dalle 20:30 alle 23:30.<\/p>\n<h4><strong>Imposte<\/strong><\/h4>\n<p>la maggior imposta indiretta in Spagna \u00e8 l\u2019IVA (Imposta sul Valor Aggiuntivo). L\u2019IVA \u00e8 in media del 16%.<\/p>\n<h4><strong>Salute<\/strong><\/h4>\n<p>il Servizio Pubblico della Salute spagnolo \u00e8 gratuito per i cittadini dei paesi appartenenti all\u2019UE sempre che dispongano della loro Tessera Sanitaria Europea. Si ricorda agli studenti di prendere un\u2019assicurazione di viaggio per il vostro soggiorno.<\/p>\n<p>Le farmacie aprono alle 9 di mattina fino alle 14 e dalle 16:30 alle 20, dal luned\u00ec al venerd\u00ec, il sabato solo fino alle 14. In ogni caso ci sono sempre farmacie di guardia aperte 24\/7.<\/p>\n<h4><\/h4>\n<p>\n<\/div><div class=\"kc-elm kc-css-59630\" style=\"height: 10px; clear: both; width:100%;\"><\/div><div class=\"kc-elm kc-css-102197 kc_row kc_row_inner\"><div class=\"kc-elm kc-css-316455 small-12 columns small-12\"><div class=\"kc_wrapper kc-col-inner-container\"><div class=\"kc-elm kc-css-516817 kc_row kc_row_inner\"><div class=\"kc-elm kc-css-359573 small-12 columns small-12\"><div class=\"kc_wrapper kc-col-inner-container\"><div class=\"kc-elm kc-css-480061 kc_text_block\"><\/p>\n<h4><strong>Sicurezza<\/strong><\/h4>\n<p>La Spagna \u00e8 uno dei paesi pi\u00f9 sicuri d\u2019Europa. In generale si raccomanda:<\/p>\n<ul>\n<li>Tener sempre sotto controllo ci\u00f2 che si porta con s\u00e9.<\/li>\n<li>Controllare le borse e i portafogli nei posti affollati o sui mezzi pubblici.<\/li>\n<li>Stare attenti alle macchine fotografiche o telefoni nelle aree pubbliche di ricreazione.<\/li>\n<li>Portare con s\u00e9 solo l\u2019essenziale quando si va in spiaggia.<\/li>\n<li>Evitare i luoghi isolati o pericolosi.<\/li>\n<\/ul>\n<p>\n<\/div><\/div><\/div><\/div><div class=\"kc-elm kc-css-1002 kc_text_block\"><\/p>\n<p>Il numero della Polizia Nazionale \u00e8 091 mentre quello della Guardia Civile 062. Si possono fare denunce per telefono in varie lingue tramite il numero 902 102 112. Il numero di emergenze \u00e8 il 112.<\/p>\n<p>\n<\/div><\/div><\/div><\/div><div class=\"kc-elm kc-css-564243\" style=\"height: 21px; clear: both; width:100%;\"><\/div><div class=\"kc-elm kc-css-522414 kc_text_block\"><\/p>\n<h4><strong>Trasporti<\/strong><\/h4>\n<p>il sistema stradale \u00e8 composto maggiormente da 6 grandi autostrade che connettono <a href=\"https:\/\/en.wikipedia.org\/wiki\/Madrid\" target=\"_blank\" rel=\"noopener noreferrer\">Madrid\u00a0<\/a>con\u00a0i\u00a0<a href=\"https:\/\/en.wikipedia.org\/wiki\/Basque_Country_(autonomous_community)\" target=\"_blank\" rel=\"noopener noreferrer\">Paesi Baschi<\/a>,\u00a0<a href=\"https:\/\/en.wikipedia.org\/wiki\/Catalonia\" target=\"_blank\" rel=\"noopener noreferrer\">Catalogna<\/a>,\u00a0<a href=\"https:\/\/en.wikipedia.org\/wiki\/Valencian_Community\" target=\"_blank\" rel=\"noopener noreferrer\">Valencia<\/a>, <a href=\"https:\/\/en.wikipedia.org\/wiki\/Andalusia\" target=\"_blank\" rel=\"noopener noreferrer\">Andalusia<\/a>,\u00a0<a href=\"https:\/\/en.wikipedia.org\/wiki\/Extremadura\" target=\"_blank\" rel=\"noopener noreferrer\">Estremadura<\/a>\u00a0e\u00a0<a href=\"https:\/\/en.wikipedia.org\/wiki\/Galicia_(Spain)\" target=\"_blank\" rel=\"noopener noreferrer\">Galizia<\/a>. Ci sono inoltre diverse autostrade che costeggiano le coste dell\u2019Atlantico, da <a href=\"https:\/\/en.wikipedia.org\/wiki\/Ferrol,_Galicia\" target=\"_blank\" rel=\"noopener noreferrer\">El Ferrol\u00a0<\/a>a\u00a0<a href=\"https:\/\/en.wikipedia.org\/wiki\/Vigo\" target=\"_blank\" rel=\"noopener noreferrer\">Vigo<\/a>, il Cant\u00e1brico\u00a0 da\u00a0<a href=\"https:\/\/en.wikipedia.org\/wiki\/Oviedo\" target=\"_blank\" rel=\"noopener noreferrer\">Oviedo\u00a0<\/a>a\u00a0<a href=\"https:\/\/en.wikipedia.org\/wiki\/San_Sebasti%C3%A1n\" target=\"_blank\" rel=\"noopener noreferrer\">San Sebasti\u00e1n<\/a>\u00a0e il Mediterraneo da\u00a0<a href=\"https:\/\/en.wikipedia.org\/wiki\/Girona\" target=\"_blank\" rel=\"noopener noreferrer\">Girona\u00a0<\/a>fino a\u00a0<a href=\"https:\/\/en.wikipedia.org\/wiki\/C%C3%A1diz\" target=\"_blank\" rel=\"noopener noreferrer\">C\u00e1diz<\/a>.<\/p>\n<p>In Spagna si trova la maggiore rete ferroviaria ad alta velocit\u00e0 (AVE) d\u2019Europa, che si posiziona inoltre al secondo posto, dopo la Cina, nella classica mondiale delle pi\u00f9 grandi reti ferroviarie. Sul territorio spagnolo sono presenti un totale di 47 aeroporti pubblici.<\/p>\n<h4><\/h4>\n<p>\n<\/div><div class=\"kc-elm kc-css-638268 kc_row kc_row_inner\"><div class=\"kc-elm kc-css-594756 small-12 columns small-12\"><div class=\"kc_wrapper kc-col-inner-container\"><div class=\"kc-elm kc-css-411273 kc_text_block\"><\/p>\n<h4><strong>Monumenti e Luoghi Patrimonio dell\u2019Umanit\u00e0<\/strong><\/h4>\n<p>La Spagna \u00e8 il terzo paese del mondo per numero di luoghi proclamati Patrimonio dell\u2019Umanit\u00e0, preceduta da Italia e Cina. Presso la Comunit\u00e0 Valenciana si trova la Lonja de la Seda (Valencia) e il Palmeral de Elche, ad Alicante. L\u2019UNESCO ha dichiarato al Mistery d\u2019Elx (dramma liturgico medievale) le Fallas de Valencia come la Opera Maestra del Patrimonio Orale e Immateriale dell\u2019Umanit\u00e0.<\/p>\n<p>\n<\/div><\/div><\/div><div class=\"kc-elm kc-css-989110 small-12 columns small-12\"><div class=\"kc_wrapper kc-col-inner-container\"><div class=\"kc-elm kc-css-4523 kc_shortcode kc_single_image\">\n\n        <img decoding=\"async\" src=\"https:\/\/www.colegiointernacionalalicante.com\/wp-content\/uploads\/2017\/06\/logo-unesco-266x200xc.png\" class=\"\" alt=\"\" \/>    <\/div>\n<\/div><\/div><\/div><\/div><\/div><\/div><\/div><\/div>\n","protected":false},"excerpt":{"rendered":"","protected":false},"author":1,"featured_media":0,"parent":0,"menu_order":0,"comment_status":"closed","ping_status":"closed","template":"","meta":{"footnotes":""},"class_list":["post-1745","page","type-page","status-publish","hentry"],"aioseo_notices":[],"_links":{"self":[{"href":"https:\/\/www.colegiointernacionalalicante.com\/it\/wp-json\/wp\/v2\/pages\/1745","targetHints":{"allow":["GET"]}}],"collection":[{"href":"https:\/\/www.colegiointernacionalalicante.com\/it\/wp-json\/wp\/v2\/pages"}],"about":[{"href":"https:\/\/www.colegiointernacionalalicante.com\/it\/wp-json\/wp\/v2\/types\/page"}],"author":[{"embeddable":true,"href":"https:\/\/www.colegiointernacionalalicante.com\/it\/wp-json\/wp\/v2\/users\/1"}],"replies":[{"embeddable":true,"href":"https:\/\/www.colegiointernacionalalicante.com\/it\/wp-json\/wp\/v2\/comments?post=1745"}],"version-history":[{"count":8,"href":"https:\/\/www.colegiointernacionalalicante.com\/it\/wp-json\/wp\/v2\/pages\/1745\/revisions"}],"predecessor-version":[{"id":3241,"href":"https:\/\/www.colegiointernacionalalicante.com\/it\/wp-json\/wp\/v2\/pages\/1745\/revisions\/3241"}],"wp:attachment":[{"href":"https:\/\/www.colegiointernacionalalicante.com\/it\/wp-json\/wp\/v2\/media?parent=1745"}],"curies":[{"name":"wp","href":"https:\/\/api.w.org\/{rel}","templated":true}]}}