{"id":3018,"date":"2017-12-26T16:57:11","date_gmt":"2017-12-26T16:57:11","guid":{"rendered":"http:\/\/www.colegiointernacionalalicante.com\/?page_id=3018"},"modified":"2025-12-10T11:25:07","modified_gmt":"2025-12-10T11:25:07","slug":"%d0%b7%d0%b0%d0%bf%d0%b8%d1%81%d1%8c-%d0%bd%d0%b0-%d0%ba%d1%83%d1%80%d1%81%d1%8b","status":"publish","type":"page","link":"https:\/\/www.colegiointernacionalalicante.com\/ru\/%d0%b7%d0%b0%d0%bf%d0%b8%d1%81%d1%8c-%d0%bd%d0%b0-%d0%ba%d1%83%d1%80%d1%81%d1%8b\/","title":{"rendered":"\u0417\u0430\u043f\u0438\u0441\u044c \u043d\u0430 \u043a\u0443\u0440\u0441\u044b"},"content":{"rendered":"<div class=\"kc-elm kc-css-783180 kc-row-container module\"><div class=\"wc-row row\"><div class=\"kc-wrap-columns\"><div class=\"kc-elm kc-css-981198 small-12 columns small-12\"><div class=\"kc-col-container\"><div id=\" \" class=\"kc-elm kc-css-794033 kc_row kc_row_inner\"><div class=\"kc-elm kc-css-916636 small-12 columns small-12\"><div class=\"kc_wrapper kc-col-inner-container\"><div class=\"kc-elm kc-css-735452 kc_text_block welcome-message\"><\/p>\n<h2><b>\u0417\u0430\u043f\u0438\u0441\u044c \u043d\u0430 \u043a\u0443\u0440\u0441\u044b\u00a0<\/b><span style=\"color: #e79800;\">Colegio Internacional Alicante<\/span><\/h2>\n<p>\u041c\u044b \u043f\u0440\u0435\u0434\u043e\u0441\u0442\u0430\u0432\u043b\u044f\u0435\u043c \u0432\u0430\u043c \u043a\u0430\u043a \u0443\u0447\u0435\u0431\u043d\u043e\u0435 \u043f\u043e\u0441\u043e\u0431\u0438\u0435, \u0442\u0430\u043a \u0438 \u0440\u0435\u0433\u0438\u0441\u0442\u0440\u0430\u0446\u0438\u043e\u043d\u043d\u0443\u044e \u0444\u043e\u0440\u043c\u0443. \u0415\u0441\u043b\u0438 \u0443 \u0432\u0430\u0441 \u0435\u0441\u0442\u044c \u043a\u0430\u043a\u0438\u0435-\u043b\u0438\u0431\u043e \u0432\u043e\u043f\u0440\u043e\u0441\u044b, \u043c\u044b \u043d\u0430\u0445\u043e\u0434\u0438\u043c\u0441\u044f \u0432 \u0432\u0430\u0448\u0435\u043c \u0440\u0430\u0441\u043f\u043e\u0440\u044f\u0436\u0435\u043d\u0438\u0438.<\/p>\n<p>\n<\/div><\/div><\/div><div class=\"kc-elm kc-css-412031 small-12 columns small-12\"><div class=\"kc_wrapper kc-col-inner-container\"><div class=\"kc-elm kc-css-195986\" style=\"height: 20px; clear: both; width:100%;\"><\/div>\n<div class=\"kc-elm kc-css-739336\">\n\t<a class=\"kc_button\" href=\"https:\/\/www.colegiointernacionalalicante.com\/wp-content\/uploads\/2025\/12\/STUDENTS-MANUAL-2026.pdf\" target=\"_self\" title=\"\" onclick=\"\">\n\t\t<i class=\"fa-file-pdf-o\"><\/i> STUDENT:apos:S MANUAL\t<\/a>\n<\/div>\n<\/div><\/div><\/div><div id=\" \" class=\"kc-elm kc-css-65381 kc_row kc_row_inner\"><div class=\"kc-elm kc-css-378695 small-12 columns small-12\"><div class=\"kc_wrapper kc-col-inner-container\"><div class=\"kc-elm kc-css-232954\" style=\"height: 20px; clear: both; width:100%;\"><\/div><div class=\"kc-contact-form7 kc-elm kc-css-951326\">\n<div class=\"wpcf7 no-js\" id=\"wpcf7-f3136-o1\" lang=\"es-ES\" dir=\"ltr\" data-wpcf7-id=\"3136\">\n<div class=\"screen-reader-response\"><p role=\"status\" aria-live=\"polite\" aria-atomic=\"true\"><\/p> <ul><\/ul><\/div>\n<form action=\"\/ru\/wp-json\/wp\/v2\/pages\/3018#wpcf7-f3136-o1\" method=\"post\" class=\"wpcf7-form init\" aria-label=\"Formulario de contacto\" novalidate=\"novalidate\" data-status=\"init\">\n<fieldset class=\"hidden-fields-container\"><input type=\"hidden\" name=\"_wpcf7\" value=\"3136\" \/><input type=\"hidden\" name=\"_wpcf7_version\" value=\"6.1.4\" \/><input type=\"hidden\" name=\"_wpcf7_locale\" value=\"es_ES\" \/><input type=\"hidden\" name=\"_wpcf7_unit_tag\" value=\"wpcf7-f3136-o1\" \/><input type=\"hidden\" name=\"_wpcf7_container_post\" value=\"0\" \/><input type=\"hidden\" name=\"_wpcf7_posted_data_hash\" value=\"\" \/><input type=\"hidden\" name=\"_wpcf7_recaptcha_response\" value=\"\" \/>\n<\/fieldset>\n<div class=\"contact-form\">\n \n <!-- DATOS DEL ALUMNO -->\n\t<div class=\"row\">\n\t\t<div class=\"medium-12 small-12 columns\">\n\t\t\t<h4 class=\"titleDestacado\">Student Information\n\t\t\t<\/h4>\n\t\t<\/div>\n\t\t<div class=\"medium-6 small-12 columns\">\n\t\t\t<p><label><span class=\"wpcf7-form-control-wrap\" data-name=\"nombre-completo\"><input size=\"40\" maxlength=\"400\" class=\"wpcf7-form-control wpcf7-text wpcf7-validates-as-required\" aria-required=\"true\" aria-invalid=\"false\" placeholder=\"\u0438\u043c\u044f \u0438 \u0444\u0430\u043c\u0438\u043b\u0438\u044f\" value=\"\" type=\"text\" name=\"nombre-completo\" \/><\/span><\/label>\n\t\t\t<\/p>\n\t\t<\/div>\n\t\t<div class=\"medium-6 small-12 columns\">\n\t\t\t<p><label><span class=\"wpcf7-form-control-wrap\" data-name=\"direccion\"><input size=\"40\" maxlength=\"400\" class=\"wpcf7-form-control wpcf7-text wpcf7-validates-as-required\" aria-required=\"true\" aria-invalid=\"false\" placeholder=\"\u0410\u0434\u0440\u0435\u0441\" value=\"\" type=\"text\" name=\"direccion\" \/><\/span><\/label>\n\t\t\t<\/p>\n\t\t<\/div>\n\t\t<div class=\"medium-6 small-12 columns\">\n\t\t\t<p><label><span class=\"wpcf7-form-control-wrap\" data-name=\"cp\"><input size=\"40\" maxlength=\"400\" class=\"wpcf7-form-control wpcf7-text wpcf7-validates-as-required\" aria-required=\"true\" aria-invalid=\"false\" placeholder=\"CP \u0438 \u0433\u043e\u0440\u043e\u0434\" value=\"\" type=\"text\" name=\"cp\" \/><\/span><\/label>\n\t\t\t<\/p>\n\t\t<\/div>\n\t\t<div class=\"medium-6 small-12 columns\">\n\t\t\t<p><label><span class=\"wpcf7-form-control-wrap\" data-name=\"pais\"><input size=\"40\" maxlength=\"400\" class=\"wpcf7-form-control wpcf7-text wpcf7-validates-as-required\" aria-required=\"true\" aria-invalid=\"false\" placeholder=\"\u0421\u0442\u0440\u0430\u043d\u0430\" value=\"\" type=\"text\" name=\"pais\" \/><\/span><\/label>\n\t\t\t<\/p>\n\t\t<\/div>\n\t\t<div class=\"medium-6 small-12 columns\">\n\t\t\t<p><label><span class=\"wpcf7-form-control-wrap\" data-name=\"telefono\"><input size=\"40\" maxlength=\"400\" class=\"wpcf7-form-control wpcf7-text wpcf7-validates-as-required\" aria-required=\"true\" aria-invalid=\"false\" placeholder=\"\u0422\u0435\u043b\u0435\u0444\u043e\u043d\" value=\"\" type=\"text\" name=\"telefono\" \/><\/span><\/label>\n\t\t\t<\/p>\n\t\t<\/div>\n\t\t<div class=\"medium-6 small-12 columns\">\n\t\t\t<p><label><span class=\"wpcf7-form-control-wrap\" data-name=\"email\"><input size=\"40\" maxlength=\"400\" class=\"wpcf7-form-control wpcf7-text wpcf7-validates-as-required\" aria-required=\"true\" aria-invalid=\"false\" placeholder=\"\u042d\u043b\u0435\u043a\u0442\u0440\u043e\u043d\u043d\u0430\u044f \u043f\u043e\u0447\u0442\u0430\" value=\"\" type=\"text\" name=\"email\" \/><\/span><\/label>\n\t\t\t<\/p>\n\t\t<\/div>\n\t\t<div class=\"medium-6 small-12 columns\">\n\t\t\t<p><label><span class=\"wpcf7-form-control-wrap\" data-name=\"edad\"><input size=\"40\" maxlength=\"400\" class=\"wpcf7-form-control wpcf7-text wpcf7-validates-as-required\" aria-required=\"true\" aria-invalid=\"false\" placeholder=\"\u0413\u043e\u0434 \u0440\u043e\u0436\u0434\u0435\u043d\u0438\u044f\" value=\"\" type=\"text\" name=\"edad\" \/><\/span><\/label>\n\t\t\t<\/p>\n\t\t<\/div>\n\t\t<div class=\"medium-6 small-12 columns\">\n\t\t\t<p><label><span class=\"wpcf7-form-control-wrap\" data-name=\"nacionalidad\"><input size=\"40\" maxlength=\"400\" class=\"wpcf7-form-control wpcf7-text wpcf7-validates-as-required\" aria-required=\"true\" aria-invalid=\"false\" placeholder=\"\u041d\u0430\u0446\u0438\u043e\u043d\u0430\u043b\u044c\u043d\u043e\u0441\u0442\u044c\" value=\"\" type=\"text\" name=\"nacionalidad\" \/><\/span><\/label>\n\t\t\t<\/p>\n\t\t<\/div>\n\t\t<div class=\"medium-6 small-12 columns\">\n\t\t\t<p><label><span class=\"wpcf7-form-control-wrap\" data-name=\"num-pasaporte\"><input size=\"40\" maxlength=\"400\" class=\"wpcf7-form-control wpcf7-text wpcf7-validates-as-required\" aria-required=\"true\" aria-invalid=\"false\" placeholder=\"\u041d\u043e\u043c\u0435\u0440 \u043f\u0430\u0441\u043f\u043e\u0440\u0442\u0430\" value=\"\" type=\"text\" name=\"num-pasaporte\" \/><\/span><\/label>\n\t\t\t<\/p>\n\t\t<\/div>\n\t\t<div class=\"medium-6 small-12 columns\">\n\t\t\t<p><span class=\"wpcf7-form-control-wrap\" data-name=\"sexo\"><select class=\"wpcf7-form-control wpcf7-select wpcf7-validates-as-required\" aria-required=\"true\" aria-invalid=\"false\" name=\"sexo\"><option value=\"\u043c\u0443\u0436\u0447\u0438\u043d\u0430\">\u043c\u0443\u0436\u0447\u0438\u043d\u0430<\/option><option value=\"\u0416\u0435\u043d\u0449\u0438\u043d\u0430\">\u0416\u0435\u043d\u0449\u0438\u043d\u0430<\/option><\/select><\/span>\n\t\t\t<\/p>\n\t\t<\/div>\n\t\t<div class=\"medium-12 small-12 columns\">\n\t\t\t<p><label><span class=\"wpcf7-form-control-wrap\" data-name=\"telefono-emergencia\"><input size=\"40\" maxlength=\"400\" class=\"wpcf7-form-control wpcf7-text wpcf7-validates-as-required\" aria-required=\"true\" aria-invalid=\"false\" placeholder=\"\u042d\u043a\u0441\u0442\u0440\u0435\u043d\u043d\u044b\u0439 \u043d\u043e\u043c\u0435\u0440\" value=\"\" type=\"text\" name=\"telefono-emergencia\" \/><\/span><\/label>\n\t\t\t<\/p>\n\t\t<\/div>\n\t<\/div>\n\n <!-- CURSO SELECCIONADO -->\n\t<div class=\"row\">\n\t\t<div class=\"medium-12 small-12 columns\">\n\t\t\t<h4 class=\"titleDestacado\">\u0412\u044b\u0431\u0440\u0430\u043d\u043d\u044b\u0439 \u043a\u0443\u0440\u0441\n\t\t\t<\/h4>\n\t\t<\/div>\n\t\t<div class=\"medium-12 small-12 columns\">\n\t\t\t<p><select name=\"curso-seleccionado\" class=\"wpcf7-form-control wpcf7-select wpcf7-validates-as-required\" aria-required=\"true\" aria-invalid=\"false\">\n <option value=\"\u0421\u0442\u0430\u043d\u0434\u0430\u0440\u0442\u043d\u044b\u0439 \u043a\u0443\u0440\u0441 \u0438\u0441\u043f\u0430\u043d\u0441\u043a\u043e\u0433\u043e \u044f\u0437\u044b\u043a\u0430, 15 \u0447\u0430\u0441\u043e\u0432\/\u043d\u0435\u0434\">\u0421\u0442\u0430\u043d\u0434\u0430\u0440\u0442\u043d\u044b\u0439 \u043a\u0443\u0440\u0441 \u0438\u0441\u043f\u0430\u043d\u0441\u043a\u043e\u0433\u043e \u044f\u0437\u044b\u043a\u0430, 15 \u0447\u0430\u0441\u043e\u0432\/\u043d\u0435\u0434<\/option>\n <option value=\"\u0438\u043d\u0442\u0435\u043d\u0441\u0438\u0432\u043d\u044b\u0439, 20 \u0447\u0430\u0441\u043e\u0432\/\u043d\u0435\u0434\">\u0438\u043d\u0442\u0435\u043d\u0441\u0438\u0432\u043d\u044b\u0439, 20 \u0447\u0430\u0441\u043e\u0432\/\u043d\u0435\u0434<\/option>\n <option value=\"\u0418\u043d\u0442\u0435\u043d\u0441\u0438\u0432\u043d\u044b\u0439 \u043a\u0443\u0440\u0441 + 1 \u0438\u043d\u0434\u0438\u0432\u0438\u0434\u0443\u0430\u043b\u044c\u043d\u044b\u0439 \u0447\u0430\u0441 \u0440\u0430\u0437\u0433\u043e\u0432\u043e\u0440\u043d\u043e\u0439 \u043f\u0440\u0430\u043a\u0442\u0438\u043a\u0438 \u0438\u043b\u0438 \u0437\u043d\u0430\u043a\u043e\u043c\u0441\u0442\u0432\u0430 \u0441 \u0438\u0441\u043f\u0430\u043d\u0441\u043a\u043e\u0439 \u043a\u0443\u043b\u044c\u0442\u0443\u0440\u043e\u0439, 25 \u0447\u0430\u0441\u043e\u0432\/\u043d\u0435\u0434\">\u0418\u043d\u0442\u0435\u043d\u0441\u0438\u0432\u043d\u044b\u0439 \u043a\u0443\u0440\u0441 + 1 \u0438\u043d\u0434\u0438\u0432\u0438\u0434\u0443\u0430\u043b\u044c\u043d\u044b\u0439 \u0447\u0430\u0441 \u0440\u0430\u0437\u0433\u043e\u0432\u043e\u0440\u043d\u043e\u0439 \u043f\u0440\u0430\u043a\u0442\u0438\u043a\u0438 \u0438\u043b\u0438 \u0437\u043d\u0430\u043a\u043e\u043c\u0441\u0442\u0432\u0430 \u0441 \u0438\u0441\u043f\u0430\u043d\u0441\u043a\u043e\u0439 \u043a\u0443\u043b\u044c\u0442\u0443\u0440\u043e\u0439, 25 \u0447\u0430\u0441\u043e\u0432\/\u043d\u0435\u0434<\/option>\n <optgroup label=\"DELE \u0412\u0441\u0435\u0433\u043e 40 \u0447\u0430\u0441\u043e\u0432\">\n <option value=\"DELE + \u0421\u0442\u0430\u043d\u0434\u0430\u0440\u0442\u043d\u044b\u0439 \u043a\u0443\u0440\u0441 \u0438\u0441\u043f\u0430\u043d\u0441\u043a\u043e\u0433\u043e \u044f\u0437\u044b\u043a\u0430\">DELE + \u0421\u0442\u0430\u043d\u0434\u0430\u0440\u0442\u043d\u044b\u0439 \u043a\u0443\u0440\u0441 \u0438\u0441\u043f\u0430\u043d\u0441\u043a\u043e\u0433\u043e \u044f\u0437\u044b\u043a\u0430<\/option>\n <option value=\"DELE + \u0438\u043d\u0442\u0435\u043d\u0441\u0438\u0432\u043d\u044b\u0439\">DELE + \u0438\u043d\u0442\u0435\u043d\u0441\u0438\u0432\u043d\u044b\u0439<\/option>\n <option value=\"DELE + \u043a\u0443\u043b\u044c\u0442\u0443\u0440\u0430 \u0438 \u0440\u0430\u0437\u0433\u043e\u0432\u043e\u0440\u043d\u044b\u0439 \">DELE + \u043a\u0443\u043b\u044c\u0442\u0443\u0440\u0430 \u0438 \u0440\u0430\u0437\u0433\u043e\u0432\u043e\u0440\u043d\u044b\u0439<\/option>\n <\/optgroup>\n <option value=\"\u0418\u043d\u0434\u0438\u0432\u0438\u0434\u0443\u0430\u043b\u044c\u043d\u044b\u0439, 1-30\u0447\u0430\u0441\u043e\u0432\/\u043d\u0435\u0434\">\u0418\u043d\u0434\u0438\u0432\u0438\u0434\u0443\u0430\u043b\u044c\u043d\u044b\u0439, 1-30\u0447\u0430\u0441\u043e\u0432\/\u043d\u0435\u0434 (\u0443\u043a\u0430\u0437\u0430\u0442\u044c \u0447\u0430\u0441\u044b \u0432 \u043a\u043e\u043c\u043c\u0435\u043d\u0442\u0430\u0440\u0438\u044f\u0445)<\/option>\n <optgroup label=\"\u041a\u043e\u043c\u0431\u0438\u043d\u0438\u0440\u043e\u0432\u0430\u043d\u043d\u044b\u0439 \u043a\u0443\u0440\u0441 20-25-30\u0447\u0430\u0441\u043e\u0432\/\u043d\u0435\u0434\">\n <option value=\"\u0421\u0442\u0430\u043d\u0434\u0430\u0440\u0442\u043d\u044b\u0439 \u043a\u0443\u0440\u0441 \u0438\u0441\u043f\u0430\u043d\u0441\u043a\u043e\u0433\u043e \u044f\u0437\u044b\u043a\u0430 + \u0418\u043d\u0434\u0438\u0432\u0438\u0434\u0443\u0430\u043b\u044c\u043d\u044b\u0439\">\u0421\u0442\u0430\u043d\u0434\u0430\u0440\u0442\u043d\u044b\u0439 \u043a\u0443\u0440\u0441 \u0438\u0441\u043f\u0430\u043d\u0441\u043a\u043e\u0433\u043e \u044f\u0437\u044b\u043a\u0430 + \u0418\u043d\u0434\u0438\u0432\u0438\u0434\u0443\u0430\u043b\u044c\u043d\u044b\u0439 (\u0443\u043a\u0430\u0437\u0430\u0442\u044c \u0447\u0430\u0441\u044b \u0432 \u043a\u043e\u043c\u043c\u0435\u043d\u0442\u0430\u0440\u0438\u044f\u0445)<\/option>\n <option value=\"\u0438\u043d\u0442\u0435\u043d\u0441\u0438\u0432\u043d\u044b\u0439 + \u0418\u043d\u0434\u0438\u0432\u0438\u0434\u0443\u0430\u043b\u044c\u043d\u044b\u0439\">\u0438\u043d\u0442\u0435\u043d\u0441\u0438\u0432\u043d\u044b\u0439 + \u0418\u043d\u0434\u0438\u0432\u0438\u0434\u0443\u0430\u043b\u044c\u043d\u044b\u0439 (\u0443\u043a\u0430\u0437\u0430\u0442\u044c \u0447\u0430\u0441\u044b \u0432 \u043a\u043e\u043c\u043c\u0435\u043d\u0442\u0430\u0440\u0438\u044f\u0445)<\/option>\n <option value=\"\u041a\u0443\u0440\u0441 \u0438\u0441\u043f\u0430\u043d\u0441\u043a\u043e\u0439 \u043a\u0443\u043b\u044c\u0442\u0443\u0440\u044b \u0438\u043b\u0438 \u0431\u0435\u0441\u0435\u0434\u044b + \u0418\u043d\u0434\u0438\u0432\u0438\u0434\u0443\u0430\u043b\u044c\u043d\u044b\u0439\">\u041a\u0443\u0440\u0441 \u0438\u0441\u043f\u0430\u043d\u0441\u043a\u043e\u0439 \u043a\u0443\u043b\u044c\u0442\u0443\u0440\u044b \u0438\u043b\u0438 \u0431\u0435\u0441\u0435\u0434\u044b + \u0418\u043d\u0434\u0438\u0432\u0438\u0434\u0443\u0430\u043b\u044c\u043d\u044b\u0439 (\u0443\u043a\u0430\u0437\u0430\u0442\u044c \u0447\u0430\u0441\u044b \u0432 \u043a\u043e\u043c\u043c\u0435\u043d\u0442\u0430\u0440\u0438\u044f\u0445)<\/option>\n <\/optgroup>\n <option value=\"\u0414\u0435\u043b\u043e\u0432\u043e\u0439 \u0438\u0441\u043f\u0430\u043d\u0441\u043a\u0438\u0439, 20+3\u0447\u0430\u0441\u043e\u0432\/\u043d\u0435\u0434\">\u0414\u0435\u043b\u043e\u0432\u043e\u0439 \u0438\u0441\u043f\u0430\u043d\u0441\u043a\u0438\u0439, 20+3\u0447\u0430\u0441\u043e\u0432\/\u043d\u0435\u0434<\/option>\n <option value=\"\u0412\u0437\u0440\u043e\u0441\u043b\u044b\u0435 (\u0441\u0442\u0430\u0440\u0448\u0435 50 \u043b\u0435\u0442), 15 \u0447\u0430\u0441\u043e\u0432\/\u043d\u0435\u0434\">\u0412\u0437\u0440\u043e\u0441\u043b\u044b\u0435 (\u0441\u0442\u0430\u0440\u0448\u0435 50 \u043b\u0435\u0442), 15 \u0447\u0430\u0441\u043e\u0432\/\u043d\u0435\u0434<\/option>\n <option value=\"\u041a\u0443\u0440\u0441\u044b \u0413\u043e\u043b\u044c\u0444\u0430, 20+6\u0447\u0430\u0441\u043e\u0432\/\u043d\u0435\u0434\">\u041a\u0443\u0440\u0441\u044b \u0413\u043e\u043b\u044c\u0444\u0430, 20+6\u0447\u0430\u0441\u043e\u0432\/\u043d\u0435\u0434<\/option>\n <option value=\"\u0422\u0430\u043d\u0446\u044b, 20+5\u0447\u0430\u0441\u043e\u0432\/\u043d\u0435\u0434\">\u0422\u0430\u043d\u0446\u044b, 20+5\u0447\u0430\u0441\u043e\u0432\/\u043d\u0435\u0434<\/option>\n <\/select>\n\t\t\t<\/p>\n\t\t<\/div>\n\t\t<div class=\"medium-4 small-12 columns\">\n\t\t\t<p><label><span class=\"wpcf7-form-control-wrap\" data-name=\"semanas\"><input class=\"wpcf7-form-control wpcf7-number wpcf7-validates-as-number\" aria-invalid=\"false\" placeholder=\"\u043d\u0435\u0434\u0435\u043b\u044c\" value=\"\" type=\"number\" name=\"semanas\" \/><\/span><\/label>\n\t\t\t<\/p>\n\t\t<\/div>\n\t\t<div class=\"medium-4 small-12 columns\">\n\t\t\t<p><label><span class=\"wpcf7-form-control-wrap\" data-name=\"desde-curso\"><input class=\"wpcf7-form-control wpcf7-date wpcf7-validates-as-date\" aria-invalid=\"false\" placeholder=\"\u0438\u0437\" value=\"\" type=\"date\" name=\"desde-curso\" \/><\/span><\/label>\n\t\t\t<\/p>\n\t\t<\/div>\n\t\t<div class=\"medium-4 small-12 columns\">\n\t\t\t<p><label><span class=\"wpcf7-form-control-wrap\" data-name=\"hasta-curso\"><input class=\"wpcf7-form-control wpcf7-date wpcf7-validates-as-date\" aria-invalid=\"false\" placeholder=\"\u0438\u0437\" value=\"\" type=\"date\" name=\"hasta-curso\" \/><\/span><\/label>\n\t\t\t<\/p>\n\t\t<\/div>\n\t<\/div>\n\n <!-- ALOJAMIENTO -->\n\t<div class=\"row\">\n\t\t<div class=\"medium-12 small-12 columns\">\n\t\t\t<h4 class=\"titleDestacado\">\u041f\u0440\u043e\u0436\u0438\u0432\u0430\u043d\u0438\u0435\n\t\t\t<\/h4>\n\t\t<\/div>\n\t\t<div class=\"medium-4 small-12 columns\">\n\t\t\t<p><select name=\"alojamiento\" class=\"wpcf7-form-control wpcf7-select wpcf7-validates-as-required\" aria-required=\"true\" aria-invalid=\"false\">\n <optgroup label=\"Familia\">\n <option value=\"Family - Single bedroom, half board\">Family- Single bedroom, half board<\/option>\n <option value=\"Family - Single bedroom, full board\">Family- Single bedroom, full board<\/option>\n <option value=\"Family - Double bedroom, half board\">Family - Double bedroom, half board (please, indicate the name of your roommate in the comments\n)<\/option>\n <option value=\"Family - Double bedroom, full board\">Family - Double bedroom, full board (please, indicate the name of your roommate in the comments\n)<\/option>\n <\/optgroup>\n <optgroup label=\"Apartment\">\n <option value=\"Apartament- Single bedroom\">Apartament- Single bedroom<\/option>\n <option value=\"Apartament- Double bedroom\">Apartment - Double bedroom doble (please, indicate the name of your roommate in the comments\n))<\/option>\n <\/optgroup>\n <option value=\"No\">No<\/option>\n <\/select>\n\t\t\t<\/p>\n\t\t<\/div>\n\t\t<div class=\"medium-4 small-12 columns\">\n\t\t\t<p><label><span class=\"wpcf7-form-control-wrap\" data-name=\"desde-alojamiento\"><input class=\"wpcf7-form-control wpcf7-date wpcf7-validates-as-date\" aria-invalid=\"false\" placeholder=\"From\" value=\"\" type=\"date\" name=\"desde-alojamiento\" \/><\/span><\/label>\n\t\t\t<\/p>\n\t\t<\/div>\n\t\t<div class=\"medium-4 small-12 columns\">\n\t\t\t<p><label><span class=\"wpcf7-form-control-wrap\" data-name=\"hasta-alojamiento\"><input class=\"wpcf7-form-control wpcf7-date wpcf7-validates-as-date\" aria-invalid=\"false\" placeholder=\"From\" value=\"\" type=\"date\" name=\"hasta-alojamiento\" \/><\/span><\/label>\n\t\t\t<\/p>\n\t\t<\/div>\n\t\t<div class=\"medium-12 small-12 columns\">\n\t\t\t<p><span class=\"wpcf7-form-control-wrap\" data-name=\"recogida-aeropuerto\"><span class=\"wpcf7-form-control wpcf7-checkbox\"><span class=\"wpcf7-list-item first last\"><input type=\"checkbox\" name=\"recogida-aeropuerto[]\" value=\"\u0422\u0440\u0430\u043d\u0441\u0444\u0435\u0440 \u0438\u0437 \u0430\u044d\u0440\u043e\u043f\u043e\u0440\u0442\u0430\" \/><span class=\"wpcf7-list-item-label\">\u0422\u0440\u0430\u043d\u0441\u0444\u0435\u0440 \u0438\u0437 \u0430\u044d\u0440\u043e\u043f\u043e\u0440\u0442\u0430<\/span><\/span><\/span><\/span>\n\t\t\t<\/p>\n\t\t<\/div>\n\t\t<div class=\"medium-4 small-12 columns\">\n\t\t\t<p><label><span class=\"wpcf7-form-control-wrap\" data-name=\"aeropuerto-dia\"><input size=\"40\" maxlength=\"400\" class=\"wpcf7-form-control wpcf7-text\" aria-invalid=\"false\" placeholder=\"Day of arrival\" value=\"\" type=\"text\" name=\"aeropuerto-dia\" \/><\/span><\/label>\n\t\t\t<\/p>\n\t\t<\/div>\n\t\t<div class=\"medium-4 small-12 columns\">\n\t\t\t<p><label><span class=\"wpcf7-form-control-wrap\" data-name=\"aeropuerto-hora\"><input size=\"40\" maxlength=\"400\" class=\"wpcf7-form-control wpcf7-text\" aria-invalid=\"false\" placeholder=\"Time of arrival\" value=\"\" type=\"text\" name=\"aeropuerto-hora\" \/><\/span><\/label>\n\t\t\t<\/p>\n\t\t<\/div>\n\t\t<div class=\"medium-4 small-12 columns\">\n\t\t\t<p><label><span class=\"wpcf7-form-control-wrap\" data-name=\"aeropuerto-num-vuelo\"><input size=\"40\" maxlength=\"400\" class=\"wpcf7-form-control wpcf7-text\" aria-invalid=\"false\" placeholder=\"Flight number\" value=\"\" type=\"text\" name=\"aeropuerto-num-vuelo\" \/><\/span><\/label>\n\t\t\t<\/p>\n\t\t<\/div>\n\t<\/div>\n\n <!-- COMENTARIO -->\n\t<div class=\"row\">\n\t\t<div class=\"medium-12 small-12 columns\">\n\t\t\t<h4 class=\"titleDestacado\">\u041a\u043e\u043c\u043c\u0435\u043d\u0442\u0430\u0440\u0438\u0438\n\t\t\t<\/h4>\n\t\t<\/div>\n\t\t<div class=\"medium-12 small-12 columns\">\n\t\t\t<p><label><span class=\"wpcf7-form-control-wrap\" data-name=\"comentarios\"><textarea cols=\"40\" rows=\"10\" maxlength=\"2000\" class=\"wpcf7-form-control wpcf7-textarea\" aria-invalid=\"false\" placeholder=\"(\u0430\u043b\u043b\u0435\u0440\u0433\u0438\u0438, \u0437\u0430\u0431\u043e\u043b\u0435\u0432\u0430\u043d\u0438\u0439, \u0438\u043d\u0432\u0430\u043b\u0438\u0434\u0430\u043c, \u0432\u0435\u0433\u0435\u0442\u0430\u0440\u0438\u0430\u043d\u0441\u043a\u0430\u044f \u0434\u0438\u0435\u0442\u0430...)\" name=\"comentarios\"><\/textarea><\/span><\/label>\n\t\t\t<\/p>\n\t\t<\/div>\n<!-- PRIMERA CAPA -->\n\t\t<p><label><\/label>\n\t\t<\/p>\n\t\t<div class=\"cont-resumen\">\n\t\t\t<div class=\"tit-resumen\">\n\t\t\t\t<p>Informaci\u00f3n b\u00e1sica sobre Protecci\u00f3n de Datos\n\t\t\t\t<\/p>\n\t\t\t<\/div>\n\t\t\t<ul class=\"resumen\">\n\t\t\t\t<li>\n\t\t\t\t\t<p><span class=\"apartado\">Responsable:<\/span><span class=\"contenido\">COLEGIO INTERNACIONAL ALICANTE<span><\/span><\/span>\n\t\t\t\t\t<\/p>\n\t\t\t\t<\/li>\n\t\t\t\t<li>\n\t\t\t\t\t<p><span class=\"apartado\">Finalidad:<\/span><span class=\"contenido\">Gestionar los datos de los asociados para conseguir condiciones favorables de los mismos<span><\/span><\/span>\n\t\t\t\t\t<\/p>\n\t\t\t\t<\/li>\n\t\t\t\t<li>\n\t\t\t\t\t<p><span class=\"apartado\">Legitimaci\u00f3n:<\/span><span class=\"contenido\">Prestaci\u00f3n del consentimiento<span><\/span><\/span>\n\t\t\t\t\t<\/p>\n\t\t\t\t<\/li>\n\t\t\t\t<li>\n\t\t\t\t\t<p><span class=\"apartado\">Destinatarios:<\/span><span class=\"contenido\">No se ceder\u00e1n datos a terceros, salvo obligaci\u00f3n legal<span><\/span><\/span>\n\t\t\t\t\t<\/p>\n\t\t\t\t<\/li>\n\t\t\t\t<li>\n\t\t\t\t\t<p><span class=\"apartado\">Derechos: <\/span><span class=\"contenido\">Acceder, rectificar y suprimir los datos, as\u00ed como otros derechos, como se explica en la informaci\u00f3n adicional<span><\/span><\/span>\n\t\t\t\t\t<\/p>\n\t\t\t\t<\/li>\n\t\t\t\t<li>\n\t\t\t\t\t<p><span class=\"apartado\">Informaci\u00f3n adicional:<\/span><span class=\"contenido\">Puede consultar la informaci\u00f3n adicional y detallada sobre Protecci\u00f3n de Datos en el <a href=\"http:\/\/www.colegiointernacionalalicante.com\/es\/politica-de-privacidad\/\" rel=\"nofolow\" class=\"enl-gris\">siguiente enlace<\/a><span><\/span><\/span>\n\t\t\t\t\t<\/p>\n\t\t\t\t<\/li>\n\t\t\t<\/ul>\n\t\t<\/div>\n\t\t<div class=\"medium-6 small-12 columns\">\n\t\t\t<p><span class=\"wpcf7-form-control-wrap\" data-name=\"acceptance-834\"><span class=\"wpcf7-form-control wpcf7-acceptance\"><span class=\"wpcf7-list-item\"><input type=\"checkbox\" name=\"acceptance-834\" value=\"1\" aria-invalid=\"false\" \/><\/span><\/span><\/span> He le\u00eddo y acepto el tratamiento de mis datos en las condiciones <a href=\"http:\/\/www.colegiointernacionalalicante.com\/es\/condiciones-de-tratamiento-de-datos-personales\/\" rel=\"nofolow\">mencionadas<\/a><br \/>\n<span class=\"wpcf7-form-control-wrap\" data-name=\"acceptance-835\"><span class=\"wpcf7-form-control wpcf7-acceptance\"><span class=\"wpcf7-list-item\"><input type=\"checkbox\" name=\"acceptance-835\" value=\"1\" aria-invalid=\"false\" \/><\/span><\/span><\/span> He le\u00eddo y acepto la <a href=\"http:\/\/www.colegiointernacionalalicante.com\/es\/politica-de-privacidad\/\" rel=\"nofolow\" class=\"enl-gris\">pol\u00edtica de privacidad<\/a> y los <a href=\"https:\/\/www.colegiointernacionalalicante.com\/wp-content\/uploads\/2025\/12\/2026-TERMS-CONDITIONS.pdf\" rel=\"nofolow\" target=\"_blank\">T\u00e9rminos y Condiciones<\/a>\n\t\t\t<\/p>\n\t\t<\/div>\n\t\t<div class=\"medium-6 small-12 columns\">\n\t\t\t<p><label style=\"float: right;\">\n\t\t\t\t<\/label>\n\t\t\t<\/p>\n\t\t<\/div>\n\t<\/div>\n\n <!-- BOTON ENVIAR-->\n\t<div class=\"row\">\n\t\t<div class=\"medium-12 small-12 columns\">\n\t\t\t<p><label class=\"text-center\"><input class=\"wpcf7-form-control wpcf7-submit has-spinner button primary\" type=\"submit\" value=\"Submit\" \/><\/label>\n\t\t\t<\/p>\n\t\t<\/div>\n\t<\/div>\n<\/div><div class=\"wpcf7-response-output\" aria-hidden=\"true\"><\/div>\n<\/form>\n<\/div>\n<\/div><\/div><\/div><\/div><\/div><\/div><\/div><\/div><\/div>\n","protected":false},"excerpt":{"rendered":"","protected":false},"author":1,"featured_media":0,"parent":0,"menu_order":0,"comment_status":"closed","ping_status":"closed","template":"","meta":{"footnotes":""},"class_list":["post-3018","page","type-page","status-publish","hentry"],"aioseo_notices":[],"_links":{"self":[{"href":"https:\/\/www.colegiointernacionalalicante.com\/ru\/wp-json\/wp\/v2\/pages\/3018","targetHints":{"allow":["GET"]}}],"collection":[{"href":"https:\/\/www.colegiointernacionalalicante.com\/ru\/wp-json\/wp\/v2\/pages"}],"about":[{"href":"https:\/\/www.colegiointernacionalalicante.com\/ru\/wp-json\/wp\/v2\/types\/page"}],"author":[{"embeddable":true,"href":"https:\/\/www.colegiointernacionalalicante.com\/ru\/wp-json\/wp\/v2\/users\/1"}],"replies":[{"embeddable":true,"href":"https:\/\/www.colegiointernacionalalicante.com\/ru\/wp-json\/wp\/v2\/comments?post=3018"}],"version-history":[{"count":17,"href":"https:\/\/www.colegiointernacionalalicante.com\/ru\/wp-json\/wp\/v2\/pages\/3018\/revisions"}],"predecessor-version":[{"id":5710,"href":"https:\/\/www.colegiointernacionalalicante.com\/ru\/wp-json\/wp\/v2\/pages\/3018\/revisions\/5710"}],"wp:attachment":[{"href":"https:\/\/www.colegiointernacionalalicante.com\/ru\/wp-json\/wp\/v2\/media?parent=3018"}],"curies":[{"name":"wp","href":"https:\/\/api.w.org\/{rel}","templated":true}]}}